{"id":3826,"date":"2025-07-24T09:21:13","date_gmt":"2025-07-24T08:21:13","guid":{"rendered":"https:\/\/www.fytofontana.com\/?post_type=product&#038;p=3826"},"modified":"2025-10-14T13:38:37","modified_gmt":"2025-10-14T12:38:37","slug":"aurecon-dry-spray","status":"publish","type":"product","link":"https:\/\/www.fytofontana.com\/pl\/product\/aurecon-dry-spray\/","title":{"rendered":"AURECON Dry Spray"},"content":{"rendered":"<ul>\n<li><b>Wyr\u00f3b medyczny zatwierdzony przez MDR <\/b>(UE 2017\/745).<\/li>\n<li><strong>Spray do osuszania ucha, do usuwania wody z ucha.<\/strong><\/li>\n<li>Dzi\u0119ki w\u0142a\u015bciwo\u015bciom fizycznym alkoholu denaturowanego w preparacie, przyspiesza si\u0119 parowanie wody z ucha, co prowadzi do wysuszenia zewn\u0119trznego przewodu s\u0142uchowego.<\/li>\n<li>Alkohol denaturowany w ci\u0105gu kilku minut usuwa nadmiern\u0105 wilgo\u0107 i dlatego stanowi skuteczn\u0105 pomoc w zapobieganiu r\u00f3\u017cnym problemom usznym.<\/li>\n<li>Woda mo\u017ce rozpu\u015bci\u0107 kwa\u015bn\u0105 warstw\u0119 ochronn\u0105 przewodu s\u0142uchowego, rozmoczy\u0107 sk\u00f3r\u0119, w wyniku czego uwolniona warstwa ochronna tworzy odpowiednie \u015brodowisko dla bakterii i grzyb\u00f3w.<\/li>\n<li>Z tego powodu wa\u017cne jest, aby po przebywaniu w wodzie, woda z ucha zosta\u0142a usuni\u0119ta, dzi\u0119ki czemu mo\u017cna zapobiec nieprzyjemno\u015bciom zwi\u0105zanym z chorobami ucha.<\/li>\n<\/ul>\n","protected":false},"featured_media":3823,"template":"","products":[95],"class_list":["post-3826","product","type-product","status-publish","has-post-thumbnail","hentry","products-aurecon-pl"],"yoast_head":"<title>AURECON Dry Spray - Fytofontana<\/title>\n<meta name=\"description\" content=\"Aurecon Dry spray usuwa wod\u0119 z ucha po k\u0105pieli lub p\u0142ywaniu. Alkohol denaturowany szybko wysusza przew\u00f3d s\u0142uchowy, a ekstrakty z aloesu i rojownika chroni\u0105 i \u0142agodz\u0105 podra\u017cnienia.\" \/>\n<meta name=\"robots\" content=\"index, follow, max-snippet:-1, max-image-preview:large, max-video-preview:-1\" \/>\n<link rel=\"canonical\" href=\"https:\/\/www.fytofontana.com\/pl\/product\/aurecon-dry-spray\/\" \/>\n<meta property=\"og:locale\" content=\"pl_PL\" \/>\n<meta property=\"og:type\" content=\"article\" \/>\n<meta property=\"og:title\" content=\"AURECON Dry Spray - Fytofontana\" \/>\n<meta property=\"og:description\" content=\"Aurecon Dry spray usuwa wod\u0119 z ucha po k\u0105pieli lub p\u0142ywaniu. Alkohol denaturowany szybko wysusza przew\u00f3d s\u0142uchowy, a ekstrakty z aloesu i rojownika chroni\u0105 i \u0142agodz\u0105 podra\u017cnienia.\" \/>\n<meta property=\"og:url\" content=\"https:\/\/www.fytofontana.com\/pl\/product\/aurecon-dry-spray\/\" \/>\n<meta property=\"og:site_name\" content=\"Fytofontana\" \/>\n<meta property=\"article:modified_time\" content=\"2025-10-14T12:38:37+00:00\" \/>\n<meta property=\"og:image\" content=\"https:\/\/www.fytofontana.com\/wp-content\/uploads\/2021\/03\/2023_05_AURECON_Spray_Dry_50ml_1000x1000px_01_Primary.png\" \/>\n\t<meta property=\"og:image:width\" content=\"1000\" \/>\n\t<meta property=\"og:image:height\" content=\"1000\" \/>\n\t<meta property=\"og:image:type\" content=\"image\/png\" \/>\n<meta name=\"twitter:card\" content=\"summary_large_image\" \/>\n<meta name=\"twitter:label1\" content=\"Szacowany czas czytania\" \/>\n\t<meta name=\"twitter:data1\" content=\"1 minuta\" \/>\n<script type=\"application\/ld+json\" class=\"yoast-schema-graph\">{\"@context\":\"https:\\\/\\\/schema.org\",\"@graph\":[{\"@type\":[\"WebPage\",\"ItemPage\"],\"@id\":\"https:\\\/\\\/www.fytofontana.com\\\/pl\\\/product\\\/aurecon-dry-spray\\\/\",\"url\":\"https:\\\/\\\/www.fytofontana.com\\\/pl\\\/product\\\/aurecon-dry-spray\\\/\",\"name\":\"AURECON Dry Spray - Fytofontana\",\"isPartOf\":{\"@id\":\"https:\\\/\\\/www.fytofontana.com\\\/#website\"},\"primaryImageOfPage\":{\"@id\":\"https:\\\/\\\/www.fytofontana.com\\\/pl\\\/product\\\/aurecon-dry-spray\\\/#primaryimage\"},\"image\":{\"@id\":\"https:\\\/\\\/www.fytofontana.com\\\/pl\\\/product\\\/aurecon-dry-spray\\\/#primaryimage\"},\"thumbnailUrl\":\"https:\\\/\\\/www.fytofontana.com\\\/wp-content\\\/uploads\\\/2021\\\/03\\\/2023_05_AURECON_Spray_Dry_50ml_1000x1000px_01_Primary.png\",\"datePublished\":\"2025-07-24T08:21:13+00:00\",\"dateModified\":\"2025-10-14T12:38:37+00:00\",\"description\":\"Aurecon Dry spray usuwa wod\u0119 z ucha po k\u0105pieli lub p\u0142ywaniu. Alkohol denaturowany szybko wysusza przew\u00f3d s\u0142uchowy, a ekstrakty z aloesu i rojownika chroni\u0105 i \u0142agodz\u0105 podra\u017cnienia.\",\"breadcrumb\":{\"@id\":\"https:\\\/\\\/www.fytofontana.com\\\/pl\\\/product\\\/aurecon-dry-spray\\\/#breadcrumb\"},\"inLanguage\":\"pl-PL\",\"potentialAction\":[{\"@type\":\"ReadAction\",\"target\":[\"https:\\\/\\\/www.fytofontana.com\\\/pl\\\/product\\\/aurecon-dry-spray\\\/\"]}]},{\"@type\":\"ImageObject\",\"inLanguage\":\"pl-PL\",\"@id\":\"https:\\\/\\\/www.fytofontana.com\\\/pl\\\/product\\\/aurecon-dry-spray\\\/#primaryimage\",\"url\":\"https:\\\/\\\/www.fytofontana.com\\\/wp-content\\\/uploads\\\/2021\\\/03\\\/2023_05_AURECON_Spray_Dry_50ml_1000x1000px_01_Primary.png\",\"contentUrl\":\"https:\\\/\\\/www.fytofontana.com\\\/wp-content\\\/uploads\\\/2021\\\/03\\\/2023_05_AURECON_Spray_Dry_50ml_1000x1000px_01_Primary.png\",\"width\":1000,\"height\":1000},{\"@type\":\"BreadcrumbList\",\"@id\":\"https:\\\/\\\/www.fytofontana.com\\\/pl\\\/product\\\/aurecon-dry-spray\\\/#breadcrumb\",\"itemListElement\":[{\"@type\":\"ListItem\",\"position\":1,\"name\":\"Home\",\"item\":\"https:\\\/\\\/www.fytofontana.com\\\/pl\\\/\"},{\"@type\":\"ListItem\",\"position\":2,\"name\":\"AURECON Dry Spray\"}]},{\"@type\":\"WebSite\",\"@id\":\"https:\\\/\\\/www.fytofontana.com\\\/#website\",\"url\":\"https:\\\/\\\/www.fytofontana.com\\\/\",\"name\":\"Fytofontana\",\"description\":\"\",\"publisher\":{\"@id\":\"https:\\\/\\\/www.fytofontana.com\\\/#organization\"},\"potentialAction\":[{\"@type\":\"SearchAction\",\"target\":{\"@type\":\"EntryPoint\",\"urlTemplate\":\"https:\\\/\\\/www.fytofontana.com\\\/?s={search_term_string}\"},\"query-input\":{\"@type\":\"PropertyValueSpecification\",\"valueRequired\":true,\"valueName\":\"search_term_string\"}}],\"inLanguage\":\"pl-PL\"},{\"@type\":\"Organization\",\"@id\":\"https:\\\/\\\/www.fytofontana.com\\\/#organization\",\"name\":\"Fytofontana\",\"url\":\"https:\\\/\\\/www.fytofontana.com\\\/\",\"logo\":{\"@type\":\"ImageObject\",\"inLanguage\":\"pl-PL\",\"@id\":\"https:\\\/\\\/www.fytofontana.com\\\/#\\\/schema\\\/logo\\\/image\\\/\",\"url\":\"https:\\\/\\\/www.fytofontana.com\\\/wp-content\\\/uploads\\\/2021\\\/01\\\/fyto.png\",\"contentUrl\":\"https:\\\/\\\/www.fytofontana.com\\\/wp-content\\\/uploads\\\/2021\\\/01\\\/fyto.png\",\"width\":817,\"height\":79,\"caption\":\"Fytofontana\"},\"image\":{\"@id\":\"https:\\\/\\\/www.fytofontana.com\\\/#\\\/schema\\\/logo\\\/image\\\/\"}}]}<\/script>","yoast_head_json":{"title":"AURECON Dry Spray - Fytofontana","description":"Aurecon Dry spray usuwa wod\u0119 z ucha po k\u0105pieli lub p\u0142ywaniu. Alkohol denaturowany szybko wysusza przew\u00f3d s\u0142uchowy, a ekstrakty z aloesu i rojownika chroni\u0105 i \u0142agodz\u0105 podra\u017cnienia.","robots":{"index":"index","follow":"follow","max-snippet":"max-snippet:-1","max-image-preview":"max-image-preview:large","max-video-preview":"max-video-preview:-1"},"canonical":"https:\/\/www.fytofontana.com\/pl\/product\/aurecon-dry-spray\/","og_locale":"pl_PL","og_type":"article","og_title":"AURECON Dry Spray - Fytofontana","og_description":"Aurecon Dry spray usuwa wod\u0119 z ucha po k\u0105pieli lub p\u0142ywaniu. Alkohol denaturowany szybko wysusza przew\u00f3d s\u0142uchowy, a ekstrakty z aloesu i rojownika chroni\u0105 i \u0142agodz\u0105 podra\u017cnienia.","og_url":"https:\/\/www.fytofontana.com\/pl\/product\/aurecon-dry-spray\/","og_site_name":"Fytofontana","article_modified_time":"2025-10-14T12:38:37+00:00","og_image":[{"width":1000,"height":1000,"url":"https:\/\/www.fytofontana.com\/wp-content\/uploads\/2021\/03\/2023_05_AURECON_Spray_Dry_50ml_1000x1000px_01_Primary.png","type":"image\/png"}],"twitter_card":"summary_large_image","twitter_misc":{"Szacowany czas czytania":"1 minuta"},"schema":{"@context":"https:\/\/schema.org","@graph":[{"@type":["WebPage","ItemPage"],"@id":"https:\/\/www.fytofontana.com\/pl\/product\/aurecon-dry-spray\/","url":"https:\/\/www.fytofontana.com\/pl\/product\/aurecon-dry-spray\/","name":"AURECON Dry Spray - Fytofontana","isPartOf":{"@id":"https:\/\/www.fytofontana.com\/#website"},"primaryImageOfPage":{"@id":"https:\/\/www.fytofontana.com\/pl\/product\/aurecon-dry-spray\/#primaryimage"},"image":{"@id":"https:\/\/www.fytofontana.com\/pl\/product\/aurecon-dry-spray\/#primaryimage"},"thumbnailUrl":"https:\/\/www.fytofontana.com\/wp-content\/uploads\/2021\/03\/2023_05_AURECON_Spray_Dry_50ml_1000x1000px_01_Primary.png","datePublished":"2025-07-24T08:21:13+00:00","dateModified":"2025-10-14T12:38:37+00:00","description":"Aurecon Dry spray usuwa wod\u0119 z ucha po k\u0105pieli lub p\u0142ywaniu. Alkohol denaturowany szybko wysusza przew\u00f3d s\u0142uchowy, a ekstrakty z aloesu i rojownika chroni\u0105 i \u0142agodz\u0105 podra\u017cnienia.","breadcrumb":{"@id":"https:\/\/www.fytofontana.com\/pl\/product\/aurecon-dry-spray\/#breadcrumb"},"inLanguage":"pl-PL","potentialAction":[{"@type":"ReadAction","target":["https:\/\/www.fytofontana.com\/pl\/product\/aurecon-dry-spray\/"]}]},{"@type":"ImageObject","inLanguage":"pl-PL","@id":"https:\/\/www.fytofontana.com\/pl\/product\/aurecon-dry-spray\/#primaryimage","url":"https:\/\/www.fytofontana.com\/wp-content\/uploads\/2021\/03\/2023_05_AURECON_Spray_Dry_50ml_1000x1000px_01_Primary.png","contentUrl":"https:\/\/www.fytofontana.com\/wp-content\/uploads\/2021\/03\/2023_05_AURECON_Spray_Dry_50ml_1000x1000px_01_Primary.png","width":1000,"height":1000},{"@type":"BreadcrumbList","@id":"https:\/\/www.fytofontana.com\/pl\/product\/aurecon-dry-spray\/#breadcrumb","itemListElement":[{"@type":"ListItem","position":1,"name":"Home","item":"https:\/\/www.fytofontana.com\/pl\/"},{"@type":"ListItem","position":2,"name":"AURECON Dry Spray"}]},{"@type":"WebSite","@id":"https:\/\/www.fytofontana.com\/#website","url":"https:\/\/www.fytofontana.com\/","name":"Fytofontana","description":"","publisher":{"@id":"https:\/\/www.fytofontana.com\/#organization"},"potentialAction":[{"@type":"SearchAction","target":{"@type":"EntryPoint","urlTemplate":"https:\/\/www.fytofontana.com\/?s={search_term_string}"},"query-input":{"@type":"PropertyValueSpecification","valueRequired":true,"valueName":"search_term_string"}}],"inLanguage":"pl-PL"},{"@type":"Organization","@id":"https:\/\/www.fytofontana.com\/#organization","name":"Fytofontana","url":"https:\/\/www.fytofontana.com\/","logo":{"@type":"ImageObject","inLanguage":"pl-PL","@id":"https:\/\/www.fytofontana.com\/#\/schema\/logo\/image\/","url":"https:\/\/www.fytofontana.com\/wp-content\/uploads\/2021\/01\/fyto.png","contentUrl":"https:\/\/www.fytofontana.com\/wp-content\/uploads\/2021\/01\/fyto.png","width":817,"height":79,"caption":"Fytofontana"},"image":{"@id":"https:\/\/www.fytofontana.com\/#\/schema\/logo\/image\/"}}]}},"_links":{"self":[{"href":"https:\/\/www.fytofontana.com\/pl\/wp-json\/wp\/v2\/product\/3826","targetHints":{"allow":["GET"]}}],"collection":[{"href":"https:\/\/www.fytofontana.com\/pl\/wp-json\/wp\/v2\/product"}],"about":[{"href":"https:\/\/www.fytofontana.com\/pl\/wp-json\/wp\/v2\/types\/product"}],"wp:featuredmedia":[{"embeddable":true,"href":"https:\/\/www.fytofontana.com\/pl\/wp-json\/wp\/v2\/media\/3823"}],"wp:attachment":[{"href":"https:\/\/www.fytofontana.com\/pl\/wp-json\/wp\/v2\/media?parent=3826"}],"wp:term":[{"taxonomy":"products","embeddable":true,"href":"https:\/\/www.fytofontana.com\/pl\/wp-json\/wp\/v2\/products?post=3826"}],"curies":[{"name":"wp","href":"https:\/\/api.w.org\/{rel}","templated":true}]}}