{"id":3814,"date":"2025-07-22T13:33:43","date_gmt":"2025-07-22T12:33:43","guid":{"rendered":"https:\/\/www.fytofontana.com\/?post_type=product&#038;p=3814"},"modified":"2025-10-14T12:25:02","modified_gmt":"2025-10-14T11:25:02","slug":"aurecon-spray-do-uszu","status":"publish","type":"product","link":"https:\/\/www.fytofontana.com\/pl\/product\/aurecon-spray-do-uszu\/","title":{"rendered":"AURECON spray do uszu"},"content":{"rendered":"<ul>\n<li><b>Wyr\u00f3b medyczny zatwierdzony przez MDR <\/b>(UE 2017\/745).<\/li>\n<li><strong>Roztw\u00f3r z Morza Martwego z ekstraktem z Aloe vera<\/strong><\/li>\n<li>AURECON spray do uszu jest naturalnym nieagresywnym roztworem jonowym, kt\u00f3ry rozpuszcza woskowin\u0119 uszn\u0105, nie podra\u017cniaj\u0105c b\u0142ony b\u0119benkowej ani kana\u0142u zewn\u0119trznego ucha.<\/li>\n<li>Zawiera r\u00f3wnie\u017c aktywne pierwiastki \u015bladowe pochodzenia morskiego, kt\u00f3re s\u0105 odpowiednie do codziennego stosowania.<\/li>\n<li>S\u0142u\u017cy jako \u015brodek zapobiegawczy przeciwko zatykaniu przewodu s\u0142uchowego woskowin\u0105 uszn\u0105, zmniejsza nadmierne wydzielanie woskowiny.<\/li>\n<\/ul>\n<p>&nbsp;<\/p>\n","protected":false},"featured_media":3812,"template":"","products":[95],"yoast_head":"<title>AURECON spray do uszu - Fytofontana<\/title>\n<meta name=\"description\" content=\"Aurecon spray do uszu z roztworem z Morza Martwego i ekstraktem z Aloe vera delikatnie rozpuszcza woskowin\u0119, nie podra\u017cniaj\u0105c ucha. Zapobiega zatykaniu przewodu s\u0142uchowego i ogranicza nadmierne wydzielanie woskowiny.\" \/>\n<meta name=\"robots\" content=\"index, follow, max-snippet:-1, max-image-preview:large, max-video-preview:-1\" \/>\n<link rel=\"canonical\" href=\"https:\/\/www.fytofontana.com\/pl\/product\/aurecon-spray-do-uszu\/\" \/>\n<meta property=\"og:locale\" content=\"pl_PL\" \/>\n<meta property=\"og:type\" content=\"article\" \/>\n<meta property=\"og:title\" content=\"AURECON spray do uszu - Fytofontana\" \/>\n<meta property=\"og:description\" content=\"Aurecon spray do uszu z roztworem z Morza Martwego i ekstraktem z Aloe vera delikatnie rozpuszcza woskowin\u0119, nie podra\u017cniaj\u0105c ucha. Zapobiega zatykaniu przewodu s\u0142uchowego i ogranicza nadmierne wydzielanie woskowiny.\" \/>\n<meta property=\"og:url\" content=\"https:\/\/www.fytofontana.com\/pl\/product\/aurecon-spray-do-uszu\/\" \/>\n<meta property=\"og:site_name\" content=\"Fytofontana\" \/>\n<meta property=\"article:modified_time\" content=\"2025-10-14T11:25:02+00:00\" \/>\n<meta property=\"og:image\" content=\"https:\/\/www.fytofontana.com\/wp-content\/uploads\/2021\/03\/2023_05_AURECON_Spray_50ml_1000x1000px_01_Primary.png\" \/>\n\t<meta property=\"og:image:width\" content=\"1000\" \/>\n\t<meta property=\"og:image:height\" content=\"1000\" \/>\n<meta name=\"twitter:card\" content=\"summary_large_image\" \/>\n<meta name=\"twitter:label1\" content=\"Est. reading time\">\n\t<meta name=\"twitter:data1\" content=\"1 minuta\">\n<script type=\"application\/ld+json\" class=\"yoast-schema-graph\">{\"@context\":\"https:\/\/schema.org\",\"@graph\":[{\"@type\":\"Organization\",\"@id\":\"https:\/\/www.fytofontana.com\/#organization\",\"name\":\"Fytofontana\",\"url\":\"https:\/\/www.fytofontana.com\/\",\"sameAs\":[],\"logo\":{\"@type\":\"ImageObject\",\"@id\":\"https:\/\/www.fytofontana.com\/#logo\",\"inLanguage\":\"pl-PL\",\"url\":\"https:\/\/www.fytofontana.com\/wp-content\/uploads\/2021\/01\/fyto.png\",\"width\":817,\"height\":79,\"caption\":\"Fytofontana\"},\"image\":{\"@id\":\"https:\/\/www.fytofontana.com\/#logo\"}},{\"@type\":\"WebSite\",\"@id\":\"https:\/\/www.fytofontana.com\/#website\",\"url\":\"https:\/\/www.fytofontana.com\/\",\"name\":\"Fytofontana\",\"description\":\"\",\"publisher\":{\"@id\":\"https:\/\/www.fytofontana.com\/#organization\"},\"potentialAction\":[{\"@type\":\"SearchAction\",\"target\":\"https:\/\/www.fytofontana.com\/?s={search_term_string}\",\"query-input\":\"required name=search_term_string\"}],\"inLanguage\":\"pl-PL\"},{\"@type\":\"ImageObject\",\"@id\":\"https:\/\/www.fytofontana.com\/pl\/product\/aurecon-spray-do-uszu\/#primaryimage\",\"inLanguage\":\"pl-PL\",\"url\":\"https:\/\/www.fytofontana.com\/wp-content\/uploads\/2021\/03\/2023_05_AURECON_Spray_50ml_1000x1000px_01_Primary.png\",\"width\":1000,\"height\":1000},{\"@type\":[\"WebPage\",\"ItemPage\"],\"@id\":\"https:\/\/www.fytofontana.com\/pl\/product\/aurecon-spray-do-uszu\/#webpage\",\"url\":\"https:\/\/www.fytofontana.com\/pl\/product\/aurecon-spray-do-uszu\/\",\"name\":\"AURECON spray do uszu - Fytofontana\",\"isPartOf\":{\"@id\":\"https:\/\/www.fytofontana.com\/#website\"},\"primaryImageOfPage\":{\"@id\":\"https:\/\/www.fytofontana.com\/pl\/product\/aurecon-spray-do-uszu\/#primaryimage\"},\"datePublished\":\"2025-07-22T12:33:43+00:00\",\"dateModified\":\"2025-10-14T11:25:02+00:00\",\"description\":\"Aurecon spray do uszu z roztworem z Morza Martwego i ekstraktem z Aloe vera delikatnie rozpuszcza woskowin\\u0119, nie podra\\u017cniaj\\u0105c ucha. Zapobiega zatykaniu przewodu s\\u0142uchowego i ogranicza nadmierne wydzielanie woskowiny.\",\"breadcrumb\":{\"@id\":\"https:\/\/www.fytofontana.com\/pl\/product\/aurecon-spray-do-uszu\/#breadcrumb\"},\"inLanguage\":\"pl-PL\",\"potentialAction\":[{\"@type\":\"ReadAction\",\"target\":[\"https:\/\/www.fytofontana.com\/pl\/product\/aurecon-spray-do-uszu\/\"]}]},{\"@type\":\"BreadcrumbList\",\"@id\":\"https:\/\/www.fytofontana.com\/pl\/product\/aurecon-spray-do-uszu\/#breadcrumb\",\"itemListElement\":[{\"@type\":\"ListItem\",\"position\":1,\"item\":{\"@type\":\"WebPage\",\"@id\":\"https:\/\/www.fytofontana.com\/pl\/\",\"url\":\"https:\/\/www.fytofontana.com\/pl\/\",\"name\":\"Home\"}},{\"@type\":\"ListItem\",\"position\":2,\"item\":{\"@type\":\"WebPage\",\"@id\":\"https:\/\/www.fytofontana.com\/pl\/product\/aurecon-spray-do-uszu\/\",\"url\":\"https:\/\/www.fytofontana.com\/pl\/product\/aurecon-spray-do-uszu\/\",\"name\":\"AURECON spray do uszu\"}}]}]}<\/script>","_links":{"self":[{"href":"https:\/\/www.fytofontana.com\/pl\/wp-json\/wp\/v2\/product\/3814"}],"collection":[{"href":"https:\/\/www.fytofontana.com\/pl\/wp-json\/wp\/v2\/product"}],"about":[{"href":"https:\/\/www.fytofontana.com\/pl\/wp-json\/wp\/v2\/types\/product"}],"wp:featuredmedia":[{"embeddable":true,"href":"https:\/\/www.fytofontana.com\/pl\/wp-json\/wp\/v2\/media\/3812"}],"wp:attachment":[{"href":"https:\/\/www.fytofontana.com\/pl\/wp-json\/wp\/v2\/media?parent=3814"}],"wp:term":[{"taxonomy":"products","embeddable":true,"href":"https:\/\/www.fytofontana.com\/pl\/wp-json\/wp\/v2\/products?post=3814"}],"curies":[{"name":"wp","href":"https:\/\/api.w.org\/{rel}","templated":true}]}}