{"id":3803,"date":"2025-07-22T12:52:28","date_gmt":"2025-07-22T11:52:28","guid":{"rendered":"https:\/\/www.fytofontana.com\/?post_type=product&#038;p=3803"},"modified":"2025-10-14T21:04:01","modified_gmt":"2025-10-14T20:04:01","slug":"aurecon-krople-do-uszu-z-nadtlenkiem","status":"publish","type":"product","link":"https:\/\/www.fytofontana.com\/pl\/product\/aurecon-krople-do-uszu-z-nadtlenkiem\/","title":{"rendered":"AURECON krople do uszu z nadtlenkiem"},"content":{"rendered":"<ul>\n<li><b>Wyr\u00f3b medyczny zatwierdzony przez MDR <\/b>(UE 2017\/745).<\/li>\n<li>Posiada unikaln\u0105 formu\u0142\u0119 o podw\u00f3jnym dzia\u0142aniu, kt\u00f3ra zmi\u0119kcza stwardnia\u0142\u0105 woskowin\u0119 uszn\u0105 i delikatnie uwalnia tlen, kt\u00f3ry u\u0142atwia usuni\u0119cie woskowiny.<\/li>\n<li>Aurecon krople do uszu z nadtlenkiem zawieraj\u0105 5% mocznika i nadtlenek wodoru jako substancje aktywne.<\/li>\n<li>Substancja aktywna dzia\u0142a w ten spos\u00f3b, \u017ce zmi\u0119kcza stwardnia\u0142\u0105 woskowin\u0119 uszn\u0105 i rozk\u0142ada j\u0105 na drobne cz\u0105steczki.<\/li>\n<\/ul>\n<p>&nbsp;<\/p>\n<p>&nbsp;<\/p>\n<p>&nbsp;<\/p>\n","protected":false},"featured_media":3800,"template":"","products":[95],"yoast_head":"<title>AURECON krople do uszu z nadtlenkiem - Fytofontana<\/title>\n<meta name=\"description\" content=\"Aurecon krople do uszu z nadtlenkiem wodoru (5%) zmi\u0119kczaj\u0105 stwardnia\u0142\u0105 woskowin\u0119 i delikatnie uwalniaj\u0105 tlen, kt\u00f3ry u\u0142atwia jej naturalne usuni\u0119cie. Skuteczne przy zatyczkach woskowinowych.\" \/>\n<meta name=\"robots\" content=\"index, follow, max-snippet:-1, max-image-preview:large, max-video-preview:-1\" \/>\n<link rel=\"canonical\" href=\"https:\/\/www.fytofontana.com\/pl\/product\/aurecon-krople-do-uszu-z-nadtlenkiem\/\" \/>\n<meta property=\"og:locale\" content=\"pl_PL\" \/>\n<meta property=\"og:type\" content=\"article\" \/>\n<meta property=\"og:title\" content=\"AURECON krople do uszu z nadtlenkiem - Fytofontana\" \/>\n<meta property=\"og:description\" content=\"Aurecon krople do uszu z nadtlenkiem wodoru (5%) zmi\u0119kczaj\u0105 stwardnia\u0142\u0105 woskowin\u0119 i delikatnie uwalniaj\u0105 tlen, kt\u00f3ry u\u0142atwia jej naturalne usuni\u0119cie. Skuteczne przy zatyczkach woskowinowych.\" \/>\n<meta property=\"og:url\" content=\"https:\/\/www.fytofontana.com\/pl\/product\/aurecon-krople-do-uszu-z-nadtlenkiem\/\" \/>\n<meta property=\"og:site_name\" content=\"Fytofontana\" \/>\n<meta property=\"article:modified_time\" content=\"2025-10-14T20:04:01+00:00\" \/>\n<meta property=\"og:image\" content=\"https:\/\/www.fytofontana.com\/wp-content\/uploads\/2021\/03\/2023_05_AURECON_Peroxid_Drops_10ml_1000x1000px_01_Primary.png\" \/>\n\t<meta property=\"og:image:width\" content=\"1000\" \/>\n\t<meta property=\"og:image:height\" content=\"1000\" \/>\n<meta name=\"twitter:card\" content=\"summary_large_image\" \/>\n<meta name=\"twitter:label1\" content=\"Est. reading time\">\n\t<meta name=\"twitter:data1\" content=\"1 minuta\">\n<script type=\"application\/ld+json\" class=\"yoast-schema-graph\">{\"@context\":\"https:\/\/schema.org\",\"@graph\":[{\"@type\":\"Organization\",\"@id\":\"https:\/\/www.fytofontana.com\/#organization\",\"name\":\"Fytofontana\",\"url\":\"https:\/\/www.fytofontana.com\/\",\"sameAs\":[],\"logo\":{\"@type\":\"ImageObject\",\"@id\":\"https:\/\/www.fytofontana.com\/#logo\",\"inLanguage\":\"pl-PL\",\"url\":\"https:\/\/www.fytofontana.com\/wp-content\/uploads\/2021\/01\/fyto.png\",\"width\":817,\"height\":79,\"caption\":\"Fytofontana\"},\"image\":{\"@id\":\"https:\/\/www.fytofontana.com\/#logo\"}},{\"@type\":\"WebSite\",\"@id\":\"https:\/\/www.fytofontana.com\/#website\",\"url\":\"https:\/\/www.fytofontana.com\/\",\"name\":\"Fytofontana\",\"description\":\"\",\"publisher\":{\"@id\":\"https:\/\/www.fytofontana.com\/#organization\"},\"potentialAction\":[{\"@type\":\"SearchAction\",\"target\":\"https:\/\/www.fytofontana.com\/?s={search_term_string}\",\"query-input\":\"required name=search_term_string\"}],\"inLanguage\":\"pl-PL\"},{\"@type\":\"ImageObject\",\"@id\":\"https:\/\/www.fytofontana.com\/pl\/product\/aurecon-krople-do-uszu-z-nadtlenkiem\/#primaryimage\",\"inLanguage\":\"pl-PL\",\"url\":\"https:\/\/www.fytofontana.com\/wp-content\/uploads\/2021\/03\/2023_05_AURECON_Peroxid_Drops_10ml_1000x1000px_01_Primary.png\",\"width\":1000,\"height\":1000},{\"@type\":[\"WebPage\",\"ItemPage\"],\"@id\":\"https:\/\/www.fytofontana.com\/pl\/product\/aurecon-krople-do-uszu-z-nadtlenkiem\/#webpage\",\"url\":\"https:\/\/www.fytofontana.com\/pl\/product\/aurecon-krople-do-uszu-z-nadtlenkiem\/\",\"name\":\"AURECON krople do uszu z nadtlenkiem - Fytofontana\",\"isPartOf\":{\"@id\":\"https:\/\/www.fytofontana.com\/#website\"},\"primaryImageOfPage\":{\"@id\":\"https:\/\/www.fytofontana.com\/pl\/product\/aurecon-krople-do-uszu-z-nadtlenkiem\/#primaryimage\"},\"datePublished\":\"2025-07-22T11:52:28+00:00\",\"dateModified\":\"2025-10-14T20:04:01+00:00\",\"description\":\"Aurecon krople do uszu z nadtlenkiem wodoru (5%) zmi\\u0119kczaj\\u0105 stwardnia\\u0142\\u0105 woskowin\\u0119 i delikatnie uwalniaj\\u0105 tlen, kt\\u00f3ry u\\u0142atwia jej naturalne usuni\\u0119cie. Skuteczne przy zatyczkach woskowinowych.\",\"breadcrumb\":{\"@id\":\"https:\/\/www.fytofontana.com\/pl\/product\/aurecon-krople-do-uszu-z-nadtlenkiem\/#breadcrumb\"},\"inLanguage\":\"pl-PL\",\"potentialAction\":[{\"@type\":\"ReadAction\",\"target\":[\"https:\/\/www.fytofontana.com\/pl\/product\/aurecon-krople-do-uszu-z-nadtlenkiem\/\"]}]},{\"@type\":\"BreadcrumbList\",\"@id\":\"https:\/\/www.fytofontana.com\/pl\/product\/aurecon-krople-do-uszu-z-nadtlenkiem\/#breadcrumb\",\"itemListElement\":[{\"@type\":\"ListItem\",\"position\":1,\"item\":{\"@type\":\"WebPage\",\"@id\":\"https:\/\/www.fytofontana.com\/pl\/\",\"url\":\"https:\/\/www.fytofontana.com\/pl\/\",\"name\":\"Home\"}},{\"@type\":\"ListItem\",\"position\":2,\"item\":{\"@type\":\"WebPage\",\"@id\":\"https:\/\/www.fytofontana.com\/pl\/product\/aurecon-krople-do-uszu-z-nadtlenkiem\/\",\"url\":\"https:\/\/www.fytofontana.com\/pl\/product\/aurecon-krople-do-uszu-z-nadtlenkiem\/\",\"name\":\"AURECON krople do uszu z nadtlenkiem\"}}]}]}<\/script>","_links":{"self":[{"href":"https:\/\/www.fytofontana.com\/pl\/wp-json\/wp\/v2\/product\/3803"}],"collection":[{"href":"https:\/\/www.fytofontana.com\/pl\/wp-json\/wp\/v2\/product"}],"about":[{"href":"https:\/\/www.fytofontana.com\/pl\/wp-json\/wp\/v2\/types\/product"}],"wp:featuredmedia":[{"embeddable":true,"href":"https:\/\/www.fytofontana.com\/pl\/wp-json\/wp\/v2\/media\/3800"}],"wp:attachment":[{"href":"https:\/\/www.fytofontana.com\/pl\/wp-json\/wp\/v2\/media?parent=3803"}],"wp:term":[{"taxonomy":"products","embeddable":true,"href":"https:\/\/www.fytofontana.com\/pl\/wp-json\/wp\/v2\/products?post=3803"}],"curies":[{"name":"wp","href":"https:\/\/api.w.org\/{rel}","templated":true}]}}