{"id":3791,"date":"2025-07-22T12:07:36","date_gmt":"2025-07-22T11:07:36","guid":{"rendered":"https:\/\/www.fytofontana.com\/?post_type=product&#038;p=3791"},"modified":"2025-10-14T20:59:18","modified_gmt":"2025-10-14T19:59:18","slug":"aurecon-krople-do-uszu-forte-junior","status":"publish","type":"product","link":"https:\/\/www.fytofontana.com\/pl\/product\/aurecon-krople-do-uszu-forte-junior\/","title":{"rendered":"AURECON krople do uszu Forte Junior"},"content":{"rendered":"<ul>\n<li><b>Wyr\u00f3b medyczny zatwierdzony przez MDR <\/b>(UE 2017\/745).<\/li>\n<li>Naturalne krople do uszu \u0142agodz\u0105ce b\u00f3l ucha.<\/li>\n<li>Przeznaczony dla dzieci od 6. miesi\u0105ca \u017cycia.<\/li>\n<li>Sk\u0142ada si\u0119 wy\u0142\u0105cznie z naturalnych substancji \u2013 olejk\u00f3w, kt\u00f3rych skuteczno\u015b\u0107 jest znana.<\/li>\n<li>\u0141agodzi nieprzyjemne objawy b\u00f3lu (olejek lawendowy) a tak\u017ce zapewnia ochron\u0119 przed niepo\u017c\u0105danymi mikroorganizmami.<\/li>\n<li>Zawiera r\u00f3wnie\u017c Laureth-9, substancj\u0119, kt\u00f3ra zwi\u0119ksza dobry kontakt preparatu ze sk\u00f3r\u0105 i kt\u00f3ra ma r\u00f3wnie\u017c miejscowe dzia\u0142anie znieczulaj\u0105ce.<\/li>\n<\/ul>\n","protected":false},"featured_media":3788,"template":"","products":[95],"yoast_head":"<title>AURECON krople do uszu Forte Junior - Fytofontana<\/title>\n<meta name=\"description\" content=\"Naturalne krople do uszu dla dzieci od 6. miesi\u0105ca \u017cycia. \u0141agodz\u0105 b\u00f3l i chroni\u0105 przed mikroorganizmami. Zawieraj\u0105 olejek lawendowy i Laureth\u20119. Bez chemicznych konserwant\u00f3w.\" \/>\n<meta name=\"robots\" content=\"index, follow, max-snippet:-1, max-image-preview:large, max-video-preview:-1\" \/>\n<link rel=\"canonical\" href=\"https:\/\/www.fytofontana.com\/pl\/product\/aurecon-krople-do-uszu-forte-junior\/\" \/>\n<meta property=\"og:locale\" content=\"pl_PL\" \/>\n<meta property=\"og:type\" content=\"article\" \/>\n<meta property=\"og:title\" content=\"AURECON krople do uszu Forte Junior - Fytofontana\" \/>\n<meta property=\"og:description\" content=\"Naturalne krople do uszu dla dzieci od 6. miesi\u0105ca \u017cycia. \u0141agodz\u0105 b\u00f3l i chroni\u0105 przed mikroorganizmami. Zawieraj\u0105 olejek lawendowy i Laureth\u20119. Bez chemicznych konserwant\u00f3w.\" \/>\n<meta property=\"og:url\" content=\"https:\/\/www.fytofontana.com\/pl\/product\/aurecon-krople-do-uszu-forte-junior\/\" \/>\n<meta property=\"og:site_name\" content=\"Fytofontana\" \/>\n<meta property=\"article:modified_time\" content=\"2025-10-14T19:59:18+00:00\" \/>\n<meta property=\"og:image\" content=\"https:\/\/www.fytofontana.com\/wp-content\/uploads\/2021\/02\/2023_05_AURECON_Drops_Forte_Junior_10ml_1000x1000px_01_Primary.png\" \/>\n\t<meta property=\"og:image:width\" content=\"1000\" \/>\n\t<meta property=\"og:image:height\" content=\"1000\" \/>\n<meta name=\"twitter:card\" content=\"summary_large_image\" \/>\n<meta name=\"twitter:label1\" content=\"Est. reading time\">\n\t<meta name=\"twitter:data1\" content=\"1 minuta\">\n<script type=\"application\/ld+json\" class=\"yoast-schema-graph\">{\"@context\":\"https:\/\/schema.org\",\"@graph\":[{\"@type\":\"Organization\",\"@id\":\"https:\/\/www.fytofontana.com\/#organization\",\"name\":\"Fytofontana\",\"url\":\"https:\/\/www.fytofontana.com\/\",\"sameAs\":[],\"logo\":{\"@type\":\"ImageObject\",\"@id\":\"https:\/\/www.fytofontana.com\/#logo\",\"inLanguage\":\"pl-PL\",\"url\":\"https:\/\/www.fytofontana.com\/wp-content\/uploads\/2021\/01\/fyto.png\",\"width\":817,\"height\":79,\"caption\":\"Fytofontana\"},\"image\":{\"@id\":\"https:\/\/www.fytofontana.com\/#logo\"}},{\"@type\":\"WebSite\",\"@id\":\"https:\/\/www.fytofontana.com\/#website\",\"url\":\"https:\/\/www.fytofontana.com\/\",\"name\":\"Fytofontana\",\"description\":\"\",\"publisher\":{\"@id\":\"https:\/\/www.fytofontana.com\/#organization\"},\"potentialAction\":[{\"@type\":\"SearchAction\",\"target\":\"https:\/\/www.fytofontana.com\/?s={search_term_string}\",\"query-input\":\"required name=search_term_string\"}],\"inLanguage\":\"pl-PL\"},{\"@type\":\"ImageObject\",\"@id\":\"https:\/\/www.fytofontana.com\/pl\/product\/aurecon-krople-do-uszu-forte-junior\/#primaryimage\",\"inLanguage\":\"pl-PL\",\"url\":\"https:\/\/www.fytofontana.com\/wp-content\/uploads\/2021\/02\/2023_05_AURECON_Drops_Forte_Junior_10ml_1000x1000px_01_Primary.png\",\"width\":1000,\"height\":1000},{\"@type\":[\"WebPage\",\"ItemPage\"],\"@id\":\"https:\/\/www.fytofontana.com\/pl\/product\/aurecon-krople-do-uszu-forte-junior\/#webpage\",\"url\":\"https:\/\/www.fytofontana.com\/pl\/product\/aurecon-krople-do-uszu-forte-junior\/\",\"name\":\"AURECON krople do uszu Forte Junior - Fytofontana\",\"isPartOf\":{\"@id\":\"https:\/\/www.fytofontana.com\/#website\"},\"primaryImageOfPage\":{\"@id\":\"https:\/\/www.fytofontana.com\/pl\/product\/aurecon-krople-do-uszu-forte-junior\/#primaryimage\"},\"datePublished\":\"2025-07-22T11:07:36+00:00\",\"dateModified\":\"2025-10-14T19:59:18+00:00\",\"description\":\"Naturalne krople do uszu dla dzieci od 6. miesi\\u0105ca \\u017cycia. \\u0141agodz\\u0105 b\\u00f3l i chroni\\u0105 przed mikroorganizmami. Zawieraj\\u0105 olejek lawendowy i Laureth\\u20119. Bez chemicznych konserwant\\u00f3w.\",\"breadcrumb\":{\"@id\":\"https:\/\/www.fytofontana.com\/pl\/product\/aurecon-krople-do-uszu-forte-junior\/#breadcrumb\"},\"inLanguage\":\"pl-PL\",\"potentialAction\":[{\"@type\":\"ReadAction\",\"target\":[\"https:\/\/www.fytofontana.com\/pl\/product\/aurecon-krople-do-uszu-forte-junior\/\"]}]},{\"@type\":\"BreadcrumbList\",\"@id\":\"https:\/\/www.fytofontana.com\/pl\/product\/aurecon-krople-do-uszu-forte-junior\/#breadcrumb\",\"itemListElement\":[{\"@type\":\"ListItem\",\"position\":1,\"item\":{\"@type\":\"WebPage\",\"@id\":\"https:\/\/www.fytofontana.com\/pl\/\",\"url\":\"https:\/\/www.fytofontana.com\/pl\/\",\"name\":\"Home\"}},{\"@type\":\"ListItem\",\"position\":2,\"item\":{\"@type\":\"WebPage\",\"@id\":\"https:\/\/www.fytofontana.com\/pl\/product\/aurecon-krople-do-uszu-forte-junior\/\",\"url\":\"https:\/\/www.fytofontana.com\/pl\/product\/aurecon-krople-do-uszu-forte-junior\/\",\"name\":\"AURECON krople do uszu Forte Junior\"}}]}]}<\/script>","_links":{"self":[{"href":"https:\/\/www.fytofontana.com\/pl\/wp-json\/wp\/v2\/product\/3791"}],"collection":[{"href":"https:\/\/www.fytofontana.com\/pl\/wp-json\/wp\/v2\/product"}],"about":[{"href":"https:\/\/www.fytofontana.com\/pl\/wp-json\/wp\/v2\/types\/product"}],"wp:featuredmedia":[{"embeddable":true,"href":"https:\/\/www.fytofontana.com\/pl\/wp-json\/wp\/v2\/media\/3788"}],"wp:attachment":[{"href":"https:\/\/www.fytofontana.com\/pl\/wp-json\/wp\/v2\/media?parent=3791"}],"wp:term":[{"taxonomy":"products","embeddable":true,"href":"https:\/\/www.fytofontana.com\/pl\/wp-json\/wp\/v2\/products?post=3791"}],"curies":[{"name":"wp","href":"https:\/\/api.w.org\/{rel}","templated":true}]}}