{"id":3779,"date":"2025-07-22T10:51:10","date_gmt":"2025-07-22T09:51:10","guid":{"rendered":"https:\/\/www.fytofontana.com\/?post_type=product&#038;p=3779"},"modified":"2025-10-14T13:46:00","modified_gmt":"2025-10-14T12:46:00","slug":"aurecon-krople-do-uszu-forte","status":"publish","type":"product","link":"https:\/\/www.fytofontana.com\/pl\/product\/aurecon-krople-do-uszu-forte\/","title":{"rendered":"AURECON krople do uszu Forte"},"content":{"rendered":"<p><strong>Naturalne krople do uszu \u0142agodz\u0105ce b\u00f3l ucha<\/strong><\/p>\n<ul>\n<li><b>Wyr\u00f3b medyczny zatwierdzony przez MDR <\/b>(UE 2017\/745).<\/li>\n<li>Jest u\u017cytecznym i \u0142atwo stosowanym \u015brodkiem do regularnej piel\u0119gnacji zewn\u0119trznego przewodu s\u0142uchowego.<\/li>\n<li>Stosowanie preparatu mo\u017ce mie\u0107 korzystny wp\u0142yw na zewn\u0119trzny przew\u00f3d s\u0142uchowy, przy \u0142agodnych zapaleniach ucha \u015brodkowego i b\u0142ony b\u0119benkowej, szczeg\u00f3lnie w pocz\u0105tkowym stadium.<\/li>\n<li>Przy b\u00f3lach spowodowanych stanami zapalnymi, preparat dzia\u0142a antyseptycznie przeciwko czynnikom wywo\u0142uj\u0105cym zapalenie. Nie zawiera substancji konserwuj\u0105cych.<\/li>\n<\/ul>\n","protected":false},"featured_media":3775,"template":"","products":[95],"yoast_head":"<title>AURECON krople do uszu Forte - Fytofontana<\/title>\n<meta name=\"description\" content=\"Naturalne krople do uszu \u0142agodz\u0105ce b\u00f3l i wspieraj\u0105ce higien\u0119 przewodu s\u0142uchowego. Dzia\u0142aj\u0105 antyseptycznie przy stanach zapalnych. Bez konserwant\u00f3w, wy\u0142\u0105cznie naturalne sk\u0142adniki.\" \/>\n<meta name=\"robots\" content=\"index, follow, max-snippet:-1, max-image-preview:large, max-video-preview:-1\" \/>\n<link rel=\"canonical\" href=\"https:\/\/www.fytofontana.com\/pl\/product\/aurecon-krople-do-uszu-forte\/\" \/>\n<meta property=\"og:locale\" content=\"pl_PL\" \/>\n<meta property=\"og:type\" content=\"article\" \/>\n<meta property=\"og:title\" content=\"AURECON krople do uszu Forte - Fytofontana\" \/>\n<meta property=\"og:description\" content=\"Naturalne krople do uszu \u0142agodz\u0105ce b\u00f3l i wspieraj\u0105ce higien\u0119 przewodu s\u0142uchowego. Dzia\u0142aj\u0105 antyseptycznie przy stanach zapalnych. Bez konserwant\u00f3w, wy\u0142\u0105cznie naturalne sk\u0142adniki.\" \/>\n<meta property=\"og:url\" content=\"https:\/\/www.fytofontana.com\/pl\/product\/aurecon-krople-do-uszu-forte\/\" \/>\n<meta property=\"og:site_name\" content=\"Fytofontana\" \/>\n<meta property=\"article:modified_time\" content=\"2025-10-14T12:46:00+00:00\" \/>\n<meta property=\"og:image\" content=\"https:\/\/www.fytofontana.com\/wp-content\/uploads\/2021\/02\/2023_05_AURECON_Drops_Forte_10ml_1000x1000px_01_Primary.png\" \/>\n\t<meta property=\"og:image:width\" content=\"1000\" \/>\n\t<meta property=\"og:image:height\" content=\"1000\" \/>\n<meta name=\"twitter:card\" content=\"summary_large_image\" \/>\n<meta name=\"twitter:label1\" content=\"Est. reading time\">\n\t<meta name=\"twitter:data1\" content=\"1 minuta\">\n<script type=\"application\/ld+json\" class=\"yoast-schema-graph\">{\"@context\":\"https:\/\/schema.org\",\"@graph\":[{\"@type\":\"Organization\",\"@id\":\"https:\/\/www.fytofontana.com\/#organization\",\"name\":\"Fytofontana\",\"url\":\"https:\/\/www.fytofontana.com\/\",\"sameAs\":[],\"logo\":{\"@type\":\"ImageObject\",\"@id\":\"https:\/\/www.fytofontana.com\/#logo\",\"inLanguage\":\"pl-PL\",\"url\":\"https:\/\/www.fytofontana.com\/wp-content\/uploads\/2021\/01\/fyto.png\",\"width\":817,\"height\":79,\"caption\":\"Fytofontana\"},\"image\":{\"@id\":\"https:\/\/www.fytofontana.com\/#logo\"}},{\"@type\":\"WebSite\",\"@id\":\"https:\/\/www.fytofontana.com\/#website\",\"url\":\"https:\/\/www.fytofontana.com\/\",\"name\":\"Fytofontana\",\"description\":\"\",\"publisher\":{\"@id\":\"https:\/\/www.fytofontana.com\/#organization\"},\"potentialAction\":[{\"@type\":\"SearchAction\",\"target\":\"https:\/\/www.fytofontana.com\/?s={search_term_string}\",\"query-input\":\"required name=search_term_string\"}],\"inLanguage\":\"pl-PL\"},{\"@type\":\"ImageObject\",\"@id\":\"https:\/\/www.fytofontana.com\/pl\/product\/aurecon-krople-do-uszu-forte\/#primaryimage\",\"inLanguage\":\"pl-PL\",\"url\":\"https:\/\/www.fytofontana.com\/wp-content\/uploads\/2021\/02\/2023_05_AURECON_Drops_Forte_10ml_1000x1000px_01_Primary.png\",\"width\":1000,\"height\":1000},{\"@type\":[\"WebPage\",\"ItemPage\"],\"@id\":\"https:\/\/www.fytofontana.com\/pl\/product\/aurecon-krople-do-uszu-forte\/#webpage\",\"url\":\"https:\/\/www.fytofontana.com\/pl\/product\/aurecon-krople-do-uszu-forte\/\",\"name\":\"AURECON krople do uszu Forte - Fytofontana\",\"isPartOf\":{\"@id\":\"https:\/\/www.fytofontana.com\/#website\"},\"primaryImageOfPage\":{\"@id\":\"https:\/\/www.fytofontana.com\/pl\/product\/aurecon-krople-do-uszu-forte\/#primaryimage\"},\"datePublished\":\"2025-07-22T09:51:10+00:00\",\"dateModified\":\"2025-10-14T12:46:00+00:00\",\"description\":\"Naturalne krople do uszu \\u0142agodz\\u0105ce b\\u00f3l i wspieraj\\u0105ce higien\\u0119 przewodu s\\u0142uchowego. Dzia\\u0142aj\\u0105 antyseptycznie przy stanach zapalnych. Bez konserwant\\u00f3w, wy\\u0142\\u0105cznie naturalne sk\\u0142adniki.\",\"breadcrumb\":{\"@id\":\"https:\/\/www.fytofontana.com\/pl\/product\/aurecon-krople-do-uszu-forte\/#breadcrumb\"},\"inLanguage\":\"pl-PL\",\"potentialAction\":[{\"@type\":\"ReadAction\",\"target\":[\"https:\/\/www.fytofontana.com\/pl\/product\/aurecon-krople-do-uszu-forte\/\"]}]},{\"@type\":\"BreadcrumbList\",\"@id\":\"https:\/\/www.fytofontana.com\/pl\/product\/aurecon-krople-do-uszu-forte\/#breadcrumb\",\"itemListElement\":[{\"@type\":\"ListItem\",\"position\":1,\"item\":{\"@type\":\"WebPage\",\"@id\":\"https:\/\/www.fytofontana.com\/pl\/\",\"url\":\"https:\/\/www.fytofontana.com\/pl\/\",\"name\":\"Home\"}},{\"@type\":\"ListItem\",\"position\":2,\"item\":{\"@type\":\"WebPage\",\"@id\":\"https:\/\/www.fytofontana.com\/pl\/product\/aurecon-krople-do-uszu-forte\/\",\"url\":\"https:\/\/www.fytofontana.com\/pl\/product\/aurecon-krople-do-uszu-forte\/\",\"name\":\"AURECON krople do uszu Forte\"}}]}]}<\/script>","_links":{"self":[{"href":"https:\/\/www.fytofontana.com\/pl\/wp-json\/wp\/v2\/product\/3779"}],"collection":[{"href":"https:\/\/www.fytofontana.com\/pl\/wp-json\/wp\/v2\/product"}],"about":[{"href":"https:\/\/www.fytofontana.com\/pl\/wp-json\/wp\/v2\/types\/product"}],"wp:featuredmedia":[{"embeddable":true,"href":"https:\/\/www.fytofontana.com\/pl\/wp-json\/wp\/v2\/media\/3775"}],"wp:attachment":[{"href":"https:\/\/www.fytofontana.com\/pl\/wp-json\/wp\/v2\/media?parent=3779"}],"wp:term":[{"taxonomy":"products","embeddable":true,"href":"https:\/\/www.fytofontana.com\/pl\/wp-json\/wp\/v2\/products?post=3779"}],"curies":[{"name":"wp","href":"https:\/\/api.w.org\/{rel}","templated":true}]}}