{"id":3766,"date":"2025-07-22T10:19:51","date_gmt":"2025-07-22T09:19:51","guid":{"rendered":"https:\/\/www.fytofontana.com\/?post_type=product&#038;p=3766"},"modified":"2025-10-14T13:42:03","modified_gmt":"2025-10-14T12:42:03","slug":"aurecon-krople-do-uszu","status":"publish","type":"product","link":"https:\/\/www.fytofontana.com\/pl\/product\/aurecon-krople-do-uszu\/","title":{"rendered":"AURECON krople do uszu"},"content":{"rendered":"<p><strong>Aurecon krople do uszu stanowi\u0105 nowy etap w piel\u0119gnacji ucha zewn\u0119trznego.<\/strong><\/p>\n<ul>\n<li><b>Wyr\u00f3b medyczny zatwierdzony przez MDR <\/b>(UE 2017\/745).<\/li>\n<li>U\u0142atwiaj\u0105 i udoskonalaj\u0105 czyszczenie zewn\u0119trznego przewodu s\u0142uchowego poprzez ograniczanie przylegania woskowiny do \u015bcian przewodu s\u0142uchowego, zmi\u0119kczaj\u0105 ewentualnie powsta\u0142\u0105 woskowin\u0119, zapobiegaj\u0105 namna\u017caniu si\u0119 mikroorganizm\u00f3w.<\/li>\n<li>Zawieraj\u0105 wy\u0142\u0105cznie naturalne substancje.<\/li>\n<\/ul>\n","protected":false},"featured_media":3763,"template":"","products":[95],"yoast_head":"<title>AURECON krople do uszu - Fytofontana<\/title>\n<meta name=\"description\" content=\"Naturalne krople do uszu Aurecon wspieraj\u0105 higien\u0119 ucha, u\u0142atwiaj\u0105 czyszczenie przewodu s\u0142uchowego, zmi\u0119kczaj\u0105 woskowin\u0119 i chroni\u0105 przed mikroorganizmami. Bez chemicznych dodatk\u00f3w.\" \/>\n<meta name=\"robots\" content=\"index, follow, max-snippet:-1, max-image-preview:large, max-video-preview:-1\" \/>\n<link rel=\"canonical\" href=\"https:\/\/www.fytofontana.com\/pl\/product\/aurecon-krople-do-uszu\/\" \/>\n<meta property=\"og:locale\" content=\"pl_PL\" \/>\n<meta property=\"og:type\" content=\"article\" \/>\n<meta property=\"og:title\" content=\"AURECON krople do uszu - Fytofontana\" \/>\n<meta property=\"og:description\" content=\"Naturalne krople do uszu Aurecon wspieraj\u0105 higien\u0119 ucha, u\u0142atwiaj\u0105 czyszczenie przewodu s\u0142uchowego, zmi\u0119kczaj\u0105 woskowin\u0119 i chroni\u0105 przed mikroorganizmami. Bez chemicznych dodatk\u00f3w.\" \/>\n<meta property=\"og:url\" content=\"https:\/\/www.fytofontana.com\/pl\/product\/aurecon-krople-do-uszu\/\" \/>\n<meta property=\"og:site_name\" content=\"Fytofontana\" \/>\n<meta property=\"article:modified_time\" content=\"2025-10-14T12:42:03+00:00\" \/>\n<meta property=\"og:image\" content=\"https:\/\/www.fytofontana.com\/wp-content\/uploads\/2021\/02\/2023_05_AURECON_Drops_10ml_1000x1000px_01_Primary.png\" \/>\n\t<meta property=\"og:image:width\" content=\"1000\" \/>\n\t<meta property=\"og:image:height\" content=\"1000\" \/>\n<meta name=\"twitter:card\" content=\"summary_large_image\" \/>\n<meta name=\"twitter:label1\" content=\"Est. reading time\">\n\t<meta name=\"twitter:data1\" content=\"1 minuta\">\n<script type=\"application\/ld+json\" class=\"yoast-schema-graph\">{\"@context\":\"https:\/\/schema.org\",\"@graph\":[{\"@type\":\"Organization\",\"@id\":\"https:\/\/www.fytofontana.com\/#organization\",\"name\":\"Fytofontana\",\"url\":\"https:\/\/www.fytofontana.com\/\",\"sameAs\":[],\"logo\":{\"@type\":\"ImageObject\",\"@id\":\"https:\/\/www.fytofontana.com\/#logo\",\"inLanguage\":\"pl-PL\",\"url\":\"https:\/\/www.fytofontana.com\/wp-content\/uploads\/2021\/01\/fyto.png\",\"width\":817,\"height\":79,\"caption\":\"Fytofontana\"},\"image\":{\"@id\":\"https:\/\/www.fytofontana.com\/#logo\"}},{\"@type\":\"WebSite\",\"@id\":\"https:\/\/www.fytofontana.com\/#website\",\"url\":\"https:\/\/www.fytofontana.com\/\",\"name\":\"Fytofontana\",\"description\":\"\",\"publisher\":{\"@id\":\"https:\/\/www.fytofontana.com\/#organization\"},\"potentialAction\":[{\"@type\":\"SearchAction\",\"target\":\"https:\/\/www.fytofontana.com\/?s={search_term_string}\",\"query-input\":\"required name=search_term_string\"}],\"inLanguage\":\"pl-PL\"},{\"@type\":\"ImageObject\",\"@id\":\"https:\/\/www.fytofontana.com\/pl\/product\/aurecon-krople-do-uszu\/#primaryimage\",\"inLanguage\":\"pl-PL\",\"url\":\"https:\/\/www.fytofontana.com\/wp-content\/uploads\/2021\/02\/2023_05_AURECON_Drops_10ml_1000x1000px_01_Primary.png\",\"width\":1000,\"height\":1000},{\"@type\":[\"WebPage\",\"ItemPage\"],\"@id\":\"https:\/\/www.fytofontana.com\/pl\/product\/aurecon-krople-do-uszu\/#webpage\",\"url\":\"https:\/\/www.fytofontana.com\/pl\/product\/aurecon-krople-do-uszu\/\",\"name\":\"AURECON krople do uszu - Fytofontana\",\"isPartOf\":{\"@id\":\"https:\/\/www.fytofontana.com\/#website\"},\"primaryImageOfPage\":{\"@id\":\"https:\/\/www.fytofontana.com\/pl\/product\/aurecon-krople-do-uszu\/#primaryimage\"},\"datePublished\":\"2025-07-22T09:19:51+00:00\",\"dateModified\":\"2025-10-14T12:42:03+00:00\",\"description\":\"Naturalne krople do uszu Aurecon wspieraj\\u0105 higien\\u0119 ucha, u\\u0142atwiaj\\u0105 czyszczenie przewodu s\\u0142uchowego, zmi\\u0119kczaj\\u0105 woskowin\\u0119 i chroni\\u0105 przed mikroorganizmami. Bez chemicznych dodatk\\u00f3w.\",\"breadcrumb\":{\"@id\":\"https:\/\/www.fytofontana.com\/pl\/product\/aurecon-krople-do-uszu\/#breadcrumb\"},\"inLanguage\":\"pl-PL\",\"potentialAction\":[{\"@type\":\"ReadAction\",\"target\":[\"https:\/\/www.fytofontana.com\/pl\/product\/aurecon-krople-do-uszu\/\"]}]},{\"@type\":\"BreadcrumbList\",\"@id\":\"https:\/\/www.fytofontana.com\/pl\/product\/aurecon-krople-do-uszu\/#breadcrumb\",\"itemListElement\":[{\"@type\":\"ListItem\",\"position\":1,\"item\":{\"@type\":\"WebPage\",\"@id\":\"https:\/\/www.fytofontana.com\/pl\/\",\"url\":\"https:\/\/www.fytofontana.com\/pl\/\",\"name\":\"Home\"}},{\"@type\":\"ListItem\",\"position\":2,\"item\":{\"@type\":\"WebPage\",\"@id\":\"https:\/\/www.fytofontana.com\/pl\/product\/aurecon-krople-do-uszu\/\",\"url\":\"https:\/\/www.fytofontana.com\/pl\/product\/aurecon-krople-do-uszu\/\",\"name\":\"AURECON krople do uszu\"}}]}]}<\/script>","_links":{"self":[{"href":"https:\/\/www.fytofontana.com\/pl\/wp-json\/wp\/v2\/product\/3766"}],"collection":[{"href":"https:\/\/www.fytofontana.com\/pl\/wp-json\/wp\/v2\/product"}],"about":[{"href":"https:\/\/www.fytofontana.com\/pl\/wp-json\/wp\/v2\/types\/product"}],"wp:featuredmedia":[{"embeddable":true,"href":"https:\/\/www.fytofontana.com\/pl\/wp-json\/wp\/v2\/media\/3763"}],"wp:attachment":[{"href":"https:\/\/www.fytofontana.com\/pl\/wp-json\/wp\/v2\/media?parent=3766"}],"wp:term":[{"taxonomy":"products","embeddable":true,"href":"https:\/\/www.fytofontana.com\/pl\/wp-json\/wp\/v2\/products?post=3766"}],"curies":[{"name":"wp","href":"https:\/\/api.w.org\/{rel}","templated":true}]}}