{"id":3753,"date":"2025-07-22T09:00:42","date_gmt":"2025-07-22T08:00:42","guid":{"rendered":"https:\/\/www.fytofontana.com\/?post_type=product&#038;p=3753"},"modified":"2025-07-22T10:19:55","modified_gmt":"2025-07-22T09:19:55","slug":"aurecon-plus-swiece-do-uszu","status":"publish","type":"product","link":"https:\/\/www.fytofontana.com\/pl\/product\/aurecon-plus-swiece-do-uszu\/","title":{"rendered":"AURECON Plus \u015bwiece do uszu"},"content":{"rendered":"<ul>\n<li>\u015awiece do uszu s\u0105 bawe\u0142nianymi rurkami nas\u0105czonymi mieszank\u0105 wosku pszczelego i parafiny.<\/li>\n<li>Ciep\u0142o wytwarzane podczas palenia \u015bwiecy zmi\u0119kcza nagromadzon\u0105 woskowin\u0119, a wytworzone podci\u015bnienie wyci\u0105ga j\u0105 dzi\u0119ki efektowi kominowemu.<\/li>\n<li>Ze wzgl\u0119du na zwi\u0119kszone bezpiecze\u0144stwo w \u015bwiecach do uszu wbudowana jest plastikowa wk\u0142adka ochronna Aurecon system, kt\u00f3ra zwi\u0119ksza bezpiecze\u0144stwo i skuteczno\u015b\u0107 \u015bwiec do uszu.<\/li>\n<\/ul>\n<div class=\"entry-content mb-8 lg:mb-16\">\n<div class=\"field field--name-field-packings field--type-string field--label-inline\"><\/div>\n<\/div>\n","protected":false},"featured_media":3750,"template":"","products":[95],"yoast_head":"<title>AURECON Plus \u015bwiece do uszu - Fytofontana<\/title>\n<meta name=\"description\" content=\"Aurecon Plus \u015bwiece do uszu z wosku pszczelego i parafiny. Efekt kominowy usuwa woskowin\u0119. System Aurecon zwi\u0119ksza bezpiecze\u0144stwo piel\u0119gnacji uszu.\" \/>\n<meta name=\"robots\" content=\"index, follow, max-snippet:-1, max-image-preview:large, max-video-preview:-1\" \/>\n<link rel=\"canonical\" href=\"https:\/\/www.fytofontana.com\/pl\/product\/aurecon-plus-swiece-do-uszu\/\" \/>\n<meta property=\"og:locale\" content=\"pl_PL\" \/>\n<meta property=\"og:type\" content=\"article\" \/>\n<meta property=\"og:title\" content=\"AURECON Plus \u015bwiece do uszu - Fytofontana\" \/>\n<meta property=\"og:description\" content=\"Aurecon Plus \u015bwiece do uszu z wosku pszczelego i parafiny. Efekt kominowy usuwa woskowin\u0119. System Aurecon zwi\u0119ksza bezpiecze\u0144stwo piel\u0119gnacji uszu.\" \/>\n<meta property=\"og:url\" content=\"https:\/\/www.fytofontana.com\/pl\/product\/aurecon-plus-swiece-do-uszu\/\" \/>\n<meta property=\"og:site_name\" content=\"Fytofontana\" \/>\n<meta property=\"article:modified_time\" content=\"2025-07-22T09:19:55+00:00\" \/>\n<meta property=\"og:image\" content=\"https:\/\/www.fytofontana.com\/wp-content\/uploads\/2021\/03\/2023_05_AURECON_Ear_Candles_Plus_1pair_1000x1000px_01_Primary.png\" \/>\n\t<meta property=\"og:image:width\" content=\"1000\" \/>\n\t<meta property=\"og:image:height\" content=\"1000\" \/>\n<meta name=\"twitter:card\" content=\"summary_large_image\" \/>\n<meta name=\"twitter:label1\" content=\"Est. reading time\">\n\t<meta name=\"twitter:data1\" content=\"1 minuta\">\n<script type=\"application\/ld+json\" class=\"yoast-schema-graph\">{\"@context\":\"https:\/\/schema.org\",\"@graph\":[{\"@type\":\"Organization\",\"@id\":\"https:\/\/www.fytofontana.com\/#organization\",\"name\":\"Fytofontana\",\"url\":\"https:\/\/www.fytofontana.com\/\",\"sameAs\":[],\"logo\":{\"@type\":\"ImageObject\",\"@id\":\"https:\/\/www.fytofontana.com\/#logo\",\"inLanguage\":\"pl-PL\",\"url\":\"https:\/\/www.fytofontana.com\/wp-content\/uploads\/2021\/01\/fyto.png\",\"width\":817,\"height\":79,\"caption\":\"Fytofontana\"},\"image\":{\"@id\":\"https:\/\/www.fytofontana.com\/#logo\"}},{\"@type\":\"WebSite\",\"@id\":\"https:\/\/www.fytofontana.com\/#website\",\"url\":\"https:\/\/www.fytofontana.com\/\",\"name\":\"Fytofontana\",\"description\":\"\",\"publisher\":{\"@id\":\"https:\/\/www.fytofontana.com\/#organization\"},\"potentialAction\":[{\"@type\":\"SearchAction\",\"target\":\"https:\/\/www.fytofontana.com\/?s={search_term_string}\",\"query-input\":\"required name=search_term_string\"}],\"inLanguage\":\"pl-PL\"},{\"@type\":\"ImageObject\",\"@id\":\"https:\/\/www.fytofontana.com\/pl\/product\/aurecon-plus-swiece-do-uszu\/#primaryimage\",\"inLanguage\":\"pl-PL\",\"url\":\"https:\/\/www.fytofontana.com\/wp-content\/uploads\/2021\/03\/2023_05_AURECON_Ear_Candles_Plus_1pair_1000x1000px_01_Primary.png\",\"width\":1000,\"height\":1000},{\"@type\":[\"WebPage\",\"ItemPage\"],\"@id\":\"https:\/\/www.fytofontana.com\/pl\/product\/aurecon-plus-swiece-do-uszu\/#webpage\",\"url\":\"https:\/\/www.fytofontana.com\/pl\/product\/aurecon-plus-swiece-do-uszu\/\",\"name\":\"AURECON Plus \\u015bwiece do uszu - Fytofontana\",\"isPartOf\":{\"@id\":\"https:\/\/www.fytofontana.com\/#website\"},\"primaryImageOfPage\":{\"@id\":\"https:\/\/www.fytofontana.com\/pl\/product\/aurecon-plus-swiece-do-uszu\/#primaryimage\"},\"datePublished\":\"2025-07-22T08:00:42+00:00\",\"dateModified\":\"2025-07-22T09:19:55+00:00\",\"description\":\"Aurecon Plus \\u015bwiece do uszu z wosku pszczelego i parafiny. Efekt kominowy usuwa woskowin\\u0119. System Aurecon zwi\\u0119ksza bezpiecze\\u0144stwo piel\\u0119gnacji uszu.\",\"breadcrumb\":{\"@id\":\"https:\/\/www.fytofontana.com\/pl\/product\/aurecon-plus-swiece-do-uszu\/#breadcrumb\"},\"inLanguage\":\"pl-PL\",\"potentialAction\":[{\"@type\":\"ReadAction\",\"target\":[\"https:\/\/www.fytofontana.com\/pl\/product\/aurecon-plus-swiece-do-uszu\/\"]}]},{\"@type\":\"BreadcrumbList\",\"@id\":\"https:\/\/www.fytofontana.com\/pl\/product\/aurecon-plus-swiece-do-uszu\/#breadcrumb\",\"itemListElement\":[{\"@type\":\"ListItem\",\"position\":1,\"item\":{\"@type\":\"WebPage\",\"@id\":\"https:\/\/www.fytofontana.com\/pl\/\",\"url\":\"https:\/\/www.fytofontana.com\/pl\/\",\"name\":\"Home\"}},{\"@type\":\"ListItem\",\"position\":2,\"item\":{\"@type\":\"WebPage\",\"@id\":\"https:\/\/www.fytofontana.com\/pl\/product\/aurecon-plus-swiece-do-uszu\/\",\"url\":\"https:\/\/www.fytofontana.com\/pl\/product\/aurecon-plus-swiece-do-uszu\/\",\"name\":\"AURECON Plus \\u015bwiece do uszu\"}}]}]}<\/script>","_links":{"self":[{"href":"https:\/\/www.fytofontana.com\/pl\/wp-json\/wp\/v2\/product\/3753"}],"collection":[{"href":"https:\/\/www.fytofontana.com\/pl\/wp-json\/wp\/v2\/product"}],"about":[{"href":"https:\/\/www.fytofontana.com\/pl\/wp-json\/wp\/v2\/types\/product"}],"wp:featuredmedia":[{"embeddable":true,"href":"https:\/\/www.fytofontana.com\/pl\/wp-json\/wp\/v2\/media\/3750"}],"wp:attachment":[{"href":"https:\/\/www.fytofontana.com\/pl\/wp-json\/wp\/v2\/media?parent=3753"}],"wp:term":[{"taxonomy":"products","embeddable":true,"href":"https:\/\/www.fytofontana.com\/pl\/wp-json\/wp\/v2\/products?post=3753"}],"curies":[{"name":"wp","href":"https:\/\/api.w.org\/{rel}","templated":true}]}}