{"id":3707,"date":"2025-07-02T18:23:30","date_gmt":"2025-07-02T17:23:30","guid":{"rendered":"https:\/\/www.fytofontana.com\/?post_type=product&#038;p=3707"},"modified":"2025-07-02T18:23:30","modified_gmt":"2025-07-02T17:23:30","slug":"gyntima-intymna-pianka-do-mycia","status":"publish","type":"product","link":"https:\/\/www.fytofontana.com\/pl\/product\/gyntima-intymna-pianka-do-mycia\/","title":{"rendered":"GYNTIMA intymna pianka do mycia"},"content":{"rendered":"<p><strong>Intymna higiena wzbogacona o dzia\u0142anie antyseptyczne<\/strong><\/p>\n<ul>\n<li>Intymna pianka odpowiednia do codziennej higieny i regularnego golenia nie tylko partii intymnych.<\/li>\n<li>Delikatny sk\u0142ad z zawarto\u015bci\u0105 naturalnych substancji zapewnia czysto\u015b\u0107 i \u015bwie\u017co\u015b\u0107.<\/li>\n<li>Dzi\u0119ki antyseptycznym ekstraktom z ro\u015blin Szalwia lekarska i aloe vera pomaga zapobiega\u0107 infekcjom pochwowym.<\/li>\n<li>Delikatny, od\u015bwie\u017caj\u0105cy \u015brodek z optymalnym pH dla zdrowia kobiecych narz\u0105d\u00f3w p\u0142ciowych.<\/li>\n<\/ul>\n<p>&nbsp;<\/p>\n<p>&nbsp;<\/p>\n","protected":false},"featured_media":3693,"template":"","products":[96],"yoast_head":"<title>GYNTIMA intymna pianka do mycia - Fytofontana<\/title>\n<meta name=\"description\" content=\"Delikatna intymna pianka do codziennej higieny i golenia. Zawiera ekstrakty ro\u015blinne o dzia\u0142aniu antybakteryjnym, antygrzybiczym i przeciwzapalnym. Chroni przed podra\u017cnieniami i utrzymuje optymalne pH dla zdrowia kobiecych partii intymnych.\" \/>\n<meta name=\"robots\" content=\"index, follow, max-snippet:-1, max-image-preview:large, max-video-preview:-1\" \/>\n<link rel=\"canonical\" href=\"https:\/\/www.fytofontana.com\/pl\/product\/gyntima-intymna-pianka-do-mycia\/\" \/>\n<meta property=\"og:locale\" content=\"pl_PL\" \/>\n<meta property=\"og:type\" content=\"article\" \/>\n<meta property=\"og:title\" content=\"GYNTIMA intymna pianka do mycia - Fytofontana\" \/>\n<meta property=\"og:description\" content=\"Delikatna intymna pianka do codziennej higieny i golenia. Zawiera ekstrakty ro\u015blinne o dzia\u0142aniu antybakteryjnym, antygrzybiczym i przeciwzapalnym. Chroni przed podra\u017cnieniami i utrzymuje optymalne pH dla zdrowia kobiecych partii intymnych.\" \/>\n<meta property=\"og:url\" content=\"https:\/\/www.fytofontana.com\/pl\/product\/gyntima-intymna-pianka-do-mycia\/\" \/>\n<meta property=\"og:site_name\" content=\"Fytofontana\" \/>\n<meta property=\"og:image\" content=\"https:\/\/www.fytofontana.com\/wp-content\/uploads\/2021\/03\/2025_06_GYNTIMA_Intimate_foam_150ml_01_LQ_Primary.png\" \/>\n\t<meta property=\"og:image:width\" content=\"1000\" \/>\n\t<meta property=\"og:image:height\" content=\"1000\" \/>\n<meta name=\"twitter:card\" content=\"summary_large_image\" \/>\n<meta name=\"twitter:label1\" content=\"Est. reading time\">\n\t<meta name=\"twitter:data1\" content=\"1 minuta\">\n<script type=\"application\/ld+json\" class=\"yoast-schema-graph\">{\"@context\":\"https:\/\/schema.org\",\"@graph\":[{\"@type\":\"Organization\",\"@id\":\"https:\/\/www.fytofontana.com\/#organization\",\"name\":\"Fytofontana\",\"url\":\"https:\/\/www.fytofontana.com\/\",\"sameAs\":[],\"logo\":{\"@type\":\"ImageObject\",\"@id\":\"https:\/\/www.fytofontana.com\/#logo\",\"inLanguage\":\"pl-PL\",\"url\":\"https:\/\/www.fytofontana.com\/wp-content\/uploads\/2021\/01\/fyto.png\",\"width\":817,\"height\":79,\"caption\":\"Fytofontana\"},\"image\":{\"@id\":\"https:\/\/www.fytofontana.com\/#logo\"}},{\"@type\":\"WebSite\",\"@id\":\"https:\/\/www.fytofontana.com\/#website\",\"url\":\"https:\/\/www.fytofontana.com\/\",\"name\":\"Fytofontana\",\"description\":\"\",\"publisher\":{\"@id\":\"https:\/\/www.fytofontana.com\/#organization\"},\"potentialAction\":[{\"@type\":\"SearchAction\",\"target\":\"https:\/\/www.fytofontana.com\/?s={search_term_string}\",\"query-input\":\"required name=search_term_string\"}],\"inLanguage\":\"pl-PL\"},{\"@type\":\"ImageObject\",\"@id\":\"https:\/\/www.fytofontana.com\/pl\/product\/gyntima-intymna-pianka-do-mycia\/#primaryimage\",\"inLanguage\":\"pl-PL\",\"url\":\"https:\/\/www.fytofontana.com\/wp-content\/uploads\/2021\/03\/2025_06_GYNTIMA_Intimate_foam_150ml_01_LQ_Primary.png\",\"width\":1000,\"height\":1000},{\"@type\":[\"WebPage\",\"ItemPage\"],\"@id\":\"https:\/\/www.fytofontana.com\/pl\/product\/gyntima-intymna-pianka-do-mycia\/#webpage\",\"url\":\"https:\/\/www.fytofontana.com\/pl\/product\/gyntima-intymna-pianka-do-mycia\/\",\"name\":\"GYNTIMA intymna pianka do mycia - Fytofontana\",\"isPartOf\":{\"@id\":\"https:\/\/www.fytofontana.com\/#website\"},\"primaryImageOfPage\":{\"@id\":\"https:\/\/www.fytofontana.com\/pl\/product\/gyntima-intymna-pianka-do-mycia\/#primaryimage\"},\"datePublished\":\"2025-07-02T17:23:30+00:00\",\"dateModified\":\"2025-07-02T17:23:30+00:00\",\"description\":\"Delikatna intymna pianka do codziennej higieny i golenia. Zawiera ekstrakty ro\\u015blinne o dzia\\u0142aniu antybakteryjnym, antygrzybiczym i przeciwzapalnym. Chroni przed podra\\u017cnieniami i utrzymuje optymalne pH dla zdrowia kobiecych partii intymnych.\",\"breadcrumb\":{\"@id\":\"https:\/\/www.fytofontana.com\/pl\/product\/gyntima-intymna-pianka-do-mycia\/#breadcrumb\"},\"inLanguage\":\"pl-PL\",\"potentialAction\":[{\"@type\":\"ReadAction\",\"target\":[\"https:\/\/www.fytofontana.com\/pl\/product\/gyntima-intymna-pianka-do-mycia\/\"]}]},{\"@type\":\"BreadcrumbList\",\"@id\":\"https:\/\/www.fytofontana.com\/pl\/product\/gyntima-intymna-pianka-do-mycia\/#breadcrumb\",\"itemListElement\":[{\"@type\":\"ListItem\",\"position\":1,\"item\":{\"@type\":\"WebPage\",\"@id\":\"https:\/\/www.fytofontana.com\/pl\/\",\"url\":\"https:\/\/www.fytofontana.com\/pl\/\",\"name\":\"Home\"}},{\"@type\":\"ListItem\",\"position\":2,\"item\":{\"@type\":\"WebPage\",\"@id\":\"https:\/\/www.fytofontana.com\/pl\/product\/gyntima-intymna-pianka-do-mycia\/\",\"url\":\"https:\/\/www.fytofontana.com\/pl\/product\/gyntima-intymna-pianka-do-mycia\/\",\"name\":\"GYNTIMA intymna pianka do mycia\"}}]}]}<\/script>","_links":{"self":[{"href":"https:\/\/www.fytofontana.com\/pl\/wp-json\/wp\/v2\/product\/3707"}],"collection":[{"href":"https:\/\/www.fytofontana.com\/pl\/wp-json\/wp\/v2\/product"}],"about":[{"href":"https:\/\/www.fytofontana.com\/pl\/wp-json\/wp\/v2\/types\/product"}],"wp:featuredmedia":[{"embeddable":true,"href":"https:\/\/www.fytofontana.com\/pl\/wp-json\/wp\/v2\/media\/3693"}],"wp:attachment":[{"href":"https:\/\/www.fytofontana.com\/pl\/wp-json\/wp\/v2\/media?parent=3707"}],"wp:term":[{"taxonomy":"products","embeddable":true,"href":"https:\/\/www.fytofontana.com\/pl\/wp-json\/wp\/v2\/products?post=3707"}],"curies":[{"name":"wp","href":"https:\/\/api.w.org\/{rel}","templated":true}]}}