{"id":3685,"date":"2025-07-02T17:54:46","date_gmt":"2025-07-02T16:54:46","guid":{"rendered":"https:\/\/www.fytofontana.com\/?post_type=product&#038;p=3685"},"modified":"2025-07-02T17:54:46","modified_gmt":"2025-07-02T16:54:46","slug":"gyntima-intymny-zel-do-mycia","status":"publish","type":"product","link":"https:\/\/www.fytofontana.com\/pl\/product\/gyntima-intymny-zel-do-mycia\/","title":{"rendered":"GYNTIMA intymny \u017cel do mycia"},"content":{"rendered":"<p><strong>Intymna higiena kobiety wspieraj\u0105ca zdrowie narz\u0105d\u00f3w kobiecych<\/strong><\/p>\n<ul>\n<li>Wywa\u017cony sk\u0142ad zapewnia poczucie czysto\u015bci, \u015bwie\u017co\u015bci, wspiera zdrow\u0105 mikroflor\u0119 w pochwie, optymalne pH i pomaga zapobiega\u0107 infekcjom pochwowym.<\/li>\n<li>Zawiera delikatne, naturalne substancje aktywne.<\/li>\n<li>\u017bel odpowiedni do codziennej higieny intymnej i regularnego golenia delikatnych partii intymnych.<\/li>\n<li>Odpowiedni dla kobiet w ka\u017cdym wieku, jak r\u00f3wnie\u017c w czasie ci\u0105\u017cy, po\u0142ogu i karmienia piersi\u0105.<\/li>\n<\/ul>\n","protected":false},"featured_media":3670,"template":"","products":[96],"yoast_head":"<title>GYNTIMA intymny \u017cel do mycia - Fytofontana<\/title>\n<meta name=\"description\" content=\"Delikatny intymny \u017cel do mycia do codziennej higieny i golenia. Zawiera kwas mlekowy i naturalne substancje o dzia\u0142aniu antybakteryjnym, antygrzybiczym i przeciwzapalnym. Reguluje pH, chroni przed podra\u017cnieniami i nadaje si\u0119 do stosowania w ci\u0105\u017cy i okresie karmienia.\" \/>\n<meta name=\"robots\" content=\"index, follow, max-snippet:-1, max-image-preview:large, max-video-preview:-1\" \/>\n<link rel=\"canonical\" href=\"https:\/\/www.fytofontana.com\/pl\/product\/gyntima-intymny-zel-do-mycia\/\" \/>\n<meta property=\"og:locale\" content=\"pl_PL\" \/>\n<meta property=\"og:type\" content=\"article\" \/>\n<meta property=\"og:title\" content=\"GYNTIMA intymny \u017cel do mycia - Fytofontana\" \/>\n<meta property=\"og:description\" content=\"Delikatny intymny \u017cel do mycia do codziennej higieny i golenia. Zawiera kwas mlekowy i naturalne substancje o dzia\u0142aniu antybakteryjnym, antygrzybiczym i przeciwzapalnym. Reguluje pH, chroni przed podra\u017cnieniami i nadaje si\u0119 do stosowania w ci\u0105\u017cy i okresie karmienia.\" \/>\n<meta property=\"og:url\" content=\"https:\/\/www.fytofontana.com\/pl\/product\/gyntima-intymny-zel-do-mycia\/\" \/>\n<meta property=\"og:site_name\" content=\"Fytofontana\" \/>\n<meta property=\"og:image\" content=\"https:\/\/www.fytofontana.com\/wp-content\/uploads\/2021\/03\/2025_06_GYNTIMA_Intimate_wash_gel_200ml_01_LQ_Primary.png\" \/>\n\t<meta property=\"og:image:width\" content=\"1000\" \/>\n\t<meta property=\"og:image:height\" content=\"1000\" \/>\n<meta name=\"twitter:card\" content=\"summary_large_image\" \/>\n<meta name=\"twitter:label1\" content=\"Est. reading time\">\n\t<meta name=\"twitter:data1\" content=\"1 minuta\">\n<script type=\"application\/ld+json\" class=\"yoast-schema-graph\">{\"@context\":\"https:\/\/schema.org\",\"@graph\":[{\"@type\":\"Organization\",\"@id\":\"https:\/\/www.fytofontana.com\/#organization\",\"name\":\"Fytofontana\",\"url\":\"https:\/\/www.fytofontana.com\/\",\"sameAs\":[],\"logo\":{\"@type\":\"ImageObject\",\"@id\":\"https:\/\/www.fytofontana.com\/#logo\",\"inLanguage\":\"pl-PL\",\"url\":\"https:\/\/www.fytofontana.com\/wp-content\/uploads\/2021\/01\/fyto.png\",\"width\":817,\"height\":79,\"caption\":\"Fytofontana\"},\"image\":{\"@id\":\"https:\/\/www.fytofontana.com\/#logo\"}},{\"@type\":\"WebSite\",\"@id\":\"https:\/\/www.fytofontana.com\/#website\",\"url\":\"https:\/\/www.fytofontana.com\/\",\"name\":\"Fytofontana\",\"description\":\"\",\"publisher\":{\"@id\":\"https:\/\/www.fytofontana.com\/#organization\"},\"potentialAction\":[{\"@type\":\"SearchAction\",\"target\":\"https:\/\/www.fytofontana.com\/?s={search_term_string}\",\"query-input\":\"required name=search_term_string\"}],\"inLanguage\":\"pl-PL\"},{\"@type\":\"ImageObject\",\"@id\":\"https:\/\/www.fytofontana.com\/pl\/product\/gyntima-intymny-zel-do-mycia\/#primaryimage\",\"inLanguage\":\"pl-PL\",\"url\":\"https:\/\/www.fytofontana.com\/wp-content\/uploads\/2021\/03\/2025_06_GYNTIMA_Intimate_wash_gel_200ml_01_LQ_Primary.png\",\"width\":1000,\"height\":1000},{\"@type\":[\"WebPage\",\"ItemPage\"],\"@id\":\"https:\/\/www.fytofontana.com\/pl\/product\/gyntima-intymny-zel-do-mycia\/#webpage\",\"url\":\"https:\/\/www.fytofontana.com\/pl\/product\/gyntima-intymny-zel-do-mycia\/\",\"name\":\"GYNTIMA intymny \\u017cel do mycia - Fytofontana\",\"isPartOf\":{\"@id\":\"https:\/\/www.fytofontana.com\/#website\"},\"primaryImageOfPage\":{\"@id\":\"https:\/\/www.fytofontana.com\/pl\/product\/gyntima-intymny-zel-do-mycia\/#primaryimage\"},\"datePublished\":\"2025-07-02T16:54:46+00:00\",\"dateModified\":\"2025-07-02T16:54:46+00:00\",\"description\":\"Delikatny intymny \\u017cel do mycia do codziennej higieny i golenia. Zawiera kwas mlekowy i naturalne substancje o dzia\\u0142aniu antybakteryjnym, antygrzybiczym i przeciwzapalnym. Reguluje pH, chroni przed podra\\u017cnieniami i nadaje si\\u0119 do stosowania w ci\\u0105\\u017cy i okresie karmienia.\",\"breadcrumb\":{\"@id\":\"https:\/\/www.fytofontana.com\/pl\/product\/gyntima-intymny-zel-do-mycia\/#breadcrumb\"},\"inLanguage\":\"pl-PL\",\"potentialAction\":[{\"@type\":\"ReadAction\",\"target\":[\"https:\/\/www.fytofontana.com\/pl\/product\/gyntima-intymny-zel-do-mycia\/\"]}]},{\"@type\":\"BreadcrumbList\",\"@id\":\"https:\/\/www.fytofontana.com\/pl\/product\/gyntima-intymny-zel-do-mycia\/#breadcrumb\",\"itemListElement\":[{\"@type\":\"ListItem\",\"position\":1,\"item\":{\"@type\":\"WebPage\",\"@id\":\"https:\/\/www.fytofontana.com\/pl\/\",\"url\":\"https:\/\/www.fytofontana.com\/pl\/\",\"name\":\"Home\"}},{\"@type\":\"ListItem\",\"position\":2,\"item\":{\"@type\":\"WebPage\",\"@id\":\"https:\/\/www.fytofontana.com\/pl\/product\/gyntima-intymny-zel-do-mycia\/\",\"url\":\"https:\/\/www.fytofontana.com\/pl\/product\/gyntima-intymny-zel-do-mycia\/\",\"name\":\"GYNTIMA intymny \\u017cel do mycia\"}}]}]}<\/script>","_links":{"self":[{"href":"https:\/\/www.fytofontana.com\/pl\/wp-json\/wp\/v2\/product\/3685"}],"collection":[{"href":"https:\/\/www.fytofontana.com\/pl\/wp-json\/wp\/v2\/product"}],"about":[{"href":"https:\/\/www.fytofontana.com\/pl\/wp-json\/wp\/v2\/types\/product"}],"wp:featuredmedia":[{"embeddable":true,"href":"https:\/\/www.fytofontana.com\/pl\/wp-json\/wp\/v2\/media\/3670"}],"wp:attachment":[{"href":"https:\/\/www.fytofontana.com\/pl\/wp-json\/wp\/v2\/media?parent=3685"}],"wp:term":[{"taxonomy":"products","embeddable":true,"href":"https:\/\/www.fytofontana.com\/pl\/wp-json\/wp\/v2\/products?post=3685"}],"curies":[{"name":"wp","href":"https:\/\/api.w.org\/{rel}","templated":true}]}}