{"id":3660,"date":"2025-07-02T17:02:03","date_gmt":"2025-07-02T16:02:03","guid":{"rendered":"https:\/\/www.fytofontana.com\/?post_type=product&#038;p=3660"},"modified":"2025-07-02T17:02:03","modified_gmt":"2025-07-02T16:02:03","slug":"gyntima-intymny-krem-liftingujacy","status":"publish","type":"product","link":"https:\/\/www.fytofontana.com\/pl\/product\/gyntima-intymny-krem-liftingujacy\/","title":{"rendered":"GYNTIMA Intymny krem liftinguj\u0105cy"},"content":{"rendered":"<p><strong>Zdrowy, m\u0142odzie\u0144czy wygl\u0105d partii intymnych w ka\u017cdym wieku<\/strong><\/p>\n<ul>\n<li>Specjalnie skomponowany na regeneracj\u0119, odm\u0142adzanie i uj\u0119drnianie sk\u00f3ry genitali\u00f3w.<\/li>\n<li>Aktywnie wspiera tworzenie kolagenu i elastyny.<\/li>\n<li>Unikalne po\u0142\u0105czenie biotechnologicznych peptyd\u00f3w i substancji aktywnych pochodzenia ro\u015blinnego.<\/li>\n<li>Regularne stosowanie zapewnia m\u0142odszy i g\u0142adszy wygl\u0105d sk\u00f3ry.<\/li>\n<\/ul>\n","protected":false},"featured_media":3646,"template":"","products":[96],"yoast_head":"<title>GYNTIMA Intymny krem liftinguj\u0105cy - Fytofontana<\/title>\n<meta name=\"description\" content=\"Intymny krem liftinguj\u0105cy do uj\u0119drniania, regeneracji i odm\u0142adzania sk\u00f3ry genitali\u00f3w. Wspiera tworzenie kolagenu, elastyny i innych bia\u0142ek, zwi\u0119ksza spr\u0119\u017cysto\u015b\u0107, elastyczno\u015b\u0107 i pomaga zatrzyma\u0107 wiotczenie i utrat\u0119 napi\u0119cia sk\u00f3ry.\" \/>\n<meta name=\"robots\" content=\"index, follow, max-snippet:-1, max-image-preview:large, max-video-preview:-1\" \/>\n<link rel=\"canonical\" href=\"https:\/\/www.fytofontana.com\/pl\/product\/gyntima-intymny-krem-liftingujacy\/\" \/>\n<meta property=\"og:locale\" content=\"pl_PL\" \/>\n<meta property=\"og:type\" content=\"article\" \/>\n<meta property=\"og:title\" content=\"GYNTIMA Intymny krem liftinguj\u0105cy - Fytofontana\" \/>\n<meta property=\"og:description\" content=\"Intymny krem liftinguj\u0105cy do uj\u0119drniania, regeneracji i odm\u0142adzania sk\u00f3ry genitali\u00f3w. Wspiera tworzenie kolagenu, elastyny i innych bia\u0142ek, zwi\u0119ksza spr\u0119\u017cysto\u015b\u0107, elastyczno\u015b\u0107 i pomaga zatrzyma\u0107 wiotczenie i utrat\u0119 napi\u0119cia sk\u00f3ry.\" \/>\n<meta property=\"og:url\" content=\"https:\/\/www.fytofontana.com\/pl\/product\/gyntima-intymny-krem-liftingujacy\/\" \/>\n<meta property=\"og:site_name\" content=\"Fytofontana\" \/>\n<meta property=\"og:image\" content=\"https:\/\/www.fytofontana.com\/wp-content\/uploads\/2021\/03\/2025_05_GYNTIMA_Intimate_Lifting_cream_50ml_01_LQ_Primary.png\" \/>\n\t<meta property=\"og:image:width\" content=\"1000\" \/>\n\t<meta property=\"og:image:height\" content=\"1000\" \/>\n<meta name=\"twitter:card\" content=\"summary_large_image\" \/>\n<meta name=\"twitter:label1\" content=\"Est. reading time\">\n\t<meta name=\"twitter:data1\" content=\"1 minuta\">\n<script type=\"application\/ld+json\" class=\"yoast-schema-graph\">{\"@context\":\"https:\/\/schema.org\",\"@graph\":[{\"@type\":\"Organization\",\"@id\":\"https:\/\/www.fytofontana.com\/#organization\",\"name\":\"Fytofontana\",\"url\":\"https:\/\/www.fytofontana.com\/\",\"sameAs\":[],\"logo\":{\"@type\":\"ImageObject\",\"@id\":\"https:\/\/www.fytofontana.com\/#logo\",\"inLanguage\":\"pl-PL\",\"url\":\"https:\/\/www.fytofontana.com\/wp-content\/uploads\/2021\/01\/fyto.png\",\"width\":817,\"height\":79,\"caption\":\"Fytofontana\"},\"image\":{\"@id\":\"https:\/\/www.fytofontana.com\/#logo\"}},{\"@type\":\"WebSite\",\"@id\":\"https:\/\/www.fytofontana.com\/#website\",\"url\":\"https:\/\/www.fytofontana.com\/\",\"name\":\"Fytofontana\",\"description\":\"\",\"publisher\":{\"@id\":\"https:\/\/www.fytofontana.com\/#organization\"},\"potentialAction\":[{\"@type\":\"SearchAction\",\"target\":\"https:\/\/www.fytofontana.com\/?s={search_term_string}\",\"query-input\":\"required name=search_term_string\"}],\"inLanguage\":\"pl-PL\"},{\"@type\":\"ImageObject\",\"@id\":\"https:\/\/www.fytofontana.com\/pl\/product\/gyntima-intymny-krem-liftingujacy\/#primaryimage\",\"inLanguage\":\"pl-PL\",\"url\":\"https:\/\/www.fytofontana.com\/wp-content\/uploads\/2021\/03\/2025_05_GYNTIMA_Intimate_Lifting_cream_50ml_01_LQ_Primary.png\",\"width\":1000,\"height\":1000},{\"@type\":[\"WebPage\",\"ItemPage\"],\"@id\":\"https:\/\/www.fytofontana.com\/pl\/product\/gyntima-intymny-krem-liftingujacy\/#webpage\",\"url\":\"https:\/\/www.fytofontana.com\/pl\/product\/gyntima-intymny-krem-liftingujacy\/\",\"name\":\"GYNTIMA Intymny krem liftinguj\\u0105cy - Fytofontana\",\"isPartOf\":{\"@id\":\"https:\/\/www.fytofontana.com\/#website\"},\"primaryImageOfPage\":{\"@id\":\"https:\/\/www.fytofontana.com\/pl\/product\/gyntima-intymny-krem-liftingujacy\/#primaryimage\"},\"datePublished\":\"2025-07-02T16:02:03+00:00\",\"dateModified\":\"2025-07-02T16:02:03+00:00\",\"description\":\"Intymny krem liftinguj\\u0105cy do uj\\u0119drniania, regeneracji i odm\\u0142adzania sk\\u00f3ry genitali\\u00f3w. Wspiera tworzenie kolagenu, elastyny i innych bia\\u0142ek, zwi\\u0119ksza spr\\u0119\\u017cysto\\u015b\\u0107, elastyczno\\u015b\\u0107 i pomaga zatrzyma\\u0107 wiotczenie i utrat\\u0119 napi\\u0119cia sk\\u00f3ry.\",\"breadcrumb\":{\"@id\":\"https:\/\/www.fytofontana.com\/pl\/product\/gyntima-intymny-krem-liftingujacy\/#breadcrumb\"},\"inLanguage\":\"pl-PL\",\"potentialAction\":[{\"@type\":\"ReadAction\",\"target\":[\"https:\/\/www.fytofontana.com\/pl\/product\/gyntima-intymny-krem-liftingujacy\/\"]}]},{\"@type\":\"BreadcrumbList\",\"@id\":\"https:\/\/www.fytofontana.com\/pl\/product\/gyntima-intymny-krem-liftingujacy\/#breadcrumb\",\"itemListElement\":[{\"@type\":\"ListItem\",\"position\":1,\"item\":{\"@type\":\"WebPage\",\"@id\":\"https:\/\/www.fytofontana.com\/pl\/\",\"url\":\"https:\/\/www.fytofontana.com\/pl\/\",\"name\":\"Home\"}},{\"@type\":\"ListItem\",\"position\":2,\"item\":{\"@type\":\"WebPage\",\"@id\":\"https:\/\/www.fytofontana.com\/pl\/product\/gyntima-intymny-krem-liftingujacy\/\",\"url\":\"https:\/\/www.fytofontana.com\/pl\/product\/gyntima-intymny-krem-liftingujacy\/\",\"name\":\"GYNTIMA Intymny krem liftinguj\\u0105cy\"}}]}]}<\/script>","_links":{"self":[{"href":"https:\/\/www.fytofontana.com\/pl\/wp-json\/wp\/v2\/product\/3660"}],"collection":[{"href":"https:\/\/www.fytofontana.com\/pl\/wp-json\/wp\/v2\/product"}],"about":[{"href":"https:\/\/www.fytofontana.com\/pl\/wp-json\/wp\/v2\/types\/product"}],"wp:featuredmedia":[{"embeddable":true,"href":"https:\/\/www.fytofontana.com\/pl\/wp-json\/wp\/v2\/media\/3646"}],"wp:attachment":[{"href":"https:\/\/www.fytofontana.com\/pl\/wp-json\/wp\/v2\/media?parent=3660"}],"wp:term":[{"taxonomy":"products","embeddable":true,"href":"https:\/\/www.fytofontana.com\/pl\/wp-json\/wp\/v2\/products?post=3660"}],"curies":[{"name":"wp","href":"https:\/\/api.w.org\/{rel}","templated":true}]}}