{"id":3638,"date":"2025-07-02T16:26:02","date_gmt":"2025-07-02T15:26:02","guid":{"rendered":"https:\/\/www.fytofontana.com\/?post_type=product&#038;p=3638"},"modified":"2025-07-02T16:26:02","modified_gmt":"2025-07-02T15:26:02","slug":"gyntima-intymny-krem-rozjasniajacy","status":"publish","type":"product","link":"https:\/\/www.fytofontana.com\/pl\/product\/gyntima-intymny-krem-rozjasniajacy\/","title":{"rendered":"GYNTIMA Intymny krem rozja\u015bniaj\u0105cy"},"content":{"rendered":"<p><strong>Skutecznie rozja\u015bnia silnie spigmentowane partie intymne u kobiet i\u00a0m\u0119\u017cczyzn.<\/strong><\/p>\n<ul>\n<li>Specjalnie opracowany krem do rozja\u015bniania genitali\u00f3w, okolic odbytu i brodawek sutkowych.<\/li>\n<li>Naturalna kompozycja oparta na peptydach biotechnologicznych i rzadkich substancjach aktywnych pochodzenia ro\u015blinnego.<\/li>\n<li>Regularne stosowanie rozja\u015bnia silnie spigmentowane miejsca i nadaje sk\u00f3rze m\u0142odzie\u0144czy wygl\u0105d.<\/li>\n<li>Odpowiedni dla kobiet i m\u0119\u017cczyzn.<\/li>\n<\/ul>\n<div class=\"product-container\">\n<div><\/div>\n<\/div>\n","protected":false},"featured_media":3623,"template":"","products":[96],"yoast_head":"<title>GYNTIMA Intymny krem rozja\u015bniaj\u0105cy - Fytofontana<\/title>\n<meta name=\"description\" content=\"Krem rozja\u015bniaj\u0105cy do rozja\u015bniania genitali\u00f3w, okolic odbytu i brodawek sutkowych. Zawiera peptydy biotechnologiczne i rzadkie ekstrakty ro\u015blinne. Regularne stosowanie rozja\u015bnia silnie spigmentowane miejsca i nadaje sk\u00f3rze m\u0142odzie\u0144czy wygl\u0105d. Odpowiedni dla kobiet i m\u0119\u017cczyzn.\" \/>\n<meta name=\"robots\" content=\"index, follow, max-snippet:-1, max-image-preview:large, max-video-preview:-1\" \/>\n<link rel=\"canonical\" href=\"https:\/\/www.fytofontana.com\/pl\/product\/gyntima-intymny-krem-rozjasniajacy\/\" \/>\n<meta property=\"og:locale\" content=\"pl_PL\" \/>\n<meta property=\"og:type\" content=\"article\" \/>\n<meta property=\"og:title\" content=\"GYNTIMA Intymny krem rozja\u015bniaj\u0105cy - Fytofontana\" \/>\n<meta property=\"og:description\" content=\"Krem rozja\u015bniaj\u0105cy do rozja\u015bniania genitali\u00f3w, okolic odbytu i brodawek sutkowych. Zawiera peptydy biotechnologiczne i rzadkie ekstrakty ro\u015blinne. Regularne stosowanie rozja\u015bnia silnie spigmentowane miejsca i nadaje sk\u00f3rze m\u0142odzie\u0144czy wygl\u0105d. Odpowiedni dla kobiet i m\u0119\u017cczyzn.\" \/>\n<meta property=\"og:url\" content=\"https:\/\/www.fytofontana.com\/pl\/product\/gyntima-intymny-krem-rozjasniajacy\/\" \/>\n<meta property=\"og:site_name\" content=\"Fytofontana\" \/>\n<meta property=\"og:image\" content=\"https:\/\/www.fytofontana.com\/wp-content\/uploads\/2021\/03\/2025_05_GYNTIMA_Intimate_Whitening_cream_50ml_01_LQ_Primary.png\" \/>\n\t<meta property=\"og:image:width\" content=\"1000\" \/>\n\t<meta property=\"og:image:height\" content=\"1000\" \/>\n<meta name=\"twitter:card\" content=\"summary_large_image\" \/>\n<meta name=\"twitter:label1\" content=\"Est. reading time\">\n\t<meta name=\"twitter:data1\" content=\"1 minuta\">\n<script type=\"application\/ld+json\" class=\"yoast-schema-graph\">{\"@context\":\"https:\/\/schema.org\",\"@graph\":[{\"@type\":\"Organization\",\"@id\":\"https:\/\/www.fytofontana.com\/#organization\",\"name\":\"Fytofontana\",\"url\":\"https:\/\/www.fytofontana.com\/\",\"sameAs\":[],\"logo\":{\"@type\":\"ImageObject\",\"@id\":\"https:\/\/www.fytofontana.com\/#logo\",\"inLanguage\":\"pl-PL\",\"url\":\"https:\/\/www.fytofontana.com\/wp-content\/uploads\/2021\/01\/fyto.png\",\"width\":817,\"height\":79,\"caption\":\"Fytofontana\"},\"image\":{\"@id\":\"https:\/\/www.fytofontana.com\/#logo\"}},{\"@type\":\"WebSite\",\"@id\":\"https:\/\/www.fytofontana.com\/#website\",\"url\":\"https:\/\/www.fytofontana.com\/\",\"name\":\"Fytofontana\",\"description\":\"\",\"publisher\":{\"@id\":\"https:\/\/www.fytofontana.com\/#organization\"},\"potentialAction\":[{\"@type\":\"SearchAction\",\"target\":\"https:\/\/www.fytofontana.com\/?s={search_term_string}\",\"query-input\":\"required name=search_term_string\"}],\"inLanguage\":\"pl-PL\"},{\"@type\":\"ImageObject\",\"@id\":\"https:\/\/www.fytofontana.com\/pl\/product\/gyntima-intymny-krem-rozjasniajacy\/#primaryimage\",\"inLanguage\":\"pl-PL\",\"url\":\"https:\/\/www.fytofontana.com\/wp-content\/uploads\/2021\/03\/2025_05_GYNTIMA_Intimate_Whitening_cream_50ml_01_LQ_Primary.png\",\"width\":1000,\"height\":1000},{\"@type\":[\"WebPage\",\"ItemPage\"],\"@id\":\"https:\/\/www.fytofontana.com\/pl\/product\/gyntima-intymny-krem-rozjasniajacy\/#webpage\",\"url\":\"https:\/\/www.fytofontana.com\/pl\/product\/gyntima-intymny-krem-rozjasniajacy\/\",\"name\":\"GYNTIMA Intymny krem rozja\\u015bniaj\\u0105cy - Fytofontana\",\"isPartOf\":{\"@id\":\"https:\/\/www.fytofontana.com\/#website\"},\"primaryImageOfPage\":{\"@id\":\"https:\/\/www.fytofontana.com\/pl\/product\/gyntima-intymny-krem-rozjasniajacy\/#primaryimage\"},\"datePublished\":\"2025-07-02T15:26:02+00:00\",\"dateModified\":\"2025-07-02T15:26:02+00:00\",\"description\":\"Krem rozja\\u015bniaj\\u0105cy do rozja\\u015bniania genitali\\u00f3w, okolic odbytu i brodawek sutkowych. Zawiera peptydy biotechnologiczne i rzadkie ekstrakty ro\\u015blinne. Regularne stosowanie rozja\\u015bnia silnie spigmentowane miejsca i nadaje sk\\u00f3rze m\\u0142odzie\\u0144czy wygl\\u0105d. Odpowiedni dla kobiet i m\\u0119\\u017cczyzn.\",\"breadcrumb\":{\"@id\":\"https:\/\/www.fytofontana.com\/pl\/product\/gyntima-intymny-krem-rozjasniajacy\/#breadcrumb\"},\"inLanguage\":\"pl-PL\",\"potentialAction\":[{\"@type\":\"ReadAction\",\"target\":[\"https:\/\/www.fytofontana.com\/pl\/product\/gyntima-intymny-krem-rozjasniajacy\/\"]}]},{\"@type\":\"BreadcrumbList\",\"@id\":\"https:\/\/www.fytofontana.com\/pl\/product\/gyntima-intymny-krem-rozjasniajacy\/#breadcrumb\",\"itemListElement\":[{\"@type\":\"ListItem\",\"position\":1,\"item\":{\"@type\":\"WebPage\",\"@id\":\"https:\/\/www.fytofontana.com\/pl\/\",\"url\":\"https:\/\/www.fytofontana.com\/pl\/\",\"name\":\"Home\"}},{\"@type\":\"ListItem\",\"position\":2,\"item\":{\"@type\":\"WebPage\",\"@id\":\"https:\/\/www.fytofontana.com\/pl\/product\/gyntima-intymny-krem-rozjasniajacy\/\",\"url\":\"https:\/\/www.fytofontana.com\/pl\/product\/gyntima-intymny-krem-rozjasniajacy\/\",\"name\":\"GYNTIMA Intymny krem rozja\\u015bniaj\\u0105cy\"}}]}]}<\/script>","_links":{"self":[{"href":"https:\/\/www.fytofontana.com\/pl\/wp-json\/wp\/v2\/product\/3638"}],"collection":[{"href":"https:\/\/www.fytofontana.com\/pl\/wp-json\/wp\/v2\/product"}],"about":[{"href":"https:\/\/www.fytofontana.com\/pl\/wp-json\/wp\/v2\/types\/product"}],"wp:featuredmedia":[{"embeddable":true,"href":"https:\/\/www.fytofontana.com\/pl\/wp-json\/wp\/v2\/media\/3623"}],"wp:attachment":[{"href":"https:\/\/www.fytofontana.com\/pl\/wp-json\/wp\/v2\/media?parent=3638"}],"wp:term":[{"taxonomy":"products","embeddable":true,"href":"https:\/\/www.fytofontana.com\/pl\/wp-json\/wp\/v2\/products?post=3638"}],"curies":[{"name":"wp","href":"https:\/\/api.w.org\/{rel}","templated":true}]}}