{"id":3615,"date":"2025-07-02T15:50:46","date_gmt":"2025-07-02T14:50:46","guid":{"rendered":"https:\/\/www.fytofontana.com\/?post_type=product&#038;p=3615"},"modified":"2025-07-02T15:50:46","modified_gmt":"2025-07-02T14:50:46","slug":"gyntima-emulsja-przeciw-rozstepom","status":"publish","type":"product","link":"https:\/\/www.fytofontana.com\/pl\/product\/gyntima-emulsja-przeciw-rozstepom\/","title":{"rendered":"GYNTIMA emulsja przeciw rozst\u0119pom"},"content":{"rendered":"<p><strong>Regeneracyjna emulsja dla sk\u00f3ry bez rozst\u0119p\u00f3w i\u00a0blizn<\/strong><\/p>\n<ul>\n<li>Wywa\u017cona naturalna kompozycja emulsji wspiera elastyczno\u015b\u0107 i j\u0119drno\u015b\u0107 sk\u00f3ry.<\/li>\n<li>Nadaje si\u0119 do u\u017cytku prewencyjnego, jak r\u00f3wnie\u017c do widocznej redukcji ju\u017c istniej\u0105cych \u015bwie\u017cych rozst\u0119p\u00f3w i blizn.<\/li>\n<li>Substancje aktywne s\u0105 przygotowane w formie liposomalnej, dzi\u0119ki czemu skuteczniej penetruj\u0105 do sk\u00f3ry.<\/li>\n<li>\u0141\u0105czy lecznicze dzia\u0142anie aktywnych peptyd\u00f3w, kwasu hialuronowego, pantenolu, witaminy E, aloe vera i olej\u00f3w ro\u015blinnych.<\/li>\n<\/ul>\n","protected":false},"featured_media":3600,"template":"","products":[96],"yoast_head":"<title>GYNTIMA emulsja przeciw rozst\u0119pom - Fytofontana<\/title>\n<meta name=\"description\" content=\"Emulsja przeciw rozst\u0119pom z aktywnymi peptydami, kwasem hialuronowym, pantenolem, aloe vera i witamin\u0105 E. Wspiera tworzenie kolagenu i elastyny, pomaga redukowa\u0107 ju\u017c powsta\u0142e \u015bwie\u017ce rozst\u0119py i blizny, poprawia wygl\u0105d sk\u00f3ry, \u015bcie\u0144cza i rozja\u015bnia blizny.\" \/>\n<meta name=\"robots\" content=\"index, follow, max-snippet:-1, max-image-preview:large, max-video-preview:-1\" \/>\n<link rel=\"canonical\" href=\"https:\/\/www.fytofontana.com\/pl\/product\/gyntima-emulsja-przeciw-rozstepom\/\" \/>\n<meta property=\"og:locale\" content=\"pl_PL\" \/>\n<meta property=\"og:type\" content=\"article\" \/>\n<meta property=\"og:title\" content=\"GYNTIMA emulsja przeciw rozst\u0119pom - Fytofontana\" \/>\n<meta property=\"og:description\" content=\"Emulsja przeciw rozst\u0119pom z aktywnymi peptydami, kwasem hialuronowym, pantenolem, aloe vera i witamin\u0105 E. Wspiera tworzenie kolagenu i elastyny, pomaga redukowa\u0107 ju\u017c powsta\u0142e \u015bwie\u017ce rozst\u0119py i blizny, poprawia wygl\u0105d sk\u00f3ry, \u015bcie\u0144cza i rozja\u015bnia blizny.\" \/>\n<meta property=\"og:url\" content=\"https:\/\/www.fytofontana.com\/pl\/product\/gyntima-emulsja-przeciw-rozstepom\/\" \/>\n<meta property=\"og:site_name\" content=\"Fytofontana\" \/>\n<meta property=\"og:image\" content=\"https:\/\/www.fytofontana.com\/wp-content\/uploads\/2021\/03\/2025_06_GYNTIMA_Stretch_mark_emulsion_100ml_01_LQ_Primary.png\" \/>\n\t<meta property=\"og:image:width\" content=\"1000\" \/>\n\t<meta property=\"og:image:height\" content=\"1000\" \/>\n<meta name=\"twitter:card\" content=\"summary_large_image\" \/>\n<meta name=\"twitter:label1\" content=\"Est. reading time\">\n\t<meta name=\"twitter:data1\" content=\"1 minuta\">\n<script type=\"application\/ld+json\" class=\"yoast-schema-graph\">{\"@context\":\"https:\/\/schema.org\",\"@graph\":[{\"@type\":\"Organization\",\"@id\":\"https:\/\/www.fytofontana.com\/#organization\",\"name\":\"Fytofontana\",\"url\":\"https:\/\/www.fytofontana.com\/\",\"sameAs\":[],\"logo\":{\"@type\":\"ImageObject\",\"@id\":\"https:\/\/www.fytofontana.com\/#logo\",\"inLanguage\":\"pl-PL\",\"url\":\"https:\/\/www.fytofontana.com\/wp-content\/uploads\/2021\/01\/fyto.png\",\"width\":817,\"height\":79,\"caption\":\"Fytofontana\"},\"image\":{\"@id\":\"https:\/\/www.fytofontana.com\/#logo\"}},{\"@type\":\"WebSite\",\"@id\":\"https:\/\/www.fytofontana.com\/#website\",\"url\":\"https:\/\/www.fytofontana.com\/\",\"name\":\"Fytofontana\",\"description\":\"\",\"publisher\":{\"@id\":\"https:\/\/www.fytofontana.com\/#organization\"},\"potentialAction\":[{\"@type\":\"SearchAction\",\"target\":\"https:\/\/www.fytofontana.com\/?s={search_term_string}\",\"query-input\":\"required name=search_term_string\"}],\"inLanguage\":\"pl-PL\"},{\"@type\":\"ImageObject\",\"@id\":\"https:\/\/www.fytofontana.com\/pl\/product\/gyntima-emulsja-przeciw-rozstepom\/#primaryimage\",\"inLanguage\":\"pl-PL\",\"url\":\"https:\/\/www.fytofontana.com\/wp-content\/uploads\/2021\/03\/2025_06_GYNTIMA_Stretch_mark_emulsion_100ml_01_LQ_Primary.png\",\"width\":1000,\"height\":1000},{\"@type\":[\"WebPage\",\"ItemPage\"],\"@id\":\"https:\/\/www.fytofontana.com\/pl\/product\/gyntima-emulsja-przeciw-rozstepom\/#webpage\",\"url\":\"https:\/\/www.fytofontana.com\/pl\/product\/gyntima-emulsja-przeciw-rozstepom\/\",\"name\":\"GYNTIMA emulsja przeciw rozst\\u0119pom - Fytofontana\",\"isPartOf\":{\"@id\":\"https:\/\/www.fytofontana.com\/#website\"},\"primaryImageOfPage\":{\"@id\":\"https:\/\/www.fytofontana.com\/pl\/product\/gyntima-emulsja-przeciw-rozstepom\/#primaryimage\"},\"datePublished\":\"2025-07-02T14:50:46+00:00\",\"dateModified\":\"2025-07-02T14:50:46+00:00\",\"description\":\"Emulsja przeciw rozst\\u0119pom z aktywnymi peptydami, kwasem hialuronowym, pantenolem, aloe vera i witamin\\u0105 E. Wspiera tworzenie kolagenu i elastyny, pomaga redukowa\\u0107 ju\\u017c powsta\\u0142e \\u015bwie\\u017ce rozst\\u0119py i blizny, poprawia wygl\\u0105d sk\\u00f3ry, \\u015bcie\\u0144cza i rozja\\u015bnia blizny.\",\"breadcrumb\":{\"@id\":\"https:\/\/www.fytofontana.com\/pl\/product\/gyntima-emulsja-przeciw-rozstepom\/#breadcrumb\"},\"inLanguage\":\"pl-PL\",\"potentialAction\":[{\"@type\":\"ReadAction\",\"target\":[\"https:\/\/www.fytofontana.com\/pl\/product\/gyntima-emulsja-przeciw-rozstepom\/\"]}]},{\"@type\":\"BreadcrumbList\",\"@id\":\"https:\/\/www.fytofontana.com\/pl\/product\/gyntima-emulsja-przeciw-rozstepom\/#breadcrumb\",\"itemListElement\":[{\"@type\":\"ListItem\",\"position\":1,\"item\":{\"@type\":\"WebPage\",\"@id\":\"https:\/\/www.fytofontana.com\/pl\/\",\"url\":\"https:\/\/www.fytofontana.com\/pl\/\",\"name\":\"Home\"}},{\"@type\":\"ListItem\",\"position\":2,\"item\":{\"@type\":\"WebPage\",\"@id\":\"https:\/\/www.fytofontana.com\/pl\/product\/gyntima-emulsja-przeciw-rozstepom\/\",\"url\":\"https:\/\/www.fytofontana.com\/pl\/product\/gyntima-emulsja-przeciw-rozstepom\/\",\"name\":\"GYNTIMA emulsja przeciw rozst\\u0119pom\"}}]}]}<\/script>","_links":{"self":[{"href":"https:\/\/www.fytofontana.com\/pl\/wp-json\/wp\/v2\/product\/3615"}],"collection":[{"href":"https:\/\/www.fytofontana.com\/pl\/wp-json\/wp\/v2\/product"}],"about":[{"href":"https:\/\/www.fytofontana.com\/pl\/wp-json\/wp\/v2\/types\/product"}],"wp:featuredmedia":[{"embeddable":true,"href":"https:\/\/www.fytofontana.com\/pl\/wp-json\/wp\/v2\/media\/3600"}],"wp:attachment":[{"href":"https:\/\/www.fytofontana.com\/pl\/wp-json\/wp\/v2\/media?parent=3615"}],"wp:term":[{"taxonomy":"products","embeddable":true,"href":"https:\/\/www.fytofontana.com\/pl\/wp-json\/wp\/v2\/products?post=3615"}],"curies":[{"name":"wp","href":"https:\/\/api.w.org\/{rel}","templated":true}]}}