{"id":3593,"date":"2025-07-02T15:14:05","date_gmt":"2025-07-02T14:14:05","guid":{"rendered":"https:\/\/www.fytofontana.com\/?post_type=product&#038;p=3593"},"modified":"2025-07-02T15:14:05","modified_gmt":"2025-07-02T14:14:05","slug":"gyntima-fytoprobiotics","status":"publish","type":"product","link":"https:\/\/www.fytofontana.com\/pl\/product\/gyntima-fytoprobiotics\/","title":{"rendered":"GYNTIMA Kapsu\u0142ki Fytoprobiotics"},"content":{"rendered":"<p><strong>Harmonizacja mikroflory jelitowej i pochwowej w jednej kapsu\u0142ce<\/strong><\/p>\n<ul>\n<li>Klinicznie sprawdzone po\u0142\u0105czenie Lactobacillus acidophilus i Lactobacillus rhamnosus w optymalnej dziennej dawce 1,47 mld CFU.<\/li>\n<li>Laktobakterie wspieraj\u0105 naturaln\u0105 r\u00f3wnowag\u0119 mikroflory pochwowej oraz ekosystemu jelitowego.<\/li>\n<li>Szczepy bakteryjne laktobakterii s\u0105 w stanie przetrwa\u0107 przej\u015bcie przez przew\u00f3d pokarmowy i skutecznie wspiera\u0107 \u015brodowisko pochwowe.<\/li>\n<li>Udowodniono, \u017ce szczepy bakteryjne zmniejszaj\u0105 ryzyko infekcji pochwowych i dr\u00f3g moczowych u kobiet.<\/li>\n<\/ul>\n","protected":false},"featured_media":3566,"template":"","products":[96],"yoast_head":"<title>GYNTIMA Kapsu\u0142ki Fytoprobiotics - Fytofontana<\/title>\n<meta name=\"description\" content=\"Suplement diety w postaci kapsu\u0142ek z klinicznie sprawdzonym po\u0142\u0105czeniem Lactobacillus acidophilus i Lactobacillus rhamnosus. Wspiera mikroflor\u0119 jelit i pochwy, odpowiedni przy stosowaniu antybiotyk\u00f3w oraz w celu zmniejszenia ryzyka infekcji pochwowych i dr\u00f3g moczowych.\" \/>\n<meta name=\"robots\" content=\"index, follow, max-snippet:-1, max-image-preview:large, max-video-preview:-1\" \/>\n<link rel=\"canonical\" href=\"https:\/\/www.fytofontana.com\/pl\/product\/gyntima-fytoprobiotics\/\" \/>\n<meta property=\"og:locale\" content=\"pl_PL\" \/>\n<meta property=\"og:type\" content=\"article\" \/>\n<meta property=\"og:title\" content=\"GYNTIMA Kapsu\u0142ki Fytoprobiotics - Fytofontana\" \/>\n<meta property=\"og:description\" content=\"Suplement diety w postaci kapsu\u0142ek z klinicznie sprawdzonym po\u0142\u0105czeniem Lactobacillus acidophilus i Lactobacillus rhamnosus. Wspiera mikroflor\u0119 jelit i pochwy, odpowiedni przy stosowaniu antybiotyk\u00f3w oraz w celu zmniejszenia ryzyka infekcji pochwowych i dr\u00f3g moczowych.\" \/>\n<meta property=\"og:url\" content=\"https:\/\/www.fytofontana.com\/pl\/product\/gyntima-fytoprobiotics\/\" \/>\n<meta property=\"og:site_name\" content=\"Fytofontana\" \/>\n<meta property=\"og:image\" content=\"https:\/\/www.fytofontana.com\/wp-content\/uploads\/2025\/07\/2025_06_GYNTIMA_kapsule_Fytoprobiotics_60cps_01_LQ_Primary.png\" \/>\n\t<meta property=\"og:image:width\" content=\"1000\" \/>\n\t<meta property=\"og:image:height\" content=\"1000\" \/>\n<meta name=\"twitter:card\" content=\"summary_large_image\" \/>\n<meta name=\"twitter:label1\" content=\"Est. reading time\">\n\t<meta name=\"twitter:data1\" content=\"1 minuta\">\n<script type=\"application\/ld+json\" class=\"yoast-schema-graph\">{\"@context\":\"https:\/\/schema.org\",\"@graph\":[{\"@type\":\"Organization\",\"@id\":\"https:\/\/www.fytofontana.com\/#organization\",\"name\":\"Fytofontana\",\"url\":\"https:\/\/www.fytofontana.com\/\",\"sameAs\":[],\"logo\":{\"@type\":\"ImageObject\",\"@id\":\"https:\/\/www.fytofontana.com\/#logo\",\"inLanguage\":\"pl-PL\",\"url\":\"https:\/\/www.fytofontana.com\/wp-content\/uploads\/2021\/01\/fyto.png\",\"width\":817,\"height\":79,\"caption\":\"Fytofontana\"},\"image\":{\"@id\":\"https:\/\/www.fytofontana.com\/#logo\"}},{\"@type\":\"WebSite\",\"@id\":\"https:\/\/www.fytofontana.com\/#website\",\"url\":\"https:\/\/www.fytofontana.com\/\",\"name\":\"Fytofontana\",\"description\":\"\",\"publisher\":{\"@id\":\"https:\/\/www.fytofontana.com\/#organization\"},\"potentialAction\":[{\"@type\":\"SearchAction\",\"target\":\"https:\/\/www.fytofontana.com\/?s={search_term_string}\",\"query-input\":\"required name=search_term_string\"}],\"inLanguage\":\"pl-PL\"},{\"@type\":\"ImageObject\",\"@id\":\"https:\/\/www.fytofontana.com\/pl\/product\/gyntima-fytoprobiotics\/#primaryimage\",\"inLanguage\":\"pl-PL\",\"url\":\"https:\/\/www.fytofontana.com\/wp-content\/uploads\/2025\/07\/2025_06_GYNTIMA_kapsule_Fytoprobiotics_60cps_01_LQ_Primary.png\",\"width\":1000,\"height\":1000},{\"@type\":[\"WebPage\",\"ItemPage\"],\"@id\":\"https:\/\/www.fytofontana.com\/pl\/product\/gyntima-fytoprobiotics\/#webpage\",\"url\":\"https:\/\/www.fytofontana.com\/pl\/product\/gyntima-fytoprobiotics\/\",\"name\":\"GYNTIMA Kapsu\\u0142ki Fytoprobiotics - Fytofontana\",\"isPartOf\":{\"@id\":\"https:\/\/www.fytofontana.com\/#website\"},\"primaryImageOfPage\":{\"@id\":\"https:\/\/www.fytofontana.com\/pl\/product\/gyntima-fytoprobiotics\/#primaryimage\"},\"datePublished\":\"2025-07-02T14:14:05+00:00\",\"dateModified\":\"2025-07-02T14:14:05+00:00\",\"description\":\"Suplement diety w postaci kapsu\\u0142ek z klinicznie sprawdzonym po\\u0142\\u0105czeniem Lactobacillus acidophilus i Lactobacillus rhamnosus. Wspiera mikroflor\\u0119 jelit i pochwy, odpowiedni przy stosowaniu antybiotyk\\u00f3w oraz w celu zmniejszenia ryzyka infekcji pochwowych i dr\\u00f3g moczowych.\",\"breadcrumb\":{\"@id\":\"https:\/\/www.fytofontana.com\/pl\/product\/gyntima-fytoprobiotics\/#breadcrumb\"},\"inLanguage\":\"pl-PL\",\"potentialAction\":[{\"@type\":\"ReadAction\",\"target\":[\"https:\/\/www.fytofontana.com\/pl\/product\/gyntima-fytoprobiotics\/\"]}]},{\"@type\":\"BreadcrumbList\",\"@id\":\"https:\/\/www.fytofontana.com\/pl\/product\/gyntima-fytoprobiotics\/#breadcrumb\",\"itemListElement\":[{\"@type\":\"ListItem\",\"position\":1,\"item\":{\"@type\":\"WebPage\",\"@id\":\"https:\/\/www.fytofontana.com\/pl\/\",\"url\":\"https:\/\/www.fytofontana.com\/pl\/\",\"name\":\"Home\"}},{\"@type\":\"ListItem\",\"position\":2,\"item\":{\"@type\":\"WebPage\",\"@id\":\"https:\/\/www.fytofontana.com\/pl\/product\/gyntima-fytoprobiotics\/\",\"url\":\"https:\/\/www.fytofontana.com\/pl\/product\/gyntima-fytoprobiotics\/\",\"name\":\"GYNTIMA Kapsu\\u0142ki Fytoprobiotics\"}}]}]}<\/script>","_links":{"self":[{"href":"https:\/\/www.fytofontana.com\/pl\/wp-json\/wp\/v2\/product\/3593"}],"collection":[{"href":"https:\/\/www.fytofontana.com\/pl\/wp-json\/wp\/v2\/product"}],"about":[{"href":"https:\/\/www.fytofontana.com\/pl\/wp-json\/wp\/v2\/types\/product"}],"wp:featuredmedia":[{"embeddable":true,"href":"https:\/\/www.fytofontana.com\/pl\/wp-json\/wp\/v2\/media\/3566"}],"wp:attachment":[{"href":"https:\/\/www.fytofontana.com\/pl\/wp-json\/wp\/v2\/media?parent=3593"}],"wp:term":[{"taxonomy":"products","embeddable":true,"href":"https:\/\/www.fytofontana.com\/pl\/wp-json\/wp\/v2\/products?post=3593"}],"curies":[{"name":"wp","href":"https:\/\/api.w.org\/{rel}","templated":true}]}}