{"id":3558,"date":"2025-06-18T14:57:02","date_gmt":"2025-06-18T13:57:02","guid":{"rendered":"https:\/\/www.fytofontana.com\/?post_type=product&#038;p=3558"},"modified":"2025-06-18T14:58:14","modified_gmt":"2025-06-18T13:58:14","slug":"gyntima-zel-do-higieny-intymnej-dla-dzieci","status":"publish","type":"product","link":"https:\/\/www.fytofontana.com\/pl\/product\/gyntima-zel-do-higieny-intymnej-dla-dzieci\/","title":{"rendered":"GYNTIMA \u017bel do higieny intymnej dla dzieci"},"content":{"rendered":"<p><strong>Higiena intymna dziewczynek od 3 roku \u017cycia.<\/strong><\/p>\n<ul>\n<li>Specjalnie opracowany \u017cel do mycia przeznaczony do higieny intymnej dziewczynek powy\u017cej 3 roku \u017cycia.<\/li>\n<li>Zawiera kwas mlekowy wspieraj\u0105cy prawid\u0142ow\u0105 warto\u015b\u0107 pH.<\/li>\n<li>Wspiera wzrost laktobacilus\u00f3w i innych korzystnych bakterii dla zdrowia pochwy.<\/li>\n<li>Zawiera delikatny naturalny sk\u0142ad dostosowany do wra\u017cliwej sk\u00f3ry dzieci\u0119cej.<\/li>\n<\/ul>\n","protected":false},"featured_media":3543,"template":"","products":[96],"yoast_head":"<title>GYNTIMA \u017bel do higieny intymnej dla dzieci - Fytofontana<\/title>\n<meta name=\"description\" content=\"Specjalny \u017cel do mycia przeznaczony do higieny intymnej dziewczynek od 3 roku \u017cycia. Delikatny naturalny sk\u0142ad wspiera zdrowe pH i wzrost bakterii kwasu mlekowego, kt\u00f3re chroni\u0105 wra\u017cliwe \u015brodowisko przed podra\u017cnieniami. \u0141agodny dla sk\u00f3ry dzieci\u0119cej, odpowiedni do codziennego u\u017cytku.\" \/>\n<meta name=\"robots\" content=\"index, follow, max-snippet:-1, max-image-preview:large, max-video-preview:-1\" \/>\n<link rel=\"canonical\" href=\"https:\/\/www.fytofontana.com\/pl\/product\/gyntima-zel-do-higieny-intymnej-dla-dzieci\/\" \/>\n<meta property=\"og:locale\" content=\"pl_PL\" \/>\n<meta property=\"og:type\" content=\"article\" \/>\n<meta property=\"og:title\" content=\"GYNTIMA \u017bel do higieny intymnej dla dzieci - Fytofontana\" \/>\n<meta property=\"og:description\" content=\"Specjalny \u017cel do mycia przeznaczony do higieny intymnej dziewczynek od 3 roku \u017cycia. Delikatny naturalny sk\u0142ad wspiera zdrowe pH i wzrost bakterii kwasu mlekowego, kt\u00f3re chroni\u0105 wra\u017cliwe \u015brodowisko przed podra\u017cnieniami. \u0141agodny dla sk\u00f3ry dzieci\u0119cej, odpowiedni do codziennego u\u017cytku.\" \/>\n<meta property=\"og:url\" content=\"https:\/\/www.fytofontana.com\/pl\/product\/gyntima-zel-do-higieny-intymnej-dla-dzieci\/\" \/>\n<meta property=\"og:site_name\" content=\"Fytofontana\" \/>\n<meta property=\"article:modified_time\" content=\"2025-06-18T13:58:14+00:00\" \/>\n<meta property=\"og:image\" content=\"https:\/\/www.fytofontana.com\/wp-content\/uploads\/2021\/03\/2025_06_GYNTIMA_Children\u00b4s_intimate_wash_gel_100ml_01_LQ_Primary.png\" \/>\n\t<meta property=\"og:image:width\" content=\"1000\" \/>\n\t<meta property=\"og:image:height\" content=\"1000\" \/>\n<meta name=\"twitter:card\" content=\"summary_large_image\" \/>\n<meta name=\"twitter:label1\" content=\"Est. reading time\">\n\t<meta name=\"twitter:data1\" content=\"1 minuta\">\n<script type=\"application\/ld+json\" class=\"yoast-schema-graph\">{\"@context\":\"https:\/\/schema.org\",\"@graph\":[{\"@type\":\"Organization\",\"@id\":\"https:\/\/www.fytofontana.com\/#organization\",\"name\":\"Fytofontana\",\"url\":\"https:\/\/www.fytofontana.com\/\",\"sameAs\":[],\"logo\":{\"@type\":\"ImageObject\",\"@id\":\"https:\/\/www.fytofontana.com\/#logo\",\"inLanguage\":\"pl-PL\",\"url\":\"https:\/\/www.fytofontana.com\/wp-content\/uploads\/2021\/01\/fyto.png\",\"width\":817,\"height\":79,\"caption\":\"Fytofontana\"},\"image\":{\"@id\":\"https:\/\/www.fytofontana.com\/#logo\"}},{\"@type\":\"WebSite\",\"@id\":\"https:\/\/www.fytofontana.com\/#website\",\"url\":\"https:\/\/www.fytofontana.com\/\",\"name\":\"Fytofontana\",\"description\":\"\",\"publisher\":{\"@id\":\"https:\/\/www.fytofontana.com\/#organization\"},\"potentialAction\":[{\"@type\":\"SearchAction\",\"target\":\"https:\/\/www.fytofontana.com\/?s={search_term_string}\",\"query-input\":\"required name=search_term_string\"}],\"inLanguage\":\"pl-PL\"},{\"@type\":\"ImageObject\",\"@id\":\"https:\/\/www.fytofontana.com\/pl\/product\/gyntima-zel-do-higieny-intymnej-dla-dzieci\/#primaryimage\",\"inLanguage\":\"pl-PL\",\"url\":\"https:\/\/www.fytofontana.com\/wp-content\/uploads\/2021\/03\/2025_06_GYNTIMA_Children\\u00b4s_intimate_wash_gel_100ml_01_LQ_Primary.png\",\"width\":1000,\"height\":1000},{\"@type\":[\"WebPage\",\"ItemPage\"],\"@id\":\"https:\/\/www.fytofontana.com\/pl\/product\/gyntima-zel-do-higieny-intymnej-dla-dzieci\/#webpage\",\"url\":\"https:\/\/www.fytofontana.com\/pl\/product\/gyntima-zel-do-higieny-intymnej-dla-dzieci\/\",\"name\":\"GYNTIMA \\u017bel do higieny intymnej dla dzieci - Fytofontana\",\"isPartOf\":{\"@id\":\"https:\/\/www.fytofontana.com\/#website\"},\"primaryImageOfPage\":{\"@id\":\"https:\/\/www.fytofontana.com\/pl\/product\/gyntima-zel-do-higieny-intymnej-dla-dzieci\/#primaryimage\"},\"datePublished\":\"2025-06-18T13:57:02+00:00\",\"dateModified\":\"2025-06-18T13:58:14+00:00\",\"description\":\"Specjalny \\u017cel do mycia przeznaczony do higieny intymnej dziewczynek od 3 roku \\u017cycia. Delikatny naturalny sk\\u0142ad wspiera zdrowe pH i wzrost bakterii kwasu mlekowego, kt\\u00f3re chroni\\u0105 wra\\u017cliwe \\u015brodowisko przed podra\\u017cnieniami. \\u0141agodny dla sk\\u00f3ry dzieci\\u0119cej, odpowiedni do codziennego u\\u017cytku.\",\"breadcrumb\":{\"@id\":\"https:\/\/www.fytofontana.com\/pl\/product\/gyntima-zel-do-higieny-intymnej-dla-dzieci\/#breadcrumb\"},\"inLanguage\":\"pl-PL\",\"potentialAction\":[{\"@type\":\"ReadAction\",\"target\":[\"https:\/\/www.fytofontana.com\/pl\/product\/gyntima-zel-do-higieny-intymnej-dla-dzieci\/\"]}]},{\"@type\":\"BreadcrumbList\",\"@id\":\"https:\/\/www.fytofontana.com\/pl\/product\/gyntima-zel-do-higieny-intymnej-dla-dzieci\/#breadcrumb\",\"itemListElement\":[{\"@type\":\"ListItem\",\"position\":1,\"item\":{\"@type\":\"WebPage\",\"@id\":\"https:\/\/www.fytofontana.com\/pl\/\",\"url\":\"https:\/\/www.fytofontana.com\/pl\/\",\"name\":\"Home\"}},{\"@type\":\"ListItem\",\"position\":2,\"item\":{\"@type\":\"WebPage\",\"@id\":\"https:\/\/www.fytofontana.com\/pl\/product\/gyntima-zel-do-higieny-intymnej-dla-dzieci\/\",\"url\":\"https:\/\/www.fytofontana.com\/pl\/product\/gyntima-zel-do-higieny-intymnej-dla-dzieci\/\",\"name\":\"GYNTIMA \\u017bel do higieny intymnej dla dzieci\"}}]}]}<\/script>","_links":{"self":[{"href":"https:\/\/www.fytofontana.com\/pl\/wp-json\/wp\/v2\/product\/3558"}],"collection":[{"href":"https:\/\/www.fytofontana.com\/pl\/wp-json\/wp\/v2\/product"}],"about":[{"href":"https:\/\/www.fytofontana.com\/pl\/wp-json\/wp\/v2\/types\/product"}],"wp:featuredmedia":[{"embeddable":true,"href":"https:\/\/www.fytofontana.com\/pl\/wp-json\/wp\/v2\/media\/3543"}],"wp:attachment":[{"href":"https:\/\/www.fytofontana.com\/pl\/wp-json\/wp\/v2\/media?parent=3558"}],"wp:term":[{"taxonomy":"products","embeddable":true,"href":"https:\/\/www.fytofontana.com\/pl\/wp-json\/wp\/v2\/products?post=3558"}],"curies":[{"name":"wp","href":"https:\/\/api.w.org\/{rel}","templated":true}]}}