{"id":3534,"date":"2025-06-18T09:20:06","date_gmt":"2025-06-18T08:20:06","guid":{"rendered":"https:\/\/www.fytofontana.com\/?post_type=product&#038;p=3534"},"modified":"2025-06-18T15:13:55","modified_gmt":"2025-06-18T14:13:55","slug":"gyntima-zel-nawilzajacy","status":"publish","type":"product","link":"https:\/\/www.fytofontana.com\/pl\/product\/gyntima-zel-nawilzajacy\/","title":{"rendered":"GYNTIMA \u017bel nawil\u017caj\u0105cy"},"content":{"rendered":"<p><strong>Doskonale nawil\u017ca bez podra\u017cnie\u0144 \u2013 bez perfum i barwnik\u00f3w.<\/strong><\/p>\n<ul>\n<li>\u017bel nawil\u017caj\u0105cy na bazie wody.<\/li>\n<li>Zwi\u0119ksza po\u015blizg i zmniejsza ryzyko powstania drobnych uszkodze\u0144 b\u0142ony \u015bluzowej pochwy.<\/li>\n<li>Odpowiedni przy s\u0142abym nawil\u017ceniu pochwy podczas stosunku seksualnego, przy trudno\u015bciach z wprowadzaniem tampon\u00f3w higienicznych, kubeczka menstruacyjnego lub czopk\u00f3w dopochwowych.<\/li>\n<\/ul>\n","protected":false},"featured_media":3519,"template":"","products":[96],"yoast_head":"<title>GYNTIMA \u017bel nawil\u017caj\u0105cy - Fytofontana<\/title>\n<meta name=\"description\" content=\"\u017bel nawil\u017caj\u0105cy na bazie wody do u\u017cytku intymnego zwi\u0119ksza doznania seksualne. Zapewnia doskona\u0142e nawil\u017cenie bez podra\u017cnie\u0144. Bez perfum i barwnik\u00f3w, z pantenolem i sk\u0142adnikami antimikrobiowymi. Odpowiedni tak\u017ce dla sk\u00f3ry wra\u017cliwej.\" \/>\n<meta name=\"robots\" content=\"index, follow, max-snippet:-1, max-image-preview:large, max-video-preview:-1\" \/>\n<link rel=\"canonical\" href=\"https:\/\/www.fytofontana.com\/pl\/product\/gyntima-zel-nawilzajacy\/\" \/>\n<meta property=\"og:locale\" content=\"pl_PL\" \/>\n<meta property=\"og:type\" content=\"article\" \/>\n<meta property=\"og:title\" content=\"GYNTIMA \u017bel nawil\u017caj\u0105cy - Fytofontana\" \/>\n<meta property=\"og:description\" content=\"\u017bel nawil\u017caj\u0105cy na bazie wody do u\u017cytku intymnego zwi\u0119ksza doznania seksualne. Zapewnia doskona\u0142e nawil\u017cenie bez podra\u017cnie\u0144. Bez perfum i barwnik\u00f3w, z pantenolem i sk\u0142adnikami antimikrobiowymi. Odpowiedni tak\u017ce dla sk\u00f3ry wra\u017cliwej.\" \/>\n<meta property=\"og:url\" content=\"https:\/\/www.fytofontana.com\/pl\/product\/gyntima-zel-nawilzajacy\/\" \/>\n<meta property=\"og:site_name\" content=\"Fytofontana\" \/>\n<meta property=\"article:modified_time\" content=\"2025-06-18T14:13:55+00:00\" \/>\n<meta property=\"og:image\" content=\"https:\/\/www.fytofontana.com\/wp-content\/uploads\/2021\/03\/2025_05_GYNTIMA_Lubricating_gel_50ml_01_LQ_Primary.png\" \/>\n\t<meta property=\"og:image:width\" content=\"1000\" \/>\n\t<meta property=\"og:image:height\" content=\"1000\" \/>\n<meta name=\"twitter:card\" content=\"summary_large_image\" \/>\n<meta name=\"twitter:label1\" content=\"Est. reading time\">\n\t<meta name=\"twitter:data1\" content=\"1 minuta\">\n<script type=\"application\/ld+json\" class=\"yoast-schema-graph\">{\"@context\":\"https:\/\/schema.org\",\"@graph\":[{\"@type\":\"Organization\",\"@id\":\"https:\/\/www.fytofontana.com\/#organization\",\"name\":\"Fytofontana\",\"url\":\"https:\/\/www.fytofontana.com\/\",\"sameAs\":[],\"logo\":{\"@type\":\"ImageObject\",\"@id\":\"https:\/\/www.fytofontana.com\/#logo\",\"inLanguage\":\"pl-PL\",\"url\":\"https:\/\/www.fytofontana.com\/wp-content\/uploads\/2021\/01\/fyto.png\",\"width\":817,\"height\":79,\"caption\":\"Fytofontana\"},\"image\":{\"@id\":\"https:\/\/www.fytofontana.com\/#logo\"}},{\"@type\":\"WebSite\",\"@id\":\"https:\/\/www.fytofontana.com\/#website\",\"url\":\"https:\/\/www.fytofontana.com\/\",\"name\":\"Fytofontana\",\"description\":\"\",\"publisher\":{\"@id\":\"https:\/\/www.fytofontana.com\/#organization\"},\"potentialAction\":[{\"@type\":\"SearchAction\",\"target\":\"https:\/\/www.fytofontana.com\/?s={search_term_string}\",\"query-input\":\"required name=search_term_string\"}],\"inLanguage\":\"pl-PL\"},{\"@type\":\"ImageObject\",\"@id\":\"https:\/\/www.fytofontana.com\/pl\/product\/gyntima-zel-nawilzajacy\/#primaryimage\",\"inLanguage\":\"pl-PL\",\"url\":\"https:\/\/www.fytofontana.com\/wp-content\/uploads\/2021\/03\/2025_05_GYNTIMA_Lubricating_gel_50ml_01_LQ_Primary.png\",\"width\":1000,\"height\":1000},{\"@type\":[\"WebPage\",\"ItemPage\"],\"@id\":\"https:\/\/www.fytofontana.com\/pl\/product\/gyntima-zel-nawilzajacy\/#webpage\",\"url\":\"https:\/\/www.fytofontana.com\/pl\/product\/gyntima-zel-nawilzajacy\/\",\"name\":\"GYNTIMA \\u017bel nawil\\u017caj\\u0105cy - Fytofontana\",\"isPartOf\":{\"@id\":\"https:\/\/www.fytofontana.com\/#website\"},\"primaryImageOfPage\":{\"@id\":\"https:\/\/www.fytofontana.com\/pl\/product\/gyntima-zel-nawilzajacy\/#primaryimage\"},\"datePublished\":\"2025-06-18T08:20:06+00:00\",\"dateModified\":\"2025-06-18T14:13:55+00:00\",\"description\":\"\\u017bel nawil\\u017caj\\u0105cy na bazie wody do u\\u017cytku intymnego zwi\\u0119ksza doznania seksualne. Zapewnia doskona\\u0142e nawil\\u017cenie bez podra\\u017cnie\\u0144. Bez perfum i barwnik\\u00f3w, z pantenolem i sk\\u0142adnikami antimikrobiowymi. Odpowiedni tak\\u017ce dla sk\\u00f3ry wra\\u017cliwej.\",\"breadcrumb\":{\"@id\":\"https:\/\/www.fytofontana.com\/pl\/product\/gyntima-zel-nawilzajacy\/#breadcrumb\"},\"inLanguage\":\"pl-PL\",\"potentialAction\":[{\"@type\":\"ReadAction\",\"target\":[\"https:\/\/www.fytofontana.com\/pl\/product\/gyntima-zel-nawilzajacy\/\"]}]},{\"@type\":\"BreadcrumbList\",\"@id\":\"https:\/\/www.fytofontana.com\/pl\/product\/gyntima-zel-nawilzajacy\/#breadcrumb\",\"itemListElement\":[{\"@type\":\"ListItem\",\"position\":1,\"item\":{\"@type\":\"WebPage\",\"@id\":\"https:\/\/www.fytofontana.com\/pl\/\",\"url\":\"https:\/\/www.fytofontana.com\/pl\/\",\"name\":\"Home\"}},{\"@type\":\"ListItem\",\"position\":2,\"item\":{\"@type\":\"WebPage\",\"@id\":\"https:\/\/www.fytofontana.com\/pl\/product\/gyntima-zel-nawilzajacy\/\",\"url\":\"https:\/\/www.fytofontana.com\/pl\/product\/gyntima-zel-nawilzajacy\/\",\"name\":\"GYNTIMA \\u017bel nawil\\u017caj\\u0105cy\"}}]}]}<\/script>","_links":{"self":[{"href":"https:\/\/www.fytofontana.com\/pl\/wp-json\/wp\/v2\/product\/3534"}],"collection":[{"href":"https:\/\/www.fytofontana.com\/pl\/wp-json\/wp\/v2\/product"}],"about":[{"href":"https:\/\/www.fytofontana.com\/pl\/wp-json\/wp\/v2\/types\/product"}],"wp:featuredmedia":[{"embeddable":true,"href":"https:\/\/www.fytofontana.com\/pl\/wp-json\/wp\/v2\/media\/3519"}],"wp:attachment":[{"href":"https:\/\/www.fytofontana.com\/pl\/wp-json\/wp\/v2\/media?parent=3534"}],"wp:term":[{"taxonomy":"products","embeddable":true,"href":"https:\/\/www.fytofontana.com\/pl\/wp-json\/wp\/v2\/products?post=3534"}],"curies":[{"name":"wp","href":"https:\/\/api.w.org\/{rel}","templated":true}]}}