{"id":3480,"date":"2025-06-17T13:22:44","date_gmt":"2025-06-17T12:22:44","guid":{"rendered":"https:\/\/www.fytofontana.com\/?post_type=product&#038;p=3480"},"modified":"2025-10-14T11:49:34","modified_gmt":"2025-10-14T10:49:34","slug":"gyntima-menopausa","status":"publish","type":"product","link":"https:\/\/www.fytofontana.com\/pl\/product\/gyntima-menopausa\/","title":{"rendered":"GYNTIMA Menopausa"},"content":{"rendered":"<p><strong>Menopauza bez nieprzyjemnych odczu\u0107 sucho\u015bci, sw\u0119dzenia, pieczenia i bolesnego seksu.<\/strong><\/p>\n<ul>\n<li><b>Wyr\u00f3b<\/b> <b>medyczny<\/b><b> z <\/b><b>certyfikatem<\/b><b> MDR <\/b>(UE 2017\/745).<\/li>\n<li>Usuwa nieprzyjemne odczucia sucho\u015bci, sw\u0119dzenia i pieczenia zwi\u0105zane z atrofi\u0105 pochwy.<\/li>\n<li>Wspiera naturaln\u0105 odporno\u015b\u0107 na infekcje pochwy.<\/li>\n<li>Zwi\u0119ksza nawil\u017cenie i wspiera gojenie b\u0142ony \u015bluzowej pochwy.<\/li>\n<li>Przyczynia si\u0119 do usuni\u0119cia bolesno\u015bci okolic intymnych podczas stosunku p\u0142ciowego.<\/li>\n<\/ul>\n","protected":false},"featured_media":3453,"template":"","products":[96],"yoast_head":"<title>GYNTIMA Menopausa - Fytofontana<\/title>\n<meta name=\"description\" content=\"Naturalne biologiczne rozwi\u0105zanie nieprzyjemnych odczu\u0107 sucho\u015bci, sw\u0119dzenia, pieczenia i bolesnego seksu w okresie menopauzy. Globulki dopochwowe zwi\u0119kszaj\u0105 nawil\u017cenie, wspieraj\u0105 gojenie b\u0142ony \u015bluzowej i \u0142agodz\u0105 objawy atrofii pochwy.\" \/>\n<meta name=\"robots\" content=\"index, follow, max-snippet:-1, max-image-preview:large, max-video-preview:-1\" \/>\n<link rel=\"canonical\" href=\"https:\/\/www.fytofontana.com\/pl\/product\/gyntima-menopausa\/\" \/>\n<meta property=\"og:locale\" content=\"pl_PL\" \/>\n<meta property=\"og:type\" content=\"article\" \/>\n<meta property=\"og:title\" content=\"GYNTIMA Menopausa - Fytofontana\" \/>\n<meta property=\"og:description\" content=\"Naturalne biologiczne rozwi\u0105zanie nieprzyjemnych odczu\u0107 sucho\u015bci, sw\u0119dzenia, pieczenia i bolesnego seksu w okresie menopauzy. Globulki dopochwowe zwi\u0119kszaj\u0105 nawil\u017cenie, wspieraj\u0105 gojenie b\u0142ony \u015bluzowej i \u0142agodz\u0105 objawy atrofii pochwy.\" \/>\n<meta property=\"og:url\" content=\"https:\/\/www.fytofontana.com\/pl\/product\/gyntima-menopausa\/\" \/>\n<meta property=\"og:site_name\" content=\"Fytofontana\" \/>\n<meta property=\"article:modified_time\" content=\"2025-10-14T10:49:34+00:00\" \/>\n<meta property=\"og:image\" content=\"https:\/\/www.fytofontana.com\/wp-content\/uploads\/2021\/03\/2025_04_GYNTIMA_Vag_Cap_Menopausa_10ks_01_LQ_Primary.png\" \/>\n\t<meta property=\"og:image:width\" content=\"1000\" \/>\n\t<meta property=\"og:image:height\" content=\"1000\" \/>\n<meta name=\"twitter:card\" content=\"summary_large_image\" \/>\n<meta name=\"twitter:label1\" content=\"Est. reading time\">\n\t<meta name=\"twitter:data1\" content=\"1 minuta\">\n<script type=\"application\/ld+json\" class=\"yoast-schema-graph\">{\"@context\":\"https:\/\/schema.org\",\"@graph\":[{\"@type\":\"Organization\",\"@id\":\"https:\/\/www.fytofontana.com\/#organization\",\"name\":\"Fytofontana\",\"url\":\"https:\/\/www.fytofontana.com\/\",\"sameAs\":[],\"logo\":{\"@type\":\"ImageObject\",\"@id\":\"https:\/\/www.fytofontana.com\/#logo\",\"inLanguage\":\"pl-PL\",\"url\":\"https:\/\/www.fytofontana.com\/wp-content\/uploads\/2021\/01\/fyto.png\",\"width\":817,\"height\":79,\"caption\":\"Fytofontana\"},\"image\":{\"@id\":\"https:\/\/www.fytofontana.com\/#logo\"}},{\"@type\":\"WebSite\",\"@id\":\"https:\/\/www.fytofontana.com\/#website\",\"url\":\"https:\/\/www.fytofontana.com\/\",\"name\":\"Fytofontana\",\"description\":\"\",\"publisher\":{\"@id\":\"https:\/\/www.fytofontana.com\/#organization\"},\"potentialAction\":[{\"@type\":\"SearchAction\",\"target\":\"https:\/\/www.fytofontana.com\/?s={search_term_string}\",\"query-input\":\"required name=search_term_string\"}],\"inLanguage\":\"pl-PL\"},{\"@type\":\"ImageObject\",\"@id\":\"https:\/\/www.fytofontana.com\/pl\/product\/gyntima-menopausa\/#primaryimage\",\"inLanguage\":\"pl-PL\",\"url\":\"https:\/\/www.fytofontana.com\/wp-content\/uploads\/2021\/03\/2025_04_GYNTIMA_Vag_Cap_Menopausa_10ks_01_LQ_Primary.png\",\"width\":1000,\"height\":1000},{\"@type\":[\"WebPage\",\"ItemPage\"],\"@id\":\"https:\/\/www.fytofontana.com\/pl\/product\/gyntima-menopausa\/#webpage\",\"url\":\"https:\/\/www.fytofontana.com\/pl\/product\/gyntima-menopausa\/\",\"name\":\"GYNTIMA Menopausa - Fytofontana\",\"isPartOf\":{\"@id\":\"https:\/\/www.fytofontana.com\/#website\"},\"primaryImageOfPage\":{\"@id\":\"https:\/\/www.fytofontana.com\/pl\/product\/gyntima-menopausa\/#primaryimage\"},\"datePublished\":\"2025-06-17T12:22:44+00:00\",\"dateModified\":\"2025-10-14T10:49:34+00:00\",\"description\":\"Naturalne biologiczne rozwi\\u0105zanie nieprzyjemnych odczu\\u0107 sucho\\u015bci, sw\\u0119dzenia, pieczenia i bolesnego seksu w okresie menopauzy. Globulki dopochwowe zwi\\u0119kszaj\\u0105 nawil\\u017cenie, wspieraj\\u0105 gojenie b\\u0142ony \\u015bluzowej i \\u0142agodz\\u0105 objawy atrofii pochwy.\",\"breadcrumb\":{\"@id\":\"https:\/\/www.fytofontana.com\/pl\/product\/gyntima-menopausa\/#breadcrumb\"},\"inLanguage\":\"pl-PL\",\"potentialAction\":[{\"@type\":\"ReadAction\",\"target\":[\"https:\/\/www.fytofontana.com\/pl\/product\/gyntima-menopausa\/\"]}]},{\"@type\":\"BreadcrumbList\",\"@id\":\"https:\/\/www.fytofontana.com\/pl\/product\/gyntima-menopausa\/#breadcrumb\",\"itemListElement\":[{\"@type\":\"ListItem\",\"position\":1,\"item\":{\"@type\":\"WebPage\",\"@id\":\"https:\/\/www.fytofontana.com\/pl\/\",\"url\":\"https:\/\/www.fytofontana.com\/pl\/\",\"name\":\"Home\"}},{\"@type\":\"ListItem\",\"position\":2,\"item\":{\"@type\":\"WebPage\",\"@id\":\"https:\/\/www.fytofontana.com\/pl\/product\/gyntima-menopausa\/\",\"url\":\"https:\/\/www.fytofontana.com\/pl\/product\/gyntima-menopausa\/\",\"name\":\"GYNTIMA Menopausa\"}}]}]}<\/script>","_links":{"self":[{"href":"https:\/\/www.fytofontana.com\/pl\/wp-json\/wp\/v2\/product\/3480"}],"collection":[{"href":"https:\/\/www.fytofontana.com\/pl\/wp-json\/wp\/v2\/product"}],"about":[{"href":"https:\/\/www.fytofontana.com\/pl\/wp-json\/wp\/v2\/types\/product"}],"wp:featuredmedia":[{"embeddable":true,"href":"https:\/\/www.fytofontana.com\/pl\/wp-json\/wp\/v2\/media\/3453"}],"wp:attachment":[{"href":"https:\/\/www.fytofontana.com\/pl\/wp-json\/wp\/v2\/media?parent=3480"}],"wp:term":[{"taxonomy":"products","embeddable":true,"href":"https:\/\/www.fytofontana.com\/pl\/wp-json\/wp\/v2\/products?post=3480"}],"curies":[{"name":"wp","href":"https:\/\/api.w.org\/{rel}","templated":true}]}}