{"id":3396,"date":"2025-06-17T10:37:47","date_gmt":"2025-06-17T09:37:47","guid":{"rendered":"https:\/\/www.fytofontana.com\/?post_type=product&#038;p=3396"},"modified":"2025-10-14T11:45:48","modified_gmt":"2025-10-14T10:45:48","slug":"gyntima-hyaluronic","status":"publish","type":"product","link":"https:\/\/www.fytofontana.com\/pl\/product\/gyntima-hyaluronic\/","title":{"rendered":"GYNTIMA Hyaluronic"},"content":{"rendered":"<p><strong>Regeneruje, leczy i nawil\u017ca uszkodzon\u0105 b\u0142on\u0119 \u015bluzow\u0105 pochwy.<\/strong><\/p>\n<ul>\n<li><b>Wyr\u00f3b<\/b> <b>medyczny<\/b><b> z <\/b><b>certyfikatem<\/b><b> MDR <\/b>(UE 2017\/745).<\/li>\n<li>\u0141\u0105czy kwas hialuronowy i kompleks prebiotyk\u00f3w fermentacji mlecznej.<\/li>\n<li>Przyspiesza gojenie uraz\u00f3w, poporodowych i pooperacyjnych ran na b\u0142onie \u015bluzowej pochwy i na szyjce macicy.<\/li>\n<li>Przywraca idealn\u0105 hydratacj\u0119 b\u0142ony \u015bluzowej pochwy i zapobiega uczuciu sucho\u015bci.<\/li>\n<li>Utrzymuje r\u00f3wnowag\u0119 bakteryjn\u0105 i prawid\u0142ow\u0105 warto\u015b\u0107 pH w pochwie.<\/li>\n<\/ul>\n","protected":false},"featured_media":3369,"template":"","products":[96],"yoast_head":"<title>GYNTIMA Hyaluronic - Fytofontana<\/title>\n<meta name=\"description\" content=\"Naturalne biologiczne rozwi\u0105zanie infekcji pochwowych, podra\u017cnienia, sw\u0119dzenia, pieczenia i up\u0142aw\u00f3w \u2013 szczeg\u00f3lnie podczas ci\u0105\u017cy, po\u0142ogu i karmienia piersi\u0105, ale tak\u017ce przy sucho\u015bci pochwy spowodowanej zmianami hormonalnymi, np. w okresie menopauzy.\" \/>\n<meta name=\"robots\" content=\"index, follow, max-snippet:-1, max-image-preview:large, max-video-preview:-1\" \/>\n<link rel=\"canonical\" href=\"https:\/\/www.fytofontana.com\/pl\/product\/gyntima-hyaluronic\/\" \/>\n<meta property=\"og:locale\" content=\"pl_PL\" \/>\n<meta property=\"og:type\" content=\"article\" \/>\n<meta property=\"og:title\" content=\"GYNTIMA Hyaluronic - Fytofontana\" \/>\n<meta property=\"og:description\" content=\"Naturalne biologiczne rozwi\u0105zanie infekcji pochwowych, podra\u017cnienia, sw\u0119dzenia, pieczenia i up\u0142aw\u00f3w \u2013 szczeg\u00f3lnie podczas ci\u0105\u017cy, po\u0142ogu i karmienia piersi\u0105, ale tak\u017ce przy sucho\u015bci pochwy spowodowanej zmianami hormonalnymi, np. w okresie menopauzy.\" \/>\n<meta property=\"og:url\" content=\"https:\/\/www.fytofontana.com\/pl\/product\/gyntima-hyaluronic\/\" \/>\n<meta property=\"og:site_name\" content=\"Fytofontana\" \/>\n<meta property=\"article:modified_time\" content=\"2025-10-14T10:45:48+00:00\" \/>\n<meta property=\"og:image\" content=\"https:\/\/www.fytofontana.com\/wp-content\/uploads\/2021\/03\/2025_04_GYNTIMA_Vag_Cap_Hyaluronic_10ks_01_LQ_Primary.png\" \/>\n\t<meta property=\"og:image:width\" content=\"1000\" \/>\n\t<meta property=\"og:image:height\" content=\"1000\" \/>\n<meta name=\"twitter:card\" content=\"summary_large_image\" \/>\n<meta name=\"twitter:label1\" content=\"Est. reading time\">\n\t<meta name=\"twitter:data1\" content=\"1 minuta\">\n<script type=\"application\/ld+json\" class=\"yoast-schema-graph\">{\"@context\":\"https:\/\/schema.org\",\"@graph\":[{\"@type\":\"Organization\",\"@id\":\"https:\/\/www.fytofontana.com\/#organization\",\"name\":\"Fytofontana\",\"url\":\"https:\/\/www.fytofontana.com\/\",\"sameAs\":[],\"logo\":{\"@type\":\"ImageObject\",\"@id\":\"https:\/\/www.fytofontana.com\/#logo\",\"inLanguage\":\"pl-PL\",\"url\":\"https:\/\/www.fytofontana.com\/wp-content\/uploads\/2021\/01\/fyto.png\",\"width\":817,\"height\":79,\"caption\":\"Fytofontana\"},\"image\":{\"@id\":\"https:\/\/www.fytofontana.com\/#logo\"}},{\"@type\":\"WebSite\",\"@id\":\"https:\/\/www.fytofontana.com\/#website\",\"url\":\"https:\/\/www.fytofontana.com\/\",\"name\":\"Fytofontana\",\"description\":\"\",\"publisher\":{\"@id\":\"https:\/\/www.fytofontana.com\/#organization\"},\"potentialAction\":[{\"@type\":\"SearchAction\",\"target\":\"https:\/\/www.fytofontana.com\/?s={search_term_string}\",\"query-input\":\"required name=search_term_string\"}],\"inLanguage\":\"pl-PL\"},{\"@type\":\"ImageObject\",\"@id\":\"https:\/\/www.fytofontana.com\/pl\/product\/gyntima-hyaluronic\/#primaryimage\",\"inLanguage\":\"pl-PL\",\"url\":\"https:\/\/www.fytofontana.com\/wp-content\/uploads\/2021\/03\/2025_04_GYNTIMA_Vag_Cap_Hyaluronic_10ks_01_LQ_Primary.png\",\"width\":1000,\"height\":1000},{\"@type\":[\"WebPage\",\"ItemPage\"],\"@id\":\"https:\/\/www.fytofontana.com\/pl\/product\/gyntima-hyaluronic\/#webpage\",\"url\":\"https:\/\/www.fytofontana.com\/pl\/product\/gyntima-hyaluronic\/\",\"name\":\"GYNTIMA Hyaluronic - Fytofontana\",\"isPartOf\":{\"@id\":\"https:\/\/www.fytofontana.com\/#website\"},\"primaryImageOfPage\":{\"@id\":\"https:\/\/www.fytofontana.com\/pl\/product\/gyntima-hyaluronic\/#primaryimage\"},\"datePublished\":\"2025-06-17T09:37:47+00:00\",\"dateModified\":\"2025-10-14T10:45:48+00:00\",\"description\":\"Naturalne biologiczne rozwi\\u0105zanie infekcji pochwowych, podra\\u017cnienia, sw\\u0119dzenia, pieczenia i up\\u0142aw\\u00f3w \\u2013 szczeg\\u00f3lnie podczas ci\\u0105\\u017cy, po\\u0142ogu i karmienia piersi\\u0105, ale tak\\u017ce przy sucho\\u015bci pochwy spowodowanej zmianami hormonalnymi, np. w okresie menopauzy.\",\"breadcrumb\":{\"@id\":\"https:\/\/www.fytofontana.com\/pl\/product\/gyntima-hyaluronic\/#breadcrumb\"},\"inLanguage\":\"pl-PL\",\"potentialAction\":[{\"@type\":\"ReadAction\",\"target\":[\"https:\/\/www.fytofontana.com\/pl\/product\/gyntima-hyaluronic\/\"]}]},{\"@type\":\"BreadcrumbList\",\"@id\":\"https:\/\/www.fytofontana.com\/pl\/product\/gyntima-hyaluronic\/#breadcrumb\",\"itemListElement\":[{\"@type\":\"ListItem\",\"position\":1,\"item\":{\"@type\":\"WebPage\",\"@id\":\"https:\/\/www.fytofontana.com\/pl\/\",\"url\":\"https:\/\/www.fytofontana.com\/pl\/\",\"name\":\"Home\"}},{\"@type\":\"ListItem\",\"position\":2,\"item\":{\"@type\":\"WebPage\",\"@id\":\"https:\/\/www.fytofontana.com\/pl\/product\/gyntima-hyaluronic\/\",\"url\":\"https:\/\/www.fytofontana.com\/pl\/product\/gyntima-hyaluronic\/\",\"name\":\"GYNTIMA Hyaluronic\"}}]}]}<\/script>","_links":{"self":[{"href":"https:\/\/www.fytofontana.com\/pl\/wp-json\/wp\/v2\/product\/3396"}],"collection":[{"href":"https:\/\/www.fytofontana.com\/pl\/wp-json\/wp\/v2\/product"}],"about":[{"href":"https:\/\/www.fytofontana.com\/pl\/wp-json\/wp\/v2\/types\/product"}],"wp:featuredmedia":[{"embeddable":true,"href":"https:\/\/www.fytofontana.com\/pl\/wp-json\/wp\/v2\/media\/3369"}],"wp:attachment":[{"href":"https:\/\/www.fytofontana.com\/pl\/wp-json\/wp\/v2\/media?parent=3396"}],"wp:term":[{"taxonomy":"products","embeddable":true,"href":"https:\/\/www.fytofontana.com\/pl\/wp-json\/wp\/v2\/products?post=3396"}],"curies":[{"name":"wp","href":"https:\/\/api.w.org\/{rel}","templated":true}]}}