{"id":3270,"date":"2025-06-13T11:47:14","date_gmt":"2025-06-13T10:47:14","guid":{"rendered":"https:\/\/www.fytofontana.com\/?post_type=product&#038;p=3270"},"modified":"2025-10-14T11:42:36","modified_gmt":"2025-10-14T10:42:36","slug":"gyntima-probiotica-forte","status":"publish","type":"product","link":"https:\/\/www.fytofontana.com\/pl\/product\/gyntima-probiotica-forte\/","title":{"rendered":"GYNTIMA Probiotica Forte"},"content":{"rendered":"<p><strong>Leczenie objaw\u00f3w infekcji bakteryjnych i grzybiczych.<\/strong><\/p>\n<ul>\n<li><b>Wyr\u00f3b<\/b> <b>medyczny<\/b><b> z <\/b><b>certyfikatem<\/b><b> MDR <\/b>(UE 2017\/745).<\/li>\n<li>Przynosi ulg\u0119 od objaw\u00f3w sw\u0119dzenia, pieczenia, podra\u017cnienia i zmniejsza up\u0142awy.<\/li>\n<li>Naturalnie eliminuje infekcje bakteryjne i grzybicze w pochwie.<\/li>\n<li>Przywraca r\u00f3wnowag\u0119 biologiczn\u0105 w pochwie i odnawia naturaln\u0105 wilgotno\u015b\u0107.<\/li>\n<li>\u0141\u0105czy dzia\u0142anie antyseptyczne z aktywnym wsparciem pod\u0142o\u017ca od\u017cywczego dla laktobacili.<\/li>\n<\/ul>\n","protected":false},"featured_media":3213,"template":"","products":[96],"yoast_head":"<title>GYNTIMA Probiotica Forte - Fytofontana<\/title>\n<meta name=\"description\" content=\"Naturalne biologiczne rozwi\u0105zanie infekcji flory bakteryjnej pochwy. Globulki pomagaj\u0105 przy infekcjach bakteryjnych i grzybiczych, up\u0142awach i zaburzonej mikroflorze, tak\u017ce po antybiotykach.\" \/>\n<meta name=\"robots\" content=\"index, follow, max-snippet:-1, max-image-preview:large, max-video-preview:-1\" \/>\n<link rel=\"canonical\" href=\"https:\/\/www.fytofontana.com\/pl\/product\/gyntima-probiotica-forte\/\" \/>\n<meta property=\"og:locale\" content=\"pl_PL\" \/>\n<meta property=\"og:type\" content=\"article\" \/>\n<meta property=\"og:title\" content=\"GYNTIMA Probiotica Forte - Fytofontana\" \/>\n<meta property=\"og:description\" content=\"Naturalne biologiczne rozwi\u0105zanie infekcji flory bakteryjnej pochwy. Globulki pomagaj\u0105 przy infekcjach bakteryjnych i grzybiczych, up\u0142awach i zaburzonej mikroflorze, tak\u017ce po antybiotykach.\" \/>\n<meta property=\"og:url\" content=\"https:\/\/www.fytofontana.com\/pl\/product\/gyntima-probiotica-forte\/\" \/>\n<meta property=\"og:site_name\" content=\"Fytofontana\" \/>\n<meta property=\"article:modified_time\" content=\"2025-10-14T10:42:36+00:00\" \/>\n<meta property=\"og:image\" content=\"https:\/\/www.fytofontana.com\/wp-content\/uploads\/2021\/03\/2025_04_GYNTIMA_Vag_Cap_Probiotica_Forte_10ks_01_LQ_Primary.jpg\" \/>\n\t<meta property=\"og:image:width\" content=\"1000\" \/>\n\t<meta property=\"og:image:height\" content=\"1000\" \/>\n<meta name=\"twitter:card\" content=\"summary_large_image\" \/>\n<meta name=\"twitter:label1\" content=\"Est. reading time\">\n\t<meta name=\"twitter:data1\" content=\"1 minuta\">\n<script type=\"application\/ld+json\" class=\"yoast-schema-graph\">{\"@context\":\"https:\/\/schema.org\",\"@graph\":[{\"@type\":\"Organization\",\"@id\":\"https:\/\/www.fytofontana.com\/#organization\",\"name\":\"Fytofontana\",\"url\":\"https:\/\/www.fytofontana.com\/\",\"sameAs\":[],\"logo\":{\"@type\":\"ImageObject\",\"@id\":\"https:\/\/www.fytofontana.com\/#logo\",\"inLanguage\":\"pl-PL\",\"url\":\"https:\/\/www.fytofontana.com\/wp-content\/uploads\/2021\/01\/fyto.png\",\"width\":817,\"height\":79,\"caption\":\"Fytofontana\"},\"image\":{\"@id\":\"https:\/\/www.fytofontana.com\/#logo\"}},{\"@type\":\"WebSite\",\"@id\":\"https:\/\/www.fytofontana.com\/#website\",\"url\":\"https:\/\/www.fytofontana.com\/\",\"name\":\"Fytofontana\",\"description\":\"\",\"publisher\":{\"@id\":\"https:\/\/www.fytofontana.com\/#organization\"},\"potentialAction\":[{\"@type\":\"SearchAction\",\"target\":\"https:\/\/www.fytofontana.com\/?s={search_term_string}\",\"query-input\":\"required name=search_term_string\"}],\"inLanguage\":\"pl-PL\"},{\"@type\":\"ImageObject\",\"@id\":\"https:\/\/www.fytofontana.com\/pl\/product\/gyntima-probiotica-forte\/#primaryimage\",\"inLanguage\":\"pl-PL\",\"url\":\"https:\/\/www.fytofontana.com\/wp-content\/uploads\/2021\/03\/2025_04_GYNTIMA_Vag_Cap_Probiotica_Forte_10ks_01_LQ_Primary.jpg\",\"width\":1000,\"height\":1000},{\"@type\":[\"WebPage\",\"ItemPage\"],\"@id\":\"https:\/\/www.fytofontana.com\/pl\/product\/gyntima-probiotica-forte\/#webpage\",\"url\":\"https:\/\/www.fytofontana.com\/pl\/product\/gyntima-probiotica-forte\/\",\"name\":\"GYNTIMA Probiotica Forte - Fytofontana\",\"isPartOf\":{\"@id\":\"https:\/\/www.fytofontana.com\/#website\"},\"primaryImageOfPage\":{\"@id\":\"https:\/\/www.fytofontana.com\/pl\/product\/gyntima-probiotica-forte\/#primaryimage\"},\"datePublished\":\"2025-06-13T10:47:14+00:00\",\"dateModified\":\"2025-10-14T10:42:36+00:00\",\"description\":\"Naturalne biologiczne rozwi\\u0105zanie infekcji flory bakteryjnej pochwy. Globulki pomagaj\\u0105 przy infekcjach bakteryjnych i grzybiczych, up\\u0142awach i zaburzonej mikroflorze, tak\\u017ce po antybiotykach.\",\"breadcrumb\":{\"@id\":\"https:\/\/www.fytofontana.com\/pl\/product\/gyntima-probiotica-forte\/#breadcrumb\"},\"inLanguage\":\"pl-PL\",\"potentialAction\":[{\"@type\":\"ReadAction\",\"target\":[\"https:\/\/www.fytofontana.com\/pl\/product\/gyntima-probiotica-forte\/\"]}]},{\"@type\":\"BreadcrumbList\",\"@id\":\"https:\/\/www.fytofontana.com\/pl\/product\/gyntima-probiotica-forte\/#breadcrumb\",\"itemListElement\":[{\"@type\":\"ListItem\",\"position\":1,\"item\":{\"@type\":\"WebPage\",\"@id\":\"https:\/\/www.fytofontana.com\/pl\/\",\"url\":\"https:\/\/www.fytofontana.com\/pl\/\",\"name\":\"Home\"}},{\"@type\":\"ListItem\",\"position\":2,\"item\":{\"@type\":\"WebPage\",\"@id\":\"https:\/\/www.fytofontana.com\/pl\/product\/gyntima-probiotica-forte\/\",\"url\":\"https:\/\/www.fytofontana.com\/pl\/product\/gyntima-probiotica-forte\/\",\"name\":\"GYNTIMA Probiotica Forte\"}}]}]}<\/script>","_links":{"self":[{"href":"https:\/\/www.fytofontana.com\/pl\/wp-json\/wp\/v2\/product\/3270"}],"collection":[{"href":"https:\/\/www.fytofontana.com\/pl\/wp-json\/wp\/v2\/product"}],"about":[{"href":"https:\/\/www.fytofontana.com\/pl\/wp-json\/wp\/v2\/types\/product"}],"wp:featuredmedia":[{"embeddable":true,"href":"https:\/\/www.fytofontana.com\/pl\/wp-json\/wp\/v2\/media\/3213"}],"wp:attachment":[{"href":"https:\/\/www.fytofontana.com\/pl\/wp-json\/wp\/v2\/media?parent=3270"}],"wp:term":[{"taxonomy":"products","embeddable":true,"href":"https:\/\/www.fytofontana.com\/pl\/wp-json\/wp\/v2\/products?post=3270"}],"curies":[{"name":"wp","href":"https:\/\/api.w.org\/{rel}","templated":true}]}}