{"id":3204,"date":"2025-06-13T09:52:19","date_gmt":"2025-06-13T08:52:19","guid":{"rendered":"https:\/\/www.fytofontana.com\/?post_type=product&#038;p=3204"},"modified":"2025-10-14T11:38:27","modified_gmt":"2025-10-14T10:38:27","slug":"gyntima-probiotica","status":"publish","type":"product","link":"https:\/\/www.fytofontana.com\/pl\/product\/gyntima-probiotica\/","title":{"rendered":"GYNTIMA Probiotica"},"content":{"rendered":"<p><strong>Regularna piel\u0119gnacja flory bakteryjnej pochwy i zapobieganie infekcjom<\/strong><\/p>\n<ul>\n<li><b>Wyr\u00f3b<\/b> <b>medyczny<\/b><b> z <\/b><b>certyfikatem<\/b><b> MDR <\/b>(UE 2017\/745).<\/li>\n<li>Przywraca naturaln\u0105 r\u00f3wnowag\u0119 mikroflory w pochwie.<\/li>\n<li>Odpowiednie w trakcie i po stosowaniu antybiotyk\u00f3w, przy podra\u017cnieniach okolic intymnych, zaburzeniu r\u00f3wnowagi w pochwie, reguluje up\u0142awy nieznanego pochodzenia.<\/li>\n<li>Tworzy pod\u0142o\u017ce od\u017cywcze dla laktobacilusu, u\u0142atwia ich rozmna\u017canie i prze\u017cycie.<\/li>\n<li>Zawiera naturalne, nieszkodliwe dla organizmu substancje.<\/li>\n<li>Odpowiednie do d\u0142ugotrwa\u0142ego stosowania profilaktycznego.<\/li>\n<\/ul>\n","protected":false},"featured_media":3242,"template":"","products":[96],"yoast_head":"<title>GYNTIMA Probiotica - Fytofontana<\/title>\n<meta name=\"description\" content=\"Globulki dopochwowe. Regularna piel\u0119gnacja flory bakteryjnej pochwy i zapobieganie infekcjom.\" \/>\n<meta name=\"robots\" content=\"index, follow, max-snippet:-1, max-image-preview:large, max-video-preview:-1\" \/>\n<link rel=\"canonical\" href=\"https:\/\/www.fytofontana.com\/pl\/product\/gyntima-probiotica\/\" \/>\n<meta property=\"og:locale\" content=\"pl_PL\" \/>\n<meta property=\"og:type\" content=\"article\" \/>\n<meta property=\"og:title\" content=\"GYNTIMA Probiotica - Fytofontana\" \/>\n<meta property=\"og:description\" content=\"Globulki dopochwowe. Regularna piel\u0119gnacja flory bakteryjnej pochwy i zapobieganie infekcjom.\" \/>\n<meta property=\"og:url\" content=\"https:\/\/www.fytofontana.com\/pl\/product\/gyntima-probiotica\/\" \/>\n<meta property=\"og:site_name\" content=\"Fytofontana\" \/>\n<meta property=\"article:modified_time\" content=\"2025-10-14T10:38:27+00:00\" \/>\n<meta property=\"og:image\" content=\"https:\/\/www.fytofontana.com\/wp-content\/uploads\/2020\/12\/2025_04_GYNTIMA_Vag_Sup_Probiotica_10pcs_01_LQ_Primary.png\" \/>\n\t<meta property=\"og:image:width\" content=\"500\" \/>\n\t<meta property=\"og:image:height\" content=\"500\" \/>\n<meta name=\"twitter:card\" content=\"summary_large_image\" \/>\n<meta name=\"twitter:label1\" content=\"Est. reading time\">\n\t<meta name=\"twitter:data1\" content=\"1 minuta\">\n<script type=\"application\/ld+json\" class=\"yoast-schema-graph\">{\"@context\":\"https:\/\/schema.org\",\"@graph\":[{\"@type\":\"Organization\",\"@id\":\"https:\/\/www.fytofontana.com\/#organization\",\"name\":\"Fytofontana\",\"url\":\"https:\/\/www.fytofontana.com\/\",\"sameAs\":[],\"logo\":{\"@type\":\"ImageObject\",\"@id\":\"https:\/\/www.fytofontana.com\/#logo\",\"inLanguage\":\"pl-PL\",\"url\":\"https:\/\/www.fytofontana.com\/wp-content\/uploads\/2021\/01\/fyto.png\",\"width\":817,\"height\":79,\"caption\":\"Fytofontana\"},\"image\":{\"@id\":\"https:\/\/www.fytofontana.com\/#logo\"}},{\"@type\":\"WebSite\",\"@id\":\"https:\/\/www.fytofontana.com\/#website\",\"url\":\"https:\/\/www.fytofontana.com\/\",\"name\":\"Fytofontana\",\"description\":\"\",\"publisher\":{\"@id\":\"https:\/\/www.fytofontana.com\/#organization\"},\"potentialAction\":[{\"@type\":\"SearchAction\",\"target\":\"https:\/\/www.fytofontana.com\/?s={search_term_string}\",\"query-input\":\"required name=search_term_string\"}],\"inLanguage\":\"pl-PL\"},{\"@type\":\"ImageObject\",\"@id\":\"https:\/\/www.fytofontana.com\/pl\/product\/gyntima-probiotica\/#primaryimage\",\"inLanguage\":\"pl-PL\",\"url\":\"https:\/\/www.fytofontana.com\/wp-content\/uploads\/2020\/12\/2025_04_GYNTIMA_Vag_Sup_Probiotica_10pcs_01_LQ_Primary.png\",\"width\":500,\"height\":500},{\"@type\":[\"WebPage\",\"ItemPage\"],\"@id\":\"https:\/\/www.fytofontana.com\/pl\/product\/gyntima-probiotica\/#webpage\",\"url\":\"https:\/\/www.fytofontana.com\/pl\/product\/gyntima-probiotica\/\",\"name\":\"GYNTIMA Probiotica - Fytofontana\",\"isPartOf\":{\"@id\":\"https:\/\/www.fytofontana.com\/#website\"},\"primaryImageOfPage\":{\"@id\":\"https:\/\/www.fytofontana.com\/pl\/product\/gyntima-probiotica\/#primaryimage\"},\"datePublished\":\"2025-06-13T08:52:19+00:00\",\"dateModified\":\"2025-10-14T10:38:27+00:00\",\"description\":\"Globulki dopochwowe. Regularna piel\\u0119gnacja flory bakteryjnej pochwy i zapobieganie infekcjom.\",\"breadcrumb\":{\"@id\":\"https:\/\/www.fytofontana.com\/pl\/product\/gyntima-probiotica\/#breadcrumb\"},\"inLanguage\":\"pl-PL\",\"potentialAction\":[{\"@type\":\"ReadAction\",\"target\":[\"https:\/\/www.fytofontana.com\/pl\/product\/gyntima-probiotica\/\"]}]},{\"@type\":\"BreadcrumbList\",\"@id\":\"https:\/\/www.fytofontana.com\/pl\/product\/gyntima-probiotica\/#breadcrumb\",\"itemListElement\":[{\"@type\":\"ListItem\",\"position\":1,\"item\":{\"@type\":\"WebPage\",\"@id\":\"https:\/\/www.fytofontana.com\/pl\/\",\"url\":\"https:\/\/www.fytofontana.com\/pl\/\",\"name\":\"Home\"}},{\"@type\":\"ListItem\",\"position\":2,\"item\":{\"@type\":\"WebPage\",\"@id\":\"https:\/\/www.fytofontana.com\/pl\/product\/gyntima-probiotica\/\",\"url\":\"https:\/\/www.fytofontana.com\/pl\/product\/gyntima-probiotica\/\",\"name\":\"GYNTIMA Probiotica\"}}]}]}<\/script>","_links":{"self":[{"href":"https:\/\/www.fytofontana.com\/pl\/wp-json\/wp\/v2\/product\/3204"}],"collection":[{"href":"https:\/\/www.fytofontana.com\/pl\/wp-json\/wp\/v2\/product"}],"about":[{"href":"https:\/\/www.fytofontana.com\/pl\/wp-json\/wp\/v2\/types\/product"}],"wp:featuredmedia":[{"embeddable":true,"href":"https:\/\/www.fytofontana.com\/pl\/wp-json\/wp\/v2\/media\/3242"}],"wp:attachment":[{"href":"https:\/\/www.fytofontana.com\/pl\/wp-json\/wp\/v2\/media?parent=3204"}],"wp:term":[{"taxonomy":"products","embeddable":true,"href":"https:\/\/www.fytofontana.com\/pl\/wp-json\/wp\/v2\/products?post=3204"}],"curies":[{"name":"wp","href":"https:\/\/api.w.org\/{rel}","templated":true}]}}