{"id":3056,"date":"2025-05-27T18:18:18","date_gmt":"2025-05-27T17:18:18","guid":{"rendered":"https:\/\/www.fytofontana.com\/?post_type=product&#038;p=3056"},"modified":"2025-05-27T18:40:55","modified_gmt":"2025-05-27T17:40:55","slug":"virostop-spray-dezynfekujacy","status":"publish","type":"product","link":"https:\/\/www.fytofontana.com\/pl\/product\/virostop-spray-dezynfekujacy\/","title":{"rendered":"VIROSTOP spray dezynfekuj\u0105cy"},"content":{"rendered":"<p><strong>wirusob\u00f3jczy \/ bakteriob\u00f3jczy<\/strong><\/p>\n<p>Fytofontana VIROSTOP biob\u00f3jczy spray dezynfekuj\u0105cy z ekstraktem z czystka krete\u0144skiego niszczy 99,9% bakterii, grzyb\u00f3w i wirus\u00f3w. Aloe vera nawil\u017ca, od\u017cywia i zmi\u0119kcza sk\u00f3r\u0119 r\u0105k. Idealny do stosowania w podr\u00f3\u017cy, po skorzystaniu z publicznych toalet lub przed posi\u0142kiem, a tak\u017ce do codziennej dezynfekcji zwyk\u0142ych przedmiot\u00f3w osobistych. Odpowiedni r\u00f3wnie\u017c do dezynfekcji mniejszych powierzchni.<\/p>\n","protected":false},"featured_media":904,"template":"","products":[94],"yoast_head":"<title>VIROSTOP spray dezynfekuj\u0105cy - Fytofontana<\/title>\n<meta name=\"description\" content=\"VIROSTOP biob\u00f3jczy spray dezynfekuj\u0105cy z ekstraktem z czystka krete\u0144skiego niszczy 99,9% bakterii, grzyb\u00f3w i wirus\u00f3w. Aloe vera nawil\u017ca, od\u017cywia i zmi\u0119kcza sk\u00f3r\u0119 r\u0105k.\" \/>\n<meta name=\"robots\" content=\"index, follow, max-snippet:-1, max-image-preview:large, max-video-preview:-1\" \/>\n<link rel=\"canonical\" href=\"https:\/\/www.fytofontana.com\/pl\/product\/virostop-spray-dezynfekujacy\/\" \/>\n<meta property=\"og:locale\" content=\"pl_PL\" \/>\n<meta property=\"og:type\" content=\"article\" \/>\n<meta property=\"og:title\" content=\"VIROSTOP spray dezynfekuj\u0105cy - Fytofontana\" \/>\n<meta property=\"og:description\" content=\"VIROSTOP biob\u00f3jczy spray dezynfekuj\u0105cy z ekstraktem z czystka krete\u0144skiego niszczy 99,9% bakterii, grzyb\u00f3w i wirus\u00f3w. Aloe vera nawil\u017ca, od\u017cywia i zmi\u0119kcza sk\u00f3r\u0119 r\u0105k.\" \/>\n<meta property=\"og:url\" content=\"https:\/\/www.fytofontana.com\/pl\/product\/virostop-spray-dezynfekujacy\/\" \/>\n<meta property=\"og:site_name\" content=\"Fytofontana\" \/>\n<meta property=\"article:modified_time\" content=\"2025-05-27T17:40:55+00:00\" \/>\n<meta property=\"og:image\" content=\"https:\/\/www.fytofontana.com\/wp-content\/uploads\/2020\/12\/043.png\" \/>\n\t<meta property=\"og:image:width\" content=\"3000\" \/>\n\t<meta property=\"og:image:height\" content=\"3000\" \/>\n<meta name=\"twitter:card\" content=\"summary_large_image\" \/>\n<meta name=\"twitter:label1\" content=\"Est. reading time\">\n\t<meta name=\"twitter:data1\" content=\"1 minuta\">\n<script type=\"application\/ld+json\" class=\"yoast-schema-graph\">{\"@context\":\"https:\/\/schema.org\",\"@graph\":[{\"@type\":\"Organization\",\"@id\":\"https:\/\/www.fytofontana.com\/#organization\",\"name\":\"Fytofontana\",\"url\":\"https:\/\/www.fytofontana.com\/\",\"sameAs\":[],\"logo\":{\"@type\":\"ImageObject\",\"@id\":\"https:\/\/www.fytofontana.com\/#logo\",\"inLanguage\":\"pl-PL\",\"url\":\"https:\/\/www.fytofontana.com\/wp-content\/uploads\/2021\/01\/fyto.png\",\"width\":817,\"height\":79,\"caption\":\"Fytofontana\"},\"image\":{\"@id\":\"https:\/\/www.fytofontana.com\/#logo\"}},{\"@type\":\"WebSite\",\"@id\":\"https:\/\/www.fytofontana.com\/#website\",\"url\":\"https:\/\/www.fytofontana.com\/\",\"name\":\"Fytofontana\",\"description\":\"\",\"publisher\":{\"@id\":\"https:\/\/www.fytofontana.com\/#organization\"},\"potentialAction\":[{\"@type\":\"SearchAction\",\"target\":\"https:\/\/www.fytofontana.com\/?s={search_term_string}\",\"query-input\":\"required name=search_term_string\"}],\"inLanguage\":\"pl-PL\"},{\"@type\":\"ImageObject\",\"@id\":\"https:\/\/www.fytofontana.com\/pl\/product\/virostop-spray-dezynfekujacy\/#primaryimage\",\"inLanguage\":\"pl-PL\",\"url\":\"https:\/\/www.fytofontana.com\/wp-content\/uploads\/2020\/12\/043.png\",\"width\":3000,\"height\":3000},{\"@type\":[\"WebPage\",\"ItemPage\"],\"@id\":\"https:\/\/www.fytofontana.com\/pl\/product\/virostop-spray-dezynfekujacy\/#webpage\",\"url\":\"https:\/\/www.fytofontana.com\/pl\/product\/virostop-spray-dezynfekujacy\/\",\"name\":\"VIROSTOP spray dezynfekuj\\u0105cy - Fytofontana\",\"isPartOf\":{\"@id\":\"https:\/\/www.fytofontana.com\/#website\"},\"primaryImageOfPage\":{\"@id\":\"https:\/\/www.fytofontana.com\/pl\/product\/virostop-spray-dezynfekujacy\/#primaryimage\"},\"datePublished\":\"2025-05-27T17:18:18+00:00\",\"dateModified\":\"2025-05-27T17:40:55+00:00\",\"description\":\"VIROSTOP biob\\u00f3jczy spray dezynfekuj\\u0105cy z ekstraktem z czystka krete\\u0144skiego niszczy 99,9% bakterii, grzyb\\u00f3w i wirus\\u00f3w. Aloe vera nawil\\u017ca, od\\u017cywia i zmi\\u0119kcza sk\\u00f3r\\u0119 r\\u0105k.\",\"breadcrumb\":{\"@id\":\"https:\/\/www.fytofontana.com\/pl\/product\/virostop-spray-dezynfekujacy\/#breadcrumb\"},\"inLanguage\":\"pl-PL\",\"potentialAction\":[{\"@type\":\"ReadAction\",\"target\":[\"https:\/\/www.fytofontana.com\/pl\/product\/virostop-spray-dezynfekujacy\/\"]}]},{\"@type\":\"BreadcrumbList\",\"@id\":\"https:\/\/www.fytofontana.com\/pl\/product\/virostop-spray-dezynfekujacy\/#breadcrumb\",\"itemListElement\":[{\"@type\":\"ListItem\",\"position\":1,\"item\":{\"@type\":\"WebPage\",\"@id\":\"https:\/\/www.fytofontana.com\/pl\/\",\"url\":\"https:\/\/www.fytofontana.com\/pl\/\",\"name\":\"Home\"}},{\"@type\":\"ListItem\",\"position\":2,\"item\":{\"@type\":\"WebPage\",\"@id\":\"https:\/\/www.fytofontana.com\/pl\/product\/virostop-spray-dezynfekujacy\/\",\"url\":\"https:\/\/www.fytofontana.com\/pl\/product\/virostop-spray-dezynfekujacy\/\",\"name\":\"VIROSTOP spray dezynfekuj\\u0105cy\"}}]}]}<\/script>","_links":{"self":[{"href":"https:\/\/www.fytofontana.com\/pl\/wp-json\/wp\/v2\/product\/3056"}],"collection":[{"href":"https:\/\/www.fytofontana.com\/pl\/wp-json\/wp\/v2\/product"}],"about":[{"href":"https:\/\/www.fytofontana.com\/pl\/wp-json\/wp\/v2\/types\/product"}],"wp:featuredmedia":[{"embeddable":true,"href":"https:\/\/www.fytofontana.com\/pl\/wp-json\/wp\/v2\/media\/904"}],"wp:attachment":[{"href":"https:\/\/www.fytofontana.com\/pl\/wp-json\/wp\/v2\/media?parent=3056"}],"wp:term":[{"taxonomy":"products","embeddable":true,"href":"https:\/\/www.fytofontana.com\/pl\/wp-json\/wp\/v2\/products?post=3056"}],"curies":[{"name":"wp","href":"https:\/\/api.w.org\/{rel}","templated":true}]}}