{"id":3049,"date":"2025-05-27T16:59:28","date_gmt":"2025-05-27T15:59:28","guid":{"rendered":"https:\/\/www.fytofontana.com\/?post_type=product&#038;p=3049"},"modified":"2025-08-01T12:12:48","modified_gmt":"2025-08-01T11:12:48","slug":"virostop-krople","status":"publish","type":"product","link":"https:\/\/www.fytofontana.com\/pl\/product\/virostop-krople\/","title":{"rendered":"VIROSTOP krople"},"content":{"rendered":"<div class=\"field field--name-field-subtitle field--type-string field--label-hidden field--item\"><strong>Suplement diety<\/strong><\/div>\n<p>Virostop krople zawieraj\u0105 unikaln\u0105 kombinacj\u0119 ro\u015blin:<\/p>\n<ul>\n<li>Cistus creticus to ro\u015blina znana z wysokiej zawarto\u015bci polifenoli. Dzia\u0142a jako naturalny antyoksydant (neutralizuje wolne rodniki),<\/li>\n<li>Echinacea purpurowa i Olejek mi\u0119towy korzystnie wp\u0142ywaj\u0105 na uk\u0142ad oddechowy i wspieraj\u0105 prawid\u0142owe funkcjonowanie g\u00f3rnych dr\u00f3g oddechowych<\/li>\n<li>Ekstrakt z pestek grejpfruta dzi\u0119ki swojemu silnemu dzia\u0142aniu antyoksydacyjnemu wspiera naturaln\u0105 detoksykacj\u0119 organizmu i pomaga utrzymywa\u0107 naturaln\u0105 r\u00f3wnowag\u0119 mikroflory jelitowej.<\/li>\n<\/ul>\n","protected":false},"featured_media":888,"template":"","products":[94],"yoast_head":"<title>VIROSTOP krople - Fytofontana<\/title>\n<meta name=\"robots\" content=\"index, follow, max-snippet:-1, max-image-preview:large, max-video-preview:-1\" \/>\n<link rel=\"canonical\" href=\"https:\/\/www.fytofontana.com\/pl\/product\/virostop-krople\/\" \/>\n<meta property=\"og:locale\" content=\"pl_PL\" \/>\n<meta property=\"og:type\" content=\"article\" \/>\n<meta property=\"og:title\" content=\"VIROSTOP krople - Fytofontana\" \/>\n<meta property=\"og:description\" content=\"Suplement diety Virostop krople zawieraj\u0105 unikaln\u0105 kombinacj\u0119 ro\u015blin: Cistus creticus to ro\u015blina znana z wysokiej zawarto\u015bci polifenoli. Dzia\u0142a jako naturalny antyoksydant (neutralizuje wolne rodniki), Echinacea purpurowa i Olejek mi\u0119towy korzystnie wp\u0142ywaj\u0105 na uk\u0142ad oddechowy i wspieraj\u0105 prawid\u0142owe funkcjonowanie g\u00f3rnych dr\u00f3g oddechowych Ekstrakt z pestek grejpfruta dzi\u0119ki swojemu silnemu dzia\u0142aniu antyoksydacyjnemu wspiera naturaln\u0105 detoksykacj\u0119 organizmu i &hellip; Continued\" \/>\n<meta property=\"og:url\" content=\"https:\/\/www.fytofontana.com\/pl\/product\/virostop-krople\/\" \/>\n<meta property=\"og:site_name\" content=\"Fytofontana\" \/>\n<meta property=\"article:modified_time\" content=\"2025-08-01T11:12:48+00:00\" \/>\n<meta property=\"og:image\" content=\"https:\/\/www.fytofontana.com\/wp-content\/uploads\/2020\/12\/039.png\" \/>\n\t<meta property=\"og:image:width\" content=\"3000\" \/>\n\t<meta property=\"og:image:height\" content=\"3000\" \/>\n<meta name=\"twitter:card\" content=\"summary_large_image\" \/>\n<meta name=\"twitter:label1\" content=\"Est. reading time\">\n\t<meta name=\"twitter:data1\" content=\"1 minuta\">\n<script type=\"application\/ld+json\" class=\"yoast-schema-graph\">{\"@context\":\"https:\/\/schema.org\",\"@graph\":[{\"@type\":\"Organization\",\"@id\":\"https:\/\/www.fytofontana.com\/#organization\",\"name\":\"Fytofontana\",\"url\":\"https:\/\/www.fytofontana.com\/\",\"sameAs\":[],\"logo\":{\"@type\":\"ImageObject\",\"@id\":\"https:\/\/www.fytofontana.com\/#logo\",\"inLanguage\":\"pl-PL\",\"url\":\"https:\/\/www.fytofontana.com\/wp-content\/uploads\/2021\/01\/fyto.png\",\"width\":817,\"height\":79,\"caption\":\"Fytofontana\"},\"image\":{\"@id\":\"https:\/\/www.fytofontana.com\/#logo\"}},{\"@type\":\"WebSite\",\"@id\":\"https:\/\/www.fytofontana.com\/#website\",\"url\":\"https:\/\/www.fytofontana.com\/\",\"name\":\"Fytofontana\",\"description\":\"\",\"publisher\":{\"@id\":\"https:\/\/www.fytofontana.com\/#organization\"},\"potentialAction\":[{\"@type\":\"SearchAction\",\"target\":\"https:\/\/www.fytofontana.com\/?s={search_term_string}\",\"query-input\":\"required name=search_term_string\"}],\"inLanguage\":\"pl-PL\"},{\"@type\":\"ImageObject\",\"@id\":\"https:\/\/www.fytofontana.com\/pl\/product\/virostop-krople\/#primaryimage\",\"inLanguage\":\"pl-PL\",\"url\":\"https:\/\/www.fytofontana.com\/wp-content\/uploads\/2020\/12\/039.png\",\"width\":3000,\"height\":3000},{\"@type\":[\"WebPage\",\"ItemPage\"],\"@id\":\"https:\/\/www.fytofontana.com\/pl\/product\/virostop-krople\/#webpage\",\"url\":\"https:\/\/www.fytofontana.com\/pl\/product\/virostop-krople\/\",\"name\":\"VIROSTOP krople - Fytofontana\",\"isPartOf\":{\"@id\":\"https:\/\/www.fytofontana.com\/#website\"},\"primaryImageOfPage\":{\"@id\":\"https:\/\/www.fytofontana.com\/pl\/product\/virostop-krople\/#primaryimage\"},\"datePublished\":\"2025-05-27T15:59:28+00:00\",\"dateModified\":\"2025-08-01T11:12:48+00:00\",\"breadcrumb\":{\"@id\":\"https:\/\/www.fytofontana.com\/pl\/product\/virostop-krople\/#breadcrumb\"},\"inLanguage\":\"pl-PL\",\"potentialAction\":[{\"@type\":\"ReadAction\",\"target\":[\"https:\/\/www.fytofontana.com\/pl\/product\/virostop-krople\/\"]}]},{\"@type\":\"BreadcrumbList\",\"@id\":\"https:\/\/www.fytofontana.com\/pl\/product\/virostop-krople\/#breadcrumb\",\"itemListElement\":[{\"@type\":\"ListItem\",\"position\":1,\"item\":{\"@type\":\"WebPage\",\"@id\":\"https:\/\/www.fytofontana.com\/pl\/\",\"url\":\"https:\/\/www.fytofontana.com\/pl\/\",\"name\":\"Home\"}},{\"@type\":\"ListItem\",\"position\":2,\"item\":{\"@type\":\"WebPage\",\"@id\":\"https:\/\/www.fytofontana.com\/pl\/product\/virostop-krople\/\",\"url\":\"https:\/\/www.fytofontana.com\/pl\/product\/virostop-krople\/\",\"name\":\"VIROSTOP krople\"}}]}]}<\/script>","_links":{"self":[{"href":"https:\/\/www.fytofontana.com\/pl\/wp-json\/wp\/v2\/product\/3049"}],"collection":[{"href":"https:\/\/www.fytofontana.com\/pl\/wp-json\/wp\/v2\/product"}],"about":[{"href":"https:\/\/www.fytofontana.com\/pl\/wp-json\/wp\/v2\/types\/product"}],"wp:featuredmedia":[{"embeddable":true,"href":"https:\/\/www.fytofontana.com\/pl\/wp-json\/wp\/v2\/media\/888"}],"wp:attachment":[{"href":"https:\/\/www.fytofontana.com\/pl\/wp-json\/wp\/v2\/media?parent=3049"}],"wp:term":[{"taxonomy":"products","embeddable":true,"href":"https:\/\/www.fytofontana.com\/pl\/wp-json\/wp\/v2\/products?post=3049"}],"curies":[{"name":"wp","href":"https:\/\/api.w.org\/{rel}","templated":true}]}}