{"id":3045,"date":"2025-05-27T13:48:05","date_gmt":"2025-05-27T12:48:05","guid":{"rendered":"https:\/\/www.fytofontana.com\/?post_type=product&#038;p=3045"},"modified":"2025-05-27T13:48:05","modified_gmt":"2025-05-27T12:48:05","slug":"syrop-v-stop-junior","status":"publish","type":"product","link":"https:\/\/www.fytofontana.com\/pl\/product\/syrop-v-stop-junior\/","title":{"rendered":"Syrop V-STOP JUNIOR, 3+"},"content":{"rendered":"<p><strong>Smak truskawkowy<\/strong><\/p>\n<ul>\n<li>Syrop dla dzieci\u00a0<strong>od 3 lat<\/strong>.<\/li>\n<li>Pokrywa b\u0142ony \u015bluzowe jamy ustnej\u00a0<strong>ochronn\u0105 warstw\u0105<\/strong>\u00a0wyci\u0105gu zio\u0142owego zawieraj\u0105cego czystek.<\/li>\n<li>Bioflawonoidy cytrusowe dzia\u0142aj\u0105 koj\u0105co i przyjemnie\u00a0<strong>na gard\u0142o, krta\u0144 i struny g\u0142osowe<\/strong>.<\/li>\n<li>Sza\u0142wia muszkato\u0142owa i je\u017c\u00f3wka purpurowa wspieraj\u0105\u00a0<strong>prawid\u0142owe funkcjonowanie uk\u0142adu oddechowego<\/strong>\u00a0i wspomagaj\u0105\u00a0<strong>naturaln\u0105 odporno\u015b\u0107<\/strong>.<\/li>\n<li>Suplement diety wykonany z opatentowanego wyci\u0105gu z pi\u0119ciu sk\u0142adnik\u00f3w zio\u0142owych.<\/li>\n<\/ul>\n","protected":false},"featured_media":3042,"template":"","products":[94],"yoast_head":"<title>Syrop V-STOP JUNIOR, 3+ - Fytofontana<\/title>\n<meta name=\"description\" content=\"Syrop dla dzieci od 3 lat. Zaleca si\u0119 rozpocz\u0119cie jego przyjmowania natychmiast przy pocz\u0105tkowych objawach infekcji g\u00f3rnych dr\u00f3g oddechowych (np. grypa, przezi\u0119bienie).\" \/>\n<meta name=\"robots\" content=\"index, follow, max-snippet:-1, max-image-preview:large, max-video-preview:-1\" \/>\n<link rel=\"canonical\" href=\"https:\/\/www.fytofontana.com\/pl\/product\/syrop-v-stop-junior\/\" \/>\n<meta property=\"og:locale\" content=\"pl_PL\" \/>\n<meta property=\"og:type\" content=\"article\" \/>\n<meta property=\"og:title\" content=\"Syrop V-STOP JUNIOR, 3+ - Fytofontana\" \/>\n<meta property=\"og:description\" content=\"Syrop dla dzieci od 3 lat. Zaleca si\u0119 rozpocz\u0119cie jego przyjmowania natychmiast przy pocz\u0105tkowych objawach infekcji g\u00f3rnych dr\u00f3g oddechowych (np. grypa, przezi\u0119bienie).\" \/>\n<meta property=\"og:url\" content=\"https:\/\/www.fytofontana.com\/pl\/product\/syrop-v-stop-junior\/\" \/>\n<meta property=\"og:site_name\" content=\"Fytofontana\" \/>\n<meta property=\"og:image\" content=\"https:\/\/www.fytofontana.com\/wp-content\/uploads\/2025\/05\/500x500_V-STOP_Syrup_JUNIOR_3_100ml-SKCZHU.png\" \/>\n\t<meta property=\"og:image:width\" content=\"500\" \/>\n\t<meta property=\"og:image:height\" content=\"500\" \/>\n<meta name=\"twitter:card\" content=\"summary_large_image\" \/>\n<meta name=\"twitter:label1\" content=\"Est. reading time\">\n\t<meta name=\"twitter:data1\" content=\"1 minuta\">\n<script type=\"application\/ld+json\" class=\"yoast-schema-graph\">{\"@context\":\"https:\/\/schema.org\",\"@graph\":[{\"@type\":\"Organization\",\"@id\":\"https:\/\/www.fytofontana.com\/#organization\",\"name\":\"Fytofontana\",\"url\":\"https:\/\/www.fytofontana.com\/\",\"sameAs\":[],\"logo\":{\"@type\":\"ImageObject\",\"@id\":\"https:\/\/www.fytofontana.com\/#logo\",\"inLanguage\":\"pl-PL\",\"url\":\"https:\/\/www.fytofontana.com\/wp-content\/uploads\/2021\/01\/fyto.png\",\"width\":817,\"height\":79,\"caption\":\"Fytofontana\"},\"image\":{\"@id\":\"https:\/\/www.fytofontana.com\/#logo\"}},{\"@type\":\"WebSite\",\"@id\":\"https:\/\/www.fytofontana.com\/#website\",\"url\":\"https:\/\/www.fytofontana.com\/\",\"name\":\"Fytofontana\",\"description\":\"\",\"publisher\":{\"@id\":\"https:\/\/www.fytofontana.com\/#organization\"},\"potentialAction\":[{\"@type\":\"SearchAction\",\"target\":\"https:\/\/www.fytofontana.com\/?s={search_term_string}\",\"query-input\":\"required name=search_term_string\"}],\"inLanguage\":\"pl-PL\"},{\"@type\":\"ImageObject\",\"@id\":\"https:\/\/www.fytofontana.com\/pl\/product\/syrop-v-stop-junior\/#primaryimage\",\"inLanguage\":\"pl-PL\",\"url\":\"https:\/\/www.fytofontana.com\/wp-content\/uploads\/2025\/05\/500x500_V-STOP_Syrup_JUNIOR_3_100ml-SKCZHU.png\",\"width\":500,\"height\":500},{\"@type\":[\"WebPage\",\"ItemPage\"],\"@id\":\"https:\/\/www.fytofontana.com\/pl\/product\/syrop-v-stop-junior\/#webpage\",\"url\":\"https:\/\/www.fytofontana.com\/pl\/product\/syrop-v-stop-junior\/\",\"name\":\"Syrop V-STOP JUNIOR, 3+ - Fytofontana\",\"isPartOf\":{\"@id\":\"https:\/\/www.fytofontana.com\/#website\"},\"primaryImageOfPage\":{\"@id\":\"https:\/\/www.fytofontana.com\/pl\/product\/syrop-v-stop-junior\/#primaryimage\"},\"datePublished\":\"2025-05-27T12:48:05+00:00\",\"dateModified\":\"2025-05-27T12:48:05+00:00\",\"description\":\"Syrop dla dzieci od 3 lat. Zaleca si\\u0119 rozpocz\\u0119cie jego przyjmowania natychmiast przy pocz\\u0105tkowych objawach infekcji g\\u00f3rnych dr\\u00f3g oddechowych (np. grypa, przezi\\u0119bienie).\",\"breadcrumb\":{\"@id\":\"https:\/\/www.fytofontana.com\/pl\/product\/syrop-v-stop-junior\/#breadcrumb\"},\"inLanguage\":\"pl-PL\",\"potentialAction\":[{\"@type\":\"ReadAction\",\"target\":[\"https:\/\/www.fytofontana.com\/pl\/product\/syrop-v-stop-junior\/\"]}]},{\"@type\":\"BreadcrumbList\",\"@id\":\"https:\/\/www.fytofontana.com\/pl\/product\/syrop-v-stop-junior\/#breadcrumb\",\"itemListElement\":[{\"@type\":\"ListItem\",\"position\":1,\"item\":{\"@type\":\"WebPage\",\"@id\":\"https:\/\/www.fytofontana.com\/pl\/\",\"url\":\"https:\/\/www.fytofontana.com\/pl\/\",\"name\":\"Home\"}},{\"@type\":\"ListItem\",\"position\":2,\"item\":{\"@type\":\"WebPage\",\"@id\":\"https:\/\/www.fytofontana.com\/pl\/product\/syrop-v-stop-junior\/\",\"url\":\"https:\/\/www.fytofontana.com\/pl\/product\/syrop-v-stop-junior\/\",\"name\":\"Syrop V-STOP JUNIOR, 3+\"}}]}]}<\/script>","_links":{"self":[{"href":"https:\/\/www.fytofontana.com\/pl\/wp-json\/wp\/v2\/product\/3045"}],"collection":[{"href":"https:\/\/www.fytofontana.com\/pl\/wp-json\/wp\/v2\/product"}],"about":[{"href":"https:\/\/www.fytofontana.com\/pl\/wp-json\/wp\/v2\/types\/product"}],"wp:featuredmedia":[{"embeddable":true,"href":"https:\/\/www.fytofontana.com\/pl\/wp-json\/wp\/v2\/media\/3042"}],"wp:attachment":[{"href":"https:\/\/www.fytofontana.com\/pl\/wp-json\/wp\/v2\/media?parent=3045"}],"wp:term":[{"taxonomy":"products","embeddable":true,"href":"https:\/\/www.fytofontana.com\/pl\/wp-json\/wp\/v2\/products?post=3045"}],"curies":[{"name":"wp","href":"https:\/\/api.w.org\/{rel}","templated":true}]}}