{"id":3034,"date":"2025-05-27T12:55:15","date_gmt":"2025-05-27T11:55:15","guid":{"rendered":"https:\/\/www.fytofontana.com\/?post_type=product&#038;p=3034"},"modified":"2025-05-27T12:55:15","modified_gmt":"2025-05-27T11:55:15","slug":"syrop-v-stop-kids","status":"publish","type":"product","link":"https:\/\/www.fytofontana.com\/pl\/product\/syrop-v-stop-kids\/","title":{"rendered":"Syrop V-STOP KIDS, 6m+"},"content":{"rendered":"<p><strong>Smak limonki<\/strong><\/p>\n<ul>\n<li>Syrop dla dzieci\u00a0<strong>od 6 miesi\u0105ca<\/strong>\u00a0\u017cycia.<\/li>\n<li>Pokrywa b\u0142ony \u015bluzowe jamy ustnej\u00a0<strong>ochronn\u0105 warstw\u0105<\/strong>\u00a0wyci\u0105gu zio\u0142owego zawieraj\u0105cego czystek.<\/li>\n<li>Bioflawonoidy cytrusowe maj\u0105 koj\u0105cy i przyjemny wp\u0142yw na\u00a0<strong>gard\u0142o i struny g\u0142osowe<\/strong>.<\/li>\n<li>Suplement diety wykonany z opatentowanego wyci\u0105gu z trzech sk\u0142adnik\u00f3w zio\u0142owych.<\/li>\n<\/ul>\n","protected":false},"featured_media":3031,"template":"","products":[94],"yoast_head":"<title>Syrop V-STOP KIDS, 6m+ - Fytofontana<\/title>\n<meta name=\"description\" content=\"Syrop dla dzieci od 6 miesi\u0105ca \u017cycia. Zaleca si\u0119 rozpocz\u0119cie jego przyjmowania natychmiast przy pocz\u0105tkowych objawach infekcji g\u00f3rnych dr\u00f3g oddechowych (np. grypa, przezi\u0119bienie).\" \/>\n<meta name=\"robots\" content=\"index, follow, max-snippet:-1, max-image-preview:large, max-video-preview:-1\" \/>\n<link rel=\"canonical\" href=\"https:\/\/www.fytofontana.com\/pl\/product\/syrop-v-stop-kids\/\" \/>\n<meta property=\"og:locale\" content=\"pl_PL\" \/>\n<meta property=\"og:type\" content=\"article\" \/>\n<meta property=\"og:title\" content=\"Syrop V-STOP KIDS, 6m+ - Fytofontana\" \/>\n<meta property=\"og:description\" content=\"Syrop dla dzieci od 6 miesi\u0105ca \u017cycia. Zaleca si\u0119 rozpocz\u0119cie jego przyjmowania natychmiast przy pocz\u0105tkowych objawach infekcji g\u00f3rnych dr\u00f3g oddechowych (np. grypa, przezi\u0119bienie).\" \/>\n<meta property=\"og:url\" content=\"https:\/\/www.fytofontana.com\/pl\/product\/syrop-v-stop-kids\/\" \/>\n<meta property=\"og:site_name\" content=\"Fytofontana\" \/>\n<meta property=\"og:image\" content=\"https:\/\/www.fytofontana.com\/wp-content\/uploads\/2025\/05\/500x500_V-STOP_Syrup_KIDS_6m_100ml-SKCZHU.png\" \/>\n\t<meta property=\"og:image:width\" content=\"500\" \/>\n\t<meta property=\"og:image:height\" content=\"500\" \/>\n<meta name=\"twitter:card\" content=\"summary_large_image\" \/>\n<meta name=\"twitter:label1\" content=\"Est. reading time\">\n\t<meta name=\"twitter:data1\" content=\"1 minuta\">\n<script type=\"application\/ld+json\" class=\"yoast-schema-graph\">{\"@context\":\"https:\/\/schema.org\",\"@graph\":[{\"@type\":\"Organization\",\"@id\":\"https:\/\/www.fytofontana.com\/#organization\",\"name\":\"Fytofontana\",\"url\":\"https:\/\/www.fytofontana.com\/\",\"sameAs\":[],\"logo\":{\"@type\":\"ImageObject\",\"@id\":\"https:\/\/www.fytofontana.com\/#logo\",\"inLanguage\":\"pl-PL\",\"url\":\"https:\/\/www.fytofontana.com\/wp-content\/uploads\/2021\/01\/fyto.png\",\"width\":817,\"height\":79,\"caption\":\"Fytofontana\"},\"image\":{\"@id\":\"https:\/\/www.fytofontana.com\/#logo\"}},{\"@type\":\"WebSite\",\"@id\":\"https:\/\/www.fytofontana.com\/#website\",\"url\":\"https:\/\/www.fytofontana.com\/\",\"name\":\"Fytofontana\",\"description\":\"\",\"publisher\":{\"@id\":\"https:\/\/www.fytofontana.com\/#organization\"},\"potentialAction\":[{\"@type\":\"SearchAction\",\"target\":\"https:\/\/www.fytofontana.com\/?s={search_term_string}\",\"query-input\":\"required name=search_term_string\"}],\"inLanguage\":\"pl-PL\"},{\"@type\":\"ImageObject\",\"@id\":\"https:\/\/www.fytofontana.com\/pl\/product\/syrop-v-stop-kids\/#primaryimage\",\"inLanguage\":\"pl-PL\",\"url\":\"https:\/\/www.fytofontana.com\/wp-content\/uploads\/2025\/05\/500x500_V-STOP_Syrup_KIDS_6m_100ml-SKCZHU.png\",\"width\":500,\"height\":500},{\"@type\":[\"WebPage\",\"ItemPage\"],\"@id\":\"https:\/\/www.fytofontana.com\/pl\/product\/syrop-v-stop-kids\/#webpage\",\"url\":\"https:\/\/www.fytofontana.com\/pl\/product\/syrop-v-stop-kids\/\",\"name\":\"Syrop V-STOP KIDS, 6m+ - Fytofontana\",\"isPartOf\":{\"@id\":\"https:\/\/www.fytofontana.com\/#website\"},\"primaryImageOfPage\":{\"@id\":\"https:\/\/www.fytofontana.com\/pl\/product\/syrop-v-stop-kids\/#primaryimage\"},\"datePublished\":\"2025-05-27T11:55:15+00:00\",\"dateModified\":\"2025-05-27T11:55:15+00:00\",\"description\":\"Syrop dla dzieci od 6 miesi\\u0105ca \\u017cycia. Zaleca si\\u0119 rozpocz\\u0119cie jego przyjmowania natychmiast przy pocz\\u0105tkowych objawach infekcji g\\u00f3rnych dr\\u00f3g oddechowych (np. grypa, przezi\\u0119bienie).\",\"breadcrumb\":{\"@id\":\"https:\/\/www.fytofontana.com\/pl\/product\/syrop-v-stop-kids\/#breadcrumb\"},\"inLanguage\":\"pl-PL\",\"potentialAction\":[{\"@type\":\"ReadAction\",\"target\":[\"https:\/\/www.fytofontana.com\/pl\/product\/syrop-v-stop-kids\/\"]}]},{\"@type\":\"BreadcrumbList\",\"@id\":\"https:\/\/www.fytofontana.com\/pl\/product\/syrop-v-stop-kids\/#breadcrumb\",\"itemListElement\":[{\"@type\":\"ListItem\",\"position\":1,\"item\":{\"@type\":\"WebPage\",\"@id\":\"https:\/\/www.fytofontana.com\/pl\/\",\"url\":\"https:\/\/www.fytofontana.com\/pl\/\",\"name\":\"Home\"}},{\"@type\":\"ListItem\",\"position\":2,\"item\":{\"@type\":\"WebPage\",\"@id\":\"https:\/\/www.fytofontana.com\/pl\/product\/syrop-v-stop-kids\/\",\"url\":\"https:\/\/www.fytofontana.com\/pl\/product\/syrop-v-stop-kids\/\",\"name\":\"Syrop V-STOP KIDS, 6m+\"}}]}]}<\/script>","_links":{"self":[{"href":"https:\/\/www.fytofontana.com\/pl\/wp-json\/wp\/v2\/product\/3034"}],"collection":[{"href":"https:\/\/www.fytofontana.com\/pl\/wp-json\/wp\/v2\/product"}],"about":[{"href":"https:\/\/www.fytofontana.com\/pl\/wp-json\/wp\/v2\/types\/product"}],"wp:featuredmedia":[{"embeddable":true,"href":"https:\/\/www.fytofontana.com\/pl\/wp-json\/wp\/v2\/media\/3031"}],"wp:attachment":[{"href":"https:\/\/www.fytofontana.com\/pl\/wp-json\/wp\/v2\/media?parent=3034"}],"wp:term":[{"taxonomy":"products","embeddable":true,"href":"https:\/\/www.fytofontana.com\/pl\/wp-json\/wp\/v2\/products?post=3034"}],"curies":[{"name":"wp","href":"https:\/\/api.w.org\/{rel}","templated":true}]}}