{"id":3022,"date":"2025-05-27T08:56:46","date_gmt":"2025-05-27T07:56:46","guid":{"rendered":"https:\/\/www.fytofontana.com\/?post_type=product&#038;p=3022"},"modified":"2025-10-14T11:23:21","modified_gmt":"2025-10-14T10:23:21","slug":"virostop-pastylki","status":"publish","type":"product","link":"https:\/\/www.fytofontana.com\/pl\/product\/virostop-pastylki\/","title":{"rendered":"VIROSTOP pastylki"},"content":{"rendered":"<p><strong>Smak owoce le\u015bne, cytrusowy, mi\u0119ta<\/strong><\/p>\n<ul>\n<li><b>Wyr\u00f3b<\/b> <b>medyczny<\/b><b> z <\/b><b>certyfikatem<\/b><b> MDR <\/b><b>przeciwko<\/b> <b>wirusom<\/b> (UE 2017\/745).<\/li>\n<li>Pastylki przeciwko\u00a0<strong>grypie i przezi\u0119bieniu<\/strong>.<\/li>\n<li><strong>Pierwszy certyfikowany<\/strong>\u00a0preparat dost\u0119pny bez recepty o dzia\u0142aniu przeciwwirusowym.<\/li>\n<li>Klinicznie potwierdzone\u00a0<strong>dzia\u0142anie przeciwwirusowe<\/strong>\u00a0ekstraktu pi\u0119ciu zio\u0142owych sk\u0142adnik\u00f3w zawieraj\u0105cych czystka krete\u0144skiego.<\/li>\n<li>Pastylki tworz\u0105<strong>\u00a0ochronn\u0105 pow\u0142ok\u0119<\/strong>\u00a0w jamie ustnej i gardle, zapobiegaj\u0105c w ten spos\u00f3b przedostawaniu si\u0119 wirus\u00f3w do organizmu i ich namna\u017caniu.<\/li>\n<li>Zapobiega rozwojowi i \u0142agodzi objawy ostrej infekcji g\u00f3rnych dr\u00f3g oddechowych, zw\u0142aszcza\u00a0<strong>grypy i przezi\u0119bienia<\/strong>.<\/li>\n<li><strong>Skracaj\u0105<\/strong>\u00a0czas trwania objaw\u00f3w.<\/li>\n<li>Zarejestrowane jako wyr\u00f3b medyczny o\u00a0<strong>innowacyjnym mechanizmie dzia\u0142ania<\/strong>.<\/li>\n<\/ul>\n<p><span class=\"Apple-converted-space\">\u00a0<\/span><\/p>\n","protected":false},"featured_media":3019,"template":"","products":[94],"yoast_head":"<title>VIROSTOP pastylki - Fytofontana<\/title>\n<meta name=\"description\" content=\"Pastylki przeciwko grypie i przezi\u0119bieniu. Klinicznie potwierdzone dzia\u0142anie przeciwwirusowe ekstraktu pi\u0119ciu zio\u0142owych sk\u0142adnik\u00f3w zawieraj\u0105cych czystka krete\u0144skiego.\" \/>\n<meta name=\"robots\" content=\"index, follow, max-snippet:-1, max-image-preview:large, max-video-preview:-1\" \/>\n<link rel=\"canonical\" href=\"https:\/\/www.fytofontana.com\/pl\/product\/virostop-pastylki\/\" \/>\n<meta property=\"og:locale\" content=\"pl_PL\" \/>\n<meta property=\"og:type\" content=\"article\" \/>\n<meta property=\"og:title\" content=\"VIROSTOP pastylki - Fytofontana\" \/>\n<meta property=\"og:description\" content=\"Pastylki przeciwko grypie i przezi\u0119bieniu. Klinicznie potwierdzone dzia\u0142anie przeciwwirusowe ekstraktu pi\u0119ciu zio\u0142owych sk\u0142adnik\u00f3w zawieraj\u0105cych czystka krete\u0144skiego.\" \/>\n<meta property=\"og:url\" content=\"https:\/\/www.fytofontana.com\/pl\/product\/virostop-pastylki\/\" \/>\n<meta property=\"og:site_name\" content=\"Fytofontana\" \/>\n<meta property=\"article:modified_time\" content=\"2025-10-14T10:23:21+00:00\" \/>\n<meta property=\"og:image\" content=\"https:\/\/www.fytofontana.com\/wp-content\/uploads\/2025\/05\/pastilky-SKCZHUPL-3zostava_600x600_res.png\" \/>\n\t<meta property=\"og:image:width\" content=\"455\" \/>\n\t<meta property=\"og:image:height\" content=\"455\" \/>\n<meta name=\"twitter:card\" content=\"summary_large_image\" \/>\n<meta name=\"twitter:label1\" content=\"Est. reading time\">\n\t<meta name=\"twitter:data1\" content=\"1 minuta\">\n<script type=\"application\/ld+json\" class=\"yoast-schema-graph\">{\"@context\":\"https:\/\/schema.org\",\"@graph\":[{\"@type\":\"Organization\",\"@id\":\"https:\/\/www.fytofontana.com\/#organization\",\"name\":\"Fytofontana\",\"url\":\"https:\/\/www.fytofontana.com\/\",\"sameAs\":[],\"logo\":{\"@type\":\"ImageObject\",\"@id\":\"https:\/\/www.fytofontana.com\/#logo\",\"inLanguage\":\"pl-PL\",\"url\":\"https:\/\/www.fytofontana.com\/wp-content\/uploads\/2021\/01\/fyto.png\",\"width\":817,\"height\":79,\"caption\":\"Fytofontana\"},\"image\":{\"@id\":\"https:\/\/www.fytofontana.com\/#logo\"}},{\"@type\":\"WebSite\",\"@id\":\"https:\/\/www.fytofontana.com\/#website\",\"url\":\"https:\/\/www.fytofontana.com\/\",\"name\":\"Fytofontana\",\"description\":\"\",\"publisher\":{\"@id\":\"https:\/\/www.fytofontana.com\/#organization\"},\"potentialAction\":[{\"@type\":\"SearchAction\",\"target\":\"https:\/\/www.fytofontana.com\/?s={search_term_string}\",\"query-input\":\"required name=search_term_string\"}],\"inLanguage\":\"pl-PL\"},{\"@type\":\"ImageObject\",\"@id\":\"https:\/\/www.fytofontana.com\/pl\/product\/virostop-pastylki\/#primaryimage\",\"inLanguage\":\"pl-PL\",\"url\":\"https:\/\/www.fytofontana.com\/wp-content\/uploads\/2025\/05\/pastilky-SKCZHUPL-3zostava_600x600_res.png\",\"width\":455,\"height\":455},{\"@type\":[\"WebPage\",\"ItemPage\"],\"@id\":\"https:\/\/www.fytofontana.com\/pl\/product\/virostop-pastylki\/#webpage\",\"url\":\"https:\/\/www.fytofontana.com\/pl\/product\/virostop-pastylki\/\",\"name\":\"VIROSTOP pastylki - Fytofontana\",\"isPartOf\":{\"@id\":\"https:\/\/www.fytofontana.com\/#website\"},\"primaryImageOfPage\":{\"@id\":\"https:\/\/www.fytofontana.com\/pl\/product\/virostop-pastylki\/#primaryimage\"},\"datePublished\":\"2025-05-27T07:56:46+00:00\",\"dateModified\":\"2025-10-14T10:23:21+00:00\",\"description\":\"Pastylki przeciwko grypie i przezi\\u0119bieniu. Klinicznie potwierdzone dzia\\u0142anie przeciwwirusowe ekstraktu pi\\u0119ciu zio\\u0142owych sk\\u0142adnik\\u00f3w zawieraj\\u0105cych czystka krete\\u0144skiego.\",\"breadcrumb\":{\"@id\":\"https:\/\/www.fytofontana.com\/pl\/product\/virostop-pastylki\/#breadcrumb\"},\"inLanguage\":\"pl-PL\",\"potentialAction\":[{\"@type\":\"ReadAction\",\"target\":[\"https:\/\/www.fytofontana.com\/pl\/product\/virostop-pastylki\/\"]}]},{\"@type\":\"BreadcrumbList\",\"@id\":\"https:\/\/www.fytofontana.com\/pl\/product\/virostop-pastylki\/#breadcrumb\",\"itemListElement\":[{\"@type\":\"ListItem\",\"position\":1,\"item\":{\"@type\":\"WebPage\",\"@id\":\"https:\/\/www.fytofontana.com\/pl\/\",\"url\":\"https:\/\/www.fytofontana.com\/pl\/\",\"name\":\"Home\"}},{\"@type\":\"ListItem\",\"position\":2,\"item\":{\"@type\":\"WebPage\",\"@id\":\"https:\/\/www.fytofontana.com\/pl\/product\/virostop-pastylki\/\",\"url\":\"https:\/\/www.fytofontana.com\/pl\/product\/virostop-pastylki\/\",\"name\":\"VIROSTOP pastylki\"}}]}]}<\/script>","_links":{"self":[{"href":"https:\/\/www.fytofontana.com\/pl\/wp-json\/wp\/v2\/product\/3022"}],"collection":[{"href":"https:\/\/www.fytofontana.com\/pl\/wp-json\/wp\/v2\/product"}],"about":[{"href":"https:\/\/www.fytofontana.com\/pl\/wp-json\/wp\/v2\/types\/product"}],"wp:featuredmedia":[{"embeddable":true,"href":"https:\/\/www.fytofontana.com\/pl\/wp-json\/wp\/v2\/media\/3019"}],"wp:attachment":[{"href":"https:\/\/www.fytofontana.com\/pl\/wp-json\/wp\/v2\/media?parent=3022"}],"wp:term":[{"taxonomy":"products","embeddable":true,"href":"https:\/\/www.fytofontana.com\/pl\/wp-json\/wp\/v2\/products?post=3022"}],"curies":[{"name":"wp","href":"https:\/\/api.w.org\/{rel}","templated":true}]}}