{"id":3002,"date":"2025-05-27T07:30:49","date_gmt":"2025-05-27T06:30:49","guid":{"rendered":"https:\/\/www.fytofontana.com\/?post_type=product&#038;p=3002"},"modified":"2025-10-14T11:30:37","modified_gmt":"2025-10-14T10:30:37","slug":"virostop-spray-do-nosa","status":"publish","type":"product","link":"https:\/\/www.fytofontana.com\/pl\/product\/virostop-spray-do-nosa\/","title":{"rendered":"VIROSTOP spray do nosa"},"content":{"rendered":"<div class=\"field field--name-field-subtitle field--type-string field--label-hidden field--item\">\n<ul>\n<li><b>Wyr\u00f3b<\/b> <b>medyczny<\/b><b> z <\/b><b>certyfikatem<\/b><b> MDR <\/b><b>przeciwko<\/b> <b>wirusom<\/b> (UE 2017\/745).<\/li>\n<li>Spray do nosa na\u00a0<strong>gryp\u0119, przezi\u0119bienie i nie\u017cyt nosa<\/strong>.<\/li>\n<li><strong>Pierwszy certyfikowany<\/strong>\u00a0preparat dost\u0119pny bez recepty o dzia\u0142aniu przeciwwirusowym.<\/li>\n<li>Klinicznie potwierdzone\u00a0<strong>dzia\u0142anie przeciwwirusowe<\/strong>\u00a0ekstraktu pi\u0119ciu zio\u0142owych sk\u0142adnik\u00f3w zawieraj\u0105cych czystka krete\u0144skiego.<\/li>\n<li>Spray do nosa tworzy\u00a0<strong>ochronn\u0105 pow\u0142ok\u0119<\/strong>\u00a0na b\u0142onie \u015bluzowej jamy nosowej, zapobiegaj\u0105c w ten spos\u00f3b przedostawaniu si\u0119 wirus\u00f3w do organizmu i ich namna\u017caniu.<\/li>\n<li>Zapobiega rozwojowi infekcji, zw\u0142aszcza\u00a0<strong>grypy, przezi\u0119bienia i nie\u017cytu nosa<\/strong>.<\/li>\n<li>\u0141agodzi objawy ostrej infekcji g\u00f3rnych dr\u00f3g oddechowych, zw\u0142aszcza\u00a0<strong>kichanie, katar i zatkany nos<\/strong>.<\/li>\n<li><strong>Skraca<\/strong>\u00a0czas trwania objaw\u00f3w.<\/li>\n<li>Poprawia oddychanie przez nos, aktywnie oczyszcza jam\u0119 nosow\u0105, nawil\u017ca b\u0142on\u0119 \u015bluzow\u0105 nosa i tym samym zapobiega jej wysychaniu.<\/li>\n<li>Zarejestrowany jako wyr\u00f3b medyczny o\u00a0<strong>innowacyjnym mechanizmie dzia\u0142ania<\/strong>.<\/li>\n<\/ul>\n<\/div>\n","protected":false},"featured_media":2873,"template":"","products":[94],"yoast_head":"<title>VIROSTOP spray do nosa - Fytofontana<\/title>\n<meta name=\"description\" content=\"Spray do nosa na gryp\u0119, przezi\u0119bienie i nie\u017cyt nosa. Klinicznie potwierdzone dzia\u0142anie przeciwwirusowe ekstraktu pi\u0119ciu zio\u0142owych sk\u0142adnik\u00f3w zawieraj\u0105cych czystka krete\u0144skiego.\" \/>\n<meta name=\"robots\" content=\"index, follow, max-snippet:-1, max-image-preview:large, max-video-preview:-1\" \/>\n<link rel=\"canonical\" href=\"https:\/\/www.fytofontana.com\/pl\/product\/virostop-spray-do-nosa\/\" \/>\n<meta property=\"og:locale\" content=\"pl_PL\" \/>\n<meta property=\"og:type\" content=\"article\" \/>\n<meta property=\"og:title\" content=\"VIROSTOP spray do nosa - Fytofontana\" \/>\n<meta property=\"og:description\" content=\"Spray do nosa na gryp\u0119, przezi\u0119bienie i nie\u017cyt nosa. Klinicznie potwierdzone dzia\u0142anie przeciwwirusowe ekstraktu pi\u0119ciu zio\u0142owych sk\u0142adnik\u00f3w zawieraj\u0105cych czystka krete\u0144skiego.\" \/>\n<meta property=\"og:url\" content=\"https:\/\/www.fytofontana.com\/pl\/product\/virostop-spray-do-nosa\/\" \/>\n<meta property=\"og:site_name\" content=\"Fytofontana\" \/>\n<meta property=\"article:modified_time\" content=\"2025-10-14T10:30:37+00:00\" \/>\n<meta property=\"og:image\" content=\"https:\/\/www.fytofontana.com\/wp-content\/uploads\/2025\/05\/400x400_VIROSTOP-NASAL-SPRAY-20ml-HUPL_sestava.png\" \/>\n\t<meta property=\"og:image:width\" content=\"500\" \/>\n\t<meta property=\"og:image:height\" content=\"500\" \/>\n<meta name=\"twitter:card\" content=\"summary_large_image\" \/>\n<meta name=\"twitter:label1\" content=\"Est. reading time\">\n\t<meta name=\"twitter:data1\" content=\"1 minuta\">\n<script type=\"application\/ld+json\" class=\"yoast-schema-graph\">{\"@context\":\"https:\/\/schema.org\",\"@graph\":[{\"@type\":\"Organization\",\"@id\":\"https:\/\/www.fytofontana.com\/#organization\",\"name\":\"Fytofontana\",\"url\":\"https:\/\/www.fytofontana.com\/\",\"sameAs\":[],\"logo\":{\"@type\":\"ImageObject\",\"@id\":\"https:\/\/www.fytofontana.com\/#logo\",\"inLanguage\":\"pl-PL\",\"url\":\"https:\/\/www.fytofontana.com\/wp-content\/uploads\/2021\/01\/fyto.png\",\"width\":817,\"height\":79,\"caption\":\"Fytofontana\"},\"image\":{\"@id\":\"https:\/\/www.fytofontana.com\/#logo\"}},{\"@type\":\"WebSite\",\"@id\":\"https:\/\/www.fytofontana.com\/#website\",\"url\":\"https:\/\/www.fytofontana.com\/\",\"name\":\"Fytofontana\",\"description\":\"\",\"publisher\":{\"@id\":\"https:\/\/www.fytofontana.com\/#organization\"},\"potentialAction\":[{\"@type\":\"SearchAction\",\"target\":\"https:\/\/www.fytofontana.com\/?s={search_term_string}\",\"query-input\":\"required name=search_term_string\"}],\"inLanguage\":\"pl-PL\"},{\"@type\":\"ImageObject\",\"@id\":\"https:\/\/www.fytofontana.com\/pl\/product\/virostop-spray-do-nosa\/#primaryimage\",\"inLanguage\":\"pl-PL\",\"url\":\"https:\/\/www.fytofontana.com\/wp-content\/uploads\/2025\/05\/400x400_VIROSTOP-NASAL-SPRAY-20ml-HUPL_sestava.png\",\"width\":500,\"height\":500,\"caption\":\"VIROSTOP spray do nosa 20 ml\"},{\"@type\":[\"WebPage\",\"ItemPage\"],\"@id\":\"https:\/\/www.fytofontana.com\/pl\/product\/virostop-spray-do-nosa\/#webpage\",\"url\":\"https:\/\/www.fytofontana.com\/pl\/product\/virostop-spray-do-nosa\/\",\"name\":\"VIROSTOP spray do nosa - Fytofontana\",\"isPartOf\":{\"@id\":\"https:\/\/www.fytofontana.com\/#website\"},\"primaryImageOfPage\":{\"@id\":\"https:\/\/www.fytofontana.com\/pl\/product\/virostop-spray-do-nosa\/#primaryimage\"},\"datePublished\":\"2025-05-27T06:30:49+00:00\",\"dateModified\":\"2025-10-14T10:30:37+00:00\",\"description\":\"Spray do nosa na gryp\\u0119, przezi\\u0119bienie i nie\\u017cyt nosa. Klinicznie potwierdzone dzia\\u0142anie przeciwwirusowe ekstraktu pi\\u0119ciu zio\\u0142owych sk\\u0142adnik\\u00f3w zawieraj\\u0105cych czystka krete\\u0144skiego.\",\"breadcrumb\":{\"@id\":\"https:\/\/www.fytofontana.com\/pl\/product\/virostop-spray-do-nosa\/#breadcrumb\"},\"inLanguage\":\"pl-PL\",\"potentialAction\":[{\"@type\":\"ReadAction\",\"target\":[\"https:\/\/www.fytofontana.com\/pl\/product\/virostop-spray-do-nosa\/\"]}]},{\"@type\":\"BreadcrumbList\",\"@id\":\"https:\/\/www.fytofontana.com\/pl\/product\/virostop-spray-do-nosa\/#breadcrumb\",\"itemListElement\":[{\"@type\":\"ListItem\",\"position\":1,\"item\":{\"@type\":\"WebPage\",\"@id\":\"https:\/\/www.fytofontana.com\/pl\/\",\"url\":\"https:\/\/www.fytofontana.com\/pl\/\",\"name\":\"Home\"}},{\"@type\":\"ListItem\",\"position\":2,\"item\":{\"@type\":\"WebPage\",\"@id\":\"https:\/\/www.fytofontana.com\/pl\/product\/virostop-spray-do-nosa\/\",\"url\":\"https:\/\/www.fytofontana.com\/pl\/product\/virostop-spray-do-nosa\/\",\"name\":\"VIROSTOP spray do nosa\"}}]}]}<\/script>","_links":{"self":[{"href":"https:\/\/www.fytofontana.com\/pl\/wp-json\/wp\/v2\/product\/3002"}],"collection":[{"href":"https:\/\/www.fytofontana.com\/pl\/wp-json\/wp\/v2\/product"}],"about":[{"href":"https:\/\/www.fytofontana.com\/pl\/wp-json\/wp\/v2\/types\/product"}],"wp:featuredmedia":[{"embeddable":true,"href":"https:\/\/www.fytofontana.com\/pl\/wp-json\/wp\/v2\/media\/2873"}],"wp:attachment":[{"href":"https:\/\/www.fytofontana.com\/pl\/wp-json\/wp\/v2\/media?parent=3002"}],"wp:term":[{"taxonomy":"products","embeddable":true,"href":"https:\/\/www.fytofontana.com\/pl\/wp-json\/wp\/v2\/products?post=3002"}],"curies":[{"name":"wp","href":"https:\/\/api.w.org\/{rel}","templated":true}]}}