{"id":2968,"date":"2025-05-26T20:20:18","date_gmt":"2025-05-26T19:20:18","guid":{"rendered":"https:\/\/www.fytofontana.com\/?post_type=product&#038;p=2968"},"modified":"2025-10-14T11:34:10","modified_gmt":"2025-10-14T10:34:10","slug":"virostop-spray-do-ust","status":"publish","type":"product","link":"https:\/\/www.fytofontana.com\/pl\/product\/virostop-spray-do-ust\/","title":{"rendered":"VIROSTOP spray do ust"},"content":{"rendered":"<ul>\n<li><b>Wyr\u00f3b<\/b> <b>medyczny<\/b><b> z <\/b><b>certyfikatem<\/b><b> MDR <\/b><b>przeciwko<\/b> <b>wirusom<\/b> (UE 2017\/745).<\/li>\n<li>Spray do stosowania w jamie ustnej przeciwko\u00a0<strong>grypie i przezi\u0119bieniu<\/strong>.<\/li>\n<li><strong>Pierwszy certyfikowany<\/strong>\u00a0preparat dost\u0119pny bez recepty o dzia\u0142aniu przeciwwirusowym.<\/li>\n<li>Klinicznie potwierdzone\u00a0<strong>dzia\u0142anie przeciwwirusowe<\/strong>\u00a0ekstraktu pi\u0119ciu zio\u0142owych sk\u0142adnik\u00f3w zawieraj\u0105cych czystka krete\u0144skiego.<\/li>\n<li>Spray do stosowania w jamie ustnej tworzy\u00a0<strong>ochronn\u0105 pow\u0142ok\u0119<\/strong>\u00a0w jamie ustnej i gardle, zapobiegaj\u0105c w ten spos\u00f3b przedostawaniu si\u0119 wirus\u00f3w do organizmu i ich namna\u017caniu.<\/li>\n<li>Zapobiega rozwojowi i \u0142agodzi objawy\u00a0<strong>ostrej infekcji g\u00f3rnych dr\u00f3g oddechowych,<\/strong>\u00a0zw\u0142aszcza grypy i przezi\u0119bienia.<\/li>\n<li><strong>Skraca<\/strong>\u00a0czas trwania objaw\u00f3w.<\/li>\n<li>Spray \u00a0\u0142atwo i r\u00f3wnomiernie rozprowadza roztw\u00f3r na ca\u0142ej b\u0142onie \u015bluzowej.<\/li>\n<li>Ma przyjemny mi\u0119towo &#8211; zio\u0142owy smak.<\/li>\n<li>Zarejestrowane jako wyr\u00f3b medyczny o\u00a0<strong>innowacyjnym mechanizmie dzia\u0142ania.<\/strong><\/li>\n<\/ul>\n","protected":false},"featured_media":2973,"template":"","products":[94],"yoast_head":"<title>VIROSTOP spray do ust - Fytofontana<\/title>\n<meta name=\"description\" content=\"Pierwszy certyfikowany, dost\u0119pny bez recepty preparat przeciw wirusom, zw\u0142aszcza przeciw grypie, przezi\u0119bieniu i katarowi.\" \/>\n<meta name=\"robots\" content=\"index, follow, max-snippet:-1, max-image-preview:large, max-video-preview:-1\" \/>\n<link rel=\"canonical\" href=\"https:\/\/www.fytofontana.com\/pl\/product\/virostop-spray-do-ust\/\" \/>\n<meta property=\"og:locale\" content=\"pl_PL\" \/>\n<meta property=\"og:type\" content=\"article\" \/>\n<meta property=\"og:title\" content=\"VIROSTOP spray do ust - Fytofontana\" \/>\n<meta property=\"og:description\" content=\"Pierwszy certyfikowany, dost\u0119pny bez recepty preparat przeciw wirusom, zw\u0142aszcza przeciw grypie, przezi\u0119bieniu i katarowi.\" \/>\n<meta property=\"og:url\" content=\"https:\/\/www.fytofontana.com\/pl\/product\/virostop-spray-do-ust\/\" \/>\n<meta property=\"og:site_name\" content=\"Fytofontana\" \/>\n<meta property=\"article:modified_time\" content=\"2025-10-14T10:34:10+00:00\" \/>\n<meta property=\"og:image\" content=\"https:\/\/www.fytofontana.com\/wp-content\/uploads\/2025\/05\/500x500_VIROSTOP_ORAL-SPRAY-30ml-HUPL.png\" \/>\n\t<meta property=\"og:image:width\" content=\"500\" \/>\n\t<meta property=\"og:image:height\" content=\"500\" \/>\n<meta name=\"twitter:card\" content=\"summary_large_image\" \/>\n<meta name=\"twitter:label1\" content=\"Est. reading time\">\n\t<meta name=\"twitter:data1\" content=\"1 minuta\">\n<script type=\"application\/ld+json\" class=\"yoast-schema-graph\">{\"@context\":\"https:\/\/schema.org\",\"@graph\":[{\"@type\":\"Organization\",\"@id\":\"https:\/\/www.fytofontana.com\/#organization\",\"name\":\"Fytofontana\",\"url\":\"https:\/\/www.fytofontana.com\/\",\"sameAs\":[],\"logo\":{\"@type\":\"ImageObject\",\"@id\":\"https:\/\/www.fytofontana.com\/#logo\",\"inLanguage\":\"pl-PL\",\"url\":\"https:\/\/www.fytofontana.com\/wp-content\/uploads\/2021\/01\/fyto.png\",\"width\":817,\"height\":79,\"caption\":\"Fytofontana\"},\"image\":{\"@id\":\"https:\/\/www.fytofontana.com\/#logo\"}},{\"@type\":\"WebSite\",\"@id\":\"https:\/\/www.fytofontana.com\/#website\",\"url\":\"https:\/\/www.fytofontana.com\/\",\"name\":\"Fytofontana\",\"description\":\"\",\"publisher\":{\"@id\":\"https:\/\/www.fytofontana.com\/#organization\"},\"potentialAction\":[{\"@type\":\"SearchAction\",\"target\":\"https:\/\/www.fytofontana.com\/?s={search_term_string}\",\"query-input\":\"required name=search_term_string\"}],\"inLanguage\":\"pl-PL\"},{\"@type\":\"ImageObject\",\"@id\":\"https:\/\/www.fytofontana.com\/pl\/product\/virostop-spray-do-ust\/#primaryimage\",\"inLanguage\":\"pl-PL\",\"url\":\"https:\/\/www.fytofontana.com\/wp-content\/uploads\/2025\/05\/500x500_VIROSTOP_ORAL-SPRAY-30ml-HUPL.png\",\"width\":500,\"height\":500},{\"@type\":[\"WebPage\",\"ItemPage\"],\"@id\":\"https:\/\/www.fytofontana.com\/pl\/product\/virostop-spray-do-ust\/#webpage\",\"url\":\"https:\/\/www.fytofontana.com\/pl\/product\/virostop-spray-do-ust\/\",\"name\":\"VIROSTOP spray do ust - Fytofontana\",\"isPartOf\":{\"@id\":\"https:\/\/www.fytofontana.com\/#website\"},\"primaryImageOfPage\":{\"@id\":\"https:\/\/www.fytofontana.com\/pl\/product\/virostop-spray-do-ust\/#primaryimage\"},\"datePublished\":\"2025-05-26T19:20:18+00:00\",\"dateModified\":\"2025-10-14T10:34:10+00:00\",\"description\":\"Pierwszy certyfikowany, dost\\u0119pny bez recepty preparat przeciw wirusom, zw\\u0142aszcza przeciw grypie, przezi\\u0119bieniu i katarowi.\",\"breadcrumb\":{\"@id\":\"https:\/\/www.fytofontana.com\/pl\/product\/virostop-spray-do-ust\/#breadcrumb\"},\"inLanguage\":\"pl-PL\",\"potentialAction\":[{\"@type\":\"ReadAction\",\"target\":[\"https:\/\/www.fytofontana.com\/pl\/product\/virostop-spray-do-ust\/\"]}]},{\"@type\":\"BreadcrumbList\",\"@id\":\"https:\/\/www.fytofontana.com\/pl\/product\/virostop-spray-do-ust\/#breadcrumb\",\"itemListElement\":[{\"@type\":\"ListItem\",\"position\":1,\"item\":{\"@type\":\"WebPage\",\"@id\":\"https:\/\/www.fytofontana.com\/pl\/\",\"url\":\"https:\/\/www.fytofontana.com\/pl\/\",\"name\":\"Home\"}},{\"@type\":\"ListItem\",\"position\":2,\"item\":{\"@type\":\"WebPage\",\"@id\":\"https:\/\/www.fytofontana.com\/pl\/product\/virostop-spray-do-ust\/\",\"url\":\"https:\/\/www.fytofontana.com\/pl\/product\/virostop-spray-do-ust\/\",\"name\":\"VIROSTOP spray do ust\"}}]}]}<\/script>","_links":{"self":[{"href":"https:\/\/www.fytofontana.com\/pl\/wp-json\/wp\/v2\/product\/2968"}],"collection":[{"href":"https:\/\/www.fytofontana.com\/pl\/wp-json\/wp\/v2\/product"}],"about":[{"href":"https:\/\/www.fytofontana.com\/pl\/wp-json\/wp\/v2\/types\/product"}],"wp:featuredmedia":[{"embeddable":true,"href":"https:\/\/www.fytofontana.com\/pl\/wp-json\/wp\/v2\/media\/2973"}],"wp:attachment":[{"href":"https:\/\/www.fytofontana.com\/pl\/wp-json\/wp\/v2\/media?parent=2968"}],"wp:term":[{"taxonomy":"products","embeddable":true,"href":"https:\/\/www.fytofontana.com\/pl\/wp-json\/wp\/v2\/products?post=2968"}],"curies":[{"name":"wp","href":"https:\/\/api.w.org\/{rel}","templated":true}]}}