{"id":2862,"date":"2025-05-01T20:42:45","date_gmt":"2025-05-01T19:42:45","guid":{"rendered":"https:\/\/www.fytofontana.com\/?page_id=2862"},"modified":"2025-09-25T14:53:30","modified_gmt":"2025-09-25T13:53:30","slug":"produkty","status":"publish","type":"page","link":"https:\/\/www.fytofontana.com\/pl\/produkty\/","title":{"rendered":"Produkty"},"content":{"rendered":"\n<p>Zdrowie i dobre samopoczucie s\u0105 naszym priorytetem. Wierzymy w si\u0142\u0119 naturalnych sk\u0142adnik\u00f3w tak samo jak w nauk\u0119, dlatego nasze marki stanowi\u0105 doskona\u0142e po\u0142\u0105czenie tych dw\u00f3ch element\u00f3w.<\/p>\n\n\n<section class=\"section-bestsellers container py-10 lg:py-20 relative\">\n\t<h3 class=\"mb-10 text-4xl font-extrabold leading-tight text-center\">Najlepiej sprzedaj\u0105ce si\u0119 marki<\/h3>\n\t<div class=\"slider-bestsellers swiper-container\">\n\t\t<nav class=\"nav-slider bg-white\">\n\t\t\t<button type=\"button\" class=\"button-prev mr-4 text-fytofontana-green\">\n\t\t\t\t<i class=\"fa fa-caret-left fa-2x\"><\/i>\n\t\t\t<\/button>\n\t\t\t<button type=\"button\" class=\"button-next ml-4 text-fytofontana-green\">\n\t\t\t\t<i class=\"fa fa-caret-right fa-2x\"><\/i>\n\t\t\t<\/button>\n\t\t<\/nav>\n\t\t<div class=\"swiper-wrapper\">\n\t\t\t\t\t\t\t\t\t\t<div class=\"swiper-slide\">\n\t\t\t\t<div class=\"flex flex-wrap\">\n\t\t\t\t\t<div class=\"w-full lg:w-1\/2 lg:mr-auto\">\n\t\t\t\t\t\t<a href=\"https:\/\/www.fytofontana.com\/pl\/Produkty\/virostop-pl\/\">\n\t\t\t\t\t\t\t<img src=\"https:\/\/www.fytofontana.com\/wp-content\/uploads\/2024\/02\/10-2023_Virostop_Web_HU_04-768x768.jpg\" alt=\"VIROSTOP\" class=\"mb-6 lg:mb-0\">\n\t\t\t\t\t\t<\/a>\n\t\t\t\t\t<\/div>\n\t\t\t\t\t<div class=\"w-full lg:w-5\/12\">\n\t\t\t\t\t\t<img src=\"https:\/\/www.fytofontana.com\/wp-content\/uploads\/2025\/05\/500x500_VIROSTOP_logo_Square-132x132.jpg\" alt=\"VIROSTOP\" class=\"max-w-1\/2 mb-10 brand-logo\">\n\t\t\t\t\t\t<p>Klinicznie potwierdzone\u00a0dzia\u0142anie przeciwwirusowe\u00a0ekstraktu pi\u0119ciu zio\u0142owych sk\u0142adnik\u00f3w zawieraj\u0105cych czystka krete\u0144skiego.<\/p>\n\t\t\t\t\t\t<p class=\"mt-10\">\n\t\t\t\t\t\t\t<a href=\"https:\/\/www.fytofontana.com\/pl\/Produkty\/virostop-pl\/\" class=\"w-full lg:w-1\/2 btn-fytofontana\">Odkryj<\/a>\n\t\t\t\t\t\t<\/p>\n\t\t\t\t\t<\/div>\n\t\t\t\t<\/div>\n\t\t\t<\/div>\n\t\t\t\t\t\t\t\t\t\t<div class=\"swiper-slide\">\n\t\t\t\t<div class=\"flex flex-wrap\">\n\t\t\t\t\t<div class=\"w-full lg:w-1\/2 lg:mr-auto\">\n\t\t\t\t\t\t<a href=\"https:\/\/www.fytofontana.com\/pl\/Produkty\/gyntima-pl\/\">\n\t\t\t\t\t\t\t<img src=\"https:\/\/www.fytofontana.com\/wp-content\/uploads\/2025\/07\/5_HQ_GYNTIMA-sestava-prechod-768x768.jpg\" alt=\"GYNTIMA\" class=\"mb-6 lg:mb-0\">\n\t\t\t\t\t\t<\/a>\n\t\t\t\t\t<\/div>\n\t\t\t\t\t<div class=\"w-full lg:w-5\/12\">\n\t\t\t\t\t\t<img src=\"https:\/\/www.fytofontana.com\/wp-content\/uploads\/2024\/02\/Gyntima-logo-RGB-179x132.jpg\" alt=\"GYNTIMA\" class=\"max-w-1\/2 mb-10 brand-logo\">\n\t\t\t\t\t\t<p>Seria Gyntima naturalnie zapewnia intymn\u0105 r\u00f3wnowag\u0119 biologiczn\u0105, pomaga zapobiega\u0107 i leczy\u0107 dolegliwo\u015bci intymne.<\/p>\n\t\t\t\t\t\t<p class=\"mt-10\">\n\t\t\t\t\t\t\t<a href=\"https:\/\/www.fytofontana.com\/pl\/Produkty\/gyntima-pl\/\" class=\"w-full lg:w-1\/2 btn-fytofontana\">Odkryj<\/a>\n\t\t\t\t\t\t<\/p>\n\t\t\t\t\t<\/div>\n\t\t\t\t<\/div>\n\t\t\t<\/div>\n\t\t\t\t\t\t\t\t\t\t<div class=\"swiper-slide\">\n\t\t\t\t<div class=\"flex flex-wrap\">\n\t\t\t\t\t<div class=\"w-full lg:w-1\/2 lg:mr-auto\">\n\t\t\t\t\t\t<a href=\"https:\/\/www.fytofontana.com\/pl\/Produkty\/aurecon-pl\/\">\n\t\t\t\t\t\t\t<img src=\"https:\/\/www.fytofontana.com\/wp-content\/uploads\/2021\/03\/2023_05_AURECON_Spray_50ml_1000x1000px_01_Primary-768x768.png\" alt=\"AURECON\" class=\"mb-6 lg:mb-0\">\n\t\t\t\t\t\t<\/a>\n\t\t\t\t\t<\/div>\n\t\t\t\t\t<div class=\"w-full lg:w-5\/12\">\n\t\t\t\t\t\t<img src=\"https:\/\/www.fytofontana.com\/wp-content\/uploads\/2020\/12\/AURECON_logo_RGB-508x132.png\" alt=\"AURECON\" class=\"max-w-1\/2 mb-10 brand-logo\">\n\t\t\t\t\t\t<p>Naturalna gama produkt\u00f3w do piel\u0119gnacji i higieny uszu dla ca\u0142ej rodziny. Pomaga zapobiega\u0107 problemom zdrowotnym takim jak zatkanie uszu i infekcje ucha.<\/p>\n\t\t\t\t\t\t<p class=\"mt-10\">\n\t\t\t\t\t\t\t<a href=\"https:\/\/www.fytofontana.com\/pl\/Produkty\/aurecon-pl\/\" class=\"w-full lg:w-1\/2 btn-fytofontana\">Odkryj<\/a>\n\t\t\t\t\t\t<\/p>\n\t\t\t\t\t<\/div>\n\t\t\t\t<\/div>\n\t\t\t<\/div>\n\t\t\t\t\t\t\t\t\t\t<div class=\"swiper-slide\">\n\t\t\t\t<div class=\"flex flex-wrap\">\n\t\t\t\t\t<div class=\"w-full lg:w-1\/2 lg:mr-auto\">\n\t\t\t\t\t\t<a href=\"https:\/\/www.fytofontana.com\/pl\/Produkty\/hemorrelax-pl\/\">\n\t\t\t\t\t\t\t<img src=\"https:\/\/www.fytofontana.com\/wp-content\/uploads\/2025\/07\/hemorelax_sestava_1b-768x576.png\" alt=\"HEMORRELAX\" class=\"mb-6 lg:mb-0\">\n\t\t\t\t\t\t<\/a>\n\t\t\t\t\t<\/div>\n\t\t\t\t\t<div class=\"w-full lg:w-5\/12\">\n\t\t\t\t\t\t<img src=\"https:\/\/www.fytofontana.com\/wp-content\/uploads\/2020\/12\/HEMORRELAX_logo_vyska_RGB-329x132.png\" alt=\"HEMORRELAX\" class=\"max-w-1\/2 mb-10 brand-logo\">\n\t\t\t\t\t\t<p>Hemorrelax oferuje rozwi\u0105zanie do leczenia i zapobiegania hemoroidom oraz innym chorobom odbytu, takim jak szczeliny odbytu i ragady.<\/p>\n\t\t\t\t\t\t<p class=\"mt-10\">\n\t\t\t\t\t\t\t<a href=\"https:\/\/www.fytofontana.com\/pl\/Produkty\/hemorrelax-pl\/\" class=\"w-full lg:w-1\/2 btn-fytofontana\">Odkryj<\/a>\n\t\t\t\t\t\t<\/p>\n\t\t\t\t\t<\/div>\n\t\t\t\t<\/div>\n\t\t\t<\/div>\n\t\t\t\t\t\t\t\t\t\t<div class=\"swiper-slide\">\n\t\t\t\t<div class=\"flex flex-wrap\">\n\t\t\t\t\t<div class=\"w-full lg:w-1\/2 lg:mr-auto\">\n\t\t\t\t\t\t<a href=\"https:\/\/www.fytofontana.com\/pl\/Produkty\/virostop-pl\/\">\n\t\t\t\t\t\t\t<img src=\"https:\/\/www.fytofontana.com\/wp-content\/uploads\/2024\/04\/VIROSTOP-PASTILKY-20-ENDEESIT-sestava-copy-768x768.png\" alt=\"VIROSTOP\" class=\"mb-6 lg:mb-0\">\n\t\t\t\t\t\t<\/a>\n\t\t\t\t\t<\/div>\n\t\t\t\t\t<div class=\"w-full lg:w-5\/12\">\n\t\t\t\t\t\t<img src=\"https:\/\/www.fytofontana.com\/wp-content\/uploads\/2025\/05\/500x500_VIROSTOP_logo_Square-132x132.jpg\" alt=\"VIROSTOP\" class=\"max-w-1\/2 mb-10 brand-logo\">\n\t\t\t\t\t\t<p>Klinicznie potwierdzone\u00a0dzia\u0142anie przeciwwirusowe\u00a0ekstraktu pi\u0119ciu zio\u0142owych sk\u0142adnik\u00f3w zawieraj\u0105cych czystka krete\u0144skiego.<\/p>\n\t\t\t\t\t\t<p class=\"mt-10\">\n\t\t\t\t\t\t\t<a href=\"https:\/\/www.fytofontana.com\/pl\/Produkty\/virostop-pl\/\" class=\"w-full lg:w-1\/2 btn-fytofontana\">Odkryj<\/a>\n\t\t\t\t\t\t<\/p>\n\t\t\t\t\t<\/div>\n\t\t\t\t<\/div>\n\t\t\t<\/div>\n\t\t\t\t\t<\/div>\n\t<\/div>\n<\/section>\n","protected":false},"excerpt":{"rendered":"<p>Zdrowie i dobre samopoczucie s\u0105 naszym priorytetem. Wierzymy w si\u0142\u0119 naturalnych sk\u0142adnik\u00f3w tak samo jak w nauk\u0119, dlatego nasze marki stanowi\u0105 doskona\u0142e po\u0142\u0105czenie tych dw\u00f3ch element\u00f3w.<\/p>\n","protected":false},"author":6,"featured_media":0,"parent":0,"menu_order":0,"comment_status":"closed","ping_status":"closed","template":"template-products.blade.php","meta":[],"yoast_head":"<title>Produkty - Fytofontana<\/title>\n<meta name=\"robots\" content=\"index, follow, max-snippet:-1, max-image-preview:large, max-video-preview:-1\" \/>\n<link rel=\"canonical\" href=\"https:\/\/www.fytofontana.com\/pl\/produkty\/\" \/>\n<meta property=\"og:locale\" content=\"pl_PL\" \/>\n<meta property=\"og:type\" content=\"article\" \/>\n<meta property=\"og:title\" content=\"Produkty - Fytofontana\" \/>\n<meta property=\"og:description\" content=\"Zdrowie i dobre samopoczucie s\u0105 naszym priorytetem. Wierzymy w si\u0142\u0119 naturalnych sk\u0142adnik\u00f3w tak samo jak w nauk\u0119, dlatego nasze marki stanowi\u0105 doskona\u0142e po\u0142\u0105czenie tych dw\u00f3ch element\u00f3w.\" \/>\n<meta property=\"og:url\" content=\"https:\/\/www.fytofontana.com\/pl\/produkty\/\" \/>\n<meta property=\"og:site_name\" content=\"Fytofontana\" \/>\n<meta property=\"article:modified_time\" content=\"2025-09-25T13:53:30+00:00\" \/>\n<meta property=\"og:image\" content=\"https:\/\/www.fytofontana.com\/wp-content\/uploads\/2021\/01\/FB-Share.jpg\" \/>\n\t<meta property=\"og:image:width\" content=\"2400\" \/>\n\t<meta property=\"og:image:height\" content=\"1260\" \/>\n<meta name=\"twitter:card\" content=\"summary_large_image\" \/>\n<meta name=\"twitter:label1\" content=\"Est. reading time\">\n\t<meta name=\"twitter:data1\" content=\"1 minuta\">\n<script type=\"application\/ld+json\" class=\"yoast-schema-graph\">{\"@context\":\"https:\/\/schema.org\",\"@graph\":[{\"@type\":\"Organization\",\"@id\":\"https:\/\/www.fytofontana.com\/#organization\",\"name\":\"Fytofontana\",\"url\":\"https:\/\/www.fytofontana.com\/\",\"sameAs\":[],\"logo\":{\"@type\":\"ImageObject\",\"@id\":\"https:\/\/www.fytofontana.com\/#logo\",\"inLanguage\":\"pl-PL\",\"url\":\"https:\/\/www.fytofontana.com\/wp-content\/uploads\/2021\/01\/fyto.png\",\"width\":817,\"height\":79,\"caption\":\"Fytofontana\"},\"image\":{\"@id\":\"https:\/\/www.fytofontana.com\/#logo\"}},{\"@type\":\"WebSite\",\"@id\":\"https:\/\/www.fytofontana.com\/#website\",\"url\":\"https:\/\/www.fytofontana.com\/\",\"name\":\"Fytofontana\",\"description\":\"\",\"publisher\":{\"@id\":\"https:\/\/www.fytofontana.com\/#organization\"},\"potentialAction\":[{\"@type\":\"SearchAction\",\"target\":\"https:\/\/www.fytofontana.com\/?s={search_term_string}\",\"query-input\":\"required name=search_term_string\"}],\"inLanguage\":\"pl-PL\"},{\"@type\":\"WebPage\",\"@id\":\"https:\/\/www.fytofontana.com\/pl\/produkty\/#webpage\",\"url\":\"https:\/\/www.fytofontana.com\/pl\/produkty\/\",\"name\":\"Produkty - Fytofontana\",\"isPartOf\":{\"@id\":\"https:\/\/www.fytofontana.com\/#website\"},\"datePublished\":\"2025-05-01T19:42:45+00:00\",\"dateModified\":\"2025-09-25T13:53:30+00:00\",\"breadcrumb\":{\"@id\":\"https:\/\/www.fytofontana.com\/pl\/produkty\/#breadcrumb\"},\"inLanguage\":\"pl-PL\",\"potentialAction\":[{\"@type\":\"ReadAction\",\"target\":[\"https:\/\/www.fytofontana.com\/pl\/produkty\/\"]}]},{\"@type\":\"BreadcrumbList\",\"@id\":\"https:\/\/www.fytofontana.com\/pl\/produkty\/#breadcrumb\",\"itemListElement\":[{\"@type\":\"ListItem\",\"position\":1,\"item\":{\"@type\":\"WebPage\",\"@id\":\"https:\/\/www.fytofontana.com\/pl\/\",\"url\":\"https:\/\/www.fytofontana.com\/pl\/\",\"name\":\"Home\"}},{\"@type\":\"ListItem\",\"position\":2,\"item\":{\"@type\":\"WebPage\",\"@id\":\"https:\/\/www.fytofontana.com\/pl\/produkty\/\",\"url\":\"https:\/\/www.fytofontana.com\/pl\/produkty\/\",\"name\":\"Produkty\"}}]}]}<\/script>","_links":{"self":[{"href":"https:\/\/www.fytofontana.com\/pl\/wp-json\/wp\/v2\/pages\/2862"}],"collection":[{"href":"https:\/\/www.fytofontana.com\/pl\/wp-json\/wp\/v2\/pages"}],"about":[{"href":"https:\/\/www.fytofontana.com\/pl\/wp-json\/wp\/v2\/types\/page"}],"author":[{"embeddable":true,"href":"https:\/\/www.fytofontana.com\/pl\/wp-json\/wp\/v2\/users\/6"}],"replies":[{"embeddable":true,"href":"https:\/\/www.fytofontana.com\/pl\/wp-json\/wp\/v2\/comments?post=2862"}],"version-history":[{"count":16,"href":"https:\/\/www.fytofontana.com\/pl\/wp-json\/wp\/v2\/pages\/2862\/revisions"}],"predecessor-version":[{"id":4288,"href":"https:\/\/www.fytofontana.com\/pl\/wp-json\/wp\/v2\/pages\/2862\/revisions\/4288"}],"wp:attachment":[{"href":"https:\/\/www.fytofontana.com\/pl\/wp-json\/wp\/v2\/media?parent=2862"}],"curies":[{"name":"wp","href":"https:\/\/api.w.org\/{rel}","templated":true}]}}