{"id":2860,"date":"2025-05-01T20:39:15","date_gmt":"2025-05-01T19:39:15","guid":{"rendered":"https:\/\/www.fytofontana.com\/?page_id=2860"},"modified":"2025-05-01T20:39:15","modified_gmt":"2025-05-01T19:39:15","slug":"regulamin","status":"publish","type":"page","link":"https:\/\/www.fytofontana.com\/pl\/regulamin\/","title":{"rendered":"Regulamin"},"content":{"rendered":"\n<p><strong><strong>Regulamin<\/strong><\/strong><\/p>\n\n\n\n<p>Witamy na stronie internetowej Herb-Pharma! Korzystaj\u0105c z naszej strony, akceptujesz poni\u017csze warunki:<\/p>\n\n\n\n<ol><li><strong><strong>Prawa w\u0142asno\u015bci do tre\u015bci:<\/strong><\/strong> Tre\u015bci zamieszczone na tej stronie, w tym teksty, oprogramowanie, obrazy, filmy, muzyka, logotypy, znaki towarowe oraz inne materia\u0142y (\u201eTre\u015bci\u201d), s\u0105 chronione prawem autorskim, znakami towarowymi oraz innymi prawami w\u0142asno\u015bci intelektualnej. Tre\u015bci te s\u0105 w\u0142asno\u015bci\u0105 lub znajduj\u0105 si\u0119 pod kontrol\u0105 Herb-Pharma b\u0105d\u017a s\u0105 licencjonowane dla Herb-Pharma przez osoby trzecie. Zobowi\u0105zujesz si\u0119 do przestrzegania wszystkich obowi\u0105zuj\u0105cych przepis\u00f3w o prawie autorskim oraz wszelkich dodatkowych informacji o prawach autorskich lub ograniczeniach zamieszczonych na stronie.<\/li><li><strong><strong>U\u017cytkowanie znak\u00f3w towarowych<\/strong><\/strong>: Nie wolno wykorzystywa\u0107 \u017cadnych znak\u00f3w towarowych ani nazw handlowych Herb-Pharma bez uprzedniej pisemnej zgody. Przyjmujesz do wiadomo\u015bci, \u017ce nie przys\u0142uguje Ci \u017cadne prawo w\u0142asno\u015bci do tych nazw i znak\u00f3w.<\/li><li><strong><strong>Zg\u0142oszenie nieautoryzowanego u\u017cycia<\/strong><\/strong>: Je\u015bli dowiesz si\u0119 o jakimkolwiek nieautoryzowanym dost\u0119pie do strony lub jej wykorzystaniu lub o roszczeniu naruszaj\u0105cym prawa jakiejkolwiek strony, w tym prawa autorskie, znaki towarowe, inne prawa wynikaj\u0105ce z um\u00f3w, ustaw lub prawa zwyczajowego, zobowi\u0105zujesz si\u0119 niezw\u0142ocznie poinformowa\u0107 Herb-Pharma na pi\u015bmie.<\/li><li><strong><strong>Reklamacje i zg\u0142aszanie problem\u00f3w<\/strong><\/strong>: Je\u015bli masz jakiekolwiek uwagi, skargi, chcesz zg\u0142osi\u0107 problem dotycz\u0105cy produkt\u00f3w Herb-Pharma lub ich zastosowania, lub masz pytania techniczne dotycz\u0105ce strony, skontaktuj si\u0119 z nami pod adresem:\u00a0<a target=\"_blank\" href=\"mailto:home@herb-pharma.com\" rel=\"noreferrer noopener\">home@herb-pharma.com<\/a>.<\/li><li><strong><strong>Zrzeczenie si\u0119 odpowiedzialno\u015bci<\/strong><\/strong>: Dok\u0142adamy wszelkich stara\u0144, aby informacje na stronie by\u0142y prawid\u0142owe i aktualne, jednak nie sk\u0142adamy \u017cadnych o\u015bwiadcze\u0144 ani gwarancji, wyra\u017anych lub dorozumianych, dotycz\u0105cych kompletno\u015bci, poprawno\u015bci, rzetelno\u015bci, przydatno\u015bci lub dost\u0119pno\u015bci strony oraz zawartych na niej informacji, produkt\u00f3w, us\u0142ug czy materia\u0142\u00f3w graficznych w jakimkolwiek celu. Jakiekolwiek korzystanie z tych informacji odbywa si\u0119 wy\u0142\u0105cznie na w\u0142asne ryzyko u\u017cytkownika.<\/li><li><strong><strong>Linki do stron zewn\u0119trznych<\/strong><\/strong>: Nasza strona mo\u017ce zawiera\u0107 linki do stron internetowych os\u00f3b trzecich w celach informacyjnych. Umieszczenie takich link\u00f3w nie oznacza, \u017ce popieramy te strony. Nie ponosimy \u017cadnej odpowiedzialno\u015bci za tre\u015bci zamieszczone na stronach, do kt\u00f3rych prowadz\u0105 linki.<\/li><li><strong><strong>Zmiany regulaminu<\/strong><\/strong>: Herb-Pharma zastrzega sobie prawo do zmiany niniejszego regulaminu w dowolnym momencie. Wszelkie zmiany wchodz\u0105 w \u017cycie natychmiast po ich opublikowaniu na stronie. Dalsze korzystanie ze strony oznacza akceptacj\u0119 wprowadzonych zmian.<\/li><li><strong><strong>Prawo w\u0142a\u015bciwe<\/strong><\/strong>: Regulamin oraz jego interpretacja podlegaj\u0105 prawu s\u0142owackiemu, a wszelkie spory b\u0119d\u0105 rozstrzygane wy\u0142\u0105cznie przez w\u0142a\u015bciwe s\u0105dy S\u0142owacji.<\/li><\/ol>\n\n\n\n<p>Korzystaj\u0105c z naszej strony internetowej, akceptujesz niniejszy regulamin. Je\u015bli nie zgadzasz si\u0119 z kt\u00f3rymkolwiek postanowieniem, prosimy o niekorzystanie z naszej strony.<\/p>\n\n\n\n<p><\/p>\n","protected":false},"excerpt":{"rendered":"<p>Regulamin Witamy na stronie internetowej Herb-Pharma! Korzystaj\u0105c z naszej strony, akceptujesz poni\u017csze warunki: Prawa w\u0142asno\u015bci do tre\u015bci: Tre\u015bci zamieszczone na tej stronie, w tym teksty, oprogramowanie, obrazy, filmy, muzyka, logotypy, znaki towarowe oraz inne materia\u0142y (\u201eTre\u015bci\u201d), s\u0105 chronione prawem autorskim, znakami towarowymi oraz innymi prawami w\u0142asno\u015bci intelektualnej. Tre\u015bci te s\u0105 w\u0142asno\u015bci\u0105 lub znajduj\u0105 si\u0119 pod &hellip; <a href=\"https:\/\/www.fytofontana.com\/pl\/regulamin\/\">Continued<\/a><\/p>\n","protected":false},"author":6,"featured_media":0,"parent":0,"menu_order":0,"comment_status":"closed","ping_status":"closed","template":"","meta":[],"yoast_head":"<title>Regulamin - Fytofontana<\/title>\n<meta name=\"robots\" content=\"index, follow, max-snippet:-1, max-image-preview:large, max-video-preview:-1\" \/>\n<link rel=\"canonical\" href=\"https:\/\/www.fytofontana.com\/pl\/regulamin\/\" \/>\n<meta property=\"og:locale\" content=\"pl_PL\" \/>\n<meta property=\"og:type\" content=\"article\" \/>\n<meta property=\"og:title\" content=\"Regulamin - Fytofontana\" \/>\n<meta property=\"og:description\" content=\"Regulamin Witamy na stronie internetowej Herb-Pharma! Korzystaj\u0105c z naszej strony, akceptujesz poni\u017csze warunki: Prawa w\u0142asno\u015bci do tre\u015bci: Tre\u015bci zamieszczone na tej stronie, w tym teksty, oprogramowanie, obrazy, filmy, muzyka, logotypy, znaki towarowe oraz inne materia\u0142y (\u201eTre\u015bci\u201d), s\u0105 chronione prawem autorskim, znakami towarowymi oraz innymi prawami w\u0142asno\u015bci intelektualnej. Tre\u015bci te s\u0105 w\u0142asno\u015bci\u0105 lub znajduj\u0105 si\u0119 pod &hellip; Continued\" \/>\n<meta property=\"og:url\" content=\"https:\/\/www.fytofontana.com\/pl\/regulamin\/\" \/>\n<meta property=\"og:site_name\" content=\"Fytofontana\" \/>\n<meta property=\"og:image\" content=\"https:\/\/www.fytofontana.com\/wp-content\/uploads\/2021\/01\/FB-Share.jpg\" \/>\n\t<meta property=\"og:image:width\" content=\"2400\" \/>\n\t<meta property=\"og:image:height\" content=\"1260\" \/>\n<meta name=\"twitter:card\" content=\"summary_large_image\" \/>\n<meta name=\"twitter:label1\" content=\"Est. reading time\">\n\t<meta name=\"twitter:data1\" content=\"2 minuty\">\n<script type=\"application\/ld+json\" class=\"yoast-schema-graph\">{\"@context\":\"https:\/\/schema.org\",\"@graph\":[{\"@type\":\"Organization\",\"@id\":\"https:\/\/www.fytofontana.com\/#organization\",\"name\":\"Fytofontana\",\"url\":\"https:\/\/www.fytofontana.com\/\",\"sameAs\":[],\"logo\":{\"@type\":\"ImageObject\",\"@id\":\"https:\/\/www.fytofontana.com\/#logo\",\"inLanguage\":\"pl-PL\",\"url\":\"https:\/\/www.fytofontana.com\/wp-content\/uploads\/2021\/01\/fyto.png\",\"width\":817,\"height\":79,\"caption\":\"Fytofontana\"},\"image\":{\"@id\":\"https:\/\/www.fytofontana.com\/#logo\"}},{\"@type\":\"WebSite\",\"@id\":\"https:\/\/www.fytofontana.com\/#website\",\"url\":\"https:\/\/www.fytofontana.com\/\",\"name\":\"Fytofontana\",\"description\":\"\",\"publisher\":{\"@id\":\"https:\/\/www.fytofontana.com\/#organization\"},\"potentialAction\":[{\"@type\":\"SearchAction\",\"target\":\"https:\/\/www.fytofontana.com\/?s={search_term_string}\",\"query-input\":\"required name=search_term_string\"}],\"inLanguage\":\"pl-PL\"},{\"@type\":\"WebPage\",\"@id\":\"https:\/\/www.fytofontana.com\/pl\/regulamin\/#webpage\",\"url\":\"https:\/\/www.fytofontana.com\/pl\/regulamin\/\",\"name\":\"Regulamin - Fytofontana\",\"isPartOf\":{\"@id\":\"https:\/\/www.fytofontana.com\/#website\"},\"datePublished\":\"2025-05-01T19:39:15+00:00\",\"dateModified\":\"2025-05-01T19:39:15+00:00\",\"breadcrumb\":{\"@id\":\"https:\/\/www.fytofontana.com\/pl\/regulamin\/#breadcrumb\"},\"inLanguage\":\"pl-PL\",\"potentialAction\":[{\"@type\":\"ReadAction\",\"target\":[\"https:\/\/www.fytofontana.com\/pl\/regulamin\/\"]}]},{\"@type\":\"BreadcrumbList\",\"@id\":\"https:\/\/www.fytofontana.com\/pl\/regulamin\/#breadcrumb\",\"itemListElement\":[{\"@type\":\"ListItem\",\"position\":1,\"item\":{\"@type\":\"WebPage\",\"@id\":\"https:\/\/www.fytofontana.com\/pl\/\",\"url\":\"https:\/\/www.fytofontana.com\/pl\/\",\"name\":\"Home\"}},{\"@type\":\"ListItem\",\"position\":2,\"item\":{\"@type\":\"WebPage\",\"@id\":\"https:\/\/www.fytofontana.com\/pl\/regulamin\/\",\"url\":\"https:\/\/www.fytofontana.com\/pl\/regulamin\/\",\"name\":\"Regulamin\"}}]}]}<\/script>","_links":{"self":[{"href":"https:\/\/www.fytofontana.com\/pl\/wp-json\/wp\/v2\/pages\/2860"}],"collection":[{"href":"https:\/\/www.fytofontana.com\/pl\/wp-json\/wp\/v2\/pages"}],"about":[{"href":"https:\/\/www.fytofontana.com\/pl\/wp-json\/wp\/v2\/types\/page"}],"author":[{"embeddable":true,"href":"https:\/\/www.fytofontana.com\/pl\/wp-json\/wp\/v2\/users\/6"}],"replies":[{"embeddable":true,"href":"https:\/\/www.fytofontana.com\/pl\/wp-json\/wp\/v2\/comments?post=2860"}],"version-history":[{"count":1,"href":"https:\/\/www.fytofontana.com\/pl\/wp-json\/wp\/v2\/pages\/2860\/revisions"}],"predecessor-version":[{"id":2861,"href":"https:\/\/www.fytofontana.com\/pl\/wp-json\/wp\/v2\/pages\/2860\/revisions\/2861"}],"wp:attachment":[{"href":"https:\/\/www.fytofontana.com\/pl\/wp-json\/wp\/v2\/media?parent=2860"}],"curies":[{"name":"wp","href":"https:\/\/api.w.org\/{rel}","templated":true}]}}