{"id":2854,"date":"2025-05-01T20:25:22","date_gmt":"2025-05-01T19:25:22","guid":{"rendered":"https:\/\/www.fytofontana.com\/?page_id=2854"},"modified":"2025-05-01T20:25:23","modified_gmt":"2025-05-01T19:25:23","slug":"polityka-prywatnosci","status":"publish","type":"page","link":"https:\/\/www.fytofontana.com\/pl\/polityka-prywatnosci\/","title":{"rendered":"Polityka prywatno\u015bci"},"content":{"rendered":"\n<p><\/p>\n\n\n\n<p><strong>Polityka prywatno\u015bci<\/strong><\/p>\n\n\n\n<p>W naszej firmie rozumiemy, jak wa\u017cna jest ochrona Twoich danych osobowych podczas korzystania z naszej strony internetowej. Mo\u017cesz swobodnie przegl\u0105da\u0107 nasz\u0105 witryn\u0119 bez ujawniania jakichkolwiek danych osobowych. Podanie danych osobowych jest ca\u0142kowicie dobrowolne i nie jest warunkiem korzystania z naszej strony. Jednak ze wzgl\u0119d\u00f3w bezpiecze\u0144stwa podczas korzystania ze strony mog\u0105 by\u0107 przechowywane niekt\u00f3re dane, takie jak nazwa dostawcy us\u0142ug internetowych, strona odsy\u0142aj\u0105ca, odwiedzane strony oraz adres IP. Cho\u0107 te dane mog\u0142yby potencjalnie pos\u0142u\u017cy\u0107 do identyfikacji u\u017cytkownika, nie wykorzystujemy ich w tym celu. Okresowo mo\u017cemy wykorzystywa\u0107 te informacje do analiz statystycznych z zachowaniem anonimowo\u015bci u\u017cytkownik\u00f3w.<\/p>\n\n\n\n<p>W przypadku, gdy podanie danych osobowych jest wymagane do realizacji zam\u00f3wie\u0144 na produkty\/us\u0142ugi lub innych upowa\u017cnionych cel\u00f3w, stosujemy techniczne i organizacyjne \u015brodki bezpiecze\u0144stwa, zgodne z obowi\u0105zuj\u0105cymi przepisami dotycz\u0105cymi ochrony danych. Dane osobowe s\u0105 zbierane wy\u0142\u0105cznie wtedy, gdy dobrowolnie je podasz, na przyk\u0142ad podczas rejestracji, wype\u0142nienia formularza lub korespondencji e-mailowej. Wszystkie zebrane informacje pozostaj\u0105 w bazie danych naszej firmy lub u autoryzowanych podmiot\u00f3w przetwarzaj\u0105cych dane w naszym imieniu.<\/p>\n\n\n\n<p>Nie sprzedajemy ani nie udost\u0119pniamy Twoich danych osobowych osobom trzecim, chyba \u017ce wyrazisz na to zgod\u0119 lub wymagaj\u0105 tego przepisy prawa. Przys\u0142uguje Ci prawo dost\u0119pu do swoich danych, ich przegl\u0105dania oraz wprowadzania zmian. W tym celu skontaktuj si\u0119 z nami pod adresem\u00a0<a target=\"_blank\" href=\"mailto:home@herb-pharma.com\" rel=\"noreferrer noopener\">home@herb-pharma.com<\/a>. Ponadto w ka\u017cdej chwili mo\u017cesz wycofa\u0107 zgod\u0119 na przetwarzanie swoich danych osobowych w przysz\u0142o\u015bci, pisz\u0105c na ten sam adres e-mail.<\/p>\n\n\n\n<p><strong>Analiza stron internetowych<\/strong><\/p>\n\n\n\n<p>Nasza strona korzysta z Google Analytics \u2013 us\u0142ugi analitycznej Google Inc., umo\u017cliwiaj\u0105cej analiz\u0119 sposobu korzystania ze strony za Twoj\u0105 uprzedni\u0105 zgod\u0105. Informacje zbierane przez Google (takie jak adresy URL odsy\u0142aj\u0105ce, odwiedzane strony, typ przegl\u0105darki i system operacyjny) s\u0105 przesy\u0142ane na serwery Google w USA, gdzie s\u0105 przechowywane i analizowane, a nast\u0119pnie prezentowane nam w formie anonimowych raport\u00f3w. Podczas tego procesu Twoje dane o korzystaniu z serwisu nie s\u0105 powi\u0105zane z pe\u0142nym adresem IP.<\/p>\n\n\n\n<p>Mo\u017cesz zrezygnowa\u0107 z analizy internetowej, instaluj\u0105c wtyczk\u0119 do przegl\u0105darki oferowan\u0105 przez Google. Wi\u0119cej informacji znajdziesz w Warunkach korzystania z Google Analytics, zasadach bezpiecze\u0144stwa i prywatno\u015bci Google oraz Polityce prywatno\u015bci Google.<\/p>\n\n\n\n<p>Je\u017celi masz pytania lub w\u0105tpliwo\u015bci dotycz\u0105ce sposobu, w jaki post\u0119pujemy z Twoimi danymi osobowymi, lub chcesz uzyska\u0107 kopi\u0119 danych, kt\u00f3re o Tobie posiadamy, prosimy o kontakt pod adresem\u00a0<a target=\"_blank\" href=\"mailto:home@herb-pharma.com\" rel=\"noreferrer noopener\">home@herb-pharma.com<\/a>.<\/p>\n\n\n\n<h2><\/h2>\n","protected":false},"excerpt":{"rendered":"<p>Polityka prywatno\u015bci W naszej firmie rozumiemy, jak wa\u017cna jest ochrona Twoich danych osobowych podczas korzystania z naszej strony internetowej. Mo\u017cesz swobodnie przegl\u0105da\u0107 nasz\u0105 witryn\u0119 bez ujawniania jakichkolwiek danych osobowych. Podanie danych osobowych jest ca\u0142kowicie dobrowolne i nie jest warunkiem korzystania z naszej strony. Jednak ze wzgl\u0119d\u00f3w bezpiecze\u0144stwa podczas korzystania ze strony mog\u0105 by\u0107 przechowywane niekt\u00f3re &hellip; <a href=\"https:\/\/www.fytofontana.com\/pl\/polityka-prywatnosci\/\">Continued<\/a><\/p>\n","protected":false},"author":6,"featured_media":0,"parent":0,"menu_order":0,"comment_status":"closed","ping_status":"open","template":"","meta":[],"yoast_head":"<title>Polityka prywatno\u015bci - Fytofontana<\/title>\n<meta name=\"robots\" content=\"index, follow, max-snippet:-1, max-image-preview:large, max-video-preview:-1\" \/>\n<link rel=\"canonical\" href=\"https:\/\/www.fytofontana.com\/pl\/polityka-prywatnosci\/\" \/>\n<meta property=\"og:locale\" content=\"pl_PL\" \/>\n<meta property=\"og:type\" content=\"article\" \/>\n<meta property=\"og:title\" content=\"Polityka prywatno\u015bci - Fytofontana\" \/>\n<meta property=\"og:description\" content=\"Polityka prywatno\u015bci W naszej firmie rozumiemy, jak wa\u017cna jest ochrona Twoich danych osobowych podczas korzystania z naszej strony internetowej. Mo\u017cesz swobodnie przegl\u0105da\u0107 nasz\u0105 witryn\u0119 bez ujawniania jakichkolwiek danych osobowych. Podanie danych osobowych jest ca\u0142kowicie dobrowolne i nie jest warunkiem korzystania z naszej strony. Jednak ze wzgl\u0119d\u00f3w bezpiecze\u0144stwa podczas korzystania ze strony mog\u0105 by\u0107 przechowywane niekt\u00f3re &hellip; Continued\" \/>\n<meta property=\"og:url\" content=\"https:\/\/www.fytofontana.com\/pl\/polityka-prywatnosci\/\" \/>\n<meta property=\"og:site_name\" content=\"Fytofontana\" \/>\n<meta property=\"article:modified_time\" content=\"2025-05-01T19:25:23+00:00\" \/>\n<meta property=\"og:image\" content=\"https:\/\/www.fytofontana.com\/wp-content\/uploads\/2021\/01\/FB-Share.jpg\" \/>\n\t<meta property=\"og:image:width\" content=\"2400\" \/>\n\t<meta property=\"og:image:height\" content=\"1260\" \/>\n<meta name=\"twitter:card\" content=\"summary_large_image\" \/>\n<meta name=\"twitter:label1\" content=\"Est. reading time\">\n\t<meta name=\"twitter:data1\" content=\"2 minuty\">\n<script type=\"application\/ld+json\" class=\"yoast-schema-graph\">{\"@context\":\"https:\/\/schema.org\",\"@graph\":[{\"@type\":\"Organization\",\"@id\":\"https:\/\/www.fytofontana.com\/#organization\",\"name\":\"Fytofontana\",\"url\":\"https:\/\/www.fytofontana.com\/\",\"sameAs\":[],\"logo\":{\"@type\":\"ImageObject\",\"@id\":\"https:\/\/www.fytofontana.com\/#logo\",\"inLanguage\":\"pl-PL\",\"url\":\"https:\/\/www.fytofontana.com\/wp-content\/uploads\/2021\/01\/fyto.png\",\"width\":817,\"height\":79,\"caption\":\"Fytofontana\"},\"image\":{\"@id\":\"https:\/\/www.fytofontana.com\/#logo\"}},{\"@type\":\"WebSite\",\"@id\":\"https:\/\/www.fytofontana.com\/#website\",\"url\":\"https:\/\/www.fytofontana.com\/\",\"name\":\"Fytofontana\",\"description\":\"\",\"publisher\":{\"@id\":\"https:\/\/www.fytofontana.com\/#organization\"},\"potentialAction\":[{\"@type\":\"SearchAction\",\"target\":\"https:\/\/www.fytofontana.com\/?s={search_term_string}\",\"query-input\":\"required name=search_term_string\"}],\"inLanguage\":\"pl-PL\"},{\"@type\":\"WebPage\",\"@id\":\"https:\/\/www.fytofontana.com\/pl\/polityka-prywatnosci\/#webpage\",\"url\":\"https:\/\/www.fytofontana.com\/pl\/polityka-prywatnosci\/\",\"name\":\"Polityka prywatno\\u015bci - Fytofontana\",\"isPartOf\":{\"@id\":\"https:\/\/www.fytofontana.com\/#website\"},\"datePublished\":\"2025-05-01T19:25:22+00:00\",\"dateModified\":\"2025-05-01T19:25:23+00:00\",\"breadcrumb\":{\"@id\":\"https:\/\/www.fytofontana.com\/pl\/polityka-prywatnosci\/#breadcrumb\"},\"inLanguage\":\"pl-PL\",\"potentialAction\":[{\"@type\":\"ReadAction\",\"target\":[\"https:\/\/www.fytofontana.com\/pl\/polityka-prywatnosci\/\"]}]},{\"@type\":\"BreadcrumbList\",\"@id\":\"https:\/\/www.fytofontana.com\/pl\/polityka-prywatnosci\/#breadcrumb\",\"itemListElement\":[{\"@type\":\"ListItem\",\"position\":1,\"item\":{\"@type\":\"WebPage\",\"@id\":\"https:\/\/www.fytofontana.com\/pl\/\",\"url\":\"https:\/\/www.fytofontana.com\/pl\/\",\"name\":\"Home\"}},{\"@type\":\"ListItem\",\"position\":2,\"item\":{\"@type\":\"WebPage\",\"@id\":\"https:\/\/www.fytofontana.com\/pl\/polityka-prywatnosci\/\",\"url\":\"https:\/\/www.fytofontana.com\/pl\/polityka-prywatnosci\/\",\"name\":\"Polityka prywatno\\u015bci\"}}]}]}<\/script>","_links":{"self":[{"href":"https:\/\/www.fytofontana.com\/pl\/wp-json\/wp\/v2\/pages\/2854"}],"collection":[{"href":"https:\/\/www.fytofontana.com\/pl\/wp-json\/wp\/v2\/pages"}],"about":[{"href":"https:\/\/www.fytofontana.com\/pl\/wp-json\/wp\/v2\/types\/page"}],"author":[{"embeddable":true,"href":"https:\/\/www.fytofontana.com\/pl\/wp-json\/wp\/v2\/users\/6"}],"replies":[{"embeddable":true,"href":"https:\/\/www.fytofontana.com\/pl\/wp-json\/wp\/v2\/comments?post=2854"}],"version-history":[{"count":1,"href":"https:\/\/www.fytofontana.com\/pl\/wp-json\/wp\/v2\/pages\/2854\/revisions"}],"predecessor-version":[{"id":2855,"href":"https:\/\/www.fytofontana.com\/pl\/wp-json\/wp\/v2\/pages\/2854\/revisions\/2855"}],"wp:attachment":[{"href":"https:\/\/www.fytofontana.com\/pl\/wp-json\/wp\/v2\/media?parent=2854"}],"curies":[{"name":"wp","href":"https:\/\/api.w.org\/{rel}","templated":true}]}}