{"id":2851,"date":"2025-05-01T20:08:30","date_gmt":"2025-05-01T19:08:30","guid":{"rendered":"https:\/\/www.fytofontana.com\/?page_id=2851"},"modified":"2025-05-01T20:10:12","modified_gmt":"2025-05-01T19:10:12","slug":"kontakt","status":"publish","type":"page","link":"https:\/\/www.fytofontana.com\/pl\/kontakt\/","title":{"rendered":"Kontakt"},"content":{"rendered":"\n<p><strong>Herb-Pharma Sp. z o.o.<\/strong><br>Ul. Bielska 47, 43-430 Skocz\u00f3w, Wojew\u00f3dztwo \u015al\u0105skie, Polska<br><a href=\"mailto:home@herb-pharma.com\" target=\"_blank\" rel=\"noreferrer noopener\"><strong>polska@herb-pharma.com<\/strong><\/a><\/p>\n\n\n\n<p><em>Research, development and formulation by:<\/em><br><strong>Herb-Pharma AG<\/strong><br>Waldmannstrasse 6,&nbsp;8001 Zurich, Switzerland<br><\/p>\n\n\n\n<div style=\"height:19px\" aria-hidden=\"true\" class=\"wp-block-spacer\"><\/div>\n\n\n\n<p>                                                                                                 <\/p>\n\n\n\n<p><\/p>\n\n\n\n<p><\/p>\n\n\n\n<p><\/p>\n\n\n\n<p><\/p>\n\n\n\n<p><\/p>\n\n\n\n<p><\/p>\n\n\n\n<p><br><\/p>\n","protected":false},"excerpt":{"rendered":"<p>Herb-Pharma Sp. z o.o.Ul. Bielska 47, 43-430 Skocz\u00f3w, Wojew\u00f3dztwo \u015al\u0105skie, Polskapolska@herb-pharma.com Research, development and formulation by:Herb-Pharma AGWaldmannstrasse 6,&nbsp;8001 Zurich, Switzerland<\/p>\n","protected":false},"author":6,"featured_media":920,"parent":0,"menu_order":0,"comment_status":"closed","ping_status":"closed","template":"template-contact.blade.php","meta":[],"yoast_head":"<title>Kontakt - Fytofontana<\/title>\n<meta name=\"robots\" content=\"index, follow, max-snippet:-1, max-image-preview:large, max-video-preview:-1\" \/>\n<link rel=\"canonical\" href=\"https:\/\/www.fytofontana.com\/pl\/kontakt\/\" \/>\n<meta property=\"og:locale\" content=\"pl_PL\" \/>\n<meta property=\"og:type\" content=\"article\" \/>\n<meta property=\"og:title\" content=\"Kontakt - Fytofontana\" \/>\n<meta property=\"og:description\" content=\"Herb-Pharma Sp. z o.o.Ul. Bielska 47, 43-430 Skocz\u00f3w, Wojew\u00f3dztwo \u015al\u0105skie, Polskapolska@herb-pharma.com Research, development and formulation by:Herb-Pharma AGWaldmannstrasse 6,&nbsp;8001 Zurich, Switzerland\" \/>\n<meta property=\"og:url\" content=\"https:\/\/www.fytofontana.com\/pl\/kontakt\/\" \/>\n<meta property=\"og:site_name\" content=\"Fytofontana\" \/>\n<meta property=\"article:modified_time\" content=\"2025-05-01T19:10:12+00:00\" \/>\n<meta property=\"og:image\" content=\"https:\/\/www.fytofontana.com\/wp-content\/uploads\/2020\/12\/AdobeStock_213664354-2-1.jpg\" \/>\n\t<meta property=\"og:image:width\" content=\"750\" \/>\n\t<meta property=\"og:image:height\" content=\"907\" \/>\n<meta name=\"twitter:card\" content=\"summary_large_image\" \/>\n<meta name=\"twitter:label1\" content=\"Est. reading time\">\n\t<meta name=\"twitter:data1\" content=\"1 minuta\">\n<script type=\"application\/ld+json\" class=\"yoast-schema-graph\">{\"@context\":\"https:\/\/schema.org\",\"@graph\":[{\"@type\":\"Organization\",\"@id\":\"https:\/\/www.fytofontana.com\/#organization\",\"name\":\"Fytofontana\",\"url\":\"https:\/\/www.fytofontana.com\/\",\"sameAs\":[],\"logo\":{\"@type\":\"ImageObject\",\"@id\":\"https:\/\/www.fytofontana.com\/#logo\",\"inLanguage\":\"pl-PL\",\"url\":\"https:\/\/www.fytofontana.com\/wp-content\/uploads\/2021\/01\/fyto.png\",\"width\":817,\"height\":79,\"caption\":\"Fytofontana\"},\"image\":{\"@id\":\"https:\/\/www.fytofontana.com\/#logo\"}},{\"@type\":\"WebSite\",\"@id\":\"https:\/\/www.fytofontana.com\/#website\",\"url\":\"https:\/\/www.fytofontana.com\/\",\"name\":\"Fytofontana\",\"description\":\"\",\"publisher\":{\"@id\":\"https:\/\/www.fytofontana.com\/#organization\"},\"potentialAction\":[{\"@type\":\"SearchAction\",\"target\":\"https:\/\/www.fytofontana.com\/?s={search_term_string}\",\"query-input\":\"required name=search_term_string\"}],\"inLanguage\":\"pl-PL\"},{\"@type\":\"ImageObject\",\"@id\":\"https:\/\/www.fytofontana.com\/pl\/kontakt\/#primaryimage\",\"inLanguage\":\"pl-PL\",\"url\":\"https:\/\/www.fytofontana.com\/wp-content\/uploads\/2020\/12\/AdobeStock_213664354-2-1.jpg\",\"width\":750,\"height\":907},{\"@type\":\"WebPage\",\"@id\":\"https:\/\/www.fytofontana.com\/pl\/kontakt\/#webpage\",\"url\":\"https:\/\/www.fytofontana.com\/pl\/kontakt\/\",\"name\":\"Kontakt - Fytofontana\",\"isPartOf\":{\"@id\":\"https:\/\/www.fytofontana.com\/#website\"},\"primaryImageOfPage\":{\"@id\":\"https:\/\/www.fytofontana.com\/pl\/kontakt\/#primaryimage\"},\"datePublished\":\"2025-05-01T19:08:30+00:00\",\"dateModified\":\"2025-05-01T19:10:12+00:00\",\"breadcrumb\":{\"@id\":\"https:\/\/www.fytofontana.com\/pl\/kontakt\/#breadcrumb\"},\"inLanguage\":\"pl-PL\",\"potentialAction\":[{\"@type\":\"ReadAction\",\"target\":[\"https:\/\/www.fytofontana.com\/pl\/kontakt\/\"]}]},{\"@type\":\"BreadcrumbList\",\"@id\":\"https:\/\/www.fytofontana.com\/pl\/kontakt\/#breadcrumb\",\"itemListElement\":[{\"@type\":\"ListItem\",\"position\":1,\"item\":{\"@type\":\"WebPage\",\"@id\":\"https:\/\/www.fytofontana.com\/pl\/\",\"url\":\"https:\/\/www.fytofontana.com\/pl\/\",\"name\":\"Home\"}},{\"@type\":\"ListItem\",\"position\":2,\"item\":{\"@type\":\"WebPage\",\"@id\":\"https:\/\/www.fytofontana.com\/pl\/kontakt\/\",\"url\":\"https:\/\/www.fytofontana.com\/pl\/kontakt\/\",\"name\":\"Kontakt\"}}]}]}<\/script>","_links":{"self":[{"href":"https:\/\/www.fytofontana.com\/pl\/wp-json\/wp\/v2\/pages\/2851"}],"collection":[{"href":"https:\/\/www.fytofontana.com\/pl\/wp-json\/wp\/v2\/pages"}],"about":[{"href":"https:\/\/www.fytofontana.com\/pl\/wp-json\/wp\/v2\/types\/page"}],"author":[{"embeddable":true,"href":"https:\/\/www.fytofontana.com\/pl\/wp-json\/wp\/v2\/users\/6"}],"replies":[{"embeddable":true,"href":"https:\/\/www.fytofontana.com\/pl\/wp-json\/wp\/v2\/comments?post=2851"}],"version-history":[{"count":2,"href":"https:\/\/www.fytofontana.com\/pl\/wp-json\/wp\/v2\/pages\/2851\/revisions"}],"predecessor-version":[{"id":2853,"href":"https:\/\/www.fytofontana.com\/pl\/wp-json\/wp\/v2\/pages\/2851\/revisions\/2853"}],"wp:featuredmedia":[{"embeddable":true,"href":"https:\/\/www.fytofontana.com\/pl\/wp-json\/wp\/v2\/media\/920"}],"wp:attachment":[{"href":"https:\/\/www.fytofontana.com\/pl\/wp-json\/wp\/v2\/media?parent=2851"}],"curies":[{"name":"wp","href":"https:\/\/api.w.org\/{rel}","templated":true}]}}