{"id":2846,"date":"2025-04-29T17:53:45","date_gmt":"2025-04-29T16:53:45","guid":{"rendered":"https:\/\/www.fytofontana.com\/?page_id=2846"},"modified":"2025-10-14T10:59:39","modified_gmt":"2025-10-14T09:59:39","slug":"strona-glowna","status":"publish","type":"page","link":"https:\/\/www.fytofontana.com\/pl\/","title":{"rendered":"Strona g\u0142\u00f3wna"},"content":{"rendered":"<section id=\"section-hero-block_5fd69e38b7b6e\"  style=\"background-image: url('https:\/\/www.fytofontana.com\/wp-content\/uploads\/2020\/12\/hero-landing.jpg')\"  class=\"section-hero flex items-center bg-fytofontana bg-center bg-no-repeat bg-cover\">\n\t<div class=\"container\">\n\t\t<div class=\"row\">\n\t\t\t<div class=\"w-full lg:w-1\/2\">\n\t\t\t\t\t\t\t\t<h1 class=\"text-4xl uppercase text-white leading-tight\">FYTOFONTANA<\/h1>\n\t\t\t\t<h2 class=\"text-5xl font-extrabold text-fytofontana-green leading-tight\">100% Zdrowia.<\/h2>\n\t\t\t\t<p class=\"my-12 text-white\">Zdrowie i dobre samopoczucie to nasze priorytety. Wierzymy w si\u0142\u0119 naturalnych sk\u0142adnik\u00f3w po\u0142\u0105czon\u0105 z najnowszymi osi\u0105gni\u0119ciami biotechnologii. Nasze wyroby medyczne, przeznaczone dla ca\u0142ej rodziny, spe\u0142niaj\u0105 najwy\u017csze europejskie standardy zgodnie z MDR (Rozporz\u0105dzenie 2017\/745), co gwarantuje ich sprawdzon\u0105 skuteczno\u015b\u0107 i bezpiecze\u0144stwo.\r\n<\/p>\n\t\t\t\t<p class=\"md:flex\">\n\t\t\t\t\t<a href=\"https:\/\/www.fytofontana.com\/pl\/produkty\/\" target=\"_self\" class=\"my-2 md:my-0 md:mr-2 w-full md:w-1\/2 btn-green\">Poznaj nasze produkty<\/a>\t\t\t\t\t\t\t\t\t<\/p>\n\t\t\t<\/div>\n\t\t<\/div>\n\t<\/div>\n<\/section>\n\n\n<section class=\"section-bestsellers container py-10 lg:py-20 relative\">\n\t<h3 class=\"mb-10 text-4xl font-extrabold leading-tight text-center\">Najpopularniejsze marki<\/h3>\n\t<div class=\"slider-bestsellers swiper-container\">\n\t\t<nav class=\"nav-slider bg-white\">\n\t\t\t<button type=\"button\" class=\"button-prev mr-4 text-fytofontana-green\">\n\t\t\t\t<i class=\"fa fa-caret-left fa-2x\"><\/i>\n\t\t\t<\/button>\n\t\t\t<button type=\"button\" class=\"button-next ml-4 text-fytofontana-green\">\n\t\t\t\t<i class=\"fa fa-caret-right fa-2x\"><\/i>\n\t\t\t<\/button>\n\t\t<\/nav>\n\t\t<div class=\"swiper-wrapper\">\n\t\t\t\t\t\t\t\t\t\t<div class=\"swiper-slide\">\n\t\t\t\t<div class=\"flex flex-wrap\">\n\t\t\t\t\t<div class=\"w-full lg:w-1\/2 lg:mr-auto\">\n\t\t\t\t\t\t<a href=\"https:\/\/www.fytofontana.com\/pl\/Produkty\/virostop-pl\/\">\n\t\t\t\t\t\t\t<img src=\"https:\/\/www.fytofontana.com\/wp-content\/uploads\/2025\/10\/25_10_BestS_VIROSTOP_endeesit-768x512.jpg\" alt=\"VIROSTOP\" class=\"mb-6 lg:mb-0\">\n\t\t\t\t\t\t<\/a>\n\t\t\t\t\t<\/div>\n\t\t\t\t\t<div class=\"w-full lg:w-5\/12\">\n\t\t\t\t\t\t<img src=\"https:\/\/www.fytofontana.com\/wp-content\/uploads\/2025\/05\/500x500_VIROSTOP_logo_Square-132x132.jpg\" alt=\"VIROSTOP\" class=\"max-w-1\/2 mb-10 brand-logo\">\n\t\t\t\t\t\t<p>Klinicznie potwierdzone\u00a0dzia\u0142anie przeciwwirusowe\u00a0ekstraktu pi\u0119ciu zio\u0142owych sk\u0142adnik\u00f3w zawieraj\u0105cych czystka krete\u0144skiego.<\/p>\n\t\t\t\t\t\t<p class=\"mt-10\">\n\t\t\t\t\t\t\t<a href=\"https:\/\/www.fytofontana.com\/pl\/Produkty\/virostop-pl\/\" class=\"w-full lg:w-1\/2 btn-fytofontana\">Odkryj<\/a>\n\t\t\t\t\t\t<\/p>\n\t\t\t\t\t<\/div>\n\t\t\t\t<\/div>\n\t\t\t<\/div>\n\t\t\t\t\t\t\t\t\t\t<div class=\"swiper-slide\">\n\t\t\t\t<div class=\"flex flex-wrap\">\n\t\t\t\t\t<div class=\"w-full lg:w-1\/2 lg:mr-auto\">\n\t\t\t\t\t\t<a href=\"https:\/\/www.fytofontana.com\/pl\/Produkty\/gyntima-pl\/\">\n\t\t\t\t\t\t\t<img src=\"https:\/\/www.fytofontana.com\/wp-content\/uploads\/2025\/10\/25_10_BestS_GYNTIMA_endeesit_02-768x512.jpg\" alt=\"GYNTIMA\" class=\"mb-6 lg:mb-0\">\n\t\t\t\t\t\t<\/a>\n\t\t\t\t\t<\/div>\n\t\t\t\t\t<div class=\"w-full lg:w-5\/12\">\n\t\t\t\t\t\t<img src=\"https:\/\/www.fytofontana.com\/wp-content\/uploads\/2024\/02\/Gyntima-logo-RGB-179x132.jpg\" alt=\"GYNTIMA\" class=\"max-w-1\/2 mb-10 brand-logo\">\n\t\t\t\t\t\t<p>Seria Gyntima naturalnie zapewnia intymn\u0105 r\u00f3wnowag\u0119 biologiczn\u0105, pomaga zapobiega\u0107 i leczy\u0107 dolegliwo\u015bci intymne.<\/p>\n\t\t\t\t\t\t<p class=\"mt-10\">\n\t\t\t\t\t\t\t<a href=\"https:\/\/www.fytofontana.com\/pl\/Produkty\/gyntima-pl\/\" class=\"w-full lg:w-1\/2 btn-fytofontana\">Odkryj<\/a>\n\t\t\t\t\t\t<\/p>\n\t\t\t\t\t<\/div>\n\t\t\t\t<\/div>\n\t\t\t<\/div>\n\t\t\t\t\t\t\t\t\t\t<div class=\"swiper-slide\">\n\t\t\t\t<div class=\"flex flex-wrap\">\n\t\t\t\t\t<div class=\"w-full lg:w-1\/2 lg:mr-auto\">\n\t\t\t\t\t\t<a href=\"https:\/\/www.fytofontana.com\/pl\/Produkty\/aurecon-pl\/\">\n\t\t\t\t\t\t\t<img src=\"https:\/\/www.fytofontana.com\/wp-content\/uploads\/2025\/10\/25_10_AURECON_brandMDR_1024x682_04-768x512.jpg\" alt=\"AURECON\" class=\"mb-6 lg:mb-0\">\n\t\t\t\t\t\t<\/a>\n\t\t\t\t\t<\/div>\n\t\t\t\t\t<div class=\"w-full lg:w-5\/12\">\n\t\t\t\t\t\t<img src=\"https:\/\/www.fytofontana.com\/wp-content\/uploads\/2020\/12\/AURECON_logo_RGB-508x132.png\" alt=\"AURECON\" class=\"max-w-1\/2 mb-10 brand-logo\">\n\t\t\t\t\t\t<p>Naturalna gama produkt\u00f3w do piel\u0119gnacji i higieny uszu dla ca\u0142ej rodziny. Pomaga zapobiega\u0107 problemom zdrowotnym takim jak zatkanie uszu i infekcje ucha.<\/p>\n\t\t\t\t\t\t<p class=\"mt-10\">\n\t\t\t\t\t\t\t<a href=\"https:\/\/www.fytofontana.com\/pl\/Produkty\/aurecon-pl\/\" class=\"w-full lg:w-1\/2 btn-fytofontana\">Odkryj<\/a>\n\t\t\t\t\t\t<\/p>\n\t\t\t\t\t<\/div>\n\t\t\t\t<\/div>\n\t\t\t<\/div>\n\t\t\t\t\t\t\t\t\t\t<div class=\"swiper-slide\">\n\t\t\t\t<div class=\"flex flex-wrap\">\n\t\t\t\t\t<div class=\"w-full lg:w-1\/2 lg:mr-auto\">\n\t\t\t\t\t\t<a href=\"https:\/\/www.fytofontana.com\/pl\/Produkty\/hemorrelax-pl\/\">\n\t\t\t\t\t\t\t<img src=\"https:\/\/www.fytofontana.com\/wp-content\/uploads\/2025\/10\/25_10_HEMORRELAX_brandMDR_1024x682_03-768x512.jpg\" alt=\"HEMORRELAX\" class=\"mb-6 lg:mb-0\">\n\t\t\t\t\t\t<\/a>\n\t\t\t\t\t<\/div>\n\t\t\t\t\t<div class=\"w-full lg:w-5\/12\">\n\t\t\t\t\t\t<img src=\"https:\/\/www.fytofontana.com\/wp-content\/uploads\/2020\/12\/HEMORRELAX_logo_vyska_RGB-329x132.png\" alt=\"HEMORRELAX\" class=\"max-w-1\/2 mb-10 brand-logo\">\n\t\t\t\t\t\t<p>Hemorrelax oferuje rozwi\u0105zanie do leczenia i zapobiegania hemoroidom oraz innym chorobom odbytu, takim jak szczeliny odbytu i ragady.<\/p>\n\t\t\t\t\t\t<p class=\"mt-10\">\n\t\t\t\t\t\t\t<a href=\"https:\/\/www.fytofontana.com\/pl\/Produkty\/hemorrelax-pl\/\" class=\"w-full lg:w-1\/2 btn-fytofontana\">Odkryj<\/a>\n\t\t\t\t\t\t<\/p>\n\t\t\t\t\t<\/div>\n\t\t\t\t<\/div>\n\t\t\t<\/div>\n\t\t\t\t\t<\/div>\n\t<\/div>\n<\/section>\n\n\n<section id=\"section-icon-columns-block_5fd69f2eb7b71\" class=\"bg-fytofontana-green-100 bg-opacity-10 py-12 lg:py-24 text-xl text-center\">\n\t<div class=\"container\">\n\t\t<div class=\"flex flex-wrap lg:justify-around\">\n\t\t\t\t\t\t<div class=\"w-1\/2 xl:w-1\/4 mb-10 lg:mb-0 lg:mx-auto\">\n\t\t\t\t<div class=\"triangle-icon relative\">\n\t\t\t\t\t<div class=\"triangle-down\"><\/div>\n\t\t\t\t\t<img src=\"https:\/\/www.fytofontana.com\/wp-content\/uploads\/2020\/12\/icon1.svg\" alt=\"\">\n\t\t\t\t<\/div>\n\t\t\t\t<p class=\"leading-tight\"><p>Tylko najwy\u017cszej<br \/>\njako\u015bci materia\u0142y<\/p>\n<\/p>\n\t\t\t<\/div>\n\t\t\t\t\t\t<div class=\"w-1\/2 xl:w-1\/4 mb-10 lg:mb-0 lg:mx-auto\">\n\t\t\t\t<div class=\"triangle-icon relative\">\n\t\t\t\t\t<div class=\"triangle-down\"><\/div>\n\t\t\t\t\t<img src=\"https:\/\/www.fytofontana.com\/wp-content\/uploads\/2020\/12\/icon2.svg\" alt=\"\">\n\t\t\t\t<\/div>\n\t\t\t\t<p class=\"leading-tight\"><p>Czyste i naturalne<br \/>\n\u017ar\u00f3d\u0142a<\/p>\n<\/p>\n\t\t\t<\/div>\n\t\t\t\t\t\t<div class=\"w-1\/2 xl:w-1\/4 mb-10 lg:mb-0 lg:mx-auto\">\n\t\t\t\t<div class=\"triangle-icon relative\">\n\t\t\t\t\t<div class=\"triangle-down\"><\/div>\n\t\t\t\t\t<img src=\"https:\/\/www.fytofontana.com\/wp-content\/uploads\/2020\/12\/icon3.svg\" alt=\"\">\n\t\t\t\t<\/div>\n\t\t\t\t<p class=\"leading-tight\"><p>Innowacyjna<br \/>\ntechnologia<\/p>\n<\/p>\n\t\t\t<\/div>\n\t\t\t\t\t\t<div class=\"w-1\/2 xl:w-1\/4 mb-10 lg:mb-0 lg:mx-auto\">\n\t\t\t\t<div class=\"triangle-icon relative\">\n\t\t\t\t\t<div class=\"triangle-down\"><\/div>\n\t\t\t\t\t<img src=\"https:\/\/www.fytofontana.com\/wp-content\/uploads\/2020\/12\/icon4-1.svg\" alt=\"\">\n\t\t\t\t<\/div>\n\t\t\t\t<p class=\"leading-tight\"><p>Wysoki poziom bezpiecze\u0144stwa \u2013<br \/>\nWyprodukowano w UE<\/p>\n<\/p>\n\t\t\t<\/div>\n\t\t\t\t\t<\/div>\n\t<\/div>\n<\/section>\n\n\n","protected":false},"excerpt":{"rendered":"","protected":false},"author":6,"featured_media":940,"parent":0,"menu_order":0,"comment_status":"closed","ping_status":"closed","template":"template-page-fytofontana.blade.php","meta":[],"yoast_head":"<title>Strona g\u0142\u00f3wna - Fytofontana<\/title>\n<meta name=\"description\" content=\"Innowacyjne wyroby medyczne, suplementy diety i kosmetyki - na podstawie bada\u0144 biotechnologicznych, rozwoju i receptur Herb-pharma AG, Switzerland.\" \/>\n<meta name=\"robots\" content=\"index, follow, max-snippet:-1, max-image-preview:large, max-video-preview:-1\" \/>\n<link rel=\"canonical\" href=\"https:\/\/www.fytofontana.com\/pl\/\" \/>\n<meta property=\"og:locale\" content=\"pl_PL\" \/>\n<meta property=\"og:type\" content=\"article\" \/>\n<meta property=\"og:title\" content=\"Strona g\u0142\u00f3wna - Fytofontana\" \/>\n<meta property=\"og:description\" content=\"Innowacyjne wyroby medyczne, suplementy diety i kosmetyki - na podstawie bada\u0144 biotechnologicznych, rozwoju i receptur Herb-pharma AG, Switzerland.\" \/>\n<meta property=\"og:url\" content=\"https:\/\/www.fytofontana.com\/pl\/\" \/>\n<meta property=\"og:site_name\" content=\"Fytofontana\" \/>\n<meta property=\"article:modified_time\" content=\"2025-10-14T09:59:39+00:00\" \/>\n<meta property=\"og:image\" content=\"https:\/\/www.fytofontana.com\/wp-content\/uploads\/2020\/12\/hero-landing.jpg\" \/>\n\t<meta property=\"og:image:width\" content=\"1500\" \/>\n\t<meta property=\"og:image:height\" content=\"793\" \/>\n<meta name=\"twitter:card\" content=\"summary_large_image\" \/>\n<script type=\"application\/ld+json\" class=\"yoast-schema-graph\">{\"@context\":\"https:\/\/schema.org\",\"@graph\":[{\"@type\":\"Organization\",\"@id\":\"https:\/\/www.fytofontana.com\/#organization\",\"name\":\"Fytofontana\",\"url\":\"https:\/\/www.fytofontana.com\/\",\"sameAs\":[],\"logo\":{\"@type\":\"ImageObject\",\"@id\":\"https:\/\/www.fytofontana.com\/#logo\",\"inLanguage\":\"pl-PL\",\"url\":\"https:\/\/www.fytofontana.com\/wp-content\/uploads\/2021\/01\/fyto.png\",\"width\":817,\"height\":79,\"caption\":\"Fytofontana\"},\"image\":{\"@id\":\"https:\/\/www.fytofontana.com\/#logo\"}},{\"@type\":\"WebSite\",\"@id\":\"https:\/\/www.fytofontana.com\/#website\",\"url\":\"https:\/\/www.fytofontana.com\/\",\"name\":\"Fytofontana\",\"description\":\"\",\"publisher\":{\"@id\":\"https:\/\/www.fytofontana.com\/#organization\"},\"potentialAction\":[{\"@type\":\"SearchAction\",\"target\":\"https:\/\/www.fytofontana.com\/?s={search_term_string}\",\"query-input\":\"required name=search_term_string\"}],\"inLanguage\":\"pl-PL\"},{\"@type\":\"ImageObject\",\"@id\":\"https:\/\/www.fytofontana.com\/pl\/#primaryimage\",\"inLanguage\":\"pl-PL\",\"url\":\"https:\/\/www.fytofontana.com\/wp-content\/uploads\/2020\/12\/hero-landing.jpg\",\"width\":1500,\"height\":793},{\"@type\":\"WebPage\",\"@id\":\"https:\/\/www.fytofontana.com\/pl\/#webpage\",\"url\":\"https:\/\/www.fytofontana.com\/pl\/\",\"name\":\"Strona g\\u0142\\u00f3wna - Fytofontana\",\"isPartOf\":{\"@id\":\"https:\/\/www.fytofontana.com\/#website\"},\"primaryImageOfPage\":{\"@id\":\"https:\/\/www.fytofontana.com\/pl\/#primaryimage\"},\"datePublished\":\"2025-04-29T16:53:45+00:00\",\"dateModified\":\"2025-10-14T09:59:39+00:00\",\"description\":\"Innowacyjne wyroby medyczne, suplementy diety i kosmetyki - na podstawie bada\\u0144 biotechnologicznych, rozwoju i receptur Herb-pharma AG, Switzerland.\",\"breadcrumb\":{\"@id\":\"https:\/\/www.fytofontana.com\/pl\/#breadcrumb\"},\"inLanguage\":\"pl-PL\",\"potentialAction\":[{\"@type\":\"ReadAction\",\"target\":[\"https:\/\/www.fytofontana.com\/pl\/\"]}]},{\"@type\":\"BreadcrumbList\",\"@id\":\"https:\/\/www.fytofontana.com\/pl\/#breadcrumb\",\"itemListElement\":[{\"@type\":\"ListItem\",\"position\":1,\"item\":{\"@type\":\"WebPage\",\"@id\":\"https:\/\/www.fytofontana.com\/pl\/\",\"url\":\"https:\/\/www.fytofontana.com\/pl\/\",\"name\":\"Home\"}},{\"@type\":\"ListItem\",\"position\":2,\"item\":{\"@type\":\"WebPage\",\"@id\":\"https:\/\/www.fytofontana.com\/pl\/\",\"url\":\"https:\/\/www.fytofontana.com\/pl\/\",\"name\":\"Strona g\\u0142\\u00f3wna\"}}]}]}<\/script>","_links":{"self":[{"href":"https:\/\/www.fytofontana.com\/pl\/wp-json\/wp\/v2\/pages\/2846"}],"collection":[{"href":"https:\/\/www.fytofontana.com\/pl\/wp-json\/wp\/v2\/pages"}],"about":[{"href":"https:\/\/www.fytofontana.com\/pl\/wp-json\/wp\/v2\/types\/page"}],"author":[{"embeddable":true,"href":"https:\/\/www.fytofontana.com\/pl\/wp-json\/wp\/v2\/users\/6"}],"replies":[{"embeddable":true,"href":"https:\/\/www.fytofontana.com\/pl\/wp-json\/wp\/v2\/comments?post=2846"}],"version-history":[{"count":27,"href":"https:\/\/www.fytofontana.com\/pl\/wp-json\/wp\/v2\/pages\/2846\/revisions"}],"predecessor-version":[{"id":4538,"href":"https:\/\/www.fytofontana.com\/pl\/wp-json\/wp\/v2\/pages\/2846\/revisions\/4538"}],"wp:featuredmedia":[{"embeddable":true,"href":"https:\/\/www.fytofontana.com\/pl\/wp-json\/wp\/v2\/media\/940"}],"wp:attachment":[{"href":"https:\/\/www.fytofontana.com\/pl\/wp-json\/wp\/v2\/media?parent=2846"}],"curies":[{"name":"wp","href":"https:\/\/api.w.org\/{rel}","templated":true}]}}