{"id":2829,"date":"2025-04-29T15:54:00","date_gmt":"2025-04-29T14:54:00","guid":{"rendered":"https:\/\/www.fytofontana.com\/?page_id=2829"},"modified":"2025-10-17T09:37:32","modified_gmt":"2025-10-17T08:37:32","slug":"firma-herb-pharma-sp-z-o-o","status":"publish","type":"page","link":"https:\/\/www.fytofontana.com\/pl\/firma-herb-pharma-sp-z-o-o\/","title":{"rendered":"O nas"},"content":{"rendered":"<section id=\"section-hero-block_5fd6a0c796abc\" class=\"section-hero small flex items-center text-fytofontana relative\">\n\t<div  style=\"background-image: url('https:\/\/www.fytofontana.com\/wp-content\/uploads\/2020\/12\/hero-about.jpg')\"  class=\"absolute inset-0 bg-center bg-no-repeat bg-cover opacity-30 lg:opacity-100\"><\/div>\n\t<div class=\"container z-10\">\n\t\t<div class=\"row\">\n\t\t\t<div class=\"w-full lg:w-1\/2\">\n\t\t\t\t<h1 class=\"text-5xl font-extrabold leading-tight\">Nasza misja<\/h1>\n\t\t\t\t<p class=\"my-12\">Naszym celem jest wytwarzanie produkt\u00f3w z odnawialnych \u017ar\u00f3de\u0142 naturalnych i dzi\u0119ki nauce osi\u0105ganie najlepszych rezultat\u00f3w i efekt\u00f3w, kt\u00f3re te substancje mog\u0105 zaoferowa\u0107. Poprzez nasz\u0105 wizj\u0119 ludzkiego zdrowia opart\u0105 na naturalnych, biotechnologicznych produktach, nieustannie uczymy si\u0119 i badamy nowe sk\u0142adniki i sposoby zastosowania. W firmie Herb-Pharma, kt\u00f3ra jest w\u0142a\u015bcicielem i producentem marek Fytofontana, innowacje s\u0105 wszechobecne i tworz\u0105 nowy paradygmat dla przemys\u0142u biotechnologicznego.<\/p>\n\t\t\t<\/div>\n\t\t<\/div>\n\t<\/div>\n<\/section>\n\n\n<section class=\"container py-20 lg:py-40\">\n\t<div class=\"flex flex-wrap -mx-2\">\n\t\t\t\t<div class=\"w-full lg:w-7\/12 px-2\">\n\t\t\t<img src=\"https:\/\/www.fytofontana.com\/wp-content\/uploads\/2020\/12\/AdobeStock_301556876-2-2.jpg\" alt=\"\" class=\"mb-6 lg:mb-0\">\n\t\t<\/div>\n\t\t\t\t<div class=\"w-full lg:w-5\/12 px-2\">\n\t\t\t<h2 class=\"mb-6 text-4xl font-extrabold leading-tight\">Firma<\/h2>\n\t\t\t<p>Historia za\u0142o\u017cenia firmy si\u0119ga pocz\u0105tku lat 90. ubieg\u0142ego wieku. Herb-pharma jest producentem kosmetyk\u00f3w, suplement\u00f3w diety i wyrob\u00f3w medycznych, kt\u00f3re s\u0105 cz\u0119\u015bci\u0105 \u017cycia wszystkich grup wiekowych, od noworodk\u00f3w a\u017c po starsz\u0105 doros\u0142o\u015b\u0107.<\/p>\n<p>Herb-Pharma prowadzi w\u0142asne o\u015brodki badawcze i produkcyjne. W przygotowaniu, rozwoju i testowaniu surowc\u00f3w oraz produkt\u00f3w ko\u0144cowych uczestniczy zesp\u00f3\u0142 naukowc\u00f3w, biolog\u00f3w, lekarzy, farmaceut\u00f3w i chemik\u00f3w. Naszym celem jest zbudowanie i wprowadzenie na rynek zr\u00f3wnowa\u017conego \u0142a\u0144cucha innowacyjnych nowych metod leczniczych opartych na naszej wiedzy technicznej i naukowej.<\/p>\n\t\t<\/div>\n\t\t\t<\/div>\n<\/section>\n\n\n\n<figure class=\"wp-block-video\"><video controls poster=\"https:\/\/www.fytofontana.com\/wp-content\/uploads\/2024\/07\/Screenshot-2024-07-01-at-13.44.31.png\" src=\"https:\/\/www.fytofontana.com\/wp-content\/uploads\/2024\/07\/virostop_factory_v1.mov\"><\/video><\/figure>\n\n\n<section id=\"section-icon-grid-block_5fd6a16596abe\"class=\"bg-fytofontana-green-100 bg-opacity-10 pt-10 lg:pt-20 pb-2 lg:pb-4\">\n\t<div class=\"container\">\n\t\t\t\t\t\t\t\t\t\t<div class=\"flex flex-wrap justify-evenly -mx-2\">\n\t\t\t\t\t\t\t<div class=\"w-full lg:w-1\/4 mb-8 lg:mb-16 px-2\">\n\t\t\t\t\t<img loading=\"lazy\" src=\"https:\/\/www.fytofontana.com\/wp-content\/uploads\/2020\/12\/icon4-green.svg\" width=\"68\" height=\"60\" alt=\"\" class=\"object-contain h-16 mb-6\">\n\t\t\t\t\t<p>Herb-Pharma prowadzi w\u0142asne zak\u0142ady produkcyjne, wszystkie produkty s\u0105 wytwarzane w UE.<\/p>\n\t\t\t\t<\/div>\n\t\t\t\t\t\t\t\t\t\t\t\t<div class=\"w-full lg:w-1\/4 mb-8 lg:mb-16 px-2\">\n\t\t\t\t\t<img loading=\"lazy\" src=\"https:\/\/www.fytofontana.com\/wp-content\/uploads\/2020\/12\/icon8.svg\" width=\"68\" height=\"60\" alt=\"\" class=\"object-contain h-16 mb-6\">\n\t\t\t\t\t<p>Na rynku dost\u0119pnych jest ponad 15 marek, a wprowadzenie nowych produkt\u00f3w na rynek jest zaplanowane na lata 2026 i 2027.<\/p>\n\t\t\t\t<\/div>\n\t\t\t\t\t\t<\/div>\n\t\t\t\t\t\t\t\t\t\t\t<div class=\"flex flex-wrap justify-evenly -mx-2\">\n\t\t\t\t\t\t\t<div class=\"w-full lg:w-1\/4 mb-8 lg:mb-16 px-2\">\n\t\t\t\t\t<img loading=\"lazy\" src=\"https:\/\/www.fytofontana.com\/wp-content\/uploads\/2020\/12\/icon7.svg\" width=\"68\" height=\"60\" alt=\"\" class=\"object-contain h-16 mb-6\">\n\t\t\t\t\t<p>Dystrybucja do ponad 25 kraj\u00f3w za po\u015brednictwem aptek, sieci handlowych, dom\u00f3w handlowych i sklep\u00f3w internetowych.<\/p>\n\t\t\t\t<\/div>\n\t\t\t\t\t\t\t\t\t\t\t\t<div class=\"w-full lg:w-1\/4 mb-8 lg:mb-16 px-2\">\n\t\t\t\t\t<img loading=\"lazy\" src=\"https:\/\/www.fytofontana.com\/wp-content\/uploads\/2020\/12\/icon9.svg\" width=\"68\" height=\"60\" alt=\"\" class=\"object-contain h-16 mb-6\">\n\t\t\t\t\t<p>Produkty Herb-Pharma s\u0105 sprzedawane w oko\u0142o 20 000 sklep\u00f3w.<\/p>\n\t\t\t\t<\/div>\n\t\t\t\t\t\t<\/div>\n\t\t\t\t\t\t<\/div>\n<\/section>\n\n\n<section class=\"container py-20 lg:py-40\">\n\t<div class=\"flex flex-wrap -mx-2\">\n\t\t\t\t<div class=\"w-full lg:w-7\/12 px-2\">\n\t\t\t<img src=\"https:\/\/www.fytofontana.com\/wp-content\/uploads\/2020\/12\/AdobeStock_295216695-2-1.png\" alt=\"\" class=\"mb-6 lg:mb-0\">\n\t\t<\/div>\n\t\t\t\t<div class=\"w-full lg:w-5\/12 px-2\">\n\t\t\t<h2 class=\"mb-6 text-4xl font-extrabold leading-tight\">Nasza filozofia<\/h2>\n\t\t\t<ul>\n<li><strong>Gwarancja jako\u015bci<\/strong> \u2013 naszym celem jest dostarczanie naszym u\u017cytkownikom surowc\u00f3w o najwy\u017cszej i najczystszej jako\u015bci dost\u0119pnych na \u015bwiatowym rynku.<\/li>\n<li><strong>Wysoki poziom bezpiecze\u0144stwa<\/strong> \u2013 staramy si\u0119 zapewni\u0107, aby wszystkie nasze surowce spe\u0142nia\u0142y najwy\u017csze przemys\u0142owe standardy jako\u015bci, testy kliniczne i aby produkt ko\u0144cowy nie zawiera\u0142 \u017cadnych szkodliwych substancji.<\/li>\n<li><strong>Naturalne produkty<\/strong> \u2013 d\u0105\u017cymy do wykorzystywania jak najwi\u0119kszej ilo\u015bci surowc\u00f3w ze \u017ar\u00f3de\u0142 naturalnych.<\/li>\n<li><strong>Innowacje<\/strong> \u2013 staramy si\u0119 oferowa\u0107 prawdziwie innowacyjne produkty, pomys\u0142y i ulepszone metody produkcji.<\/li>\n<li><strong>Tworzy\u0107 warto\u015b\u0107 dla klient\u00f3w i by\u0107 etycznym<\/strong> \u2013 we wszystkim, co robimy, staramy si\u0119 realizowa\u0107 nasz cel w s\u0142u\u017cbie klientom i przek\u0142ada\u0107 obietnic\u0119 profesjonalnego podej\u015bcia na nasze produkty.<\/li>\n<\/ul>\n<div id=\"gtx-trans\" style=\"position: absolute; left: 69px; top: 302px;\">\n<div class=\"gtx-trans-icon\"><\/div>\n<\/div>\n\t\t<\/div>\n\t\t\t<\/div>\n<\/section>\n\n\n<section id=\"section-premium-block_5fd6a2bb96ac4\" class=\"bg-fytofontana-green-100 bg-opacity-10 py-12 lg:py-24 text-center\">\n\t<div class=\"container\">\n\t\t<h2 class=\"text-xl uppercase leading-tight\">FYTOFONTANA<\/h2>\t\t<h3 class=\"text-4xl font-extrabold leading-tight\">Kompleksowa piel\u0119gnacja sk\u00f3ry<\/h3>\t\t<div class=\"lg:w-2\/3 mx-auto my-10 text-xl leading-tight\"><p>Fytofontana wierzy, \u017ce nauka jest kluczem do odm\u0142odzenia sk\u00f3ry. Dzi\u0119ki dziesi\u0119cioleciom bada\u0144, nasze porady reprezentuj\u0105 najwy\u017csz\u0105 kategori\u0119 piel\u0119gnacji sk\u00f3ry.<\/p>\n<\/div>\t\t<div class=\"flex flex-wrap justify-center -mx-5 premium-elements\">\n\t\t\t\t\t\t<div class=\"w-full lg:w-1\/2 xl:w-5\/12 mb-12 lg:mb-0 px-5 xl:px-6\">\n\t\t\t\t<a href=\"https:\/\/fcosme.com\" target=\"_blank\" class=\"block h-full bg-white p-12 transform hover:scale-105 text-fytofontana\">\n\t\t\t\t\t\t\t\t\t\t<img loading=\"lazy\" src=\"https:\/\/www.fytofontana.com\/wp-content\/uploads\/2020\/12\/logo-f1.svg\" width=\"157\" height=\"84\" alt=\"\" class=\"object-contain w-full h-24 mb-12\">\n\t\t\t\t\t\t\t\t\t\t<h4 class=\"text-xl text-fytofontana font-bold leading-tight mb-6\">Fytofontana Cosmeceuticals<\/h4>\t\t\t\t\t<p>By joining the most powerful peptide substances, Fytofontana Cosmeceuticals approaches <strong>wrinkle elimination<\/strong> and the fight against skin aging based on the latest scientific researches.<\/p>\n\t\t\t\t<\/a>\n\t\t\t<\/div>\n\t\t\t\t\t\t<div class=\"w-full lg:w-1\/2 xl:w-5\/12 mb-12 lg:mb-0 px-5 xl:px-6\">\n\t\t\t\t<a href=\"https:\/\/fcosme.com\" target=\"_blank\" class=\"block h-full bg-white p-12 transform hover:scale-105 text-fytofontana\">\n\t\t\t\t\t\t\t\t\t\t<img loading=\"lazy\" src=\"https:\/\/www.fytofontana.com\/wp-content\/uploads\/2020\/12\/logo-f2.jpg\" width=\"157\" height=\"84\" alt=\"\" class=\"object-contain w-full h-24 mb-12\">\n\t\t\t\t\t\t\t\t\t\t<h4 class=\"text-xl text-fytofontana font-bold leading-tight mb-6\">Fytofontana Stem Cells<\/h4>\t\t\t\t\t<p>The biotechnology stem cell complex-The TrioStem3- founded by Dr Fiker combines the genetic information necessary for the <strong>complete renewal of the skin.<\/strong><\/p>\n\t\t\t\t<\/a>\n\t\t\t<\/div>\n\t\t\t\t\t<\/div>\n\t<\/div>\n<\/section>\n\n","protected":false},"excerpt":{"rendered":"","protected":false},"author":6,"featured_media":943,"parent":0,"menu_order":0,"comment_status":"closed","ping_status":"closed","template":"template-page-fytofontana.blade.php","meta":[],"yoast_head":"<title>O nas - Fytofontana<\/title>\n<meta name=\"description\" content=\"Innowacyjne wyroby medyczne, suplementy diety i kosmetyki - na podstawie bada\u0144 biotechnologicznych, rozwoju i receptur Herb-pharma AG, Switzerland.\" \/>\n<meta name=\"robots\" content=\"index, follow, max-snippet:-1, max-image-preview:large, max-video-preview:-1\" \/>\n<link rel=\"canonical\" href=\"https:\/\/www.fytofontana.com\/pl\/firma-herb-pharma-sp-z-o-o\/\" \/>\n<meta property=\"og:locale\" content=\"pl_PL\" \/>\n<meta property=\"og:type\" content=\"article\" \/>\n<meta property=\"og:title\" content=\"O nas - Fytofontana\" \/>\n<meta property=\"og:description\" content=\"Innowacyjne wyroby medyczne, suplementy diety i kosmetyki - na podstawie bada\u0144 biotechnologicznych, rozwoju i receptur Herb-pharma AG, Switzerland.\" \/>\n<meta property=\"og:url\" content=\"https:\/\/www.fytofontana.com\/pl\/firma-herb-pharma-sp-z-o-o\/\" \/>\n<meta property=\"og:site_name\" content=\"Fytofontana\" \/>\n<meta property=\"article:modified_time\" content=\"2025-10-17T08:37:32+00:00\" \/>\n<meta property=\"og:image\" content=\"https:\/\/www.fytofontana.com\/wp-content\/uploads\/2020\/12\/hero-about.jpg\" \/>\n\t<meta property=\"og:image:width\" content=\"1500\" \/>\n\t<meta property=\"og:image:height\" content=\"795\" \/>\n<meta name=\"twitter:card\" content=\"summary_large_image\" \/>\n<script type=\"application\/ld+json\" class=\"yoast-schema-graph\">{\"@context\":\"https:\/\/schema.org\",\"@graph\":[{\"@type\":\"Organization\",\"@id\":\"https:\/\/www.fytofontana.com\/#organization\",\"name\":\"Fytofontana\",\"url\":\"https:\/\/www.fytofontana.com\/\",\"sameAs\":[],\"logo\":{\"@type\":\"ImageObject\",\"@id\":\"https:\/\/www.fytofontana.com\/#logo\",\"inLanguage\":\"pl-PL\",\"url\":\"https:\/\/www.fytofontana.com\/wp-content\/uploads\/2021\/01\/fyto.png\",\"width\":817,\"height\":79,\"caption\":\"Fytofontana\"},\"image\":{\"@id\":\"https:\/\/www.fytofontana.com\/#logo\"}},{\"@type\":\"WebSite\",\"@id\":\"https:\/\/www.fytofontana.com\/#website\",\"url\":\"https:\/\/www.fytofontana.com\/\",\"name\":\"Fytofontana\",\"description\":\"\",\"publisher\":{\"@id\":\"https:\/\/www.fytofontana.com\/#organization\"},\"potentialAction\":[{\"@type\":\"SearchAction\",\"target\":\"https:\/\/www.fytofontana.com\/?s={search_term_string}\",\"query-input\":\"required name=search_term_string\"}],\"inLanguage\":\"pl-PL\"},{\"@type\":\"ImageObject\",\"@id\":\"https:\/\/www.fytofontana.com\/pl\/firma-herb-pharma-sp-z-o-o\/#primaryimage\",\"inLanguage\":\"pl-PL\",\"url\":\"https:\/\/www.fytofontana.com\/wp-content\/uploads\/2020\/12\/hero-about.jpg\",\"width\":1500,\"height\":795},{\"@type\":\"WebPage\",\"@id\":\"https:\/\/www.fytofontana.com\/pl\/firma-herb-pharma-sp-z-o-o\/#webpage\",\"url\":\"https:\/\/www.fytofontana.com\/pl\/firma-herb-pharma-sp-z-o-o\/\",\"name\":\"O nas - Fytofontana\",\"isPartOf\":{\"@id\":\"https:\/\/www.fytofontana.com\/#website\"},\"primaryImageOfPage\":{\"@id\":\"https:\/\/www.fytofontana.com\/pl\/firma-herb-pharma-sp-z-o-o\/#primaryimage\"},\"datePublished\":\"2025-04-29T14:54:00+00:00\",\"dateModified\":\"2025-10-17T08:37:32+00:00\",\"description\":\"Innowacyjne wyroby medyczne, suplementy diety i kosmetyki - na podstawie bada\\u0144 biotechnologicznych, rozwoju i receptur Herb-pharma AG, Switzerland.\",\"breadcrumb\":{\"@id\":\"https:\/\/www.fytofontana.com\/pl\/firma-herb-pharma-sp-z-o-o\/#breadcrumb\"},\"inLanguage\":\"pl-PL\",\"potentialAction\":[{\"@type\":\"ReadAction\",\"target\":[\"https:\/\/www.fytofontana.com\/pl\/firma-herb-pharma-sp-z-o-o\/\"]}]},{\"@type\":\"BreadcrumbList\",\"@id\":\"https:\/\/www.fytofontana.com\/pl\/firma-herb-pharma-sp-z-o-o\/#breadcrumb\",\"itemListElement\":[{\"@type\":\"ListItem\",\"position\":1,\"item\":{\"@type\":\"WebPage\",\"@id\":\"https:\/\/www.fytofontana.com\/pl\/\",\"url\":\"https:\/\/www.fytofontana.com\/pl\/\",\"name\":\"Home\"}},{\"@type\":\"ListItem\",\"position\":2,\"item\":{\"@type\":\"WebPage\",\"@id\":\"https:\/\/www.fytofontana.com\/pl\/firma-herb-pharma-sp-z-o-o\/\",\"url\":\"https:\/\/www.fytofontana.com\/pl\/firma-herb-pharma-sp-z-o-o\/\",\"name\":\"O nas\"}}]}]}<\/script>","_links":{"self":[{"href":"https:\/\/www.fytofontana.com\/pl\/wp-json\/wp\/v2\/pages\/2829"}],"collection":[{"href":"https:\/\/www.fytofontana.com\/pl\/wp-json\/wp\/v2\/pages"}],"about":[{"href":"https:\/\/www.fytofontana.com\/pl\/wp-json\/wp\/v2\/types\/page"}],"author":[{"embeddable":true,"href":"https:\/\/www.fytofontana.com\/pl\/wp-json\/wp\/v2\/users\/6"}],"replies":[{"embeddable":true,"href":"https:\/\/www.fytofontana.com\/pl\/wp-json\/wp\/v2\/comments?post=2829"}],"version-history":[{"count":18,"href":"https:\/\/www.fytofontana.com\/pl\/wp-json\/wp\/v2\/pages\/2829\/revisions"}],"predecessor-version":[{"id":5035,"href":"https:\/\/www.fytofontana.com\/pl\/wp-json\/wp\/v2\/pages\/2829\/revisions\/5035"}],"wp:featuredmedia":[{"embeddable":true,"href":"https:\/\/www.fytofontana.com\/pl\/wp-json\/wp\/v2\/media\/943"}],"wp:attachment":[{"href":"https:\/\/www.fytofontana.com\/pl\/wp-json\/wp\/v2\/media?parent=2829"}],"curies":[{"name":"wp","href":"https:\/\/api.w.org\/{rel}","templated":true}]}}