{"id":684,"date":"2021-01-11T18:15:44","date_gmt":"2021-01-11T17:15:44","guid":{"rendered":"https:\/\/www.fytofontana.com\/hu\/product\/aloe-vera-forte-extract\/"},"modified":"2025-08-26T09:09:56","modified_gmt":"2025-08-26T08:09:56","slug":"aloe-vera-forte-extract","status":"publish","type":"product","link":"https:\/\/www.fytofontana.com\/hu\/termek\/aloe-vera-forte-extract\/","title":{"rendered":"ALOE VERA forte extract"},"content":{"rendered":"<p><strong>*\u00a0 Magyarorsz\u00e1gon m\u00e9g nem kaphat\u00f3.<\/strong><\/p>\n<ul>\n<li>Az Aloe Vera hat\u00f3anyagai seg\u00edtik az em\u00e9szt\u00e9st \u00e9s j\u00f3t\u00e9kony hat\u00e1ssal vannak a b\u00e9lrendszer funkci\u00f3ira.<\/li>\n<li>T\u00e1mogatj\u00e1k a b\u00e9lm\u0171k\u00f6d\u00e9st, amely hozz\u00e1j\u00e1rul a rendszeres sz\u00e9klet\u00fcr\u00edt\u00e9shez.<\/li>\n<li>A hat\u00f3anyagok jelleg\u00e9nek k\u00f6sz\u00f6nhet\u0151en, pozit\u00edvan befoly\u00e1solj\u00e1k az inzulin termel\u00e9st \u00e9s ez\u00e1ltal seg\u00edtenek fenntartani a norm\u00e1l v\u00e9rcukorszintet.<\/li>\n<li>Megk\u00f6tik az em\u00e9szt\u0151rendszerben felhalmoz\u00f3dott m\u00e9rgez\u0151 anyagokat \u00e9s ez\u00e1ltal hozz\u00e1j\u00e1rulnak a szervezet m\u00e9regtelen\u00edt\u00e9s\u00e9hez is.<\/li>\n<\/ul>\n","protected":false},"featured_media":4151,"template":"","products":[32],"class_list":["post-684","product","type-product","status-publish","has-post-thumbnail","hentry","products-aloe-vera-hu"],"yoast_head":"<title>ALOE VERA forte extract - Fytofontana<\/title>\n<meta name=\"description\" content=\"Koncentr\u00e1lt ital Aloe ver\u00e1val \u00e9s \u00e1zsiai g\u00e1zl\u00f3b\u00f3l. T\u00e1mogatja az em\u00e9szt\u00e9st, a m\u00e9regtelen\u00edt\u00e9st, az agyi kering\u00e9st \u00e9s a mem\u00f3ri\u00e1t. Antioxid\u00e1nsai v\u00e9dik a sejteket \u00e9s seg\u00edtik a term\u00e9szetes v\u00e9dekez\u0151k\u00e9pess\u00e9get.\" \/>\n<meta name=\"robots\" content=\"index, follow, max-snippet:-1, max-image-preview:large, max-video-preview:-1\" \/>\n<link rel=\"canonical\" href=\"https:\/\/www.fytofontana.com\/hu\/termek\/aloe-vera-forte-extract\/\" \/>\n<meta property=\"og:locale\" content=\"hu_HU\" \/>\n<meta property=\"og:type\" content=\"article\" \/>\n<meta property=\"og:title\" content=\"ALOE VERA forte extract - Fytofontana\" \/>\n<meta property=\"og:description\" content=\"Koncentr\u00e1lt ital Aloe ver\u00e1val \u00e9s \u00e1zsiai g\u00e1zl\u00f3b\u00f3l. T\u00e1mogatja az em\u00e9szt\u00e9st, a m\u00e9regtelen\u00edt\u00e9st, az agyi kering\u00e9st \u00e9s a mem\u00f3ri\u00e1t. Antioxid\u00e1nsai v\u00e9dik a sejteket \u00e9s seg\u00edtik a term\u00e9szetes v\u00e9dekez\u0151k\u00e9pess\u00e9get.\" \/>\n<meta property=\"og:url\" content=\"https:\/\/www.fytofontana.com\/hu\/termek\/aloe-vera-forte-extract\/\" \/>\n<meta property=\"og:site_name\" content=\"Fytofontana\" \/>\n<meta property=\"article:modified_time\" content=\"2025-08-26T08:09:56+00:00\" \/>\n<meta property=\"og:image\" content=\"https:\/\/www.fytofontana.com\/wp-content\/uploads\/2021\/02\/2025_06_Fytofontana_ALOE_VERA_extract_forte_500ml_01_LQ_Primary.png\" \/>\n\t<meta property=\"og:image:width\" content=\"1000\" \/>\n\t<meta property=\"og:image:height\" content=\"1000\" \/>\n\t<meta property=\"og:image:type\" content=\"image\/png\" \/>\n<meta name=\"twitter:card\" content=\"summary_large_image\" \/>\n<meta name=\"twitter:label1\" content=\"Becs\u00fclt olvas\u00e1si id\u0151\" \/>\n\t<meta name=\"twitter:data1\" content=\"1 perc\" \/>\n<script type=\"application\/ld+json\" class=\"yoast-schema-graph\">{\"@context\":\"https:\\\/\\\/schema.org\",\"@graph\":[{\"@type\":[\"WebPage\",\"ItemPage\"],\"@id\":\"https:\\\/\\\/www.fytofontana.com\\\/hu\\\/termek\\\/aloe-vera-forte-extract\\\/\",\"url\":\"https:\\\/\\\/www.fytofontana.com\\\/hu\\\/termek\\\/aloe-vera-forte-extract\\\/\",\"name\":\"ALOE VERA forte extract - Fytofontana\",\"isPartOf\":{\"@id\":\"https:\\\/\\\/www.fytofontana.com\\\/#website\"},\"primaryImageOfPage\":{\"@id\":\"https:\\\/\\\/www.fytofontana.com\\\/hu\\\/termek\\\/aloe-vera-forte-extract\\\/#primaryimage\"},\"image\":{\"@id\":\"https:\\\/\\\/www.fytofontana.com\\\/hu\\\/termek\\\/aloe-vera-forte-extract\\\/#primaryimage\"},\"thumbnailUrl\":\"https:\\\/\\\/www.fytofontana.com\\\/wp-content\\\/uploads\\\/2021\\\/02\\\/2025_06_Fytofontana_ALOE_VERA_extract_forte_500ml_01_LQ_Primary.png\",\"datePublished\":\"2021-01-11T17:15:44+00:00\",\"dateModified\":\"2025-08-26T08:09:56+00:00\",\"description\":\"Koncentr\u00e1lt ital Aloe ver\u00e1val \u00e9s \u00e1zsiai g\u00e1zl\u00f3b\u00f3l. T\u00e1mogatja az em\u00e9szt\u00e9st, a m\u00e9regtelen\u00edt\u00e9st, az agyi kering\u00e9st \u00e9s a mem\u00f3ri\u00e1t. Antioxid\u00e1nsai v\u00e9dik a sejteket \u00e9s seg\u00edtik a term\u00e9szetes v\u00e9dekez\u0151k\u00e9pess\u00e9get.\",\"breadcrumb\":{\"@id\":\"https:\\\/\\\/www.fytofontana.com\\\/hu\\\/termek\\\/aloe-vera-forte-extract\\\/#breadcrumb\"},\"inLanguage\":\"hu\",\"potentialAction\":[{\"@type\":\"ReadAction\",\"target\":[\"https:\\\/\\\/www.fytofontana.com\\\/hu\\\/termek\\\/aloe-vera-forte-extract\\\/\"]}]},{\"@type\":\"ImageObject\",\"inLanguage\":\"hu\",\"@id\":\"https:\\\/\\\/www.fytofontana.com\\\/hu\\\/termek\\\/aloe-vera-forte-extract\\\/#primaryimage\",\"url\":\"https:\\\/\\\/www.fytofontana.com\\\/wp-content\\\/uploads\\\/2021\\\/02\\\/2025_06_Fytofontana_ALOE_VERA_extract_forte_500ml_01_LQ_Primary.png\",\"contentUrl\":\"https:\\\/\\\/www.fytofontana.com\\\/wp-content\\\/uploads\\\/2021\\\/02\\\/2025_06_Fytofontana_ALOE_VERA_extract_forte_500ml_01_LQ_Primary.png\",\"width\":1000,\"height\":1000},{\"@type\":\"BreadcrumbList\",\"@id\":\"https:\\\/\\\/www.fytofontana.com\\\/hu\\\/termek\\\/aloe-vera-forte-extract\\\/#breadcrumb\",\"itemListElement\":[{\"@type\":\"ListItem\",\"position\":1,\"name\":\"Home\",\"item\":\"https:\\\/\\\/www.fytofontana.com\\\/hu\\\/\"},{\"@type\":\"ListItem\",\"position\":2,\"name\":\"ALOE VERA forte extract\"}]},{\"@type\":\"WebSite\",\"@id\":\"https:\\\/\\\/www.fytofontana.com\\\/#website\",\"url\":\"https:\\\/\\\/www.fytofontana.com\\\/\",\"name\":\"Fytofontana\",\"description\":\"\",\"publisher\":{\"@id\":\"https:\\\/\\\/www.fytofontana.com\\\/#organization\"},\"potentialAction\":[{\"@type\":\"SearchAction\",\"target\":{\"@type\":\"EntryPoint\",\"urlTemplate\":\"https:\\\/\\\/www.fytofontana.com\\\/?s={search_term_string}\"},\"query-input\":{\"@type\":\"PropertyValueSpecification\",\"valueRequired\":true,\"valueName\":\"search_term_string\"}}],\"inLanguage\":\"hu\"},{\"@type\":\"Organization\",\"@id\":\"https:\\\/\\\/www.fytofontana.com\\\/#organization\",\"name\":\"Fytofontana\",\"url\":\"https:\\\/\\\/www.fytofontana.com\\\/\",\"logo\":{\"@type\":\"ImageObject\",\"inLanguage\":\"hu\",\"@id\":\"https:\\\/\\\/www.fytofontana.com\\\/#\\\/schema\\\/logo\\\/image\\\/\",\"url\":\"https:\\\/\\\/www.fytofontana.com\\\/wp-content\\\/uploads\\\/2021\\\/01\\\/fyto.png\",\"contentUrl\":\"https:\\\/\\\/www.fytofontana.com\\\/wp-content\\\/uploads\\\/2021\\\/01\\\/fyto.png\",\"width\":817,\"height\":79,\"caption\":\"Fytofontana\"},\"image\":{\"@id\":\"https:\\\/\\\/www.fytofontana.com\\\/#\\\/schema\\\/logo\\\/image\\\/\"}}]}<\/script>","yoast_head_json":{"title":"ALOE VERA forte extract - Fytofontana","description":"Koncentr\u00e1lt ital Aloe ver\u00e1val \u00e9s \u00e1zsiai g\u00e1zl\u00f3b\u00f3l. T\u00e1mogatja az em\u00e9szt\u00e9st, a m\u00e9regtelen\u00edt\u00e9st, az agyi kering\u00e9st \u00e9s a mem\u00f3ri\u00e1t. Antioxid\u00e1nsai v\u00e9dik a sejteket \u00e9s seg\u00edtik a term\u00e9szetes v\u00e9dekez\u0151k\u00e9pess\u00e9get.","robots":{"index":"index","follow":"follow","max-snippet":"max-snippet:-1","max-image-preview":"max-image-preview:large","max-video-preview":"max-video-preview:-1"},"canonical":"https:\/\/www.fytofontana.com\/hu\/termek\/aloe-vera-forte-extract\/","og_locale":"hu_HU","og_type":"article","og_title":"ALOE VERA forte extract - Fytofontana","og_description":"Koncentr\u00e1lt ital Aloe ver\u00e1val \u00e9s \u00e1zsiai g\u00e1zl\u00f3b\u00f3l. T\u00e1mogatja az em\u00e9szt\u00e9st, a m\u00e9regtelen\u00edt\u00e9st, az agyi kering\u00e9st \u00e9s a mem\u00f3ri\u00e1t. Antioxid\u00e1nsai v\u00e9dik a sejteket \u00e9s seg\u00edtik a term\u00e9szetes v\u00e9dekez\u0151k\u00e9pess\u00e9get.","og_url":"https:\/\/www.fytofontana.com\/hu\/termek\/aloe-vera-forte-extract\/","og_site_name":"Fytofontana","article_modified_time":"2025-08-26T08:09:56+00:00","og_image":[{"width":1000,"height":1000,"url":"https:\/\/www.fytofontana.com\/wp-content\/uploads\/2021\/02\/2025_06_Fytofontana_ALOE_VERA_extract_forte_500ml_01_LQ_Primary.png","type":"image\/png"}],"twitter_card":"summary_large_image","twitter_misc":{"Becs\u00fclt olvas\u00e1si id\u0151":"1 perc"},"schema":{"@context":"https:\/\/schema.org","@graph":[{"@type":["WebPage","ItemPage"],"@id":"https:\/\/www.fytofontana.com\/hu\/termek\/aloe-vera-forte-extract\/","url":"https:\/\/www.fytofontana.com\/hu\/termek\/aloe-vera-forte-extract\/","name":"ALOE VERA forte extract - Fytofontana","isPartOf":{"@id":"https:\/\/www.fytofontana.com\/#website"},"primaryImageOfPage":{"@id":"https:\/\/www.fytofontana.com\/hu\/termek\/aloe-vera-forte-extract\/#primaryimage"},"image":{"@id":"https:\/\/www.fytofontana.com\/hu\/termek\/aloe-vera-forte-extract\/#primaryimage"},"thumbnailUrl":"https:\/\/www.fytofontana.com\/wp-content\/uploads\/2021\/02\/2025_06_Fytofontana_ALOE_VERA_extract_forte_500ml_01_LQ_Primary.png","datePublished":"2021-01-11T17:15:44+00:00","dateModified":"2025-08-26T08:09:56+00:00","description":"Koncentr\u00e1lt ital Aloe ver\u00e1val \u00e9s \u00e1zsiai g\u00e1zl\u00f3b\u00f3l. T\u00e1mogatja az em\u00e9szt\u00e9st, a m\u00e9regtelen\u00edt\u00e9st, az agyi kering\u00e9st \u00e9s a mem\u00f3ri\u00e1t. Antioxid\u00e1nsai v\u00e9dik a sejteket \u00e9s seg\u00edtik a term\u00e9szetes v\u00e9dekez\u0151k\u00e9pess\u00e9get.","breadcrumb":{"@id":"https:\/\/www.fytofontana.com\/hu\/termek\/aloe-vera-forte-extract\/#breadcrumb"},"inLanguage":"hu","potentialAction":[{"@type":"ReadAction","target":["https:\/\/www.fytofontana.com\/hu\/termek\/aloe-vera-forte-extract\/"]}]},{"@type":"ImageObject","inLanguage":"hu","@id":"https:\/\/www.fytofontana.com\/hu\/termek\/aloe-vera-forte-extract\/#primaryimage","url":"https:\/\/www.fytofontana.com\/wp-content\/uploads\/2021\/02\/2025_06_Fytofontana_ALOE_VERA_extract_forte_500ml_01_LQ_Primary.png","contentUrl":"https:\/\/www.fytofontana.com\/wp-content\/uploads\/2021\/02\/2025_06_Fytofontana_ALOE_VERA_extract_forte_500ml_01_LQ_Primary.png","width":1000,"height":1000},{"@type":"BreadcrumbList","@id":"https:\/\/www.fytofontana.com\/hu\/termek\/aloe-vera-forte-extract\/#breadcrumb","itemListElement":[{"@type":"ListItem","position":1,"name":"Home","item":"https:\/\/www.fytofontana.com\/hu\/"},{"@type":"ListItem","position":2,"name":"ALOE VERA forte extract"}]},{"@type":"WebSite","@id":"https:\/\/www.fytofontana.com\/#website","url":"https:\/\/www.fytofontana.com\/","name":"Fytofontana","description":"","publisher":{"@id":"https:\/\/www.fytofontana.com\/#organization"},"potentialAction":[{"@type":"SearchAction","target":{"@type":"EntryPoint","urlTemplate":"https:\/\/www.fytofontana.com\/?s={search_term_string}"},"query-input":{"@type":"PropertyValueSpecification","valueRequired":true,"valueName":"search_term_string"}}],"inLanguage":"hu"},{"@type":"Organization","@id":"https:\/\/www.fytofontana.com\/#organization","name":"Fytofontana","url":"https:\/\/www.fytofontana.com\/","logo":{"@type":"ImageObject","inLanguage":"hu","@id":"https:\/\/www.fytofontana.com\/#\/schema\/logo\/image\/","url":"https:\/\/www.fytofontana.com\/wp-content\/uploads\/2021\/01\/fyto.png","contentUrl":"https:\/\/www.fytofontana.com\/wp-content\/uploads\/2021\/01\/fyto.png","width":817,"height":79,"caption":"Fytofontana"},"image":{"@id":"https:\/\/www.fytofontana.com\/#\/schema\/logo\/image\/"}}]}},"_links":{"self":[{"href":"https:\/\/www.fytofontana.com\/hu\/wp-json\/wp\/v2\/product\/684","targetHints":{"allow":["GET"]}}],"collection":[{"href":"https:\/\/www.fytofontana.com\/hu\/wp-json\/wp\/v2\/product"}],"about":[{"href":"https:\/\/www.fytofontana.com\/hu\/wp-json\/wp\/v2\/types\/product"}],"wp:featuredmedia":[{"embeddable":true,"href":"https:\/\/www.fytofontana.com\/hu\/wp-json\/wp\/v2\/media\/4151"}],"wp:attachment":[{"href":"https:\/\/www.fytofontana.com\/hu\/wp-json\/wp\/v2\/media?parent=684"}],"wp:term":[{"taxonomy":"products","embeddable":true,"href":"https:\/\/www.fytofontana.com\/hu\/wp-json\/wp\/v2\/products?post=684"}],"curies":[{"name":"wp","href":"https:\/\/api.w.org\/{rel}","templated":true}]}}