{"id":636,"date":"2020-12-17T22:37:30","date_gmt":"2020-12-17T21:37:30","guid":{"rendered":"https:\/\/www.fytofontana.com\/hu\/product\/hair-man-2\/"},"modified":"2025-09-02T09:46:44","modified_gmt":"2025-09-02T08:46:44","slug":"hair-man","status":"publish","type":"product","link":"https:\/\/www.fytofontana.com\/hu\/termek\/hair-man\/","title":{"rendered":"HAIR Man hajsz\u00e9rum"},"content":{"rendered":"<ul>\n<li>A Hair fito-biotechnol\u00f3giai hajfiatal\u00edt\u00f3 \u00e9s hajn\u00f6veked\u00e9st serkent\u0151 sz\u00e9rum tudom\u00e1nyos m\u00f3dszereken alapul\u00f3 biotechnol\u00f3giai hat\u00f3anyagok \u00e9s tradicion\u00e1lis n\u00f6v\u00e9nyi kivonatok kombin\u00e1ci\u00f3ja.<\/li>\n<li>A sz\u00e9rum eg\u00e9szs\u00e9gesebb\u00e9, struktur\u00e1ltabb\u00e1 teszi a hajsz\u00e1lakat \u00e9s a hajt\u0151n\u00e9l hatva a hajt\u00fcsz\u0151ket is, \u00edgy a haj er\u0151sebb\u00e9 \u00e9s csillog\u00f3bb\u00e1 v\u00e1lik.<\/li>\n<li>Az elt\u00e9r\u0151 fiziol\u00f3giai tulajdons\u00e1gok miatt, az optim\u00e1lis hat\u00e1s el\u00e9r\u00e9se \u00e9rdek\u00e9ben aj\u00e1nlott, hogy a f\u00e9rfiak \u00e9s n\u0151k a nekik sz\u00e1nt k\u00e9sz\u00edtm\u00e9nyt haszn\u00e1lj\u00e1k.<\/li>\n<\/ul>\n","protected":false},"featured_media":568,"template":"","products":[34],"class_list":["post-636","product","type-product","status-publish","has-post-thumbnail","hentry","products-hair"],"yoast_head":"<title>HAIR Man hajsz\u00e9rum - Fytofontana<\/title>\n<meta name=\"description\" content=\"Fito-biotechnol\u00f3giai sz\u00e9rum f\u00e9rfiaknak hajhull\u00e1s ellen. Serkenti a hajn\u00f6veked\u00e9st, er\u0151s\u00edti a hajt\u00fcsz\u0151ket, struktur\u00e1ltt\u00e1 \u00e9s f\u00e9nyess\u00e9 teszi a hajat.\" \/>\n<meta name=\"robots\" content=\"index, follow, max-snippet:-1, max-image-preview:large, max-video-preview:-1\" \/>\n<link rel=\"canonical\" href=\"https:\/\/www.fytofontana.com\/hu\/termek\/hair-man\/\" \/>\n<meta property=\"og:locale\" content=\"hu_HU\" \/>\n<meta property=\"og:type\" content=\"article\" \/>\n<meta property=\"og:title\" content=\"HAIR Man hajsz\u00e9rum - Fytofontana\" \/>\n<meta property=\"og:description\" content=\"Fito-biotechnol\u00f3giai sz\u00e9rum f\u00e9rfiaknak hajhull\u00e1s ellen. Serkenti a hajn\u00f6veked\u00e9st, er\u0151s\u00edti a hajt\u00fcsz\u0151ket, struktur\u00e1ltt\u00e1 \u00e9s f\u00e9nyess\u00e9 teszi a hajat.\" \/>\n<meta property=\"og:url\" content=\"https:\/\/www.fytofontana.com\/hu\/termek\/hair-man\/\" \/>\n<meta property=\"og:site_name\" content=\"Fytofontana\" \/>\n<meta property=\"article:modified_time\" content=\"2025-09-02T08:46:44+00:00\" \/>\n<meta property=\"og:image\" content=\"https:\/\/www.fytofontana.com\/wp-content\/uploads\/2020\/12\/094.png\" \/>\n\t<meta property=\"og:image:width\" content=\"1500\" \/>\n\t<meta property=\"og:image:height\" content=\"1500\" \/>\n\t<meta property=\"og:image:type\" content=\"image\/png\" \/>\n<meta name=\"twitter:card\" content=\"summary_large_image\" \/>\n<meta name=\"twitter:label1\" content=\"Becs\u00fclt olvas\u00e1si id\u0151\" \/>\n\t<meta name=\"twitter:data1\" content=\"1 perc\" \/>\n<script type=\"application\/ld+json\" class=\"yoast-schema-graph\">{\"@context\":\"https:\\\/\\\/schema.org\",\"@graph\":[{\"@type\":[\"WebPage\",\"ItemPage\"],\"@id\":\"https:\\\/\\\/www.fytofontana.com\\\/hu\\\/termek\\\/hair-man\\\/\",\"url\":\"https:\\\/\\\/www.fytofontana.com\\\/hu\\\/termek\\\/hair-man\\\/\",\"name\":\"HAIR Man hajsz\u00e9rum - Fytofontana\",\"isPartOf\":{\"@id\":\"https:\\\/\\\/www.fytofontana.com\\\/#website\"},\"primaryImageOfPage\":{\"@id\":\"https:\\\/\\\/www.fytofontana.com\\\/hu\\\/termek\\\/hair-man\\\/#primaryimage\"},\"image\":{\"@id\":\"https:\\\/\\\/www.fytofontana.com\\\/hu\\\/termek\\\/hair-man\\\/#primaryimage\"},\"thumbnailUrl\":\"https:\\\/\\\/www.fytofontana.com\\\/wp-content\\\/uploads\\\/2020\\\/12\\\/094.png\",\"datePublished\":\"2020-12-17T21:37:30+00:00\",\"dateModified\":\"2025-09-02T08:46:44+00:00\",\"description\":\"Fito-biotechnol\u00f3giai sz\u00e9rum f\u00e9rfiaknak hajhull\u00e1s ellen. Serkenti a hajn\u00f6veked\u00e9st, er\u0151s\u00edti a hajt\u00fcsz\u0151ket, struktur\u00e1ltt\u00e1 \u00e9s f\u00e9nyess\u00e9 teszi a hajat.\",\"breadcrumb\":{\"@id\":\"https:\\\/\\\/www.fytofontana.com\\\/hu\\\/termek\\\/hair-man\\\/#breadcrumb\"},\"inLanguage\":\"hu\",\"potentialAction\":[{\"@type\":\"ReadAction\",\"target\":[\"https:\\\/\\\/www.fytofontana.com\\\/hu\\\/termek\\\/hair-man\\\/\"]}]},{\"@type\":\"ImageObject\",\"inLanguage\":\"hu\",\"@id\":\"https:\\\/\\\/www.fytofontana.com\\\/hu\\\/termek\\\/hair-man\\\/#primaryimage\",\"url\":\"https:\\\/\\\/www.fytofontana.com\\\/wp-content\\\/uploads\\\/2020\\\/12\\\/094.png\",\"contentUrl\":\"https:\\\/\\\/www.fytofontana.com\\\/wp-content\\\/uploads\\\/2020\\\/12\\\/094.png\",\"width\":1500,\"height\":1500},{\"@type\":\"BreadcrumbList\",\"@id\":\"https:\\\/\\\/www.fytofontana.com\\\/hu\\\/termek\\\/hair-man\\\/#breadcrumb\",\"itemListElement\":[{\"@type\":\"ListItem\",\"position\":1,\"name\":\"Home\",\"item\":\"https:\\\/\\\/www.fytofontana.com\\\/hu\\\/\"},{\"@type\":\"ListItem\",\"position\":2,\"name\":\"HAIR Man hajsz\u00e9rum\"}]},{\"@type\":\"WebSite\",\"@id\":\"https:\\\/\\\/www.fytofontana.com\\\/#website\",\"url\":\"https:\\\/\\\/www.fytofontana.com\\\/\",\"name\":\"Fytofontana\",\"description\":\"\",\"publisher\":{\"@id\":\"https:\\\/\\\/www.fytofontana.com\\\/#organization\"},\"potentialAction\":[{\"@type\":\"SearchAction\",\"target\":{\"@type\":\"EntryPoint\",\"urlTemplate\":\"https:\\\/\\\/www.fytofontana.com\\\/?s={search_term_string}\"},\"query-input\":{\"@type\":\"PropertyValueSpecification\",\"valueRequired\":true,\"valueName\":\"search_term_string\"}}],\"inLanguage\":\"hu\"},{\"@type\":\"Organization\",\"@id\":\"https:\\\/\\\/www.fytofontana.com\\\/#organization\",\"name\":\"Fytofontana\",\"url\":\"https:\\\/\\\/www.fytofontana.com\\\/\",\"logo\":{\"@type\":\"ImageObject\",\"inLanguage\":\"hu\",\"@id\":\"https:\\\/\\\/www.fytofontana.com\\\/#\\\/schema\\\/logo\\\/image\\\/\",\"url\":\"https:\\\/\\\/www.fytofontana.com\\\/wp-content\\\/uploads\\\/2021\\\/01\\\/fyto.png\",\"contentUrl\":\"https:\\\/\\\/www.fytofontana.com\\\/wp-content\\\/uploads\\\/2021\\\/01\\\/fyto.png\",\"width\":817,\"height\":79,\"caption\":\"Fytofontana\"},\"image\":{\"@id\":\"https:\\\/\\\/www.fytofontana.com\\\/#\\\/schema\\\/logo\\\/image\\\/\"}}]}<\/script>","yoast_head_json":{"title":"HAIR Man hajsz\u00e9rum - Fytofontana","description":"Fito-biotechnol\u00f3giai sz\u00e9rum f\u00e9rfiaknak hajhull\u00e1s ellen. Serkenti a hajn\u00f6veked\u00e9st, er\u0151s\u00edti a hajt\u00fcsz\u0151ket, struktur\u00e1ltt\u00e1 \u00e9s f\u00e9nyess\u00e9 teszi a hajat.","robots":{"index":"index","follow":"follow","max-snippet":"max-snippet:-1","max-image-preview":"max-image-preview:large","max-video-preview":"max-video-preview:-1"},"canonical":"https:\/\/www.fytofontana.com\/hu\/termek\/hair-man\/","og_locale":"hu_HU","og_type":"article","og_title":"HAIR Man hajsz\u00e9rum - Fytofontana","og_description":"Fito-biotechnol\u00f3giai sz\u00e9rum f\u00e9rfiaknak hajhull\u00e1s ellen. Serkenti a hajn\u00f6veked\u00e9st, er\u0151s\u00edti a hajt\u00fcsz\u0151ket, struktur\u00e1ltt\u00e1 \u00e9s f\u00e9nyess\u00e9 teszi a hajat.","og_url":"https:\/\/www.fytofontana.com\/hu\/termek\/hair-man\/","og_site_name":"Fytofontana","article_modified_time":"2025-09-02T08:46:44+00:00","og_image":[{"width":1500,"height":1500,"url":"https:\/\/www.fytofontana.com\/wp-content\/uploads\/2020\/12\/094.png","type":"image\/png"}],"twitter_card":"summary_large_image","twitter_misc":{"Becs\u00fclt olvas\u00e1si id\u0151":"1 perc"},"schema":{"@context":"https:\/\/schema.org","@graph":[{"@type":["WebPage","ItemPage"],"@id":"https:\/\/www.fytofontana.com\/hu\/termek\/hair-man\/","url":"https:\/\/www.fytofontana.com\/hu\/termek\/hair-man\/","name":"HAIR Man hajsz\u00e9rum - Fytofontana","isPartOf":{"@id":"https:\/\/www.fytofontana.com\/#website"},"primaryImageOfPage":{"@id":"https:\/\/www.fytofontana.com\/hu\/termek\/hair-man\/#primaryimage"},"image":{"@id":"https:\/\/www.fytofontana.com\/hu\/termek\/hair-man\/#primaryimage"},"thumbnailUrl":"https:\/\/www.fytofontana.com\/wp-content\/uploads\/2020\/12\/094.png","datePublished":"2020-12-17T21:37:30+00:00","dateModified":"2025-09-02T08:46:44+00:00","description":"Fito-biotechnol\u00f3giai sz\u00e9rum f\u00e9rfiaknak hajhull\u00e1s ellen. Serkenti a hajn\u00f6veked\u00e9st, er\u0151s\u00edti a hajt\u00fcsz\u0151ket, struktur\u00e1ltt\u00e1 \u00e9s f\u00e9nyess\u00e9 teszi a hajat.","breadcrumb":{"@id":"https:\/\/www.fytofontana.com\/hu\/termek\/hair-man\/#breadcrumb"},"inLanguage":"hu","potentialAction":[{"@type":"ReadAction","target":["https:\/\/www.fytofontana.com\/hu\/termek\/hair-man\/"]}]},{"@type":"ImageObject","inLanguage":"hu","@id":"https:\/\/www.fytofontana.com\/hu\/termek\/hair-man\/#primaryimage","url":"https:\/\/www.fytofontana.com\/wp-content\/uploads\/2020\/12\/094.png","contentUrl":"https:\/\/www.fytofontana.com\/wp-content\/uploads\/2020\/12\/094.png","width":1500,"height":1500},{"@type":"BreadcrumbList","@id":"https:\/\/www.fytofontana.com\/hu\/termek\/hair-man\/#breadcrumb","itemListElement":[{"@type":"ListItem","position":1,"name":"Home","item":"https:\/\/www.fytofontana.com\/hu\/"},{"@type":"ListItem","position":2,"name":"HAIR Man hajsz\u00e9rum"}]},{"@type":"WebSite","@id":"https:\/\/www.fytofontana.com\/#website","url":"https:\/\/www.fytofontana.com\/","name":"Fytofontana","description":"","publisher":{"@id":"https:\/\/www.fytofontana.com\/#organization"},"potentialAction":[{"@type":"SearchAction","target":{"@type":"EntryPoint","urlTemplate":"https:\/\/www.fytofontana.com\/?s={search_term_string}"},"query-input":{"@type":"PropertyValueSpecification","valueRequired":true,"valueName":"search_term_string"}}],"inLanguage":"hu"},{"@type":"Organization","@id":"https:\/\/www.fytofontana.com\/#organization","name":"Fytofontana","url":"https:\/\/www.fytofontana.com\/","logo":{"@type":"ImageObject","inLanguage":"hu","@id":"https:\/\/www.fytofontana.com\/#\/schema\/logo\/image\/","url":"https:\/\/www.fytofontana.com\/wp-content\/uploads\/2021\/01\/fyto.png","contentUrl":"https:\/\/www.fytofontana.com\/wp-content\/uploads\/2021\/01\/fyto.png","width":817,"height":79,"caption":"Fytofontana"},"image":{"@id":"https:\/\/www.fytofontana.com\/#\/schema\/logo\/image\/"}}]}},"_links":{"self":[{"href":"https:\/\/www.fytofontana.com\/hu\/wp-json\/wp\/v2\/product\/636","targetHints":{"allow":["GET"]}}],"collection":[{"href":"https:\/\/www.fytofontana.com\/hu\/wp-json\/wp\/v2\/product"}],"about":[{"href":"https:\/\/www.fytofontana.com\/hu\/wp-json\/wp\/v2\/types\/product"}],"wp:featuredmedia":[{"embeddable":true,"href":"https:\/\/www.fytofontana.com\/hu\/wp-json\/wp\/v2\/media\/568"}],"wp:attachment":[{"href":"https:\/\/www.fytofontana.com\/hu\/wp-json\/wp\/v2\/media?parent=636"}],"wp:term":[{"taxonomy":"products","embeddable":true,"href":"https:\/\/www.fytofontana.com\/hu\/wp-json\/wp\/v2\/products?post=636"}],"curies":[{"name":"wp","href":"https:\/\/api.w.org\/{rel}","templated":true}]}}