{"id":631,"date":"2020-12-17T22:03:15","date_gmt":"2020-12-17T21:03:15","guid":{"rendered":"https:\/\/www.fytofontana.com\/hu\/product\/aloe-vera-capsules-2\/"},"modified":"2025-08-26T09:10:47","modified_gmt":"2025-08-26T08:10:47","slug":"aloe-vera-kapszula","status":"publish","type":"product","link":"https:\/\/www.fytofontana.com\/hu\/termek\/aloe-vera-kapszula\/","title":{"rendered":"ALOE VERA kapszula"},"content":{"rendered":"<p><strong>*\u00a0 Magyarorsz\u00e1gon m\u00e9g nem kaphat\u00f3.<\/strong><\/p>\n<ul>\n<li><strong>\u00c9trendkieg\u00e9sz\u00edt\u0151<\/strong><\/li>\n<li>Az ALOE VERA biovital kapszula az Aloe vera barbadensis n\u00f6v\u00e9ny koncentr\u00e1lt kivonat\u00e1t tartalmazza. Az aloe vera kedvez\u0151 hat\u00e1ssal van az em\u00e9szt\u0151rendszer m\u0171k\u00f6d\u00e9s\u00e9re \u00e9s antioxid\u00e1ns hat\u00e1sa r\u00e9v\u00e9n cs\u00f6kkenti a k\u00e1ros oxidat\u00edv folyamatokat.<\/li>\n<\/ul>\n","protected":false},"featured_media":4182,"template":"","products":[32],"class_list":["post-631","product","type-product","status-publish","has-post-thumbnail","hentry","products-aloe-vera-hu"],"yoast_head":"<title>ALOE VERA kapszula - Fytofontana<\/title>\n<meta name=\"description\" content=\"A koncentr\u00e1lt Aloe vera kivonatot tartalmaz\u00f3 kapszula t\u00e1mogatja az em\u00e9szt\u00e9st, seg\u00edti a rendszeres sz\u00e9klet\u00fcr\u00edt\u00e9st \u00e9s m\u00e9regtelen\u00edt\u00e9st. El\u0151seg\u00edti a norm\u00e1l v\u00e9rcukorszint fenntart\u00e1s\u00e1t, antioxid\u00e1ns hat\u00e1sa r\u00e9v\u00e9n v\u00e9di a sejteket.\" \/>\n<meta name=\"robots\" content=\"index, follow, max-snippet:-1, max-image-preview:large, max-video-preview:-1\" \/>\n<link rel=\"canonical\" href=\"https:\/\/www.fytofontana.com\/hu\/termek\/aloe-vera-kapszula\/\" \/>\n<meta property=\"og:locale\" content=\"hu_HU\" \/>\n<meta property=\"og:type\" content=\"article\" \/>\n<meta property=\"og:title\" content=\"ALOE VERA kapszula - Fytofontana\" \/>\n<meta property=\"og:description\" content=\"A koncentr\u00e1lt Aloe vera kivonatot tartalmaz\u00f3 kapszula t\u00e1mogatja az em\u00e9szt\u00e9st, seg\u00edti a rendszeres sz\u00e9klet\u00fcr\u00edt\u00e9st \u00e9s m\u00e9regtelen\u00edt\u00e9st. El\u0151seg\u00edti a norm\u00e1l v\u00e9rcukorszint fenntart\u00e1s\u00e1t, antioxid\u00e1ns hat\u00e1sa r\u00e9v\u00e9n v\u00e9di a sejteket.\" \/>\n<meta property=\"og:url\" content=\"https:\/\/www.fytofontana.com\/hu\/termek\/aloe-vera-kapszula\/\" \/>\n<meta property=\"og:site_name\" content=\"Fytofontana\" \/>\n<meta property=\"article:modified_time\" content=\"2025-08-26T08:10:47+00:00\" \/>\n<meta property=\"og:image\" content=\"https:\/\/www.fytofontana.com\/wp-content\/uploads\/2021\/02\/2025_06_Fytofontana_ALOE_VERA_capsules_30cps_01_LQ_Primary.png\" \/>\n\t<meta property=\"og:image:width\" content=\"1000\" \/>\n\t<meta property=\"og:image:height\" content=\"1000\" \/>\n\t<meta property=\"og:image:type\" content=\"image\/png\" \/>\n<meta name=\"twitter:card\" content=\"summary_large_image\" \/>\n<meta name=\"twitter:label1\" content=\"Becs\u00fclt olvas\u00e1si id\u0151\" \/>\n\t<meta name=\"twitter:data1\" content=\"1 perc\" \/>\n<script type=\"application\/ld+json\" class=\"yoast-schema-graph\">{\"@context\":\"https:\\\/\\\/schema.org\",\"@graph\":[{\"@type\":[\"WebPage\",\"ItemPage\"],\"@id\":\"https:\\\/\\\/www.fytofontana.com\\\/hu\\\/termek\\\/aloe-vera-kapszula\\\/\",\"url\":\"https:\\\/\\\/www.fytofontana.com\\\/hu\\\/termek\\\/aloe-vera-kapszula\\\/\",\"name\":\"ALOE VERA kapszula - Fytofontana\",\"isPartOf\":{\"@id\":\"https:\\\/\\\/www.fytofontana.com\\\/#website\"},\"primaryImageOfPage\":{\"@id\":\"https:\\\/\\\/www.fytofontana.com\\\/hu\\\/termek\\\/aloe-vera-kapszula\\\/#primaryimage\"},\"image\":{\"@id\":\"https:\\\/\\\/www.fytofontana.com\\\/hu\\\/termek\\\/aloe-vera-kapszula\\\/#primaryimage\"},\"thumbnailUrl\":\"https:\\\/\\\/www.fytofontana.com\\\/wp-content\\\/uploads\\\/2021\\\/02\\\/2025_06_Fytofontana_ALOE_VERA_capsules_30cps_01_LQ_Primary.png\",\"datePublished\":\"2020-12-17T21:03:15+00:00\",\"dateModified\":\"2025-08-26T08:10:47+00:00\",\"description\":\"A koncentr\u00e1lt Aloe vera kivonatot tartalmaz\u00f3 kapszula t\u00e1mogatja az em\u00e9szt\u00e9st, seg\u00edti a rendszeres sz\u00e9klet\u00fcr\u00edt\u00e9st \u00e9s m\u00e9regtelen\u00edt\u00e9st. El\u0151seg\u00edti a norm\u00e1l v\u00e9rcukorszint fenntart\u00e1s\u00e1t, antioxid\u00e1ns hat\u00e1sa r\u00e9v\u00e9n v\u00e9di a sejteket.\",\"breadcrumb\":{\"@id\":\"https:\\\/\\\/www.fytofontana.com\\\/hu\\\/termek\\\/aloe-vera-kapszula\\\/#breadcrumb\"},\"inLanguage\":\"hu\",\"potentialAction\":[{\"@type\":\"ReadAction\",\"target\":[\"https:\\\/\\\/www.fytofontana.com\\\/hu\\\/termek\\\/aloe-vera-kapszula\\\/\"]}]},{\"@type\":\"ImageObject\",\"inLanguage\":\"hu\",\"@id\":\"https:\\\/\\\/www.fytofontana.com\\\/hu\\\/termek\\\/aloe-vera-kapszula\\\/#primaryimage\",\"url\":\"https:\\\/\\\/www.fytofontana.com\\\/wp-content\\\/uploads\\\/2021\\\/02\\\/2025_06_Fytofontana_ALOE_VERA_capsules_30cps_01_LQ_Primary.png\",\"contentUrl\":\"https:\\\/\\\/www.fytofontana.com\\\/wp-content\\\/uploads\\\/2021\\\/02\\\/2025_06_Fytofontana_ALOE_VERA_capsules_30cps_01_LQ_Primary.png\",\"width\":1000,\"height\":1000},{\"@type\":\"BreadcrumbList\",\"@id\":\"https:\\\/\\\/www.fytofontana.com\\\/hu\\\/termek\\\/aloe-vera-kapszula\\\/#breadcrumb\",\"itemListElement\":[{\"@type\":\"ListItem\",\"position\":1,\"name\":\"Home\",\"item\":\"https:\\\/\\\/www.fytofontana.com\\\/hu\\\/\"},{\"@type\":\"ListItem\",\"position\":2,\"name\":\"ALOE VERA kapszula\"}]},{\"@type\":\"WebSite\",\"@id\":\"https:\\\/\\\/www.fytofontana.com\\\/#website\",\"url\":\"https:\\\/\\\/www.fytofontana.com\\\/\",\"name\":\"Fytofontana\",\"description\":\"\",\"publisher\":{\"@id\":\"https:\\\/\\\/www.fytofontana.com\\\/#organization\"},\"potentialAction\":[{\"@type\":\"SearchAction\",\"target\":{\"@type\":\"EntryPoint\",\"urlTemplate\":\"https:\\\/\\\/www.fytofontana.com\\\/?s={search_term_string}\"},\"query-input\":{\"@type\":\"PropertyValueSpecification\",\"valueRequired\":true,\"valueName\":\"search_term_string\"}}],\"inLanguage\":\"hu\"},{\"@type\":\"Organization\",\"@id\":\"https:\\\/\\\/www.fytofontana.com\\\/#organization\",\"name\":\"Fytofontana\",\"url\":\"https:\\\/\\\/www.fytofontana.com\\\/\",\"logo\":{\"@type\":\"ImageObject\",\"inLanguage\":\"hu\",\"@id\":\"https:\\\/\\\/www.fytofontana.com\\\/#\\\/schema\\\/logo\\\/image\\\/\",\"url\":\"https:\\\/\\\/www.fytofontana.com\\\/wp-content\\\/uploads\\\/2021\\\/01\\\/fyto.png\",\"contentUrl\":\"https:\\\/\\\/www.fytofontana.com\\\/wp-content\\\/uploads\\\/2021\\\/01\\\/fyto.png\",\"width\":817,\"height\":79,\"caption\":\"Fytofontana\"},\"image\":{\"@id\":\"https:\\\/\\\/www.fytofontana.com\\\/#\\\/schema\\\/logo\\\/image\\\/\"}}]}<\/script>","yoast_head_json":{"title":"ALOE VERA kapszula - Fytofontana","description":"A koncentr\u00e1lt Aloe vera kivonatot tartalmaz\u00f3 kapszula t\u00e1mogatja az em\u00e9szt\u00e9st, seg\u00edti a rendszeres sz\u00e9klet\u00fcr\u00edt\u00e9st \u00e9s m\u00e9regtelen\u00edt\u00e9st. El\u0151seg\u00edti a norm\u00e1l v\u00e9rcukorszint fenntart\u00e1s\u00e1t, antioxid\u00e1ns hat\u00e1sa r\u00e9v\u00e9n v\u00e9di a sejteket.","robots":{"index":"index","follow":"follow","max-snippet":"max-snippet:-1","max-image-preview":"max-image-preview:large","max-video-preview":"max-video-preview:-1"},"canonical":"https:\/\/www.fytofontana.com\/hu\/termek\/aloe-vera-kapszula\/","og_locale":"hu_HU","og_type":"article","og_title":"ALOE VERA kapszula - Fytofontana","og_description":"A koncentr\u00e1lt Aloe vera kivonatot tartalmaz\u00f3 kapszula t\u00e1mogatja az em\u00e9szt\u00e9st, seg\u00edti a rendszeres sz\u00e9klet\u00fcr\u00edt\u00e9st \u00e9s m\u00e9regtelen\u00edt\u00e9st. El\u0151seg\u00edti a norm\u00e1l v\u00e9rcukorszint fenntart\u00e1s\u00e1t, antioxid\u00e1ns hat\u00e1sa r\u00e9v\u00e9n v\u00e9di a sejteket.","og_url":"https:\/\/www.fytofontana.com\/hu\/termek\/aloe-vera-kapszula\/","og_site_name":"Fytofontana","article_modified_time":"2025-08-26T08:10:47+00:00","og_image":[{"width":1000,"height":1000,"url":"https:\/\/www.fytofontana.com\/wp-content\/uploads\/2021\/02\/2025_06_Fytofontana_ALOE_VERA_capsules_30cps_01_LQ_Primary.png","type":"image\/png"}],"twitter_card":"summary_large_image","twitter_misc":{"Becs\u00fclt olvas\u00e1si id\u0151":"1 perc"},"schema":{"@context":"https:\/\/schema.org","@graph":[{"@type":["WebPage","ItemPage"],"@id":"https:\/\/www.fytofontana.com\/hu\/termek\/aloe-vera-kapszula\/","url":"https:\/\/www.fytofontana.com\/hu\/termek\/aloe-vera-kapszula\/","name":"ALOE VERA kapszula - Fytofontana","isPartOf":{"@id":"https:\/\/www.fytofontana.com\/#website"},"primaryImageOfPage":{"@id":"https:\/\/www.fytofontana.com\/hu\/termek\/aloe-vera-kapszula\/#primaryimage"},"image":{"@id":"https:\/\/www.fytofontana.com\/hu\/termek\/aloe-vera-kapszula\/#primaryimage"},"thumbnailUrl":"https:\/\/www.fytofontana.com\/wp-content\/uploads\/2021\/02\/2025_06_Fytofontana_ALOE_VERA_capsules_30cps_01_LQ_Primary.png","datePublished":"2020-12-17T21:03:15+00:00","dateModified":"2025-08-26T08:10:47+00:00","description":"A koncentr\u00e1lt Aloe vera kivonatot tartalmaz\u00f3 kapszula t\u00e1mogatja az em\u00e9szt\u00e9st, seg\u00edti a rendszeres sz\u00e9klet\u00fcr\u00edt\u00e9st \u00e9s m\u00e9regtelen\u00edt\u00e9st. El\u0151seg\u00edti a norm\u00e1l v\u00e9rcukorszint fenntart\u00e1s\u00e1t, antioxid\u00e1ns hat\u00e1sa r\u00e9v\u00e9n v\u00e9di a sejteket.","breadcrumb":{"@id":"https:\/\/www.fytofontana.com\/hu\/termek\/aloe-vera-kapszula\/#breadcrumb"},"inLanguage":"hu","potentialAction":[{"@type":"ReadAction","target":["https:\/\/www.fytofontana.com\/hu\/termek\/aloe-vera-kapszula\/"]}]},{"@type":"ImageObject","inLanguage":"hu","@id":"https:\/\/www.fytofontana.com\/hu\/termek\/aloe-vera-kapszula\/#primaryimage","url":"https:\/\/www.fytofontana.com\/wp-content\/uploads\/2021\/02\/2025_06_Fytofontana_ALOE_VERA_capsules_30cps_01_LQ_Primary.png","contentUrl":"https:\/\/www.fytofontana.com\/wp-content\/uploads\/2021\/02\/2025_06_Fytofontana_ALOE_VERA_capsules_30cps_01_LQ_Primary.png","width":1000,"height":1000},{"@type":"BreadcrumbList","@id":"https:\/\/www.fytofontana.com\/hu\/termek\/aloe-vera-kapszula\/#breadcrumb","itemListElement":[{"@type":"ListItem","position":1,"name":"Home","item":"https:\/\/www.fytofontana.com\/hu\/"},{"@type":"ListItem","position":2,"name":"ALOE VERA kapszula"}]},{"@type":"WebSite","@id":"https:\/\/www.fytofontana.com\/#website","url":"https:\/\/www.fytofontana.com\/","name":"Fytofontana","description":"","publisher":{"@id":"https:\/\/www.fytofontana.com\/#organization"},"potentialAction":[{"@type":"SearchAction","target":{"@type":"EntryPoint","urlTemplate":"https:\/\/www.fytofontana.com\/?s={search_term_string}"},"query-input":{"@type":"PropertyValueSpecification","valueRequired":true,"valueName":"search_term_string"}}],"inLanguage":"hu"},{"@type":"Organization","@id":"https:\/\/www.fytofontana.com\/#organization","name":"Fytofontana","url":"https:\/\/www.fytofontana.com\/","logo":{"@type":"ImageObject","inLanguage":"hu","@id":"https:\/\/www.fytofontana.com\/#\/schema\/logo\/image\/","url":"https:\/\/www.fytofontana.com\/wp-content\/uploads\/2021\/01\/fyto.png","contentUrl":"https:\/\/www.fytofontana.com\/wp-content\/uploads\/2021\/01\/fyto.png","width":817,"height":79,"caption":"Fytofontana"},"image":{"@id":"https:\/\/www.fytofontana.com\/#\/schema\/logo\/image\/"}}]}},"_links":{"self":[{"href":"https:\/\/www.fytofontana.com\/hu\/wp-json\/wp\/v2\/product\/631","targetHints":{"allow":["GET"]}}],"collection":[{"href":"https:\/\/www.fytofontana.com\/hu\/wp-json\/wp\/v2\/product"}],"about":[{"href":"https:\/\/www.fytofontana.com\/hu\/wp-json\/wp\/v2\/types\/product"}],"wp:featuredmedia":[{"embeddable":true,"href":"https:\/\/www.fytofontana.com\/hu\/wp-json\/wp\/v2\/media\/4182"}],"wp:attachment":[{"href":"https:\/\/www.fytofontana.com\/hu\/wp-json\/wp\/v2\/media?parent=631"}],"wp:term":[{"taxonomy":"products","embeddable":true,"href":"https:\/\/www.fytofontana.com\/hu\/wp-json\/wp\/v2\/products?post=631"}],"curies":[{"name":"wp","href":"https:\/\/api.w.org\/{rel}","templated":true}]}}