{"id":627,"date":"2020-12-17T21:57:37","date_gmt":"2020-12-17T20:57:37","guid":{"rendered":"https:\/\/www.fytofontana.com\/hu\/product\/citrovital-csepp\/"},"modified":"2025-07-28T14:59:22","modified_gmt":"2025-07-28T13:59:22","slug":"citrovital-csepp","status":"publish","type":"product","link":"https:\/\/www.fytofontana.com\/hu\/termek\/citrovital-csepp\/","title":{"rendered":"CITROVITAL csepp"},"content":{"rendered":"<ul>\n<li><strong>Grapefruitmag-kivonatot tartalmaz\u00f3 \u00e9trendkieg\u00e9sz\u00edt\u0151<\/strong><\/li>\n<li>A Citrovital csepp grapefruitmag-kivonatot tartalmaz, amely term\u00e9szetes polifenolokban gazdag, \u00e9s antioxid\u00e1ns hat\u00e1ssal is rendelkezik. Az antioxid\u00e1nsok hozz\u00e1j\u00e1rulnak a szervezet\u00fcnkben lej\u00e1tsz\u00f3d\u00f3 k\u00e1ros oxidat\u00edv folyamatok g\u00e1tl\u00e1s\u00e1hoz.<\/li>\n<\/ul>\n","protected":false},"featured_media":3910,"template":"","products":[31],"yoast_head":"<title>CITROVITAL csepp - Fytofontana<\/title>\n<meta name=\"description\" content=\"A Citrovital cseppek term\u00e9szetes grapefruitmag-kivonatot tartalmaznak, amely gazdag polifenolokban. Antioxid\u00e1ns hat\u00e1suk r\u00e9v\u00e9n t\u00e1mogatj\u00e1k a szervezetet az oxidat\u00edv stressz elleni v\u00e9dekez\u00e9sben \u00e9s hozz\u00e1j\u00e1rulnak az immunrendszer eg\u00e9szs\u00e9ges m\u0171k\u00f6d\u00e9s\u00e9hez.\" \/>\n<meta name=\"robots\" content=\"index, follow, max-snippet:-1, max-image-preview:large, max-video-preview:-1\" \/>\n<link rel=\"canonical\" href=\"https:\/\/www.fytofontana.com\/hu\/termek\/citrovital-csepp\/\" \/>\n<meta property=\"og:locale\" content=\"hu_HU\" \/>\n<meta property=\"og:type\" content=\"article\" \/>\n<meta property=\"og:title\" content=\"CITROVITAL csepp - Fytofontana\" \/>\n<meta property=\"og:description\" content=\"A Citrovital cseppek term\u00e9szetes grapefruitmag-kivonatot tartalmaznak, amely gazdag polifenolokban. Antioxid\u00e1ns hat\u00e1suk r\u00e9v\u00e9n t\u00e1mogatj\u00e1k a szervezetet az oxidat\u00edv stressz elleni v\u00e9dekez\u00e9sben \u00e9s hozz\u00e1j\u00e1rulnak az immunrendszer eg\u00e9szs\u00e9ges m\u0171k\u00f6d\u00e9s\u00e9hez.\" \/>\n<meta property=\"og:url\" content=\"https:\/\/www.fytofontana.com\/hu\/termek\/citrovital-csepp\/\" \/>\n<meta property=\"og:site_name\" content=\"Fytofontana\" \/>\n<meta property=\"article:modified_time\" content=\"2025-07-28T13:59:22+00:00\" \/>\n<meta property=\"og:image\" content=\"https:\/\/www.fytofontana.com\/wp-content\/uploads\/2021\/03\/CITROVITAL_Drops_25ml_1000x1000px_01_Primary.jpg\" \/>\n\t<meta property=\"og:image:width\" content=\"1000\" \/>\n\t<meta property=\"og:image:height\" content=\"873\" \/>\n<meta name=\"twitter:card\" content=\"summary_large_image\" \/>\n<meta name=\"twitter:label1\" content=\"Becs\u00fclt olvas\u00e1si id\u0151\">\n\t<meta name=\"twitter:data1\" content=\"1 perc\">\n<script type=\"application\/ld+json\" class=\"yoast-schema-graph\">{\"@context\":\"https:\/\/schema.org\",\"@graph\":[{\"@type\":\"Organization\",\"@id\":\"https:\/\/www.fytofontana.com\/#organization\",\"name\":\"Fytofontana\",\"url\":\"https:\/\/www.fytofontana.com\/\",\"sameAs\":[],\"logo\":{\"@type\":\"ImageObject\",\"@id\":\"https:\/\/www.fytofontana.com\/#logo\",\"inLanguage\":\"hu\",\"url\":\"https:\/\/www.fytofontana.com\/wp-content\/uploads\/2021\/01\/fyto.png\",\"width\":817,\"height\":79,\"caption\":\"Fytofontana\"},\"image\":{\"@id\":\"https:\/\/www.fytofontana.com\/#logo\"}},{\"@type\":\"WebSite\",\"@id\":\"https:\/\/www.fytofontana.com\/#website\",\"url\":\"https:\/\/www.fytofontana.com\/\",\"name\":\"Fytofontana\",\"description\":\"\",\"publisher\":{\"@id\":\"https:\/\/www.fytofontana.com\/#organization\"},\"potentialAction\":[{\"@type\":\"SearchAction\",\"target\":\"https:\/\/www.fytofontana.com\/?s={search_term_string}\",\"query-input\":\"required name=search_term_string\"}],\"inLanguage\":\"hu\"},{\"@type\":\"ImageObject\",\"@id\":\"https:\/\/www.fytofontana.com\/hu\/termek\/citrovital-csepp\/#primaryimage\",\"inLanguage\":\"hu\",\"url\":\"https:\/\/www.fytofontana.com\/wp-content\/uploads\/2021\/03\/CITROVITAL_Drops_25ml_1000x1000px_01_Primary.jpg\",\"width\":1000,\"height\":873},{\"@type\":[\"WebPage\",\"ItemPage\"],\"@id\":\"https:\/\/www.fytofontana.com\/hu\/termek\/citrovital-csepp\/#webpage\",\"url\":\"https:\/\/www.fytofontana.com\/hu\/termek\/citrovital-csepp\/\",\"name\":\"CITROVITAL csepp - Fytofontana\",\"isPartOf\":{\"@id\":\"https:\/\/www.fytofontana.com\/#website\"},\"primaryImageOfPage\":{\"@id\":\"https:\/\/www.fytofontana.com\/hu\/termek\/citrovital-csepp\/#primaryimage\"},\"datePublished\":\"2020-12-17T20:57:37+00:00\",\"dateModified\":\"2025-07-28T13:59:22+00:00\",\"description\":\"A Citrovital cseppek term\\u00e9szetes grapefruitmag-kivonatot tartalmaznak, amely gazdag polifenolokban. Antioxid\\u00e1ns hat\\u00e1suk r\\u00e9v\\u00e9n t\\u00e1mogatj\\u00e1k a szervezetet az oxidat\\u00edv stressz elleni v\\u00e9dekez\\u00e9sben \\u00e9s hozz\\u00e1j\\u00e1rulnak az immunrendszer eg\\u00e9szs\\u00e9ges m\\u0171k\\u00f6d\\u00e9s\\u00e9hez.\",\"breadcrumb\":{\"@id\":\"https:\/\/www.fytofontana.com\/hu\/termek\/citrovital-csepp\/#breadcrumb\"},\"inLanguage\":\"hu\",\"potentialAction\":[{\"@type\":\"ReadAction\",\"target\":[\"https:\/\/www.fytofontana.com\/hu\/termek\/citrovital-csepp\/\"]}]},{\"@type\":\"BreadcrumbList\",\"@id\":\"https:\/\/www.fytofontana.com\/hu\/termek\/citrovital-csepp\/#breadcrumb\",\"itemListElement\":[{\"@type\":\"ListItem\",\"position\":1,\"item\":{\"@type\":\"WebPage\",\"@id\":\"https:\/\/www.fytofontana.com\/hu\/\",\"url\":\"https:\/\/www.fytofontana.com\/hu\/\",\"name\":\"Home\"}},{\"@type\":\"ListItem\",\"position\":2,\"item\":{\"@type\":\"WebPage\",\"@id\":\"https:\/\/www.fytofontana.com\/hu\/termek\/citrovital-csepp\/\",\"url\":\"https:\/\/www.fytofontana.com\/hu\/termek\/citrovital-csepp\/\",\"name\":\"CITROVITAL csepp\"}}]}]}<\/script>","_links":{"self":[{"href":"https:\/\/www.fytofontana.com\/hu\/wp-json\/wp\/v2\/product\/627"}],"collection":[{"href":"https:\/\/www.fytofontana.com\/hu\/wp-json\/wp\/v2\/product"}],"about":[{"href":"https:\/\/www.fytofontana.com\/hu\/wp-json\/wp\/v2\/types\/product"}],"wp:featuredmedia":[{"embeddable":true,"href":"https:\/\/www.fytofontana.com\/hu\/wp-json\/wp\/v2\/media\/3910"}],"wp:attachment":[{"href":"https:\/\/www.fytofontana.com\/hu\/wp-json\/wp\/v2\/media?parent=627"}],"wp:term":[{"taxonomy":"products","embeddable":true,"href":"https:\/\/www.fytofontana.com\/hu\/wp-json\/wp\/v2\/products?post=627"}],"curies":[{"name":"wp","href":"https:\/\/api.w.org\/{rel}","templated":true}]}}