{"id":626,"date":"2020-12-17T21:57:37","date_gmt":"2020-12-17T20:57:37","guid":{"rendered":"https:\/\/www.fytofontana.com\/hu\/product\/citrovital-kapszula\/"},"modified":"2025-08-26T09:05:29","modified_gmt":"2025-08-26T08:05:29","slug":"citrovital-kapszula","status":"publish","type":"product","link":"https:\/\/www.fytofontana.com\/hu\/termek\/citrovital-kapszula\/","title":{"rendered":"CITROVITAL kapszula"},"content":{"rendered":"<p><strong>*\u00a0 Magyarorsz\u00e1gon m\u00e9g nem kaphat\u00f3.<\/strong><\/p>\n<ul>\n<li><strong>Grapefruitmag-kivonatot tartalmaz\u00f3 \u00e9trendkieg\u00e9sz\u00edt\u0151 kapszula\u2028<\/strong><\/li>\n<li>A\u00a0Citrovital kapszula grapefruitmag-kivonatot tartalmaz, mely bioflavonoidokban gazdag. A grapefruitmag t\u00e1mogatja a szervek \u00e9s sz\u00f6vetek norm\u00e1l mikrobiol\u00f3giai egyens\u00faly\u00e1t, antioxid\u00e1ns hat\u00e1s\u00e1val hozz\u00e1j\u00e1rul a k\u00e1ros oxidat\u00edv folyamatok g\u00e1tl\u00e1s\u00e1hoz.<\/li>\n<\/ul>\n","protected":false},"featured_media":3986,"template":"","products":[31],"yoast_head":"<title>CITROVITAL kapszula - Fytofontana<\/title>\n<meta name=\"description\" content=\"A Citrovital kapszula grapefruitmag-kivonatot tartalmaz, amely bioflavonoidokban gazdag. Hozz\u00e1j\u00e1rul a szervezet mikrobiol\u00f3giai egyens\u00faly\u00e1hoz, antioxid\u00e1ns hat\u00e1sa r\u00e9v\u00e9n pedig v\u00e9di a sejteket az oxidat\u00edv k\u00e1rosod\u00e1st\u00f3l.\" \/>\n<meta name=\"robots\" content=\"index, follow, max-snippet:-1, max-image-preview:large, max-video-preview:-1\" \/>\n<link rel=\"canonical\" href=\"https:\/\/www.fytofontana.com\/hu\/termek\/citrovital-kapszula\/\" \/>\n<meta property=\"og:locale\" content=\"hu_HU\" \/>\n<meta property=\"og:type\" content=\"article\" \/>\n<meta property=\"og:title\" content=\"CITROVITAL kapszula - Fytofontana\" \/>\n<meta property=\"og:description\" content=\"A Citrovital kapszula grapefruitmag-kivonatot tartalmaz, amely bioflavonoidokban gazdag. Hozz\u00e1j\u00e1rul a szervezet mikrobiol\u00f3giai egyens\u00faly\u00e1hoz, antioxid\u00e1ns hat\u00e1sa r\u00e9v\u00e9n pedig v\u00e9di a sejteket az oxidat\u00edv k\u00e1rosod\u00e1st\u00f3l.\" \/>\n<meta property=\"og:url\" content=\"https:\/\/www.fytofontana.com\/hu\/termek\/citrovital-kapszula\/\" \/>\n<meta property=\"og:site_name\" content=\"Fytofontana\" \/>\n<meta property=\"article:modified_time\" content=\"2025-08-26T08:05:29+00:00\" \/>\n<meta property=\"og:image\" content=\"https:\/\/www.fytofontana.com\/wp-content\/uploads\/2021\/03\/CITROVITAL_Capsules_30cps_01_Primary_1000x1000.png\" \/>\n\t<meta property=\"og:image:width\" content=\"1000\" \/>\n\t<meta property=\"og:image:height\" content=\"1000\" \/>\n<meta name=\"twitter:card\" content=\"summary_large_image\" \/>\n<meta name=\"twitter:label1\" content=\"Becs\u00fclt olvas\u00e1si id\u0151\">\n\t<meta name=\"twitter:data1\" content=\"1 perc\">\n<script type=\"application\/ld+json\" class=\"yoast-schema-graph\">{\"@context\":\"https:\/\/schema.org\",\"@graph\":[{\"@type\":\"Organization\",\"@id\":\"https:\/\/www.fytofontana.com\/#organization\",\"name\":\"Fytofontana\",\"url\":\"https:\/\/www.fytofontana.com\/\",\"sameAs\":[],\"logo\":{\"@type\":\"ImageObject\",\"@id\":\"https:\/\/www.fytofontana.com\/#logo\",\"inLanguage\":\"hu\",\"url\":\"https:\/\/www.fytofontana.com\/wp-content\/uploads\/2021\/01\/fyto.png\",\"width\":817,\"height\":79,\"caption\":\"Fytofontana\"},\"image\":{\"@id\":\"https:\/\/www.fytofontana.com\/#logo\"}},{\"@type\":\"WebSite\",\"@id\":\"https:\/\/www.fytofontana.com\/#website\",\"url\":\"https:\/\/www.fytofontana.com\/\",\"name\":\"Fytofontana\",\"description\":\"\",\"publisher\":{\"@id\":\"https:\/\/www.fytofontana.com\/#organization\"},\"potentialAction\":[{\"@type\":\"SearchAction\",\"target\":\"https:\/\/www.fytofontana.com\/?s={search_term_string}\",\"query-input\":\"required name=search_term_string\"}],\"inLanguage\":\"hu\"},{\"@type\":\"ImageObject\",\"@id\":\"https:\/\/www.fytofontana.com\/hu\/termek\/citrovital-kapszula\/#primaryimage\",\"inLanguage\":\"hu\",\"url\":\"https:\/\/www.fytofontana.com\/wp-content\/uploads\/2021\/03\/CITROVITAL_Capsules_30cps_01_Primary_1000x1000.png\",\"width\":1000,\"height\":1000},{\"@type\":[\"WebPage\",\"ItemPage\"],\"@id\":\"https:\/\/www.fytofontana.com\/hu\/termek\/citrovital-kapszula\/#webpage\",\"url\":\"https:\/\/www.fytofontana.com\/hu\/termek\/citrovital-kapszula\/\",\"name\":\"CITROVITAL kapszula - Fytofontana\",\"isPartOf\":{\"@id\":\"https:\/\/www.fytofontana.com\/#website\"},\"primaryImageOfPage\":{\"@id\":\"https:\/\/www.fytofontana.com\/hu\/termek\/citrovital-kapszula\/#primaryimage\"},\"datePublished\":\"2020-12-17T20:57:37+00:00\",\"dateModified\":\"2025-08-26T08:05:29+00:00\",\"description\":\"A Citrovital kapszula grapefruitmag-kivonatot tartalmaz, amely bioflavonoidokban gazdag. Hozz\\u00e1j\\u00e1rul a szervezet mikrobiol\\u00f3giai egyens\\u00faly\\u00e1hoz, antioxid\\u00e1ns hat\\u00e1sa r\\u00e9v\\u00e9n pedig v\\u00e9di a sejteket az oxidat\\u00edv k\\u00e1rosod\\u00e1st\\u00f3l.\",\"breadcrumb\":{\"@id\":\"https:\/\/www.fytofontana.com\/hu\/termek\/citrovital-kapszula\/#breadcrumb\"},\"inLanguage\":\"hu\",\"potentialAction\":[{\"@type\":\"ReadAction\",\"target\":[\"https:\/\/www.fytofontana.com\/hu\/termek\/citrovital-kapszula\/\"]}]},{\"@type\":\"BreadcrumbList\",\"@id\":\"https:\/\/www.fytofontana.com\/hu\/termek\/citrovital-kapszula\/#breadcrumb\",\"itemListElement\":[{\"@type\":\"ListItem\",\"position\":1,\"item\":{\"@type\":\"WebPage\",\"@id\":\"https:\/\/www.fytofontana.com\/hu\/\",\"url\":\"https:\/\/www.fytofontana.com\/hu\/\",\"name\":\"Home\"}},{\"@type\":\"ListItem\",\"position\":2,\"item\":{\"@type\":\"WebPage\",\"@id\":\"https:\/\/www.fytofontana.com\/hu\/termek\/citrovital-kapszula\/\",\"url\":\"https:\/\/www.fytofontana.com\/hu\/termek\/citrovital-kapszula\/\",\"name\":\"CITROVITAL kapszula\"}}]}]}<\/script>","_links":{"self":[{"href":"https:\/\/www.fytofontana.com\/hu\/wp-json\/wp\/v2\/product\/626"}],"collection":[{"href":"https:\/\/www.fytofontana.com\/hu\/wp-json\/wp\/v2\/product"}],"about":[{"href":"https:\/\/www.fytofontana.com\/hu\/wp-json\/wp\/v2\/types\/product"}],"wp:featuredmedia":[{"embeddable":true,"href":"https:\/\/www.fytofontana.com\/hu\/wp-json\/wp\/v2\/media\/3986"}],"wp:attachment":[{"href":"https:\/\/www.fytofontana.com\/hu\/wp-json\/wp\/v2\/media?parent=626"}],"wp:term":[{"taxonomy":"products","embeddable":true,"href":"https:\/\/www.fytofontana.com\/hu\/wp-json\/wp\/v2\/products?post=626"}],"curies":[{"name":"wp","href":"https:\/\/api.w.org\/{rel}","templated":true}]}}