{"id":625,"date":"2020-12-17T21:57:36","date_gmt":"2020-12-17T20:57:36","guid":{"rendered":"https:\/\/www.fytofontana.com\/hu\/product\/citrovital-dental-gel-2\/"},"modified":"2025-08-26T09:06:14","modified_gmt":"2025-08-26T08:06:14","slug":"citrovital-dental-gel","status":"publish","type":"product","link":"https:\/\/www.fytofontana.com\/hu\/termek\/citrovital-dental-gel\/","title":{"rendered":"CITROVITAL dent\u00e1lis g\u00e9l"},"content":{"rendered":"<p><strong>*\u00a0 Magyarorsz\u00e1gon m\u00e9g nem kaphat\u00f3.<\/strong><\/p>\n<ul>\n<li><strong>A fog\u00edny \u00e1pol\u00e1s\u00e1ra<\/strong><\/li>\n<li>A\u00a0sz\u00e1j\u00fcreg \u00e9s a fog\u00edny mindennapos \u00e1pol\u00e1s\u00e1ra, antiszeptikus adal\u00e9kanyaggal a\u00a0grapefruit gyeng\u00e9d hat\u00e1s\u00e1val. Seg\u00edt legy\u0151zni a\u00a0sz\u00e1j\u00fcreg k\u00fcl\u00f6nf\u00e9le kellemetlens\u00e9geit, els\u0151sorban aft\u00e1k \u00e9s az \u00edny t\u00fal\u00e9rz\u00e9kenys\u00e9ge eset\u00e9ben, megg\u00e1tolja a\u00a0nem k\u00edv\u00e1nt mikrofl\u00f3ra tov\u00e1bbszaporod\u00e1s\u00e1t \u00e9s a\u00a0gyakori leped\u00e9kk\u00e9pz\u0151d\u00e9st. A\u00a0term\u00e9k cukrot nem tartalmaz \u00e9s kellemesen keserny\u00e9s \u00edz\u0171.<\/li>\n<\/ul>\n","protected":false},"featured_media":4027,"template":"","products":[31],"yoast_head":"<title>CITROVITAL dent\u00e1lis g\u00e9l - Fytofontana<\/title>\n<meta name=\"description\" content=\"A Citrovital fog\u00edny g\u00e9l grapefruit kivonattal seg\u00edt aft\u00e1k \u00e9s \u00e9rz\u00e9keny fog\u00edny eset\u00e9n. Antiszeptikus hat\u00e1s\u00fa, g\u00e1tolja a nem k\u00edv\u00e1nt mikrofl\u00f3ra szaporod\u00e1s\u00e1t \u00e9s a leped\u00e9kk\u00e9pz\u0151d\u00e9st. Cukormentes, kellemesen keserny\u00e9s \u00edz\u0171.\" \/>\n<meta name=\"robots\" content=\"index, follow, max-snippet:-1, max-image-preview:large, max-video-preview:-1\" \/>\n<link rel=\"canonical\" href=\"https:\/\/www.fytofontana.com\/hu\/termek\/citrovital-dental-gel\/\" \/>\n<meta property=\"og:locale\" content=\"hu_HU\" \/>\n<meta property=\"og:type\" content=\"article\" \/>\n<meta property=\"og:title\" content=\"CITROVITAL dent\u00e1lis g\u00e9l - Fytofontana\" \/>\n<meta property=\"og:description\" content=\"A Citrovital fog\u00edny g\u00e9l grapefruit kivonattal seg\u00edt aft\u00e1k \u00e9s \u00e9rz\u00e9keny fog\u00edny eset\u00e9n. Antiszeptikus hat\u00e1s\u00fa, g\u00e1tolja a nem k\u00edv\u00e1nt mikrofl\u00f3ra szaporod\u00e1s\u00e1t \u00e9s a leped\u00e9kk\u00e9pz\u0151d\u00e9st. Cukormentes, kellemesen keserny\u00e9s \u00edz\u0171.\" \/>\n<meta property=\"og:url\" content=\"https:\/\/www.fytofontana.com\/hu\/termek\/citrovital-dental-gel\/\" \/>\n<meta property=\"og:site_name\" content=\"Fytofontana\" \/>\n<meta property=\"article:modified_time\" content=\"2025-08-26T08:06:14+00:00\" \/>\n<meta property=\"og:image\" content=\"https:\/\/www.fytofontana.com\/wp-content\/uploads\/2021\/03\/CITROVITAL_Dental_gel_25ml_02-1.png\" \/>\n\t<meta property=\"og:image:width\" content=\"1000\" \/>\n\t<meta property=\"og:image:height\" content=\"1000\" \/>\n<meta name=\"twitter:card\" content=\"summary_large_image\" \/>\n<meta name=\"twitter:label1\" content=\"Becs\u00fclt olvas\u00e1si id\u0151\">\n\t<meta name=\"twitter:data1\" content=\"1 perc\">\n<script type=\"application\/ld+json\" class=\"yoast-schema-graph\">{\"@context\":\"https:\/\/schema.org\",\"@graph\":[{\"@type\":\"Organization\",\"@id\":\"https:\/\/www.fytofontana.com\/#organization\",\"name\":\"Fytofontana\",\"url\":\"https:\/\/www.fytofontana.com\/\",\"sameAs\":[],\"logo\":{\"@type\":\"ImageObject\",\"@id\":\"https:\/\/www.fytofontana.com\/#logo\",\"inLanguage\":\"hu\",\"url\":\"https:\/\/www.fytofontana.com\/wp-content\/uploads\/2021\/01\/fyto.png\",\"width\":817,\"height\":79,\"caption\":\"Fytofontana\"},\"image\":{\"@id\":\"https:\/\/www.fytofontana.com\/#logo\"}},{\"@type\":\"WebSite\",\"@id\":\"https:\/\/www.fytofontana.com\/#website\",\"url\":\"https:\/\/www.fytofontana.com\/\",\"name\":\"Fytofontana\",\"description\":\"\",\"publisher\":{\"@id\":\"https:\/\/www.fytofontana.com\/#organization\"},\"potentialAction\":[{\"@type\":\"SearchAction\",\"target\":\"https:\/\/www.fytofontana.com\/?s={search_term_string}\",\"query-input\":\"required name=search_term_string\"}],\"inLanguage\":\"hu\"},{\"@type\":\"ImageObject\",\"@id\":\"https:\/\/www.fytofontana.com\/hu\/termek\/citrovital-dental-gel\/#primaryimage\",\"inLanguage\":\"hu\",\"url\":\"https:\/\/www.fytofontana.com\/wp-content\/uploads\/2021\/03\/CITROVITAL_Dental_gel_25ml_02-1.png\",\"width\":1000,\"height\":1000},{\"@type\":[\"WebPage\",\"ItemPage\"],\"@id\":\"https:\/\/www.fytofontana.com\/hu\/termek\/citrovital-dental-gel\/#webpage\",\"url\":\"https:\/\/www.fytofontana.com\/hu\/termek\/citrovital-dental-gel\/\",\"name\":\"CITROVITAL dent\\u00e1lis g\\u00e9l - Fytofontana\",\"isPartOf\":{\"@id\":\"https:\/\/www.fytofontana.com\/#website\"},\"primaryImageOfPage\":{\"@id\":\"https:\/\/www.fytofontana.com\/hu\/termek\/citrovital-dental-gel\/#primaryimage\"},\"datePublished\":\"2020-12-17T20:57:36+00:00\",\"dateModified\":\"2025-08-26T08:06:14+00:00\",\"description\":\"A Citrovital fog\\u00edny g\\u00e9l grapefruit kivonattal seg\\u00edt aft\\u00e1k \\u00e9s \\u00e9rz\\u00e9keny fog\\u00edny eset\\u00e9n. Antiszeptikus hat\\u00e1s\\u00fa, g\\u00e1tolja a nem k\\u00edv\\u00e1nt mikrofl\\u00f3ra szaporod\\u00e1s\\u00e1t \\u00e9s a leped\\u00e9kk\\u00e9pz\\u0151d\\u00e9st. Cukormentes, kellemesen keserny\\u00e9s \\u00edz\\u0171.\",\"breadcrumb\":{\"@id\":\"https:\/\/www.fytofontana.com\/hu\/termek\/citrovital-dental-gel\/#breadcrumb\"},\"inLanguage\":\"hu\",\"potentialAction\":[{\"@type\":\"ReadAction\",\"target\":[\"https:\/\/www.fytofontana.com\/hu\/termek\/citrovital-dental-gel\/\"]}]},{\"@type\":\"BreadcrumbList\",\"@id\":\"https:\/\/www.fytofontana.com\/hu\/termek\/citrovital-dental-gel\/#breadcrumb\",\"itemListElement\":[{\"@type\":\"ListItem\",\"position\":1,\"item\":{\"@type\":\"WebPage\",\"@id\":\"https:\/\/www.fytofontana.com\/hu\/\",\"url\":\"https:\/\/www.fytofontana.com\/hu\/\",\"name\":\"Home\"}},{\"@type\":\"ListItem\",\"position\":2,\"item\":{\"@type\":\"WebPage\",\"@id\":\"https:\/\/www.fytofontana.com\/hu\/termek\/citrovital-dental-gel\/\",\"url\":\"https:\/\/www.fytofontana.com\/hu\/termek\/citrovital-dental-gel\/\",\"name\":\"CITROVITAL dent\\u00e1lis g\\u00e9l\"}}]}]}<\/script>","_links":{"self":[{"href":"https:\/\/www.fytofontana.com\/hu\/wp-json\/wp\/v2\/product\/625"}],"collection":[{"href":"https:\/\/www.fytofontana.com\/hu\/wp-json\/wp\/v2\/product"}],"about":[{"href":"https:\/\/www.fytofontana.com\/hu\/wp-json\/wp\/v2\/types\/product"}],"wp:featuredmedia":[{"embeddable":true,"href":"https:\/\/www.fytofontana.com\/hu\/wp-json\/wp\/v2\/media\/4027"}],"wp:attachment":[{"href":"https:\/\/www.fytofontana.com\/hu\/wp-json\/wp\/v2\/media?parent=625"}],"wp:term":[{"taxonomy":"products","embeddable":true,"href":"https:\/\/www.fytofontana.com\/hu\/wp-json\/wp\/v2\/products?post=625"}],"curies":[{"name":"wp","href":"https:\/\/api.w.org\/{rel}","templated":true}]}}