{"id":618,"date":"2020-12-17T21:44:06","date_gmt":"2020-12-17T20:44:06","guid":{"rendered":"https:\/\/www.fytofontana.com\/hu\/product\/hemorrelax-krem\/"},"modified":"2025-10-17T06:16:56","modified_gmt":"2025-10-17T05:16:56","slug":"hemorrelax-krem","status":"publish","type":"product","link":"https:\/\/www.fytofontana.com\/hu\/termek\/hemorrelax-krem\/","title":{"rendered":"HEMORRELAX kr\u00e9m"},"content":{"rendered":"<ul>\n<li><b>MDR szerint<\/b>\u00a0<b>j\u00f3v\u00e1hagyott<\/b> <b>orvostechnikai<\/b> <b>eszk\u00f6z<\/b> (EU 2017\/745).<\/li>\n<li><strong>Arany\u00e9r, b\u0151rreped\u00e9sek \u00e9s v\u00e9gb\u00e9lreped\u00e9sek kezel\u00e9s\u00e9re.<\/strong><\/li>\n<li>A kellemetlen t\u00fcnetek, mint az \u00e9get\u0151, viszket\u0151 \u00e9rz\u00e9s, f\u00e1jdalom a v\u00e9gb\u00e9lben, azonnali enyh\u00fcl\u00e9s\u00e9t hozza.<\/li>\n<li>A n\u00f6v\u00e9nyi \u00f6sszetev\u0151k, biotechnol\u00f3giai peptidek, hialuronsav \u00e9s a lubrik\u00e1l\u00f3 komponens egyed\u00fcl\u00e1ll\u00f3 kombin\u00e1ci\u00f3j\u00e1nak k\u00f6sz\u00f6nhet\u0151en, antimikrobi\u00e1lis, antiszeptikus, v\u00e9rz\u00e9scsillap\u00edt\u00f3, gyullad\u00e1scs\u00f6kkent\u0151 \u00e9s \u00e9rz\u00e9stelen\u00edt\u0151 hat\u00e1ssal b\u00edr.<\/li>\n<li>A kr\u00e9m a nyugtat\u00f3 hat\u00e1sa mellett, a peptidek seg\u00edts\u00e9g\u00e9vel (Acetyl Hexapeptide-1, Pentapeptide-18) ellaz\u00edtja a v\u00e9gb\u00e9l z\u00e1r\u00f3izomzat\u00e1t \u00e9s \u00edgy jelent\u0151s javul\u00e1st tud el\u00e9rni m\u00e9g kr\u00f3nikus esetekben is.<\/li>\n<\/ul>\n","protected":false},"featured_media":3866,"template":"","products":[29],"yoast_head":"<title>HEMORRELAX kr\u00e9m - Fytofontana<\/title>\n<meta name=\"description\" content=\"Hemorrelax kr\u00e9m arany\u00e9r, v\u00e9gb\u00e9lreped\u00e9s \u00e9s b\u0151rs\u00e9r\u00fcl\u00e9sek kezel\u00e9s\u00e9re. Enyh\u00edti a f\u00e1jdalmat, \u00e9g\u0151 \u00e9s viszket\u0151 \u00e9rz\u00e9st, cs\u00f6kkenti a gyullad\u00e1st, v\u00e9rz\u00e9st \u00e9s el\u0151seg\u00edti a gy\u00f3gyul\u00e1st.\" \/>\n<meta name=\"robots\" content=\"index, follow, max-snippet:-1, max-image-preview:large, max-video-preview:-1\" \/>\n<link rel=\"canonical\" href=\"https:\/\/www.fytofontana.com\/hu\/termek\/hemorrelax-krem\/\" \/>\n<meta property=\"og:locale\" content=\"hu_HU\" \/>\n<meta property=\"og:type\" content=\"article\" \/>\n<meta property=\"og:title\" content=\"HEMORRELAX kr\u00e9m - Fytofontana\" \/>\n<meta property=\"og:description\" content=\"Hemorrelax kr\u00e9m arany\u00e9r, v\u00e9gb\u00e9lreped\u00e9s \u00e9s b\u0151rs\u00e9r\u00fcl\u00e9sek kezel\u00e9s\u00e9re. Enyh\u00edti a f\u00e1jdalmat, \u00e9g\u0151 \u00e9s viszket\u0151 \u00e9rz\u00e9st, cs\u00f6kkenti a gyullad\u00e1st, v\u00e9rz\u00e9st \u00e9s el\u0151seg\u00edti a gy\u00f3gyul\u00e1st.\" \/>\n<meta property=\"og:url\" content=\"https:\/\/www.fytofontana.com\/hu\/termek\/hemorrelax-krem\/\" \/>\n<meta property=\"og:site_name\" content=\"Fytofontana\" \/>\n<meta property=\"article:modified_time\" content=\"2025-10-17T05:16:56+00:00\" \/>\n<meta property=\"og:image\" content=\"https:\/\/www.fytofontana.com\/wp-content\/uploads\/2021\/03\/24_10_HEMORRELAX_Rectal_Cream_30g_01_Primary-1.png\" \/>\n\t<meta property=\"og:image:width\" content=\"1000\" \/>\n\t<meta property=\"og:image:height\" content=\"1000\" \/>\n<meta name=\"twitter:card\" content=\"summary_large_image\" \/>\n<meta name=\"twitter:label1\" content=\"Becs\u00fclt olvas\u00e1si id\u0151\">\n\t<meta name=\"twitter:data1\" content=\"1 perc\">\n<script type=\"application\/ld+json\" class=\"yoast-schema-graph\">{\"@context\":\"https:\/\/schema.org\",\"@graph\":[{\"@type\":\"Organization\",\"@id\":\"https:\/\/www.fytofontana.com\/#organization\",\"name\":\"Fytofontana\",\"url\":\"https:\/\/www.fytofontana.com\/\",\"sameAs\":[],\"logo\":{\"@type\":\"ImageObject\",\"@id\":\"https:\/\/www.fytofontana.com\/#logo\",\"inLanguage\":\"hu\",\"url\":\"https:\/\/www.fytofontana.com\/wp-content\/uploads\/2021\/01\/fyto.png\",\"width\":817,\"height\":79,\"caption\":\"Fytofontana\"},\"image\":{\"@id\":\"https:\/\/www.fytofontana.com\/#logo\"}},{\"@type\":\"WebSite\",\"@id\":\"https:\/\/www.fytofontana.com\/#website\",\"url\":\"https:\/\/www.fytofontana.com\/\",\"name\":\"Fytofontana\",\"description\":\"\",\"publisher\":{\"@id\":\"https:\/\/www.fytofontana.com\/#organization\"},\"potentialAction\":[{\"@type\":\"SearchAction\",\"target\":\"https:\/\/www.fytofontana.com\/?s={search_term_string}\",\"query-input\":\"required name=search_term_string\"}],\"inLanguage\":\"hu\"},{\"@type\":\"ImageObject\",\"@id\":\"https:\/\/www.fytofontana.com\/hu\/termek\/hemorrelax-krem\/#primaryimage\",\"inLanguage\":\"hu\",\"url\":\"https:\/\/www.fytofontana.com\/wp-content\/uploads\/2021\/03\/24_10_HEMORRELAX_Rectal_Cream_30g_01_Primary-1.png\",\"width\":1000,\"height\":1000},{\"@type\":[\"WebPage\",\"ItemPage\"],\"@id\":\"https:\/\/www.fytofontana.com\/hu\/termek\/hemorrelax-krem\/#webpage\",\"url\":\"https:\/\/www.fytofontana.com\/hu\/termek\/hemorrelax-krem\/\",\"name\":\"HEMORRELAX kr\\u00e9m - Fytofontana\",\"isPartOf\":{\"@id\":\"https:\/\/www.fytofontana.com\/#website\"},\"primaryImageOfPage\":{\"@id\":\"https:\/\/www.fytofontana.com\/hu\/termek\/hemorrelax-krem\/#primaryimage\"},\"datePublished\":\"2020-12-17T20:44:06+00:00\",\"dateModified\":\"2025-10-17T05:16:56+00:00\",\"description\":\"Hemorrelax kr\\u00e9m arany\\u00e9r, v\\u00e9gb\\u00e9lreped\\u00e9s \\u00e9s b\\u0151rs\\u00e9r\\u00fcl\\u00e9sek kezel\\u00e9s\\u00e9re. Enyh\\u00edti a f\\u00e1jdalmat, \\u00e9g\\u0151 \\u00e9s viszket\\u0151 \\u00e9rz\\u00e9st, cs\\u00f6kkenti a gyullad\\u00e1st, v\\u00e9rz\\u00e9st \\u00e9s el\\u0151seg\\u00edti a gy\\u00f3gyul\\u00e1st.\",\"breadcrumb\":{\"@id\":\"https:\/\/www.fytofontana.com\/hu\/termek\/hemorrelax-krem\/#breadcrumb\"},\"inLanguage\":\"hu\",\"potentialAction\":[{\"@type\":\"ReadAction\",\"target\":[\"https:\/\/www.fytofontana.com\/hu\/termek\/hemorrelax-krem\/\"]}]},{\"@type\":\"BreadcrumbList\",\"@id\":\"https:\/\/www.fytofontana.com\/hu\/termek\/hemorrelax-krem\/#breadcrumb\",\"itemListElement\":[{\"@type\":\"ListItem\",\"position\":1,\"item\":{\"@type\":\"WebPage\",\"@id\":\"https:\/\/www.fytofontana.com\/hu\/\",\"url\":\"https:\/\/www.fytofontana.com\/hu\/\",\"name\":\"Home\"}},{\"@type\":\"ListItem\",\"position\":2,\"item\":{\"@type\":\"WebPage\",\"@id\":\"https:\/\/www.fytofontana.com\/hu\/termek\/hemorrelax-krem\/\",\"url\":\"https:\/\/www.fytofontana.com\/hu\/termek\/hemorrelax-krem\/\",\"name\":\"HEMORRELAX kr\\u00e9m\"}}]}]}<\/script>","_links":{"self":[{"href":"https:\/\/www.fytofontana.com\/hu\/wp-json\/wp\/v2\/product\/618"}],"collection":[{"href":"https:\/\/www.fytofontana.com\/hu\/wp-json\/wp\/v2\/product"}],"about":[{"href":"https:\/\/www.fytofontana.com\/hu\/wp-json\/wp\/v2\/types\/product"}],"wp:featuredmedia":[{"embeddable":true,"href":"https:\/\/www.fytofontana.com\/hu\/wp-json\/wp\/v2\/media\/3866"}],"wp:attachment":[{"href":"https:\/\/www.fytofontana.com\/hu\/wp-json\/wp\/v2\/media?parent=618"}],"wp:term":[{"taxonomy":"products","embeddable":true,"href":"https:\/\/www.fytofontana.com\/hu\/wp-json\/wp\/v2\/products?post=618"}],"curies":[{"name":"wp","href":"https:\/\/api.w.org\/{rel}","templated":true}]}}