{"id":613,"date":"2020-12-17T21:05:47","date_gmt":"2020-12-17T20:05:47","guid":{"rendered":"https:\/\/www.fytofontana.com\/hu\/product\/gyntima-probiotica-2\/"},"modified":"2025-10-14T11:37:59","modified_gmt":"2025-10-14T10:37:59","slug":"gyntima-probiotica","status":"publish","type":"product","link":"https:\/\/www.fytofontana.com\/hu\/termek\/gyntima-probiotica\/","title":{"rendered":"GYNTIMA Probiotica h\u00fcvelyk\u00fap"},"content":{"rendered":"<p><strong>A h\u00fcvelyfl\u00f3ra eg\u00e9szs\u00e9ges egyens\u00faly\u00e1nak fenntart\u00e1s\u00e1ra \u00e9s a fert\u0151z\u00e9sek megel\u0151z\u00e9s\u00e9re<\/strong><\/p>\n<ul>\n<li><b>MDR <\/b><b>tan\u00fas\u00edtv\u00e1nnyal<\/b> <b>rendelkez\u0151<\/b> <b>orvostechnikai<\/b> <b>eszk\u00f6z<\/b> (EU 2017\/745).<\/li>\n<li>Helyre\u00e1ll\u00edtja a mikrofl\u00f3ra term\u00e9szetes egyens\u00faly\u00e1t a h\u00fcvelyben.<\/li>\n<li>Haszn\u00e1lhat\u00f3 antibiotikumok szed\u00e9se alatt \u00e9s ut\u00e1n, intim ter\u00fcletek irrit\u00e1ci\u00f3j\u00e1nak kezel\u00e9s\u00e9re, h\u00fcvelyi foly\u00e1s cs\u00f6kkent\u00e9s\u00e9re.<\/li>\n<li>T\u00e1ptalajt biztos\u00edt a j\u00f3t\u00e9kony bakt\u00e9riumok &#8211; Lactobacillusok &#8211; sz\u00e1m\u00e1ra, seg\u00edti a szaporod\u00e1sukat \u00e9s a t\u00fal\u00e9l\u00e9s\u00fcket.<\/li>\n<li>A szervezetre nem k\u00e1ros, term\u00e9szetes anyagokat tartalmaz.<\/li>\n<li>Hossz\u00fa t\u00e1v\u00fa megel\u0151z\u0151 haszn\u00e1latra is alkalmas.<\/li>\n<\/ul>\n","protected":false},"featured_media":3241,"template":"","products":[28],"class_list":["post-613","product","type-product","status-publish","has-post-thumbnail","hentry","products-gyntima-hu"],"yoast_head":"<title>GYNTIMA Probiotica h\u00fcvelyk\u00fap - Fytofontana<\/title>\n<meta name=\"description\" content=\"H\u00fcvelyk\u00fap. A h\u00fcvelyfl\u00f3ra eg\u00e9szs\u00e9ges egyens\u00faly\u00e1nak fenntart\u00e1s\u00e1ra \u00e9s a fert\u0151z\u00e9sek megel\u0151z\u00e9s\u00e9re\" \/>\n<meta name=\"robots\" content=\"index, follow, max-snippet:-1, max-image-preview:large, max-video-preview:-1\" \/>\n<link rel=\"canonical\" href=\"https:\/\/www.fytofontana.com\/hu\/termek\/gyntima-probiotica\/\" \/>\n<meta property=\"og:locale\" content=\"hu_HU\" \/>\n<meta property=\"og:type\" content=\"article\" \/>\n<meta property=\"og:title\" content=\"GYNTIMA Probiotica h\u00fcvelyk\u00fap - Fytofontana\" \/>\n<meta property=\"og:description\" content=\"H\u00fcvelyk\u00fap. A h\u00fcvelyfl\u00f3ra eg\u00e9szs\u00e9ges egyens\u00faly\u00e1nak fenntart\u00e1s\u00e1ra \u00e9s a fert\u0151z\u00e9sek megel\u0151z\u00e9s\u00e9re\" \/>\n<meta property=\"og:url\" content=\"https:\/\/www.fytofontana.com\/hu\/termek\/gyntima-probiotica\/\" \/>\n<meta property=\"og:site_name\" content=\"Fytofontana\" \/>\n<meta property=\"article:modified_time\" content=\"2025-10-14T10:37:59+00:00\" \/>\n<meta property=\"og:image\" content=\"https:\/\/www.fytofontana.com\/wp-content\/uploads\/2020\/12\/2025_04_GYNTIMA_Vag_Sup_Probiotica_10pcs_01_LQ_Primary.png\" \/>\n\t<meta property=\"og:image:width\" content=\"500\" \/>\n\t<meta property=\"og:image:height\" content=\"500\" \/>\n\t<meta property=\"og:image:type\" content=\"image\/png\" \/>\n<meta name=\"twitter:card\" content=\"summary_large_image\" \/>\n<meta name=\"twitter:label1\" content=\"Becs\u00fclt olvas\u00e1si id\u0151\" \/>\n\t<meta name=\"twitter:data1\" content=\"1 perc\" \/>\n<script type=\"application\/ld+json\" class=\"yoast-schema-graph\">{\"@context\":\"https:\\\/\\\/schema.org\",\"@graph\":[{\"@type\":[\"WebPage\",\"ItemPage\"],\"@id\":\"https:\\\/\\\/www.fytofontana.com\\\/hu\\\/termek\\\/gyntima-probiotica\\\/\",\"url\":\"https:\\\/\\\/www.fytofontana.com\\\/hu\\\/termek\\\/gyntima-probiotica\\\/\",\"name\":\"GYNTIMA Probiotica h\u00fcvelyk\u00fap - Fytofontana\",\"isPartOf\":{\"@id\":\"https:\\\/\\\/www.fytofontana.com\\\/#website\"},\"primaryImageOfPage\":{\"@id\":\"https:\\\/\\\/www.fytofontana.com\\\/hu\\\/termek\\\/gyntima-probiotica\\\/#primaryimage\"},\"image\":{\"@id\":\"https:\\\/\\\/www.fytofontana.com\\\/hu\\\/termek\\\/gyntima-probiotica\\\/#primaryimage\"},\"thumbnailUrl\":\"https:\\\/\\\/www.fytofontana.com\\\/wp-content\\\/uploads\\\/2020\\\/12\\\/2025_04_GYNTIMA_Vag_Sup_Probiotica_10pcs_01_LQ_Primary.png\",\"datePublished\":\"2020-12-17T20:05:47+00:00\",\"dateModified\":\"2025-10-14T10:37:59+00:00\",\"description\":\"H\u00fcvelyk\u00fap. A h\u00fcvelyfl\u00f3ra eg\u00e9szs\u00e9ges egyens\u00faly\u00e1nak fenntart\u00e1s\u00e1ra \u00e9s a fert\u0151z\u00e9sek megel\u0151z\u00e9s\u00e9re\",\"breadcrumb\":{\"@id\":\"https:\\\/\\\/www.fytofontana.com\\\/hu\\\/termek\\\/gyntima-probiotica\\\/#breadcrumb\"},\"inLanguage\":\"hu\",\"potentialAction\":[{\"@type\":\"ReadAction\",\"target\":[\"https:\\\/\\\/www.fytofontana.com\\\/hu\\\/termek\\\/gyntima-probiotica\\\/\"]}]},{\"@type\":\"ImageObject\",\"inLanguage\":\"hu\",\"@id\":\"https:\\\/\\\/www.fytofontana.com\\\/hu\\\/termek\\\/gyntima-probiotica\\\/#primaryimage\",\"url\":\"https:\\\/\\\/www.fytofontana.com\\\/wp-content\\\/uploads\\\/2020\\\/12\\\/2025_04_GYNTIMA_Vag_Sup_Probiotica_10pcs_01_LQ_Primary.png\",\"contentUrl\":\"https:\\\/\\\/www.fytofontana.com\\\/wp-content\\\/uploads\\\/2020\\\/12\\\/2025_04_GYNTIMA_Vag_Sup_Probiotica_10pcs_01_LQ_Primary.png\",\"width\":500,\"height\":500},{\"@type\":\"BreadcrumbList\",\"@id\":\"https:\\\/\\\/www.fytofontana.com\\\/hu\\\/termek\\\/gyntima-probiotica\\\/#breadcrumb\",\"itemListElement\":[{\"@type\":\"ListItem\",\"position\":1,\"name\":\"Home\",\"item\":\"https:\\\/\\\/www.fytofontana.com\\\/hu\\\/\"},{\"@type\":\"ListItem\",\"position\":2,\"name\":\"GYNTIMA Probiotica h\u00fcvelyk\u00fap\"}]},{\"@type\":\"WebSite\",\"@id\":\"https:\\\/\\\/www.fytofontana.com\\\/#website\",\"url\":\"https:\\\/\\\/www.fytofontana.com\\\/\",\"name\":\"Fytofontana\",\"description\":\"\",\"publisher\":{\"@id\":\"https:\\\/\\\/www.fytofontana.com\\\/#organization\"},\"potentialAction\":[{\"@type\":\"SearchAction\",\"target\":{\"@type\":\"EntryPoint\",\"urlTemplate\":\"https:\\\/\\\/www.fytofontana.com\\\/?s={search_term_string}\"},\"query-input\":{\"@type\":\"PropertyValueSpecification\",\"valueRequired\":true,\"valueName\":\"search_term_string\"}}],\"inLanguage\":\"hu\"},{\"@type\":\"Organization\",\"@id\":\"https:\\\/\\\/www.fytofontana.com\\\/#organization\",\"name\":\"Fytofontana\",\"url\":\"https:\\\/\\\/www.fytofontana.com\\\/\",\"logo\":{\"@type\":\"ImageObject\",\"inLanguage\":\"hu\",\"@id\":\"https:\\\/\\\/www.fytofontana.com\\\/#\\\/schema\\\/logo\\\/image\\\/\",\"url\":\"https:\\\/\\\/www.fytofontana.com\\\/wp-content\\\/uploads\\\/2021\\\/01\\\/fyto.png\",\"contentUrl\":\"https:\\\/\\\/www.fytofontana.com\\\/wp-content\\\/uploads\\\/2021\\\/01\\\/fyto.png\",\"width\":817,\"height\":79,\"caption\":\"Fytofontana\"},\"image\":{\"@id\":\"https:\\\/\\\/www.fytofontana.com\\\/#\\\/schema\\\/logo\\\/image\\\/\"}}]}<\/script>","yoast_head_json":{"title":"GYNTIMA Probiotica h\u00fcvelyk\u00fap - Fytofontana","description":"H\u00fcvelyk\u00fap. A h\u00fcvelyfl\u00f3ra eg\u00e9szs\u00e9ges egyens\u00faly\u00e1nak fenntart\u00e1s\u00e1ra \u00e9s a fert\u0151z\u00e9sek megel\u0151z\u00e9s\u00e9re","robots":{"index":"index","follow":"follow","max-snippet":"max-snippet:-1","max-image-preview":"max-image-preview:large","max-video-preview":"max-video-preview:-1"},"canonical":"https:\/\/www.fytofontana.com\/hu\/termek\/gyntima-probiotica\/","og_locale":"hu_HU","og_type":"article","og_title":"GYNTIMA Probiotica h\u00fcvelyk\u00fap - Fytofontana","og_description":"H\u00fcvelyk\u00fap. A h\u00fcvelyfl\u00f3ra eg\u00e9szs\u00e9ges egyens\u00faly\u00e1nak fenntart\u00e1s\u00e1ra \u00e9s a fert\u0151z\u00e9sek megel\u0151z\u00e9s\u00e9re","og_url":"https:\/\/www.fytofontana.com\/hu\/termek\/gyntima-probiotica\/","og_site_name":"Fytofontana","article_modified_time":"2025-10-14T10:37:59+00:00","og_image":[{"width":500,"height":500,"url":"https:\/\/www.fytofontana.com\/wp-content\/uploads\/2020\/12\/2025_04_GYNTIMA_Vag_Sup_Probiotica_10pcs_01_LQ_Primary.png","type":"image\/png"}],"twitter_card":"summary_large_image","twitter_misc":{"Becs\u00fclt olvas\u00e1si id\u0151":"1 perc"},"schema":{"@context":"https:\/\/schema.org","@graph":[{"@type":["WebPage","ItemPage"],"@id":"https:\/\/www.fytofontana.com\/hu\/termek\/gyntima-probiotica\/","url":"https:\/\/www.fytofontana.com\/hu\/termek\/gyntima-probiotica\/","name":"GYNTIMA Probiotica h\u00fcvelyk\u00fap - Fytofontana","isPartOf":{"@id":"https:\/\/www.fytofontana.com\/#website"},"primaryImageOfPage":{"@id":"https:\/\/www.fytofontana.com\/hu\/termek\/gyntima-probiotica\/#primaryimage"},"image":{"@id":"https:\/\/www.fytofontana.com\/hu\/termek\/gyntima-probiotica\/#primaryimage"},"thumbnailUrl":"https:\/\/www.fytofontana.com\/wp-content\/uploads\/2020\/12\/2025_04_GYNTIMA_Vag_Sup_Probiotica_10pcs_01_LQ_Primary.png","datePublished":"2020-12-17T20:05:47+00:00","dateModified":"2025-10-14T10:37:59+00:00","description":"H\u00fcvelyk\u00fap. A h\u00fcvelyfl\u00f3ra eg\u00e9szs\u00e9ges egyens\u00faly\u00e1nak fenntart\u00e1s\u00e1ra \u00e9s a fert\u0151z\u00e9sek megel\u0151z\u00e9s\u00e9re","breadcrumb":{"@id":"https:\/\/www.fytofontana.com\/hu\/termek\/gyntima-probiotica\/#breadcrumb"},"inLanguage":"hu","potentialAction":[{"@type":"ReadAction","target":["https:\/\/www.fytofontana.com\/hu\/termek\/gyntima-probiotica\/"]}]},{"@type":"ImageObject","inLanguage":"hu","@id":"https:\/\/www.fytofontana.com\/hu\/termek\/gyntima-probiotica\/#primaryimage","url":"https:\/\/www.fytofontana.com\/wp-content\/uploads\/2020\/12\/2025_04_GYNTIMA_Vag_Sup_Probiotica_10pcs_01_LQ_Primary.png","contentUrl":"https:\/\/www.fytofontana.com\/wp-content\/uploads\/2020\/12\/2025_04_GYNTIMA_Vag_Sup_Probiotica_10pcs_01_LQ_Primary.png","width":500,"height":500},{"@type":"BreadcrumbList","@id":"https:\/\/www.fytofontana.com\/hu\/termek\/gyntima-probiotica\/#breadcrumb","itemListElement":[{"@type":"ListItem","position":1,"name":"Home","item":"https:\/\/www.fytofontana.com\/hu\/"},{"@type":"ListItem","position":2,"name":"GYNTIMA Probiotica h\u00fcvelyk\u00fap"}]},{"@type":"WebSite","@id":"https:\/\/www.fytofontana.com\/#website","url":"https:\/\/www.fytofontana.com\/","name":"Fytofontana","description":"","publisher":{"@id":"https:\/\/www.fytofontana.com\/#organization"},"potentialAction":[{"@type":"SearchAction","target":{"@type":"EntryPoint","urlTemplate":"https:\/\/www.fytofontana.com\/?s={search_term_string}"},"query-input":{"@type":"PropertyValueSpecification","valueRequired":true,"valueName":"search_term_string"}}],"inLanguage":"hu"},{"@type":"Organization","@id":"https:\/\/www.fytofontana.com\/#organization","name":"Fytofontana","url":"https:\/\/www.fytofontana.com\/","logo":{"@type":"ImageObject","inLanguage":"hu","@id":"https:\/\/www.fytofontana.com\/#\/schema\/logo\/image\/","url":"https:\/\/www.fytofontana.com\/wp-content\/uploads\/2021\/01\/fyto.png","contentUrl":"https:\/\/www.fytofontana.com\/wp-content\/uploads\/2021\/01\/fyto.png","width":817,"height":79,"caption":"Fytofontana"},"image":{"@id":"https:\/\/www.fytofontana.com\/#\/schema\/logo\/image\/"}}]}},"_links":{"self":[{"href":"https:\/\/www.fytofontana.com\/hu\/wp-json\/wp\/v2\/product\/613","targetHints":{"allow":["GET"]}}],"collection":[{"href":"https:\/\/www.fytofontana.com\/hu\/wp-json\/wp\/v2\/product"}],"about":[{"href":"https:\/\/www.fytofontana.com\/hu\/wp-json\/wp\/v2\/types\/product"}],"wp:featuredmedia":[{"embeddable":true,"href":"https:\/\/www.fytofontana.com\/hu\/wp-json\/wp\/v2\/media\/3241"}],"wp:attachment":[{"href":"https:\/\/www.fytofontana.com\/hu\/wp-json\/wp\/v2\/media?parent=613"}],"wp:term":[{"taxonomy":"products","embeddable":true,"href":"https:\/\/www.fytofontana.com\/hu\/wp-json\/wp\/v2\/products?post=613"}],"curies":[{"name":"wp","href":"https:\/\/api.w.org\/{rel}","templated":true}]}}