{"id":611,"date":"2020-12-17T21:05:47","date_gmt":"2020-12-17T20:05:47","guid":{"rendered":"https:\/\/www.fytofontana.com\/hu\/product\/gyntima-menopausa-2\/"},"modified":"2025-10-14T11:49:03","modified_gmt":"2025-10-14T10:49:03","slug":"gyntima-menopausa","status":"publish","type":"product","link":"https:\/\/www.fytofontana.com\/hu\/termek\/gyntima-menopausa\/","title":{"rendered":"GYNTIMA Menopausa h\u00fcvelyk\u00fap"},"content":{"rendered":"<p><strong>Menopauza h\u00fcvelysz\u00e1razs\u00e1g, viszket\u00e9s, \u00e9g\u0151 \u00e9rz\u00e9s \u00e9s f\u00e1jdalmas intim egy\u00fcttl\u00e9t n\u00e9lk\u00fcl<\/strong>.<\/p>\n<ul>\n<li><b>MDR <\/b><b>tan\u00fas\u00edtv\u00e1nnyal<\/b> <b>rendelkez\u0151<\/b> <b>orvostechnikai<\/b> <b>eszk\u00f6z<\/b> (EU 2017\/745).<\/li>\n<li>Megsz\u00fcnteti a h\u00fcvelysorvad\u00e1ssal j\u00e1r\u00f3 kellemetlen sz\u00e1razs\u00e1got, viszket\u0151 \u00e9s \u00e9g\u0151 \u00e9rz\u00e9st.<\/li>\n<li>T\u00e1mogatja a h\u00fcvelyi fert\u0151z\u00e9sek elleni term\u00e9szetes v\u00e9dekez\u00e9st.<\/li>\n<li>Hidrat\u00e1l \u00e9s t\u00e1mogatja a h\u00fcvely ny\u00e1lkah\u00e1rty\u00e1j\u00e1nak gy\u00f3gyul\u00e1s\u00e1t.<\/li>\n<li>Seg\u00edti az intim egy\u00fcttl\u00e9t sor\u00e1n fell\u00e9p\u0151 f\u00e1jdalom megsz\u00fcntet\u00e9s\u00e9t az intim ter\u00fcleteken.<\/li>\n<\/ul>\n","protected":false},"featured_media":3452,"template":"","products":[28],"yoast_head":"<title>GYNTIMA Menopausa h\u00fcvelyk\u00fap - Fytofontana<\/title>\n<meta name=\"description\" content=\"Term\u00e9szetes biol\u00f3giai megold\u00e1s a kellemetlen h\u00fcvelysz\u00e1razs\u00e1gra, viszket\u00e9sre, \u00e9g\u0151 \u00e9rz\u00e9sre \u00e9s a f\u00e1jdalmas intim egy\u00fcttl\u00e9tekre f\u0151leg a menopauza id\u0151szak\u00e1ban. A h\u00fcvelyk\u00fapok hidrat\u00e1lj\u00e1k a ny\u00e1lkah\u00e1rty\u00e1t, \u00e9s el\u0151seg\u00edtik a rajta kialakul\u00f3 s\u00e9r\u00fcl\u00e9sek, sebek gy\u00f3gyul\u00e1s\u00e1t, valamint enyh\u00edtik a h\u00fcvelyi atr\u00f3fia t\u00fcneteit.\" \/>\n<meta name=\"robots\" content=\"index, follow, max-snippet:-1, max-image-preview:large, max-video-preview:-1\" \/>\n<link rel=\"canonical\" href=\"https:\/\/www.fytofontana.com\/hu\/termek\/gyntima-menopausa\/\" \/>\n<meta property=\"og:locale\" content=\"hu_HU\" \/>\n<meta property=\"og:type\" content=\"article\" \/>\n<meta property=\"og:title\" content=\"GYNTIMA Menopausa h\u00fcvelyk\u00fap - Fytofontana\" \/>\n<meta property=\"og:description\" content=\"Term\u00e9szetes biol\u00f3giai megold\u00e1s a kellemetlen h\u00fcvelysz\u00e1razs\u00e1gra, viszket\u00e9sre, \u00e9g\u0151 \u00e9rz\u00e9sre \u00e9s a f\u00e1jdalmas intim egy\u00fcttl\u00e9tekre f\u0151leg a menopauza id\u0151szak\u00e1ban. A h\u00fcvelyk\u00fapok hidrat\u00e1lj\u00e1k a ny\u00e1lkah\u00e1rty\u00e1t, \u00e9s el\u0151seg\u00edtik a rajta kialakul\u00f3 s\u00e9r\u00fcl\u00e9sek, sebek gy\u00f3gyul\u00e1s\u00e1t, valamint enyh\u00edtik a h\u00fcvelyi atr\u00f3fia t\u00fcneteit.\" \/>\n<meta property=\"og:url\" content=\"https:\/\/www.fytofontana.com\/hu\/termek\/gyntima-menopausa\/\" \/>\n<meta property=\"og:site_name\" content=\"Fytofontana\" \/>\n<meta property=\"article:modified_time\" content=\"2025-10-14T10:49:03+00:00\" \/>\n<meta property=\"og:image\" content=\"https:\/\/www.fytofontana.com\/wp-content\/uploads\/2021\/03\/2025_04_GYNTIMA_Vag_Cap_Menopausa_10ks_01_LQ_Primary.png\" \/>\n\t<meta property=\"og:image:width\" content=\"1000\" \/>\n\t<meta property=\"og:image:height\" content=\"1000\" \/>\n<meta name=\"twitter:card\" content=\"summary_large_image\" \/>\n<meta name=\"twitter:label1\" content=\"Becs\u00fclt olvas\u00e1si id\u0151\">\n\t<meta name=\"twitter:data1\" content=\"1 perc\">\n<script type=\"application\/ld+json\" class=\"yoast-schema-graph\">{\"@context\":\"https:\/\/schema.org\",\"@graph\":[{\"@type\":\"Organization\",\"@id\":\"https:\/\/www.fytofontana.com\/#organization\",\"name\":\"Fytofontana\",\"url\":\"https:\/\/www.fytofontana.com\/\",\"sameAs\":[],\"logo\":{\"@type\":\"ImageObject\",\"@id\":\"https:\/\/www.fytofontana.com\/#logo\",\"inLanguage\":\"hu\",\"url\":\"https:\/\/www.fytofontana.com\/wp-content\/uploads\/2021\/01\/fyto.png\",\"width\":817,\"height\":79,\"caption\":\"Fytofontana\"},\"image\":{\"@id\":\"https:\/\/www.fytofontana.com\/#logo\"}},{\"@type\":\"WebSite\",\"@id\":\"https:\/\/www.fytofontana.com\/#website\",\"url\":\"https:\/\/www.fytofontana.com\/\",\"name\":\"Fytofontana\",\"description\":\"\",\"publisher\":{\"@id\":\"https:\/\/www.fytofontana.com\/#organization\"},\"potentialAction\":[{\"@type\":\"SearchAction\",\"target\":\"https:\/\/www.fytofontana.com\/?s={search_term_string}\",\"query-input\":\"required name=search_term_string\"}],\"inLanguage\":\"hu\"},{\"@type\":\"ImageObject\",\"@id\":\"https:\/\/www.fytofontana.com\/hu\/termek\/gyntima-menopausa\/#primaryimage\",\"inLanguage\":\"hu\",\"url\":\"https:\/\/www.fytofontana.com\/wp-content\/uploads\/2021\/03\/2025_04_GYNTIMA_Vag_Cap_Menopausa_10ks_01_LQ_Primary.png\",\"width\":1000,\"height\":1000},{\"@type\":[\"WebPage\",\"ItemPage\"],\"@id\":\"https:\/\/www.fytofontana.com\/hu\/termek\/gyntima-menopausa\/#webpage\",\"url\":\"https:\/\/www.fytofontana.com\/hu\/termek\/gyntima-menopausa\/\",\"name\":\"GYNTIMA Menopausa h\\u00fcvelyk\\u00fap - Fytofontana\",\"isPartOf\":{\"@id\":\"https:\/\/www.fytofontana.com\/#website\"},\"primaryImageOfPage\":{\"@id\":\"https:\/\/www.fytofontana.com\/hu\/termek\/gyntima-menopausa\/#primaryimage\"},\"datePublished\":\"2020-12-17T20:05:47+00:00\",\"dateModified\":\"2025-10-14T10:49:03+00:00\",\"description\":\"Term\\u00e9szetes biol\\u00f3giai megold\\u00e1s a kellemetlen h\\u00fcvelysz\\u00e1razs\\u00e1gra, viszket\\u00e9sre, \\u00e9g\\u0151 \\u00e9rz\\u00e9sre \\u00e9s a f\\u00e1jdalmas intim egy\\u00fcttl\\u00e9tekre f\\u0151leg a menopauza id\\u0151szak\\u00e1ban. A h\\u00fcvelyk\\u00fapok hidrat\\u00e1lj\\u00e1k a ny\\u00e1lkah\\u00e1rty\\u00e1t, \\u00e9s el\\u0151seg\\u00edtik a rajta kialakul\\u00f3 s\\u00e9r\\u00fcl\\u00e9sek, sebek gy\\u00f3gyul\\u00e1s\\u00e1t, valamint enyh\\u00edtik a h\\u00fcvelyi atr\\u00f3fia t\\u00fcneteit.\",\"breadcrumb\":{\"@id\":\"https:\/\/www.fytofontana.com\/hu\/termek\/gyntima-menopausa\/#breadcrumb\"},\"inLanguage\":\"hu\",\"potentialAction\":[{\"@type\":\"ReadAction\",\"target\":[\"https:\/\/www.fytofontana.com\/hu\/termek\/gyntima-menopausa\/\"]}]},{\"@type\":\"BreadcrumbList\",\"@id\":\"https:\/\/www.fytofontana.com\/hu\/termek\/gyntima-menopausa\/#breadcrumb\",\"itemListElement\":[{\"@type\":\"ListItem\",\"position\":1,\"item\":{\"@type\":\"WebPage\",\"@id\":\"https:\/\/www.fytofontana.com\/hu\/\",\"url\":\"https:\/\/www.fytofontana.com\/hu\/\",\"name\":\"Home\"}},{\"@type\":\"ListItem\",\"position\":2,\"item\":{\"@type\":\"WebPage\",\"@id\":\"https:\/\/www.fytofontana.com\/hu\/termek\/gyntima-menopausa\/\",\"url\":\"https:\/\/www.fytofontana.com\/hu\/termek\/gyntima-menopausa\/\",\"name\":\"GYNTIMA Menopausa h\\u00fcvelyk\\u00fap\"}}]}]}<\/script>","_links":{"self":[{"href":"https:\/\/www.fytofontana.com\/hu\/wp-json\/wp\/v2\/product\/611"}],"collection":[{"href":"https:\/\/www.fytofontana.com\/hu\/wp-json\/wp\/v2\/product"}],"about":[{"href":"https:\/\/www.fytofontana.com\/hu\/wp-json\/wp\/v2\/types\/product"}],"wp:featuredmedia":[{"embeddable":true,"href":"https:\/\/www.fytofontana.com\/hu\/wp-json\/wp\/v2\/media\/3452"}],"wp:attachment":[{"href":"https:\/\/www.fytofontana.com\/hu\/wp-json\/wp\/v2\/media?parent=611"}],"wp:term":[{"taxonomy":"products","embeddable":true,"href":"https:\/\/www.fytofontana.com\/hu\/wp-json\/wp\/v2\/products?post=611"}],"curies":[{"name":"wp","href":"https:\/\/api.w.org\/{rel}","templated":true}]}}