{"id":610,"date":"2020-12-17T21:05:46","date_gmt":"2020-12-17T20:05:46","guid":{"rendered":"https:\/\/www.fytofontana.com\/hu\/product\/gyntima-hyaluronic-2\/"},"modified":"2025-10-14T11:45:31","modified_gmt":"2025-10-14T10:45:31","slug":"gyntima-hyaluronic","status":"publish","type":"product","link":"https:\/\/www.fytofontana.com\/hu\/termek\/gyntima-hyaluronic\/","title":{"rendered":"GYNTIMA Hyaluronic h\u00fcvelyk\u00fap"},"content":{"rendered":"<p><strong>Regener\u00e1lja, gy\u00f3gy\u00edtja \u00e9s hidrat\u00e1lja a h\u00fcvely ny\u00e1lkah\u00e1rty\u00e1j\u00e1t &#8211; terhess\u00e9g \u00e9s szoptat\u00e1s ideje alatt is.<\/strong><\/p>\n<ul>\n<li><b>MDR <\/b><b>tan\u00fas\u00edtv\u00e1nnyal<\/b> <b>rendelkez\u0151<\/b> <b>orvostechnikai<\/b> <b>eszk\u00f6z<\/b> (EU 2017\/745).<\/li>\n<li>A term\u00e9kben kombin\u00e1lva van jelen a hialuronsav \u00e9s a tej ferment\u00e1ci\u00f3j\u00e1b\u00f3l sz\u00e1rmaz\u00f3 prebiotikumok komplexe.<\/li>\n<li>Gyors\u00edtja a gy\u00f3gyul\u00e1st a h\u00fcvely ny\u00e1lkah\u00e1rty\u00e1j\u00e1n \u00e9s a m\u00e9hnyakon l\u00e9v\u0151 s\u00e9r\u00fcl\u00e9sekn\u00e9l. Sz\u00fcl\u00e9s \u00e9s egy\u00e9b m\u0171t\u00e9ti sebek eset\u00e9ben is hat\u00e9kony.<\/li>\n<li>Hidrat\u00e1lja a h\u00fcvely ny\u00e1lkah\u00e1rty\u00e1j\u00e1t, megel\u0151zi a h\u00fcvelysz\u00e1razs\u00e1got, \u00e9s \u00edgy az azzal j\u00e1r\u00f3 kellemetlen t\u00fcneteket is.<\/li>\n<li>Fenntartja a biol\u00f3giai egyens\u00falyt \u00e9s a megfelel\u0151 pH-\u00e9rt\u00e9ket a h\u00fcvelyben.<\/li>\n<\/ul>\n","protected":false},"featured_media":3368,"template":"","products":[28],"yoast_head":"<title>GYNTIMA Hyaluronic h\u00fcvelyk\u00fap - Fytofontana<\/title>\n<meta name=\"description\" content=\"Term\u00e9szetes biol\u00f3giai megold\u00e1s a h\u00fcvelyi fert\u0151z\u00e9sekre, irrit\u00e1ci\u00f3ra, viszket\u00e9sre, \u00e9g\u0151 \u00e9rz\u00e9sre \u00e9s foly\u00e1sra \u2013 k\u00fcl\u00f6n\u00f6sen terhess\u00e9g alatt, a sz\u00fcl\u00e9s ut\u00e1ni 6 h\u00e9tben \u00e9s szoptat\u00e1s ideje alatt, de a hormon\u00e1lis v\u00e1ltoz\u00e1sok miatt kialakult h\u00fcvelysz\u00e1razs\u00e1g eset\u00e9n is hasznos, p\u00e9ld\u00e1ul a menopauza id\u0151szak\u00e1ban.\" \/>\n<meta name=\"robots\" content=\"index, follow, max-snippet:-1, max-image-preview:large, max-video-preview:-1\" \/>\n<link rel=\"canonical\" href=\"https:\/\/www.fytofontana.com\/hu\/termek\/gyntima-hyaluronic\/\" \/>\n<meta property=\"og:locale\" content=\"hu_HU\" \/>\n<meta property=\"og:type\" content=\"article\" \/>\n<meta property=\"og:title\" content=\"GYNTIMA Hyaluronic h\u00fcvelyk\u00fap - Fytofontana\" \/>\n<meta property=\"og:description\" content=\"Term\u00e9szetes biol\u00f3giai megold\u00e1s a h\u00fcvelyi fert\u0151z\u00e9sekre, irrit\u00e1ci\u00f3ra, viszket\u00e9sre, \u00e9g\u0151 \u00e9rz\u00e9sre \u00e9s foly\u00e1sra \u2013 k\u00fcl\u00f6n\u00f6sen terhess\u00e9g alatt, a sz\u00fcl\u00e9s ut\u00e1ni 6 h\u00e9tben \u00e9s szoptat\u00e1s ideje alatt, de a hormon\u00e1lis v\u00e1ltoz\u00e1sok miatt kialakult h\u00fcvelysz\u00e1razs\u00e1g eset\u00e9n is hasznos, p\u00e9ld\u00e1ul a menopauza id\u0151szak\u00e1ban.\" \/>\n<meta property=\"og:url\" content=\"https:\/\/www.fytofontana.com\/hu\/termek\/gyntima-hyaluronic\/\" \/>\n<meta property=\"og:site_name\" content=\"Fytofontana\" \/>\n<meta property=\"article:modified_time\" content=\"2025-10-14T10:45:31+00:00\" \/>\n<meta property=\"og:image\" content=\"https:\/\/www.fytofontana.com\/wp-content\/uploads\/2021\/03\/2025_04_GYNTIMA_Vag_Cap_Hyaluronic_10ks_01_LQ_Primary.png\" \/>\n\t<meta property=\"og:image:width\" content=\"1000\" \/>\n\t<meta property=\"og:image:height\" content=\"1000\" \/>\n<meta name=\"twitter:card\" content=\"summary_large_image\" \/>\n<meta name=\"twitter:label1\" content=\"Becs\u00fclt olvas\u00e1si id\u0151\">\n\t<meta name=\"twitter:data1\" content=\"1 perc\">\n<script type=\"application\/ld+json\" class=\"yoast-schema-graph\">{\"@context\":\"https:\/\/schema.org\",\"@graph\":[{\"@type\":\"Organization\",\"@id\":\"https:\/\/www.fytofontana.com\/#organization\",\"name\":\"Fytofontana\",\"url\":\"https:\/\/www.fytofontana.com\/\",\"sameAs\":[],\"logo\":{\"@type\":\"ImageObject\",\"@id\":\"https:\/\/www.fytofontana.com\/#logo\",\"inLanguage\":\"hu\",\"url\":\"https:\/\/www.fytofontana.com\/wp-content\/uploads\/2021\/01\/fyto.png\",\"width\":817,\"height\":79,\"caption\":\"Fytofontana\"},\"image\":{\"@id\":\"https:\/\/www.fytofontana.com\/#logo\"}},{\"@type\":\"WebSite\",\"@id\":\"https:\/\/www.fytofontana.com\/#website\",\"url\":\"https:\/\/www.fytofontana.com\/\",\"name\":\"Fytofontana\",\"description\":\"\",\"publisher\":{\"@id\":\"https:\/\/www.fytofontana.com\/#organization\"},\"potentialAction\":[{\"@type\":\"SearchAction\",\"target\":\"https:\/\/www.fytofontana.com\/?s={search_term_string}\",\"query-input\":\"required name=search_term_string\"}],\"inLanguage\":\"hu\"},{\"@type\":\"ImageObject\",\"@id\":\"https:\/\/www.fytofontana.com\/hu\/termek\/gyntima-hyaluronic\/#primaryimage\",\"inLanguage\":\"hu\",\"url\":\"https:\/\/www.fytofontana.com\/wp-content\/uploads\/2021\/03\/2025_04_GYNTIMA_Vag_Cap_Hyaluronic_10ks_01_LQ_Primary.png\",\"width\":1000,\"height\":1000},{\"@type\":[\"WebPage\",\"ItemPage\"],\"@id\":\"https:\/\/www.fytofontana.com\/hu\/termek\/gyntima-hyaluronic\/#webpage\",\"url\":\"https:\/\/www.fytofontana.com\/hu\/termek\/gyntima-hyaluronic\/\",\"name\":\"GYNTIMA Hyaluronic h\\u00fcvelyk\\u00fap - Fytofontana\",\"isPartOf\":{\"@id\":\"https:\/\/www.fytofontana.com\/#website\"},\"primaryImageOfPage\":{\"@id\":\"https:\/\/www.fytofontana.com\/hu\/termek\/gyntima-hyaluronic\/#primaryimage\"},\"datePublished\":\"2020-12-17T20:05:46+00:00\",\"dateModified\":\"2025-10-14T10:45:31+00:00\",\"description\":\"Term\\u00e9szetes biol\\u00f3giai megold\\u00e1s a h\\u00fcvelyi fert\\u0151z\\u00e9sekre, irrit\\u00e1ci\\u00f3ra, viszket\\u00e9sre, \\u00e9g\\u0151 \\u00e9rz\\u00e9sre \\u00e9s foly\\u00e1sra \\u2013 k\\u00fcl\\u00f6n\\u00f6sen terhess\\u00e9g alatt, a sz\\u00fcl\\u00e9s ut\\u00e1ni 6 h\\u00e9tben \\u00e9s szoptat\\u00e1s ideje alatt, de a hormon\\u00e1lis v\\u00e1ltoz\\u00e1sok miatt kialakult h\\u00fcvelysz\\u00e1razs\\u00e1g eset\\u00e9n is hasznos, p\\u00e9ld\\u00e1ul a menopauza id\\u0151szak\\u00e1ban.\",\"breadcrumb\":{\"@id\":\"https:\/\/www.fytofontana.com\/hu\/termek\/gyntima-hyaluronic\/#breadcrumb\"},\"inLanguage\":\"hu\",\"potentialAction\":[{\"@type\":\"ReadAction\",\"target\":[\"https:\/\/www.fytofontana.com\/hu\/termek\/gyntima-hyaluronic\/\"]}]},{\"@type\":\"BreadcrumbList\",\"@id\":\"https:\/\/www.fytofontana.com\/hu\/termek\/gyntima-hyaluronic\/#breadcrumb\",\"itemListElement\":[{\"@type\":\"ListItem\",\"position\":1,\"item\":{\"@type\":\"WebPage\",\"@id\":\"https:\/\/www.fytofontana.com\/hu\/\",\"url\":\"https:\/\/www.fytofontana.com\/hu\/\",\"name\":\"Home\"}},{\"@type\":\"ListItem\",\"position\":2,\"item\":{\"@type\":\"WebPage\",\"@id\":\"https:\/\/www.fytofontana.com\/hu\/termek\/gyntima-hyaluronic\/\",\"url\":\"https:\/\/www.fytofontana.com\/hu\/termek\/gyntima-hyaluronic\/\",\"name\":\"GYNTIMA Hyaluronic h\\u00fcvelyk\\u00fap\"}}]}]}<\/script>","_links":{"self":[{"href":"https:\/\/www.fytofontana.com\/hu\/wp-json\/wp\/v2\/product\/610"}],"collection":[{"href":"https:\/\/www.fytofontana.com\/hu\/wp-json\/wp\/v2\/product"}],"about":[{"href":"https:\/\/www.fytofontana.com\/hu\/wp-json\/wp\/v2\/types\/product"}],"wp:featuredmedia":[{"embeddable":true,"href":"https:\/\/www.fytofontana.com\/hu\/wp-json\/wp\/v2\/media\/3368"}],"wp:attachment":[{"href":"https:\/\/www.fytofontana.com\/hu\/wp-json\/wp\/v2\/media?parent=610"}],"wp:term":[{"taxonomy":"products","embeddable":true,"href":"https:\/\/www.fytofontana.com\/hu\/wp-json\/wp\/v2\/products?post=610"}],"curies":[{"name":"wp","href":"https:\/\/api.w.org\/{rel}","templated":true}]}}