{"id":608,"date":"2020-12-17T21:05:46","date_gmt":"2020-12-17T20:05:46","guid":{"rendered":"https:\/\/www.fytofontana.com\/hu\/product\/gyntima-intim-hab\/"},"modified":"2025-07-02T18:28:23","modified_gmt":"2025-07-02T17:28:23","slug":"gyntima-intimhab","status":"publish","type":"product","link":"https:\/\/www.fytofontana.com\/hu\/termek\/gyntima-intimhab\/","title":{"rendered":"GYNTIMA intimhab"},"content":{"rendered":"<p><strong>Antiszeptikus \u00f6sszetev\u0151kkel gazdag\u00edtott intim mosakod\u00f3 hab a n\u0151i intim ter\u00fcletek eg\u00e9szs\u00e9g\u00e9nek meg\u0151rz\u00e9s\u00e9re<\/strong><\/p>\n<ul>\n<li>A napi intim higi\u00e9nia fenntart\u00e1sa mellett haszn\u00e1lhatja a habot rendszeres borotv\u00e1lkoz\u00e1shoz is, m\u00e9ghozz\u00e1 nem csak az intim ter\u00fcleteken.<\/li>\n<li>Term\u00e9szetes anyagokat tartalmaz\u00f3 gyeng\u00e9d \u00f6sszet\u00e9tele biztos\u00edtja a tisztas\u00e1got \u00e9s a frissess\u00e9get.<\/li>\n<li>Az orvosi zs\u00e1lya \u00e9s az aloe vera n\u00f6v\u00e9nyek antiszeptikus kivonat\u00e1nak k\u00f6sz\u00f6nhet\u0151en seg\u00edt megel\u0151zni a h\u00fcvelyi fert\u0151z\u00e9seket.<\/li>\n<\/ul>\n","protected":false},"featured_media":3692,"template":"","products":[28],"yoast_head":"<title>GYNTIMA intimhab - Fytofontana<\/title>\n<meta name=\"description\" content=\"Antiszeptikus \u00f6sszetev\u0151kkel gazdag\u00edtott intim mosakod\u00f3 hab a n\u0151i intim ter\u00fcletek eg\u00e9szs\u00e9g\u00e9nek meg\u0151rz\u00e9s\u00e9re. A napi intim higi\u00e9nia fenntart\u00e1sa mellett haszn\u00e1lhatja a habot rendszeres borotv\u00e1lkoz\u00e1shoz is, m\u00e9ghozz\u00e1 nem csak az intim ter\u00fcleteken.\" \/>\n<meta name=\"robots\" content=\"index, follow, max-snippet:-1, max-image-preview:large, max-video-preview:-1\" \/>\n<link rel=\"canonical\" href=\"https:\/\/www.fytofontana.com\/hu\/termek\/gyntima-intimhab\/\" \/>\n<meta property=\"og:locale\" content=\"hu_HU\" \/>\n<meta property=\"og:type\" content=\"article\" \/>\n<meta property=\"og:title\" content=\"GYNTIMA intimhab - Fytofontana\" \/>\n<meta property=\"og:description\" content=\"Antiszeptikus \u00f6sszetev\u0151kkel gazdag\u00edtott intim mosakod\u00f3 hab a n\u0151i intim ter\u00fcletek eg\u00e9szs\u00e9g\u00e9nek meg\u0151rz\u00e9s\u00e9re. A napi intim higi\u00e9nia fenntart\u00e1sa mellett haszn\u00e1lhatja a habot rendszeres borotv\u00e1lkoz\u00e1shoz is, m\u00e9ghozz\u00e1 nem csak az intim ter\u00fcleteken.\" \/>\n<meta property=\"og:url\" content=\"https:\/\/www.fytofontana.com\/hu\/termek\/gyntima-intimhab\/\" \/>\n<meta property=\"og:site_name\" content=\"Fytofontana\" \/>\n<meta property=\"article:modified_time\" content=\"2025-07-02T17:28:23+00:00\" \/>\n<meta property=\"og:image\" content=\"https:\/\/www.fytofontana.com\/wp-content\/uploads\/2021\/03\/2025_06_GYNTIMA_Intimate_foam_150ml_01_LQ_Primary.png\" \/>\n\t<meta property=\"og:image:width\" content=\"1000\" \/>\n\t<meta property=\"og:image:height\" content=\"1000\" \/>\n<meta name=\"twitter:card\" content=\"summary_large_image\" \/>\n<meta name=\"twitter:label1\" content=\"Becs\u00fclt olvas\u00e1si id\u0151\">\n\t<meta name=\"twitter:data1\" content=\"1 perc\">\n<script type=\"application\/ld+json\" class=\"yoast-schema-graph\">{\"@context\":\"https:\/\/schema.org\",\"@graph\":[{\"@type\":\"Organization\",\"@id\":\"https:\/\/www.fytofontana.com\/#organization\",\"name\":\"Fytofontana\",\"url\":\"https:\/\/www.fytofontana.com\/\",\"sameAs\":[],\"logo\":{\"@type\":\"ImageObject\",\"@id\":\"https:\/\/www.fytofontana.com\/#logo\",\"inLanguage\":\"hu\",\"url\":\"https:\/\/www.fytofontana.com\/wp-content\/uploads\/2021\/01\/fyto.png\",\"width\":817,\"height\":79,\"caption\":\"Fytofontana\"},\"image\":{\"@id\":\"https:\/\/www.fytofontana.com\/#logo\"}},{\"@type\":\"WebSite\",\"@id\":\"https:\/\/www.fytofontana.com\/#website\",\"url\":\"https:\/\/www.fytofontana.com\/\",\"name\":\"Fytofontana\",\"description\":\"\",\"publisher\":{\"@id\":\"https:\/\/www.fytofontana.com\/#organization\"},\"potentialAction\":[{\"@type\":\"SearchAction\",\"target\":\"https:\/\/www.fytofontana.com\/?s={search_term_string}\",\"query-input\":\"required name=search_term_string\"}],\"inLanguage\":\"hu\"},{\"@type\":\"ImageObject\",\"@id\":\"https:\/\/www.fytofontana.com\/hu\/termek\/gyntima-intimhab\/#primaryimage\",\"inLanguage\":\"hu\",\"url\":\"https:\/\/www.fytofontana.com\/wp-content\/uploads\/2021\/03\/2025_06_GYNTIMA_Intimate_foam_150ml_01_LQ_Primary.png\",\"width\":1000,\"height\":1000},{\"@type\":[\"WebPage\",\"ItemPage\"],\"@id\":\"https:\/\/www.fytofontana.com\/hu\/termek\/gyntima-intimhab\/#webpage\",\"url\":\"https:\/\/www.fytofontana.com\/hu\/termek\/gyntima-intimhab\/\",\"name\":\"GYNTIMA intimhab - Fytofontana\",\"isPartOf\":{\"@id\":\"https:\/\/www.fytofontana.com\/#website\"},\"primaryImageOfPage\":{\"@id\":\"https:\/\/www.fytofontana.com\/hu\/termek\/gyntima-intimhab\/#primaryimage\"},\"datePublished\":\"2020-12-17T20:05:46+00:00\",\"dateModified\":\"2025-07-02T17:28:23+00:00\",\"description\":\"Antiszeptikus \\u00f6sszetev\\u0151kkel gazdag\\u00edtott intim mosakod\\u00f3 hab a n\\u0151i intim ter\\u00fcletek eg\\u00e9szs\\u00e9g\\u00e9nek meg\\u0151rz\\u00e9s\\u00e9re. A napi intim higi\\u00e9nia fenntart\\u00e1sa mellett haszn\\u00e1lhatja a habot rendszeres borotv\\u00e1lkoz\\u00e1shoz is, m\\u00e9ghozz\\u00e1 nem csak az intim ter\\u00fcleteken.\",\"breadcrumb\":{\"@id\":\"https:\/\/www.fytofontana.com\/hu\/termek\/gyntima-intimhab\/#breadcrumb\"},\"inLanguage\":\"hu\",\"potentialAction\":[{\"@type\":\"ReadAction\",\"target\":[\"https:\/\/www.fytofontana.com\/hu\/termek\/gyntima-intimhab\/\"]}]},{\"@type\":\"BreadcrumbList\",\"@id\":\"https:\/\/www.fytofontana.com\/hu\/termek\/gyntima-intimhab\/#breadcrumb\",\"itemListElement\":[{\"@type\":\"ListItem\",\"position\":1,\"item\":{\"@type\":\"WebPage\",\"@id\":\"https:\/\/www.fytofontana.com\/hu\/\",\"url\":\"https:\/\/www.fytofontana.com\/hu\/\",\"name\":\"Home\"}},{\"@type\":\"ListItem\",\"position\":2,\"item\":{\"@type\":\"WebPage\",\"@id\":\"https:\/\/www.fytofontana.com\/hu\/termek\/gyntima-intimhab\/\",\"url\":\"https:\/\/www.fytofontana.com\/hu\/termek\/gyntima-intimhab\/\",\"name\":\"GYNTIMA intimhab\"}}]}]}<\/script>","_links":{"self":[{"href":"https:\/\/www.fytofontana.com\/hu\/wp-json\/wp\/v2\/product\/608"}],"collection":[{"href":"https:\/\/www.fytofontana.com\/hu\/wp-json\/wp\/v2\/product"}],"about":[{"href":"https:\/\/www.fytofontana.com\/hu\/wp-json\/wp\/v2\/types\/product"}],"wp:featuredmedia":[{"embeddable":true,"href":"https:\/\/www.fytofontana.com\/hu\/wp-json\/wp\/v2\/media\/3692"}],"wp:attachment":[{"href":"https:\/\/www.fytofontana.com\/hu\/wp-json\/wp\/v2\/media?parent=608"}],"wp:term":[{"taxonomy":"products","embeddable":true,"href":"https:\/\/www.fytofontana.com\/hu\/wp-json\/wp\/v2\/products?post=608"}],"curies":[{"name":"wp","href":"https:\/\/api.w.org\/{rel}","templated":true}]}}