{"id":606,"date":"2020-12-17T21:05:45","date_gmt":"2020-12-17T20:05:45","guid":{"rendered":"https:\/\/www.fytofontana.com\/hu\/product\/gyntima-intim-mosakodo-gel\/"},"modified":"2025-09-02T10:57:30","modified_gmt":"2025-09-02T09:57:30","slug":"gyntima-intim-mosakodogel","status":"publish","type":"product","link":"https:\/\/www.fytofontana.com\/hu\/termek\/gyntima-intim-mosakodogel\/","title":{"rendered":"GYNTIMA intim mosakod\u00f3 g\u00e9l"},"content":{"rendered":"<p><strong>Intim higi\u00e9nia a n\u0151i intim ter\u00fcletek eg\u00e9szs\u00e9g\u00e9nek meg\u0151rz\u00e9s\u00e9re<\/strong><\/p>\n<ul>\n<li>Speci\u00e1lis \u00f6sszet\u00e9tele biztos\u00edtja a tisztas\u00e1g, frissess\u00e9g \u00e9rz\u00e9s\u00e9t, t\u00e1mogatja az eg\u00e9szs\u00e9ges h\u00fcvelyfl\u00f3r\u00e1t, biztos\u00edtja az optim\u00e1lis pH-t \u00e9s seg\u00edt megel\u0151zni a h\u00fcvelyi fert\u0151z\u00e9seket.<\/li>\n<li>Term\u00e9szetes, k\u00edm\u00e9l\u0151 hat\u00f3anyagokat tartalmaz.<\/li>\n<li>A napi intim higi\u00e9nia fenntart\u00e1sa mellett haszn\u00e1lhatja a g\u00e9lt rendszeres borotv\u00e1lkoz\u00e1shoz is, m\u00e9ghozz\u00e1 nem csak az intim ter\u00fcleteken.<\/li>\n<li>Minden koroszt\u00e1ly sz\u00e1m\u00e1ra aj\u00e1nlott, valamint haszn\u00e1lhatja v\u00e1rand\u00f3ss\u00e1g, gyermek\u00e1gy \u00e9s szoptat\u00e1s ideje alatt is.<\/li>\n<\/ul>\n","protected":false},"featured_media":3669,"template":"","products":[28],"yoast_head":"<title>GYNTIMA intim mosakod\u00f3 g\u00e9l - Fytofontana<\/title>\n<meta name=\"description\" content=\"Speci\u00e1lis \u00f6sszet\u00e9tele biztos\u00edtja a tisztas\u00e1g, frissess\u00e9g \u00e9rz\u00e9s\u00e9t, t\u00e1mogatja az eg\u00e9szs\u00e9ges h\u00fcvelyfl\u00f3r\u00e1t, biztos\u00edtja az optim\u00e1lis pH-t \u00e9s seg\u00edt megel\u0151zni a h\u00fcvelyi fert\u0151z\u00e9seket.\" \/>\n<meta name=\"robots\" content=\"index, follow, max-snippet:-1, max-image-preview:large, max-video-preview:-1\" \/>\n<link rel=\"canonical\" href=\"https:\/\/www.fytofontana.com\/hu\/termek\/gyntima-intim-mosakodogel\/\" \/>\n<meta property=\"og:locale\" content=\"hu_HU\" \/>\n<meta property=\"og:type\" content=\"article\" \/>\n<meta property=\"og:title\" content=\"GYNTIMA intim mosakod\u00f3 g\u00e9l - Fytofontana\" \/>\n<meta property=\"og:description\" content=\"Speci\u00e1lis \u00f6sszet\u00e9tele biztos\u00edtja a tisztas\u00e1g, frissess\u00e9g \u00e9rz\u00e9s\u00e9t, t\u00e1mogatja az eg\u00e9szs\u00e9ges h\u00fcvelyfl\u00f3r\u00e1t, biztos\u00edtja az optim\u00e1lis pH-t \u00e9s seg\u00edt megel\u0151zni a h\u00fcvelyi fert\u0151z\u00e9seket.\" \/>\n<meta property=\"og:url\" content=\"https:\/\/www.fytofontana.com\/hu\/termek\/gyntima-intim-mosakodogel\/\" \/>\n<meta property=\"og:site_name\" content=\"Fytofontana\" \/>\n<meta property=\"article:modified_time\" content=\"2025-09-02T09:57:30+00:00\" \/>\n<meta property=\"og:image\" content=\"https:\/\/www.fytofontana.com\/wp-content\/uploads\/2021\/03\/2025_06_GYNTIMA_Intimate_wash_gel_200ml_01_LQ_Primary.png\" \/>\n\t<meta property=\"og:image:width\" content=\"1000\" \/>\n\t<meta property=\"og:image:height\" content=\"1000\" \/>\n<meta name=\"twitter:card\" content=\"summary_large_image\" \/>\n<meta name=\"twitter:label1\" content=\"Becs\u00fclt olvas\u00e1si id\u0151\">\n\t<meta name=\"twitter:data1\" content=\"1 perc\">\n<script type=\"application\/ld+json\" class=\"yoast-schema-graph\">{\"@context\":\"https:\/\/schema.org\",\"@graph\":[{\"@type\":\"Organization\",\"@id\":\"https:\/\/www.fytofontana.com\/#organization\",\"name\":\"Fytofontana\",\"url\":\"https:\/\/www.fytofontana.com\/\",\"sameAs\":[],\"logo\":{\"@type\":\"ImageObject\",\"@id\":\"https:\/\/www.fytofontana.com\/#logo\",\"inLanguage\":\"hu\",\"url\":\"https:\/\/www.fytofontana.com\/wp-content\/uploads\/2021\/01\/fyto.png\",\"width\":817,\"height\":79,\"caption\":\"Fytofontana\"},\"image\":{\"@id\":\"https:\/\/www.fytofontana.com\/#logo\"}},{\"@type\":\"WebSite\",\"@id\":\"https:\/\/www.fytofontana.com\/#website\",\"url\":\"https:\/\/www.fytofontana.com\/\",\"name\":\"Fytofontana\",\"description\":\"\",\"publisher\":{\"@id\":\"https:\/\/www.fytofontana.com\/#organization\"},\"potentialAction\":[{\"@type\":\"SearchAction\",\"target\":\"https:\/\/www.fytofontana.com\/?s={search_term_string}\",\"query-input\":\"required name=search_term_string\"}],\"inLanguage\":\"hu\"},{\"@type\":\"ImageObject\",\"@id\":\"https:\/\/www.fytofontana.com\/hu\/termek\/gyntima-intim-mosakodogel\/#primaryimage\",\"inLanguage\":\"hu\",\"url\":\"https:\/\/www.fytofontana.com\/wp-content\/uploads\/2021\/03\/2025_06_GYNTIMA_Intimate_wash_gel_200ml_01_LQ_Primary.png\",\"width\":1000,\"height\":1000},{\"@type\":[\"WebPage\",\"ItemPage\"],\"@id\":\"https:\/\/www.fytofontana.com\/hu\/termek\/gyntima-intim-mosakodogel\/#webpage\",\"url\":\"https:\/\/www.fytofontana.com\/hu\/termek\/gyntima-intim-mosakodogel\/\",\"name\":\"GYNTIMA intim mosakod\\u00f3 g\\u00e9l - Fytofontana\",\"isPartOf\":{\"@id\":\"https:\/\/www.fytofontana.com\/#website\"},\"primaryImageOfPage\":{\"@id\":\"https:\/\/www.fytofontana.com\/hu\/termek\/gyntima-intim-mosakodogel\/#primaryimage\"},\"datePublished\":\"2020-12-17T20:05:45+00:00\",\"dateModified\":\"2025-09-02T09:57:30+00:00\",\"description\":\"Speci\\u00e1lis \\u00f6sszet\\u00e9tele biztos\\u00edtja a tisztas\\u00e1g, frissess\\u00e9g \\u00e9rz\\u00e9s\\u00e9t, t\\u00e1mogatja az eg\\u00e9szs\\u00e9ges h\\u00fcvelyfl\\u00f3r\\u00e1t, biztos\\u00edtja az optim\\u00e1lis pH-t \\u00e9s seg\\u00edt megel\\u0151zni a h\\u00fcvelyi fert\\u0151z\\u00e9seket.\",\"breadcrumb\":{\"@id\":\"https:\/\/www.fytofontana.com\/hu\/termek\/gyntima-intim-mosakodogel\/#breadcrumb\"},\"inLanguage\":\"hu\",\"potentialAction\":[{\"@type\":\"ReadAction\",\"target\":[\"https:\/\/www.fytofontana.com\/hu\/termek\/gyntima-intim-mosakodogel\/\"]}]},{\"@type\":\"BreadcrumbList\",\"@id\":\"https:\/\/www.fytofontana.com\/hu\/termek\/gyntima-intim-mosakodogel\/#breadcrumb\",\"itemListElement\":[{\"@type\":\"ListItem\",\"position\":1,\"item\":{\"@type\":\"WebPage\",\"@id\":\"https:\/\/www.fytofontana.com\/hu\/\",\"url\":\"https:\/\/www.fytofontana.com\/hu\/\",\"name\":\"Home\"}},{\"@type\":\"ListItem\",\"position\":2,\"item\":{\"@type\":\"WebPage\",\"@id\":\"https:\/\/www.fytofontana.com\/hu\/termek\/gyntima-intim-mosakodogel\/\",\"url\":\"https:\/\/www.fytofontana.com\/hu\/termek\/gyntima-intim-mosakodogel\/\",\"name\":\"GYNTIMA intim mosakod\\u00f3 g\\u00e9l\"}}]}]}<\/script>","_links":{"self":[{"href":"https:\/\/www.fytofontana.com\/hu\/wp-json\/wp\/v2\/product\/606"}],"collection":[{"href":"https:\/\/www.fytofontana.com\/hu\/wp-json\/wp\/v2\/product"}],"about":[{"href":"https:\/\/www.fytofontana.com\/hu\/wp-json\/wp\/v2\/types\/product"}],"wp:featuredmedia":[{"embeddable":true,"href":"https:\/\/www.fytofontana.com\/hu\/wp-json\/wp\/v2\/media\/3669"}],"wp:attachment":[{"href":"https:\/\/www.fytofontana.com\/hu\/wp-json\/wp\/v2\/media?parent=606"}],"wp:term":[{"taxonomy":"products","embeddable":true,"href":"https:\/\/www.fytofontana.com\/hu\/wp-json\/wp\/v2\/products?post=606"}],"curies":[{"name":"wp","href":"https:\/\/api.w.org\/{rel}","templated":true}]}}