{"id":605,"date":"2020-12-17T21:05:44","date_gmt":"2020-12-17T20:05:44","guid":{"rendered":"https:\/\/www.fytofontana.com\/hu\/product\/gyntima-sikosito-gel\/"},"modified":"2025-06-18T15:13:37","modified_gmt":"2025-06-18T14:13:37","slug":"gyntima-sikosito-gel","status":"publish","type":"product","link":"https:\/\/www.fytofontana.com\/hu\/termek\/gyntima-sikosito-gel\/","title":{"rendered":"GYNTIMA s\u00edkos\u00edt\u00f3 g\u00e9l"},"content":{"rendered":"<p><strong>A h\u00fcvely ny\u00e1lkah\u00e1rty\u00e1j\u00e1nak hat\u00e9kony s\u00edkos\u00edt\u00e1s\u00e1ra.<\/strong><\/p>\n<ul>\n<li>V\u00edzb\u00e1zis\u00fa s\u00edkos\u00edt\u00f3 g\u00e9l.<\/li>\n<li>S\u00edkos\u00edt \u00e9s cs\u00f6kkenti a h\u00fcvelyny\u00e1lkah\u00e1rtya kisebb s\u00e9r\u00fcl\u00e9seinek kock\u00e1zat\u00e1t.<\/li>\n<li>Alkalmas a h\u00fcvely nedves\u00edt\u00e9s\u00e9re szexu\u00e1lis egy\u00fcttl\u00e9t sor\u00e1n, valamint eg\u00e9szs\u00e9g\u00fcgyi tamponok, menstru\u00e1ci\u00f3s kelyhek vagy h\u00fcvelyk\u00fapok felhelyez\u00e9si neh\u00e9zs\u00e9gei eset\u00e9n.<\/li>\n<li>Haszn\u00e1lata ide\u00e1lis menopauza idej\u00e9n is.<\/li>\n<\/ul>\n","protected":false},"featured_media":3518,"template":"","products":[28],"yoast_head":"<title>GYNTIMA s\u00edkos\u00edt\u00f3 g\u00e9l - Fytofontana<\/title>\n<meta name=\"description\" content=\"Az intim ter\u00fcletekhez k\u00edm\u00e9letes Gyntima s\u00edkos\u00edt\u00f3 g\u00e9l a h\u00fcvely lubrik\u00e1ci\u00f3s probl\u00e9m\u00e1inak orvosl\u00e1s\u00e1ra szolg\u00e1l. Hat\u00f3anyagainak k\u00f6sz\u00f6nhet\u0151en n\u00f6veli a s\u00edkoss\u00e1got, mik\u00f6zben cs\u00f6kkenti a h\u00fcvelyi s\u00e9r\u00fcl\u00e9sek vesz\u00e9ly\u00e9t.\" \/>\n<meta name=\"robots\" content=\"index, follow, max-snippet:-1, max-image-preview:large, max-video-preview:-1\" \/>\n<link rel=\"canonical\" href=\"https:\/\/www.fytofontana.com\/hu\/termek\/gyntima-sikosito-gel\/\" \/>\n<meta property=\"og:locale\" content=\"hu_HU\" \/>\n<meta property=\"og:type\" content=\"article\" \/>\n<meta property=\"og:title\" content=\"GYNTIMA s\u00edkos\u00edt\u00f3 g\u00e9l - Fytofontana\" \/>\n<meta property=\"og:description\" content=\"Az intim ter\u00fcletekhez k\u00edm\u00e9letes Gyntima s\u00edkos\u00edt\u00f3 g\u00e9l a h\u00fcvely lubrik\u00e1ci\u00f3s probl\u00e9m\u00e1inak orvosl\u00e1s\u00e1ra szolg\u00e1l. Hat\u00f3anyagainak k\u00f6sz\u00f6nhet\u0151en n\u00f6veli a s\u00edkoss\u00e1got, mik\u00f6zben cs\u00f6kkenti a h\u00fcvelyi s\u00e9r\u00fcl\u00e9sek vesz\u00e9ly\u00e9t.\" \/>\n<meta property=\"og:url\" content=\"https:\/\/www.fytofontana.com\/hu\/termek\/gyntima-sikosito-gel\/\" \/>\n<meta property=\"og:site_name\" content=\"Fytofontana\" \/>\n<meta property=\"article:modified_time\" content=\"2025-06-18T14:13:37+00:00\" \/>\n<meta property=\"og:image\" content=\"https:\/\/www.fytofontana.com\/wp-content\/uploads\/2021\/03\/2025_05_GYNTIMA_Lubricating_gel_50ml_01_LQ_Primary.png\" \/>\n\t<meta property=\"og:image:width\" content=\"1000\" \/>\n\t<meta property=\"og:image:height\" content=\"1000\" \/>\n<meta name=\"twitter:card\" content=\"summary_large_image\" \/>\n<meta name=\"twitter:label1\" content=\"Becs\u00fclt olvas\u00e1si id\u0151\">\n\t<meta name=\"twitter:data1\" content=\"1 perc\">\n<script type=\"application\/ld+json\" class=\"yoast-schema-graph\">{\"@context\":\"https:\/\/schema.org\",\"@graph\":[{\"@type\":\"Organization\",\"@id\":\"https:\/\/www.fytofontana.com\/#organization\",\"name\":\"Fytofontana\",\"url\":\"https:\/\/www.fytofontana.com\/\",\"sameAs\":[],\"logo\":{\"@type\":\"ImageObject\",\"@id\":\"https:\/\/www.fytofontana.com\/#logo\",\"inLanguage\":\"hu\",\"url\":\"https:\/\/www.fytofontana.com\/wp-content\/uploads\/2021\/01\/fyto.png\",\"width\":817,\"height\":79,\"caption\":\"Fytofontana\"},\"image\":{\"@id\":\"https:\/\/www.fytofontana.com\/#logo\"}},{\"@type\":\"WebSite\",\"@id\":\"https:\/\/www.fytofontana.com\/#website\",\"url\":\"https:\/\/www.fytofontana.com\/\",\"name\":\"Fytofontana\",\"description\":\"\",\"publisher\":{\"@id\":\"https:\/\/www.fytofontana.com\/#organization\"},\"potentialAction\":[{\"@type\":\"SearchAction\",\"target\":\"https:\/\/www.fytofontana.com\/?s={search_term_string}\",\"query-input\":\"required name=search_term_string\"}],\"inLanguage\":\"hu\"},{\"@type\":\"ImageObject\",\"@id\":\"https:\/\/www.fytofontana.com\/hu\/termek\/gyntima-sikosito-gel\/#primaryimage\",\"inLanguage\":\"hu\",\"url\":\"https:\/\/www.fytofontana.com\/wp-content\/uploads\/2021\/03\/2025_05_GYNTIMA_Lubricating_gel_50ml_01_LQ_Primary.png\",\"width\":1000,\"height\":1000},{\"@type\":[\"WebPage\",\"ItemPage\"],\"@id\":\"https:\/\/www.fytofontana.com\/hu\/termek\/gyntima-sikosito-gel\/#webpage\",\"url\":\"https:\/\/www.fytofontana.com\/hu\/termek\/gyntima-sikosito-gel\/\",\"name\":\"GYNTIMA s\\u00edkos\\u00edt\\u00f3 g\\u00e9l - Fytofontana\",\"isPartOf\":{\"@id\":\"https:\/\/www.fytofontana.com\/#website\"},\"primaryImageOfPage\":{\"@id\":\"https:\/\/www.fytofontana.com\/hu\/termek\/gyntima-sikosito-gel\/#primaryimage\"},\"datePublished\":\"2020-12-17T20:05:44+00:00\",\"dateModified\":\"2025-06-18T14:13:37+00:00\",\"description\":\"Az intim ter\\u00fcletekhez k\\u00edm\\u00e9letes Gyntima s\\u00edkos\\u00edt\\u00f3 g\\u00e9l a h\\u00fcvely lubrik\\u00e1ci\\u00f3s probl\\u00e9m\\u00e1inak orvosl\\u00e1s\\u00e1ra szolg\\u00e1l. Hat\\u00f3anyagainak k\\u00f6sz\\u00f6nhet\\u0151en n\\u00f6veli a s\\u00edkoss\\u00e1got, mik\\u00f6zben cs\\u00f6kkenti a h\\u00fcvelyi s\\u00e9r\\u00fcl\\u00e9sek vesz\\u00e9ly\\u00e9t.\",\"breadcrumb\":{\"@id\":\"https:\/\/www.fytofontana.com\/hu\/termek\/gyntima-sikosito-gel\/#breadcrumb\"},\"inLanguage\":\"hu\",\"potentialAction\":[{\"@type\":\"ReadAction\",\"target\":[\"https:\/\/www.fytofontana.com\/hu\/termek\/gyntima-sikosito-gel\/\"]}]},{\"@type\":\"BreadcrumbList\",\"@id\":\"https:\/\/www.fytofontana.com\/hu\/termek\/gyntima-sikosito-gel\/#breadcrumb\",\"itemListElement\":[{\"@type\":\"ListItem\",\"position\":1,\"item\":{\"@type\":\"WebPage\",\"@id\":\"https:\/\/www.fytofontana.com\/hu\/\",\"url\":\"https:\/\/www.fytofontana.com\/hu\/\",\"name\":\"Home\"}},{\"@type\":\"ListItem\",\"position\":2,\"item\":{\"@type\":\"WebPage\",\"@id\":\"https:\/\/www.fytofontana.com\/hu\/termek\/gyntima-sikosito-gel\/\",\"url\":\"https:\/\/www.fytofontana.com\/hu\/termek\/gyntima-sikosito-gel\/\",\"name\":\"GYNTIMA s\\u00edkos\\u00edt\\u00f3 g\\u00e9l\"}}]}]}<\/script>","_links":{"self":[{"href":"https:\/\/www.fytofontana.com\/hu\/wp-json\/wp\/v2\/product\/605"}],"collection":[{"href":"https:\/\/www.fytofontana.com\/hu\/wp-json\/wp\/v2\/product"}],"about":[{"href":"https:\/\/www.fytofontana.com\/hu\/wp-json\/wp\/v2\/types\/product"}],"wp:featuredmedia":[{"embeddable":true,"href":"https:\/\/www.fytofontana.com\/hu\/wp-json\/wp\/v2\/media\/3518"}],"wp:attachment":[{"href":"https:\/\/www.fytofontana.com\/hu\/wp-json\/wp\/v2\/media?parent=605"}],"wp:term":[{"taxonomy":"products","embeddable":true,"href":"https:\/\/www.fytofontana.com\/hu\/wp-json\/wp\/v2\/products?post=605"}],"curies":[{"name":"wp","href":"https:\/\/api.w.org\/{rel}","templated":true}]}}