{"id":604,"date":"2020-12-17T21:05:44","date_gmt":"2020-12-17T20:05:44","guid":{"rendered":"https:\/\/www.fytofontana.com\/hu\/product\/gyntima-stretch-mark-emulsion-2\/"},"modified":"2025-09-02T10:50:34","modified_gmt":"2025-09-02T09:50:34","slug":"gyntima-striak-elleni-emulzio","status":"publish","type":"product","link":"https:\/\/www.fytofontana.com\/hu\/termek\/gyntima-striak-elleni-emulzio\/","title":{"rendered":"GYNTIMA stri\u00e1k elleni emulzi\u00f3"},"content":{"rendered":"<p><strong>Stri\u00e1k \u00e9s hegek elleni regener\u00e1l\u00f3 emulzi\u00f3<\/strong><\/p>\n<ul>\n<li>Az emulzi\u00f3 term\u00e9szetes, kombin\u00e1lt \u00f6sszet\u00e9tel\u00e9vel t\u00e1mogatja a b\u0151r rugalmass\u00e1g\u00e1t \u00e9s feszess\u00e9g\u00e9t.<\/li>\n<li>Alkalmas megel\u0151z\u0151 haszn\u00e1latra, valamint a m\u00e1r megl\u00e9v\u0151 friss stri\u00e1k \u00e9s hegek l\u00e1tv\u00e1nyos cs\u00f6kkent\u00e9s\u00e9re.<\/li>\n<li>A hat\u00f3anyagok liposz\u00f3m\u00e1lis form\u00e1ban vannak jelen, \u00edgy hat\u00e9konyabban k\u00e9pesek bejutni a b\u0151rbe.<\/li>\n<li>A term\u00e9kben egyes\u00fcl az akt\u00edv peptidek, a hialuronsav, a panthenol, az E-vitamin, az aloe vera \u00e9s a n\u00f6v\u00e9nyi olajok gy\u00f3gy\u00edt\u00f3 hat\u00e1sa.<\/li>\n<\/ul>\n","protected":false},"featured_media":3599,"template":"","products":[28],"yoast_head":"<title>GYNTIMA stri\u00e1k elleni emulzi\u00f3 - Fytofontana<\/title>\n<meta name=\"description\" content=\"Stri\u00e1k \u00e9s hegek elleni regener\u00e1l\u00f3 emulzi\u00f3. Az emulzi\u00f3 term\u00e9szetes, kombin\u00e1lt \u00f6sszet\u00e9tel\u00e9vel t\u00e1mogatja a b\u0151r rugalmass\u00e1g\u00e1t \u00e9s feszess\u00e9g\u00e9t.\" \/>\n<meta name=\"robots\" content=\"index, follow, max-snippet:-1, max-image-preview:large, max-video-preview:-1\" \/>\n<link rel=\"canonical\" href=\"https:\/\/www.fytofontana.com\/hu\/termek\/gyntima-striak-elleni-emulzio\/\" \/>\n<meta property=\"og:locale\" content=\"hu_HU\" \/>\n<meta property=\"og:type\" content=\"article\" \/>\n<meta property=\"og:title\" content=\"GYNTIMA stri\u00e1k elleni emulzi\u00f3 - Fytofontana\" \/>\n<meta property=\"og:description\" content=\"Stri\u00e1k \u00e9s hegek elleni regener\u00e1l\u00f3 emulzi\u00f3. Az emulzi\u00f3 term\u00e9szetes, kombin\u00e1lt \u00f6sszet\u00e9tel\u00e9vel t\u00e1mogatja a b\u0151r rugalmass\u00e1g\u00e1t \u00e9s feszess\u00e9g\u00e9t.\" \/>\n<meta property=\"og:url\" content=\"https:\/\/www.fytofontana.com\/hu\/termek\/gyntima-striak-elleni-emulzio\/\" \/>\n<meta property=\"og:site_name\" content=\"Fytofontana\" \/>\n<meta property=\"article:modified_time\" content=\"2025-09-02T09:50:34+00:00\" \/>\n<meta property=\"og:image\" content=\"https:\/\/www.fytofontana.com\/wp-content\/uploads\/2021\/03\/2025_06_GYNTIMA_Stretch_mark_emulsion_100ml_01_LQ_Primary.png\" \/>\n\t<meta property=\"og:image:width\" content=\"1000\" \/>\n\t<meta property=\"og:image:height\" content=\"1000\" \/>\n<meta name=\"twitter:card\" content=\"summary_large_image\" \/>\n<meta name=\"twitter:label1\" content=\"Becs\u00fclt olvas\u00e1si id\u0151\">\n\t<meta name=\"twitter:data1\" content=\"1 perc\">\n<script type=\"application\/ld+json\" class=\"yoast-schema-graph\">{\"@context\":\"https:\/\/schema.org\",\"@graph\":[{\"@type\":\"Organization\",\"@id\":\"https:\/\/www.fytofontana.com\/#organization\",\"name\":\"Fytofontana\",\"url\":\"https:\/\/www.fytofontana.com\/\",\"sameAs\":[],\"logo\":{\"@type\":\"ImageObject\",\"@id\":\"https:\/\/www.fytofontana.com\/#logo\",\"inLanguage\":\"hu\",\"url\":\"https:\/\/www.fytofontana.com\/wp-content\/uploads\/2021\/01\/fyto.png\",\"width\":817,\"height\":79,\"caption\":\"Fytofontana\"},\"image\":{\"@id\":\"https:\/\/www.fytofontana.com\/#logo\"}},{\"@type\":\"WebSite\",\"@id\":\"https:\/\/www.fytofontana.com\/#website\",\"url\":\"https:\/\/www.fytofontana.com\/\",\"name\":\"Fytofontana\",\"description\":\"\",\"publisher\":{\"@id\":\"https:\/\/www.fytofontana.com\/#organization\"},\"potentialAction\":[{\"@type\":\"SearchAction\",\"target\":\"https:\/\/www.fytofontana.com\/?s={search_term_string}\",\"query-input\":\"required name=search_term_string\"}],\"inLanguage\":\"hu\"},{\"@type\":\"ImageObject\",\"@id\":\"https:\/\/www.fytofontana.com\/hu\/termek\/gyntima-striak-elleni-emulzio\/#primaryimage\",\"inLanguage\":\"hu\",\"url\":\"https:\/\/www.fytofontana.com\/wp-content\/uploads\/2021\/03\/2025_06_GYNTIMA_Stretch_mark_emulsion_100ml_01_LQ_Primary.png\",\"width\":1000,\"height\":1000},{\"@type\":[\"WebPage\",\"ItemPage\"],\"@id\":\"https:\/\/www.fytofontana.com\/hu\/termek\/gyntima-striak-elleni-emulzio\/#webpage\",\"url\":\"https:\/\/www.fytofontana.com\/hu\/termek\/gyntima-striak-elleni-emulzio\/\",\"name\":\"GYNTIMA stri\\u00e1k elleni emulzi\\u00f3 - Fytofontana\",\"isPartOf\":{\"@id\":\"https:\/\/www.fytofontana.com\/#website\"},\"primaryImageOfPage\":{\"@id\":\"https:\/\/www.fytofontana.com\/hu\/termek\/gyntima-striak-elleni-emulzio\/#primaryimage\"},\"datePublished\":\"2020-12-17T20:05:44+00:00\",\"dateModified\":\"2025-09-02T09:50:34+00:00\",\"description\":\"Stri\\u00e1k \\u00e9s hegek elleni regener\\u00e1l\\u00f3 emulzi\\u00f3. Az emulzi\\u00f3 term\\u00e9szetes, kombin\\u00e1lt \\u00f6sszet\\u00e9tel\\u00e9vel t\\u00e1mogatja a b\\u0151r rugalmass\\u00e1g\\u00e1t \\u00e9s feszess\\u00e9g\\u00e9t.\",\"breadcrumb\":{\"@id\":\"https:\/\/www.fytofontana.com\/hu\/termek\/gyntima-striak-elleni-emulzio\/#breadcrumb\"},\"inLanguage\":\"hu\",\"potentialAction\":[{\"@type\":\"ReadAction\",\"target\":[\"https:\/\/www.fytofontana.com\/hu\/termek\/gyntima-striak-elleni-emulzio\/\"]}]},{\"@type\":\"BreadcrumbList\",\"@id\":\"https:\/\/www.fytofontana.com\/hu\/termek\/gyntima-striak-elleni-emulzio\/#breadcrumb\",\"itemListElement\":[{\"@type\":\"ListItem\",\"position\":1,\"item\":{\"@type\":\"WebPage\",\"@id\":\"https:\/\/www.fytofontana.com\/hu\/\",\"url\":\"https:\/\/www.fytofontana.com\/hu\/\",\"name\":\"Home\"}},{\"@type\":\"ListItem\",\"position\":2,\"item\":{\"@type\":\"WebPage\",\"@id\":\"https:\/\/www.fytofontana.com\/hu\/termek\/gyntima-striak-elleni-emulzio\/\",\"url\":\"https:\/\/www.fytofontana.com\/hu\/termek\/gyntima-striak-elleni-emulzio\/\",\"name\":\"GYNTIMA stri\\u00e1k elleni emulzi\\u00f3\"}}]}]}<\/script>","_links":{"self":[{"href":"https:\/\/www.fytofontana.com\/hu\/wp-json\/wp\/v2\/product\/604"}],"collection":[{"href":"https:\/\/www.fytofontana.com\/hu\/wp-json\/wp\/v2\/product"}],"about":[{"href":"https:\/\/www.fytofontana.com\/hu\/wp-json\/wp\/v2\/types\/product"}],"wp:featuredmedia":[{"embeddable":true,"href":"https:\/\/www.fytofontana.com\/hu\/wp-json\/wp\/v2\/media\/3599"}],"wp:attachment":[{"href":"https:\/\/www.fytofontana.com\/hu\/wp-json\/wp\/v2\/media?parent=604"}],"wp:term":[{"taxonomy":"products","embeddable":true,"href":"https:\/\/www.fytofontana.com\/hu\/wp-json\/wp\/v2\/products?post=604"}],"curies":[{"name":"wp","href":"https:\/\/api.w.org\/{rel}","templated":true}]}}