{"id":602,"date":"2020-12-17T21:05:43","date_gmt":"2020-12-17T20:05:43","guid":{"rendered":"https:\/\/www.fytofontana.com\/hu\/product\/gyntima-lifting-krem\/"},"modified":"2025-09-02T11:02:00","modified_gmt":"2025-09-02T10:02:00","slug":"gyntima-intim-lifting-krem","status":"publish","type":"product","link":"https:\/\/www.fytofontana.com\/hu\/termek\/gyntima-intim-lifting-krem\/","title":{"rendered":"GYNTIMA intim lifting kr\u00e9m"},"content":{"rendered":"<p><strong>Az intim r\u00e9szek eg\u00e9szs\u00e9ges, fiatalos megjelen\u00e9se b\u00e1rmely \u00e9letkorban<\/strong><\/p>\n<ul>\n<li>Speci\u00e1lis \u00f6sszet\u00e9tel\u00e9vel regener\u00e1lja, megfiatal\u00edtja \u00e9s meger\u0151s\u00edti az intim ter\u00fcleten l\u00e9v\u0151 b\u0151rt.<\/li>\n<li>Akt\u00edvan t\u00e1mogatja a kollag\u00e9n \u00e9s elasztin k\u00e9pz\u0151d\u00e9s\u00e9t.<\/li>\n<li>Biotechnol\u00f3giai peptidek \u00e9s n\u00f6v\u00e9nyi eredet\u0171 hat\u00f3anyagok egyed\u00fcl\u00e1ll\u00f3 kombin\u00e1ci\u00f3j\u00e1t tartalmazza.<\/li>\n<li>Rendszeres haszn\u00e1lat\u00e1val fiatalosabb \u00e9s sim\u00e1bb megjelen\u00e9st biztos\u00edt a b\u0151rnek.<\/li>\n<\/ul>\n","protected":false},"featured_media":3645,"template":"","products":[28],"yoast_head":"<title>GYNTIMA intim lifting kr\u00e9m - Fytofontana<\/title>\n<meta name=\"description\" content=\"Speci\u00e1lis \u00f6sszet\u00e9tel\u00e9vel regener\u00e1lja, megfiatal\u00edtja \u00e9s meger\u0151s\u00edti az intim ter\u00fcleten l\u00e9v\u0151 b\u0151rt. Akt\u00edvan t\u00e1mogatja a kollag\u00e9n \u00e9s elasztin k\u00e9pz\u0151d\u00e9s\u00e9t. Biotechnol\u00f3giai peptidek \u00e9s n\u00f6v\u00e9nyi eredet\u0171 hat\u00f3anyagok egyed\u00fcl\u00e1ll\u00f3 kombin\u00e1ci\u00f3j\u00e1t tartalmazza.\" \/>\n<meta name=\"robots\" content=\"index, follow, max-snippet:-1, max-image-preview:large, max-video-preview:-1\" \/>\n<link rel=\"canonical\" href=\"https:\/\/www.fytofontana.com\/hu\/termek\/gyntima-intim-lifting-krem\/\" \/>\n<meta property=\"og:locale\" content=\"hu_HU\" \/>\n<meta property=\"og:type\" content=\"article\" \/>\n<meta property=\"og:title\" content=\"GYNTIMA intim lifting kr\u00e9m - Fytofontana\" \/>\n<meta property=\"og:description\" content=\"Speci\u00e1lis \u00f6sszet\u00e9tel\u00e9vel regener\u00e1lja, megfiatal\u00edtja \u00e9s meger\u0151s\u00edti az intim ter\u00fcleten l\u00e9v\u0151 b\u0151rt. Akt\u00edvan t\u00e1mogatja a kollag\u00e9n \u00e9s elasztin k\u00e9pz\u0151d\u00e9s\u00e9t. Biotechnol\u00f3giai peptidek \u00e9s n\u00f6v\u00e9nyi eredet\u0171 hat\u00f3anyagok egyed\u00fcl\u00e1ll\u00f3 kombin\u00e1ci\u00f3j\u00e1t tartalmazza.\" \/>\n<meta property=\"og:url\" content=\"https:\/\/www.fytofontana.com\/hu\/termek\/gyntima-intim-lifting-krem\/\" \/>\n<meta property=\"og:site_name\" content=\"Fytofontana\" \/>\n<meta property=\"article:modified_time\" content=\"2025-09-02T10:02:00+00:00\" \/>\n<meta property=\"og:image\" content=\"https:\/\/www.fytofontana.com\/wp-content\/uploads\/2021\/03\/2025_05_GYNTIMA_Intimate_Lifting_cream_50ml_01_LQ_Primary.png\" \/>\n\t<meta property=\"og:image:width\" content=\"1000\" \/>\n\t<meta property=\"og:image:height\" content=\"1000\" \/>\n<meta name=\"twitter:card\" content=\"summary_large_image\" \/>\n<meta name=\"twitter:label1\" content=\"Becs\u00fclt olvas\u00e1si id\u0151\">\n\t<meta name=\"twitter:data1\" content=\"1 perc\">\n<script type=\"application\/ld+json\" class=\"yoast-schema-graph\">{\"@context\":\"https:\/\/schema.org\",\"@graph\":[{\"@type\":\"Organization\",\"@id\":\"https:\/\/www.fytofontana.com\/#organization\",\"name\":\"Fytofontana\",\"url\":\"https:\/\/www.fytofontana.com\/\",\"sameAs\":[],\"logo\":{\"@type\":\"ImageObject\",\"@id\":\"https:\/\/www.fytofontana.com\/#logo\",\"inLanguage\":\"hu\",\"url\":\"https:\/\/www.fytofontana.com\/wp-content\/uploads\/2021\/01\/fyto.png\",\"width\":817,\"height\":79,\"caption\":\"Fytofontana\"},\"image\":{\"@id\":\"https:\/\/www.fytofontana.com\/#logo\"}},{\"@type\":\"WebSite\",\"@id\":\"https:\/\/www.fytofontana.com\/#website\",\"url\":\"https:\/\/www.fytofontana.com\/\",\"name\":\"Fytofontana\",\"description\":\"\",\"publisher\":{\"@id\":\"https:\/\/www.fytofontana.com\/#organization\"},\"potentialAction\":[{\"@type\":\"SearchAction\",\"target\":\"https:\/\/www.fytofontana.com\/?s={search_term_string}\",\"query-input\":\"required name=search_term_string\"}],\"inLanguage\":\"hu\"},{\"@type\":\"ImageObject\",\"@id\":\"https:\/\/www.fytofontana.com\/hu\/termek\/gyntima-intim-lifting-krem\/#primaryimage\",\"inLanguage\":\"hu\",\"url\":\"https:\/\/www.fytofontana.com\/wp-content\/uploads\/2021\/03\/2025_05_GYNTIMA_Intimate_Lifting_cream_50ml_01_LQ_Primary.png\",\"width\":1000,\"height\":1000},{\"@type\":[\"WebPage\",\"ItemPage\"],\"@id\":\"https:\/\/www.fytofontana.com\/hu\/termek\/gyntima-intim-lifting-krem\/#webpage\",\"url\":\"https:\/\/www.fytofontana.com\/hu\/termek\/gyntima-intim-lifting-krem\/\",\"name\":\"GYNTIMA intim lifting kr\\u00e9m - Fytofontana\",\"isPartOf\":{\"@id\":\"https:\/\/www.fytofontana.com\/#website\"},\"primaryImageOfPage\":{\"@id\":\"https:\/\/www.fytofontana.com\/hu\/termek\/gyntima-intim-lifting-krem\/#primaryimage\"},\"datePublished\":\"2020-12-17T20:05:43+00:00\",\"dateModified\":\"2025-09-02T10:02:00+00:00\",\"description\":\"Speci\\u00e1lis \\u00f6sszet\\u00e9tel\\u00e9vel regener\\u00e1lja, megfiatal\\u00edtja \\u00e9s meger\\u0151s\\u00edti az intim ter\\u00fcleten l\\u00e9v\\u0151 b\\u0151rt. Akt\\u00edvan t\\u00e1mogatja a kollag\\u00e9n \\u00e9s elasztin k\\u00e9pz\\u0151d\\u00e9s\\u00e9t. Biotechnol\\u00f3giai peptidek \\u00e9s n\\u00f6v\\u00e9nyi eredet\\u0171 hat\\u00f3anyagok egyed\\u00fcl\\u00e1ll\\u00f3 kombin\\u00e1ci\\u00f3j\\u00e1t tartalmazza.\",\"breadcrumb\":{\"@id\":\"https:\/\/www.fytofontana.com\/hu\/termek\/gyntima-intim-lifting-krem\/#breadcrumb\"},\"inLanguage\":\"hu\",\"potentialAction\":[{\"@type\":\"ReadAction\",\"target\":[\"https:\/\/www.fytofontana.com\/hu\/termek\/gyntima-intim-lifting-krem\/\"]}]},{\"@type\":\"BreadcrumbList\",\"@id\":\"https:\/\/www.fytofontana.com\/hu\/termek\/gyntima-intim-lifting-krem\/#breadcrumb\",\"itemListElement\":[{\"@type\":\"ListItem\",\"position\":1,\"item\":{\"@type\":\"WebPage\",\"@id\":\"https:\/\/www.fytofontana.com\/hu\/\",\"url\":\"https:\/\/www.fytofontana.com\/hu\/\",\"name\":\"Home\"}},{\"@type\":\"ListItem\",\"position\":2,\"item\":{\"@type\":\"WebPage\",\"@id\":\"https:\/\/www.fytofontana.com\/hu\/termek\/gyntima-intim-lifting-krem\/\",\"url\":\"https:\/\/www.fytofontana.com\/hu\/termek\/gyntima-intim-lifting-krem\/\",\"name\":\"GYNTIMA intim lifting kr\\u00e9m\"}}]}]}<\/script>","_links":{"self":[{"href":"https:\/\/www.fytofontana.com\/hu\/wp-json\/wp\/v2\/product\/602"}],"collection":[{"href":"https:\/\/www.fytofontana.com\/hu\/wp-json\/wp\/v2\/product"}],"about":[{"href":"https:\/\/www.fytofontana.com\/hu\/wp-json\/wp\/v2\/types\/product"}],"wp:featuredmedia":[{"embeddable":true,"href":"https:\/\/www.fytofontana.com\/hu\/wp-json\/wp\/v2\/media\/3645"}],"wp:attachment":[{"href":"https:\/\/www.fytofontana.com\/hu\/wp-json\/wp\/v2\/media?parent=602"}],"wp:term":[{"taxonomy":"products","embeddable":true,"href":"https:\/\/www.fytofontana.com\/hu\/wp-json\/wp\/v2\/products?post=602"}],"curies":[{"name":"wp","href":"https:\/\/api.w.org\/{rel}","templated":true}]}}