{"id":3592,"date":"2025-07-02T15:05:48","date_gmt":"2025-07-02T14:05:48","guid":{"rendered":"https:\/\/www.fytofontana.com\/?post_type=product&#038;p=3592"},"modified":"2025-09-02T10:56:05","modified_gmt":"2025-09-02T09:56:05","slug":"gyntima-fytoprobiotics","status":"publish","type":"product","link":"https:\/\/www.fytofontana.com\/hu\/termek\/gyntima-fytoprobiotics\/","title":{"rendered":"GYNTIMA Fytoprobiotics kapszula"},"content":{"rendered":"<p><strong>A b\u00e9lfl\u00f3ra \u00e9s a h\u00fcvelyfl\u00f3ra t\u00e1mogat\u00f3ja egy kapszul\u00e1ban<\/strong><\/p>\n<ul>\n<li>Klinikailag igazolt j\u00f3t\u00e9kony hat\u00e1s\u00fa Lactobacillus acidophilus \u00e9s Lactobacillus crhamnosus kombin\u00e1ci\u00f3ja 1,47 milli\u00e1rd CFU optim\u00e1lis napi adagban.<\/li>\n<li>A laktobacillusok t\u00e1mogatj\u00e1k a h\u00fcvelyi mikrofl\u00f3ra \u00e9s a b\u00e9lfl\u00f3ra term\u00e9szetes egyens\u00faly\u00e1t.<\/li>\n<li>A laktobacillusok k\u00e9pesek t\u00fal\u00e9lni az em\u00e9szt\u0151rendszeren val\u00f3 \u00e1thalad\u00e1st \u00e9s sikeresen t\u00e1mogatni a h\u00fcvelyi k\u00f6rnyezetet.<\/li>\n<li>Kimutatt\u00e1k, hogy ezek a bakt\u00e9riumt\u00f6rzsek cs\u00f6kkentik a n\u0151kn\u00e9l a h\u00fcvelyi \u00e9s h\u00fagy\u00fati fert\u0151z\u00e9sek kock\u00e1zat\u00e1t<\/li>\n<\/ul>\n","protected":false},"featured_media":3565,"template":"","products":[28],"yoast_head":"<title>GYNTIMA Fytoprobiotics kapszula - Fytofontana<\/title>\n<meta name=\"description\" content=\"Klinikailag igazolt j\u00f3t\u00e9kony hat\u00e1s\u00fa Lactobacillus acidophilus \u00e9s Lactobacillus crhamnosus kombin\u00e1ci\u00f3ja 1,47 milli\u00e1rd CFU optim\u00e1lis napi adagban.\" \/>\n<meta name=\"robots\" content=\"index, follow, max-snippet:-1, max-image-preview:large, max-video-preview:-1\" \/>\n<link rel=\"canonical\" href=\"https:\/\/www.fytofontana.com\/hu\/termek\/gyntima-fytoprobiotics\/\" \/>\n<meta property=\"og:locale\" content=\"hu_HU\" \/>\n<meta property=\"og:type\" content=\"article\" \/>\n<meta property=\"og:title\" content=\"GYNTIMA Fytoprobiotics kapszula - Fytofontana\" \/>\n<meta property=\"og:description\" content=\"Klinikailag igazolt j\u00f3t\u00e9kony hat\u00e1s\u00fa Lactobacillus acidophilus \u00e9s Lactobacillus crhamnosus kombin\u00e1ci\u00f3ja 1,47 milli\u00e1rd CFU optim\u00e1lis napi adagban.\" \/>\n<meta property=\"og:url\" content=\"https:\/\/www.fytofontana.com\/hu\/termek\/gyntima-fytoprobiotics\/\" \/>\n<meta property=\"og:site_name\" content=\"Fytofontana\" \/>\n<meta property=\"article:modified_time\" content=\"2025-09-02T09:56:05+00:00\" \/>\n<meta property=\"og:image\" content=\"https:\/\/www.fytofontana.com\/wp-content\/uploads\/2025\/07\/2025_06_GYNTIMA_kapsule_Fytoprobiotics_60cps_01_LQ_Primary.png\" \/>\n\t<meta property=\"og:image:width\" content=\"1000\" \/>\n\t<meta property=\"og:image:height\" content=\"1000\" \/>\n<meta name=\"twitter:card\" content=\"summary_large_image\" \/>\n<meta name=\"twitter:label1\" content=\"Becs\u00fclt olvas\u00e1si id\u0151\">\n\t<meta name=\"twitter:data1\" content=\"1 perc\">\n<script type=\"application\/ld+json\" class=\"yoast-schema-graph\">{\"@context\":\"https:\/\/schema.org\",\"@graph\":[{\"@type\":\"Organization\",\"@id\":\"https:\/\/www.fytofontana.com\/#organization\",\"name\":\"Fytofontana\",\"url\":\"https:\/\/www.fytofontana.com\/\",\"sameAs\":[],\"logo\":{\"@type\":\"ImageObject\",\"@id\":\"https:\/\/www.fytofontana.com\/#logo\",\"inLanguage\":\"hu\",\"url\":\"https:\/\/www.fytofontana.com\/wp-content\/uploads\/2021\/01\/fyto.png\",\"width\":817,\"height\":79,\"caption\":\"Fytofontana\"},\"image\":{\"@id\":\"https:\/\/www.fytofontana.com\/#logo\"}},{\"@type\":\"WebSite\",\"@id\":\"https:\/\/www.fytofontana.com\/#website\",\"url\":\"https:\/\/www.fytofontana.com\/\",\"name\":\"Fytofontana\",\"description\":\"\",\"publisher\":{\"@id\":\"https:\/\/www.fytofontana.com\/#organization\"},\"potentialAction\":[{\"@type\":\"SearchAction\",\"target\":\"https:\/\/www.fytofontana.com\/?s={search_term_string}\",\"query-input\":\"required name=search_term_string\"}],\"inLanguage\":\"hu\"},{\"@type\":\"ImageObject\",\"@id\":\"https:\/\/www.fytofontana.com\/hu\/termek\/gyntima-fytoprobiotics\/#primaryimage\",\"inLanguage\":\"hu\",\"url\":\"https:\/\/www.fytofontana.com\/wp-content\/uploads\/2025\/07\/2025_06_GYNTIMA_kapsule_Fytoprobiotics_60cps_01_LQ_Primary.png\",\"width\":1000,\"height\":1000},{\"@type\":[\"WebPage\",\"ItemPage\"],\"@id\":\"https:\/\/www.fytofontana.com\/hu\/termek\/gyntima-fytoprobiotics\/#webpage\",\"url\":\"https:\/\/www.fytofontana.com\/hu\/termek\/gyntima-fytoprobiotics\/\",\"name\":\"GYNTIMA Fytoprobiotics kapszula - Fytofontana\",\"isPartOf\":{\"@id\":\"https:\/\/www.fytofontana.com\/#website\"},\"primaryImageOfPage\":{\"@id\":\"https:\/\/www.fytofontana.com\/hu\/termek\/gyntima-fytoprobiotics\/#primaryimage\"},\"datePublished\":\"2025-07-02T14:05:48+00:00\",\"dateModified\":\"2025-09-02T09:56:05+00:00\",\"description\":\"Klinikailag igazolt j\\u00f3t\\u00e9kony hat\\u00e1s\\u00fa Lactobacillus acidophilus \\u00e9s Lactobacillus crhamnosus kombin\\u00e1ci\\u00f3ja 1,47 milli\\u00e1rd CFU optim\\u00e1lis napi adagban.\",\"breadcrumb\":{\"@id\":\"https:\/\/www.fytofontana.com\/hu\/termek\/gyntima-fytoprobiotics\/#breadcrumb\"},\"inLanguage\":\"hu\",\"potentialAction\":[{\"@type\":\"ReadAction\",\"target\":[\"https:\/\/www.fytofontana.com\/hu\/termek\/gyntima-fytoprobiotics\/\"]}]},{\"@type\":\"BreadcrumbList\",\"@id\":\"https:\/\/www.fytofontana.com\/hu\/termek\/gyntima-fytoprobiotics\/#breadcrumb\",\"itemListElement\":[{\"@type\":\"ListItem\",\"position\":1,\"item\":{\"@type\":\"WebPage\",\"@id\":\"https:\/\/www.fytofontana.com\/hu\/\",\"url\":\"https:\/\/www.fytofontana.com\/hu\/\",\"name\":\"Home\"}},{\"@type\":\"ListItem\",\"position\":2,\"item\":{\"@type\":\"WebPage\",\"@id\":\"https:\/\/www.fytofontana.com\/hu\/termek\/gyntima-fytoprobiotics\/\",\"url\":\"https:\/\/www.fytofontana.com\/hu\/termek\/gyntima-fytoprobiotics\/\",\"name\":\"GYNTIMA Fytoprobiotics kapszula\"}}]}]}<\/script>","_links":{"self":[{"href":"https:\/\/www.fytofontana.com\/hu\/wp-json\/wp\/v2\/product\/3592"}],"collection":[{"href":"https:\/\/www.fytofontana.com\/hu\/wp-json\/wp\/v2\/product"}],"about":[{"href":"https:\/\/www.fytofontana.com\/hu\/wp-json\/wp\/v2\/types\/product"}],"wp:featuredmedia":[{"embeddable":true,"href":"https:\/\/www.fytofontana.com\/hu\/wp-json\/wp\/v2\/media\/3565"}],"wp:attachment":[{"href":"https:\/\/www.fytofontana.com\/hu\/wp-json\/wp\/v2\/media?parent=3592"}],"wp:term":[{"taxonomy":"products","embeddable":true,"href":"https:\/\/www.fytofontana.com\/hu\/wp-json\/wp\/v2\/products?post=3592"}],"curies":[{"name":"wp","href":"https:\/\/api.w.org\/{rel}","templated":true}]}}