{"id":320,"date":"2020-12-14T23:23:14","date_gmt":"2020-12-14T22:23:14","guid":{"rendered":"https:\/\/www.fytofontana.com\/hu\/product\/aurecon-drops-2\/"},"modified":"2025-10-17T06:18:13","modified_gmt":"2025-10-17T05:18:13","slug":"aurecon-drops","status":"publish","type":"product","link":"https:\/\/www.fytofontana.com\/hu\/termek\/aurecon-drops\/","title":{"rendered":"AURECON f\u00fclcsepp"},"content":{"rendered":"<p><strong>Term\u00e9szetes f\u00fcl\u00e1pol\u00e1s \u00e9s f\u00fclhigi\u00e9nia<\/strong><\/p>\n<ul>\n<li><b>MDR szerint<\/b>\u00a0<b>j\u00f3v\u00e1hagyott<\/b> <b>orvostechnikai<\/b> <b>eszk\u00f6z<\/b> (EU 2017\/745).<\/li>\n<li>Megk\u00f6nny\u00edti \u00e9s n\u00f6veli a\u00a0f\u00fcltiszt\u00edt\u00e1s hat\u00e9konys\u00e1g\u00e1t,<\/li>\n<li>cs\u00f6kkenti a\u00a0f\u00fclzs\u00edr hall\u00f3j\u00e1ratra tapad\u00e1s\u00e1t,<\/li>\n<li>korl\u00e1tozza a\u00a0f\u00f6l\u00f6sleges f\u00fclzs\u00edr termel\u0151d\u00e9s\u00e9t a\u00a0hall\u00f3j\u00e1ratban,<\/li>\n<li>megg\u00e1tolja a\u00a0mikroorganizmusok szaporod\u00e1s\u00e1t,<\/li>\n<li>kiz\u00e1r\u00f3lag term\u00e9szetes anyagokat tartalmaz,\u00a0k\u00e9miai adal\u00e9kanyagokat nem tartalmaz.<\/li>\n<\/ul>\n","protected":false},"featured_media":3762,"template":"","products":[18],"class_list":["post-320","product","type-product","status-publish","has-post-thumbnail","hentry","products-aurecon"],"yoast_head":"<title>AURECON f\u00fclcsepp - Fytofontana<\/title>\n<meta name=\"robots\" content=\"index, follow, max-snippet:-1, max-image-preview:large, max-video-preview:-1\" \/>\n<link rel=\"canonical\" href=\"https:\/\/www.fytofontana.com\/hu\/termek\/aurecon-drops\/\" \/>\n<meta property=\"og:locale\" content=\"hu_HU\" \/>\n<meta property=\"og:type\" content=\"article\" \/>\n<meta property=\"og:title\" content=\"AURECON f\u00fclcsepp - Fytofontana\" \/>\n<meta property=\"og:description\" content=\"Term\u00e9szetes f\u00fcl\u00e1pol\u00e1s \u00e9s f\u00fclhigi\u00e9nia MDR szerint\u00a0j\u00f3v\u00e1hagyott orvostechnikai eszk\u00f6z (EU 2017\/745). Megk\u00f6nny\u00edti \u00e9s n\u00f6veli a\u00a0f\u00fcltiszt\u00edt\u00e1s hat\u00e9konys\u00e1g\u00e1t, cs\u00f6kkenti a\u00a0f\u00fclzs\u00edr hall\u00f3j\u00e1ratra tapad\u00e1s\u00e1t, korl\u00e1tozza a\u00a0f\u00f6l\u00f6sleges f\u00fclzs\u00edr termel\u0151d\u00e9s\u00e9t a\u00a0hall\u00f3j\u00e1ratban, megg\u00e1tolja a\u00a0mikroorganizmusok szaporod\u00e1s\u00e1t, kiz\u00e1r\u00f3lag term\u00e9szetes anyagokat tartalmaz,\u00a0k\u00e9miai adal\u00e9kanyagokat nem tartalmaz.\" \/>\n<meta property=\"og:url\" content=\"https:\/\/www.fytofontana.com\/hu\/termek\/aurecon-drops\/\" \/>\n<meta property=\"og:site_name\" content=\"Fytofontana\" \/>\n<meta property=\"article:modified_time\" content=\"2025-10-17T05:18:13+00:00\" \/>\n<meta property=\"og:image\" content=\"https:\/\/www.fytofontana.com\/wp-content\/uploads\/2021\/02\/2023_05_AURECON_Drops_10ml_1000x1000px_01_Primary.png\" \/>\n\t<meta property=\"og:image:width\" content=\"1000\" \/>\n\t<meta property=\"og:image:height\" content=\"1000\" \/>\n\t<meta property=\"og:image:type\" content=\"image\/png\" \/>\n<meta name=\"twitter:card\" content=\"summary_large_image\" \/>\n<meta name=\"twitter:label1\" content=\"Becs\u00fclt olvas\u00e1si id\u0151\" \/>\n\t<meta name=\"twitter:data1\" content=\"1 perc\" \/>\n<script type=\"application\/ld+json\" class=\"yoast-schema-graph\">{\"@context\":\"https:\\\/\\\/schema.org\",\"@graph\":[{\"@type\":[\"WebPage\",\"ItemPage\"],\"@id\":\"https:\\\/\\\/www.fytofontana.com\\\/hu\\\/termek\\\/aurecon-drops\\\/\",\"url\":\"https:\\\/\\\/www.fytofontana.com\\\/hu\\\/termek\\\/aurecon-drops\\\/\",\"name\":\"AURECON f\u00fclcsepp - Fytofontana\",\"isPartOf\":{\"@id\":\"https:\\\/\\\/www.fytofontana.com\\\/#website\"},\"primaryImageOfPage\":{\"@id\":\"https:\\\/\\\/www.fytofontana.com\\\/hu\\\/termek\\\/aurecon-drops\\\/#primaryimage\"},\"image\":{\"@id\":\"https:\\\/\\\/www.fytofontana.com\\\/hu\\\/termek\\\/aurecon-drops\\\/#primaryimage\"},\"thumbnailUrl\":\"https:\\\/\\\/www.fytofontana.com\\\/wp-content\\\/uploads\\\/2021\\\/02\\\/2023_05_AURECON_Drops_10ml_1000x1000px_01_Primary.png\",\"datePublished\":\"2020-12-14T22:23:14+00:00\",\"dateModified\":\"2025-10-17T05:18:13+00:00\",\"breadcrumb\":{\"@id\":\"https:\\\/\\\/www.fytofontana.com\\\/hu\\\/termek\\\/aurecon-drops\\\/#breadcrumb\"},\"inLanguage\":\"hu\",\"potentialAction\":[{\"@type\":\"ReadAction\",\"target\":[\"https:\\\/\\\/www.fytofontana.com\\\/hu\\\/termek\\\/aurecon-drops\\\/\"]}]},{\"@type\":\"ImageObject\",\"inLanguage\":\"hu\",\"@id\":\"https:\\\/\\\/www.fytofontana.com\\\/hu\\\/termek\\\/aurecon-drops\\\/#primaryimage\",\"url\":\"https:\\\/\\\/www.fytofontana.com\\\/wp-content\\\/uploads\\\/2021\\\/02\\\/2023_05_AURECON_Drops_10ml_1000x1000px_01_Primary.png\",\"contentUrl\":\"https:\\\/\\\/www.fytofontana.com\\\/wp-content\\\/uploads\\\/2021\\\/02\\\/2023_05_AURECON_Drops_10ml_1000x1000px_01_Primary.png\",\"width\":1000,\"height\":1000},{\"@type\":\"BreadcrumbList\",\"@id\":\"https:\\\/\\\/www.fytofontana.com\\\/hu\\\/termek\\\/aurecon-drops\\\/#breadcrumb\",\"itemListElement\":[{\"@type\":\"ListItem\",\"position\":1,\"name\":\"Home\",\"item\":\"https:\\\/\\\/www.fytofontana.com\\\/hu\\\/\"},{\"@type\":\"ListItem\",\"position\":2,\"name\":\"AURECON f\u00fclcsepp\"}]},{\"@type\":\"WebSite\",\"@id\":\"https:\\\/\\\/www.fytofontana.com\\\/#website\",\"url\":\"https:\\\/\\\/www.fytofontana.com\\\/\",\"name\":\"Fytofontana\",\"description\":\"\",\"publisher\":{\"@id\":\"https:\\\/\\\/www.fytofontana.com\\\/#organization\"},\"potentialAction\":[{\"@type\":\"SearchAction\",\"target\":{\"@type\":\"EntryPoint\",\"urlTemplate\":\"https:\\\/\\\/www.fytofontana.com\\\/?s={search_term_string}\"},\"query-input\":{\"@type\":\"PropertyValueSpecification\",\"valueRequired\":true,\"valueName\":\"search_term_string\"}}],\"inLanguage\":\"hu\"},{\"@type\":\"Organization\",\"@id\":\"https:\\\/\\\/www.fytofontana.com\\\/#organization\",\"name\":\"Fytofontana\",\"url\":\"https:\\\/\\\/www.fytofontana.com\\\/\",\"logo\":{\"@type\":\"ImageObject\",\"inLanguage\":\"hu\",\"@id\":\"https:\\\/\\\/www.fytofontana.com\\\/#\\\/schema\\\/logo\\\/image\\\/\",\"url\":\"https:\\\/\\\/www.fytofontana.com\\\/wp-content\\\/uploads\\\/2021\\\/01\\\/fyto.png\",\"contentUrl\":\"https:\\\/\\\/www.fytofontana.com\\\/wp-content\\\/uploads\\\/2021\\\/01\\\/fyto.png\",\"width\":817,\"height\":79,\"caption\":\"Fytofontana\"},\"image\":{\"@id\":\"https:\\\/\\\/www.fytofontana.com\\\/#\\\/schema\\\/logo\\\/image\\\/\"}}]}<\/script>","yoast_head_json":{"title":"AURECON f\u00fclcsepp - Fytofontana","robots":{"index":"index","follow":"follow","max-snippet":"max-snippet:-1","max-image-preview":"max-image-preview:large","max-video-preview":"max-video-preview:-1"},"canonical":"https:\/\/www.fytofontana.com\/hu\/termek\/aurecon-drops\/","og_locale":"hu_HU","og_type":"article","og_title":"AURECON f\u00fclcsepp - Fytofontana","og_description":"Term\u00e9szetes f\u00fcl\u00e1pol\u00e1s \u00e9s f\u00fclhigi\u00e9nia MDR szerint\u00a0j\u00f3v\u00e1hagyott orvostechnikai eszk\u00f6z (EU 2017\/745). Megk\u00f6nny\u00edti \u00e9s n\u00f6veli a\u00a0f\u00fcltiszt\u00edt\u00e1s hat\u00e9konys\u00e1g\u00e1t, cs\u00f6kkenti a\u00a0f\u00fclzs\u00edr hall\u00f3j\u00e1ratra tapad\u00e1s\u00e1t, korl\u00e1tozza a\u00a0f\u00f6l\u00f6sleges f\u00fclzs\u00edr termel\u0151d\u00e9s\u00e9t a\u00a0hall\u00f3j\u00e1ratban, megg\u00e1tolja a\u00a0mikroorganizmusok szaporod\u00e1s\u00e1t, kiz\u00e1r\u00f3lag term\u00e9szetes anyagokat tartalmaz,\u00a0k\u00e9miai adal\u00e9kanyagokat nem tartalmaz.","og_url":"https:\/\/www.fytofontana.com\/hu\/termek\/aurecon-drops\/","og_site_name":"Fytofontana","article_modified_time":"2025-10-17T05:18:13+00:00","og_image":[{"width":1000,"height":1000,"url":"https:\/\/www.fytofontana.com\/wp-content\/uploads\/2021\/02\/2023_05_AURECON_Drops_10ml_1000x1000px_01_Primary.png","type":"image\/png"}],"twitter_card":"summary_large_image","twitter_misc":{"Becs\u00fclt olvas\u00e1si id\u0151":"1 perc"},"schema":{"@context":"https:\/\/schema.org","@graph":[{"@type":["WebPage","ItemPage"],"@id":"https:\/\/www.fytofontana.com\/hu\/termek\/aurecon-drops\/","url":"https:\/\/www.fytofontana.com\/hu\/termek\/aurecon-drops\/","name":"AURECON f\u00fclcsepp - Fytofontana","isPartOf":{"@id":"https:\/\/www.fytofontana.com\/#website"},"primaryImageOfPage":{"@id":"https:\/\/www.fytofontana.com\/hu\/termek\/aurecon-drops\/#primaryimage"},"image":{"@id":"https:\/\/www.fytofontana.com\/hu\/termek\/aurecon-drops\/#primaryimage"},"thumbnailUrl":"https:\/\/www.fytofontana.com\/wp-content\/uploads\/2021\/02\/2023_05_AURECON_Drops_10ml_1000x1000px_01_Primary.png","datePublished":"2020-12-14T22:23:14+00:00","dateModified":"2025-10-17T05:18:13+00:00","breadcrumb":{"@id":"https:\/\/www.fytofontana.com\/hu\/termek\/aurecon-drops\/#breadcrumb"},"inLanguage":"hu","potentialAction":[{"@type":"ReadAction","target":["https:\/\/www.fytofontana.com\/hu\/termek\/aurecon-drops\/"]}]},{"@type":"ImageObject","inLanguage":"hu","@id":"https:\/\/www.fytofontana.com\/hu\/termek\/aurecon-drops\/#primaryimage","url":"https:\/\/www.fytofontana.com\/wp-content\/uploads\/2021\/02\/2023_05_AURECON_Drops_10ml_1000x1000px_01_Primary.png","contentUrl":"https:\/\/www.fytofontana.com\/wp-content\/uploads\/2021\/02\/2023_05_AURECON_Drops_10ml_1000x1000px_01_Primary.png","width":1000,"height":1000},{"@type":"BreadcrumbList","@id":"https:\/\/www.fytofontana.com\/hu\/termek\/aurecon-drops\/#breadcrumb","itemListElement":[{"@type":"ListItem","position":1,"name":"Home","item":"https:\/\/www.fytofontana.com\/hu\/"},{"@type":"ListItem","position":2,"name":"AURECON f\u00fclcsepp"}]},{"@type":"WebSite","@id":"https:\/\/www.fytofontana.com\/#website","url":"https:\/\/www.fytofontana.com\/","name":"Fytofontana","description":"","publisher":{"@id":"https:\/\/www.fytofontana.com\/#organization"},"potentialAction":[{"@type":"SearchAction","target":{"@type":"EntryPoint","urlTemplate":"https:\/\/www.fytofontana.com\/?s={search_term_string}"},"query-input":{"@type":"PropertyValueSpecification","valueRequired":true,"valueName":"search_term_string"}}],"inLanguage":"hu"},{"@type":"Organization","@id":"https:\/\/www.fytofontana.com\/#organization","name":"Fytofontana","url":"https:\/\/www.fytofontana.com\/","logo":{"@type":"ImageObject","inLanguage":"hu","@id":"https:\/\/www.fytofontana.com\/#\/schema\/logo\/image\/","url":"https:\/\/www.fytofontana.com\/wp-content\/uploads\/2021\/01\/fyto.png","contentUrl":"https:\/\/www.fytofontana.com\/wp-content\/uploads\/2021\/01\/fyto.png","width":817,"height":79,"caption":"Fytofontana"},"image":{"@id":"https:\/\/www.fytofontana.com\/#\/schema\/logo\/image\/"}}]}},"_links":{"self":[{"href":"https:\/\/www.fytofontana.com\/hu\/wp-json\/wp\/v2\/product\/320","targetHints":{"allow":["GET"]}}],"collection":[{"href":"https:\/\/www.fytofontana.com\/hu\/wp-json\/wp\/v2\/product"}],"about":[{"href":"https:\/\/www.fytofontana.com\/hu\/wp-json\/wp\/v2\/types\/product"}],"wp:featuredmedia":[{"embeddable":true,"href":"https:\/\/www.fytofontana.com\/hu\/wp-json\/wp\/v2\/media\/3762"}],"wp:attachment":[{"href":"https:\/\/www.fytofontana.com\/hu\/wp-json\/wp\/v2\/media?parent=320"}],"wp:term":[{"taxonomy":"products","embeddable":true,"href":"https:\/\/www.fytofontana.com\/hu\/wp-json\/wp\/v2\/products?post=320"}],"curies":[{"name":"wp","href":"https:\/\/api.w.org\/{rel}","templated":true}]}}