{"id":319,"date":"2020-12-14T23:23:14","date_gmt":"2020-12-14T22:23:14","guid":{"rendered":"https:\/\/www.fytofontana.com\/hu\/product\/aurecon-drops-forte-fulcsepp\/"},"modified":"2025-10-17T06:17:52","modified_gmt":"2025-10-17T05:17:52","slug":"aurecon-drops-forte-fulcsepp","status":"publish","type":"product","link":"https:\/\/www.fytofontana.com\/hu\/termek\/aurecon-drops-forte-fulcsepp\/","title":{"rendered":"AURECON Forte f\u00fclcsepp"},"content":{"rendered":"<p><strong>A\u00a0f\u00fcl f\u00e1jdalm\u00e1t enyh\u00edt\u0151 term\u00e9szetes f\u00fclcsepp<\/strong><\/p>\n<ul>\n<li><b>MDR szerint<\/b>\u00a0<b>j\u00f3v\u00e1hagyott<\/b> <b>orvostechnikai<\/b> <b>eszk\u00f6z<\/b> (EU 2017\/745).<\/li>\n<li>Megk\u00f6nny\u00edti \u00e9s n\u00f6veli a\u00a0f\u00fcltiszt\u00edt\u00e1s hat\u00e9konys\u00e1g\u00e1t,<\/li>\n<li>megg\u00e1tolja a\u00a0mikroorganizmusok szaporod\u00e1s\u00e1t,<\/li>\n<li>kiz\u00e1r\u00f3lag term\u00e9szetes anyagokat tartalmaz,\u00a0k\u00e9miai adal\u00e9kanyagokat nem tartalmaz,<\/li>\n<li>antimikrobi\u00e1lis hat\u00e1s\u00fa \u00e9s j\u00f3t\u00e9konyan befoly\u00e1solhatja a k\u00fcls\u0151 hall\u00f3j\u00e1rat enyh\u00e9bb gyullad\u00e1sainak lefoly\u00e1s\u00e1t,<\/li>\n<li>cs\u00f6kkentheti a k\u00f6z\u00e9pf\u00fclt\u0151- \u00e9s a dobh\u00e1rtyagyullad\u00e1s okozta f\u00e1jdalmakat, f\u0151k\u00e9nt a kezdeti st\u00e1diumban.<\/li>\n<\/ul>\n","protected":false},"featured_media":3774,"template":"","products":[18],"class_list":["post-319","product","type-product","status-publish","has-post-thumbnail","hentry","products-aurecon"],"yoast_head":"<title>AURECON Forte f\u00fclcsepp - Fytofontana<\/title>\n<meta name=\"description\" content=\"Term\u00e9szetes f\u00fclcsepp, amely enyh\u00edti a f\u00fclf\u00e1j\u00e1st, seg\u00edti a tiszt\u00edt\u00e1st, g\u00e1tolja a mikroorganizmusok szaporod\u00e1s\u00e1t, \u00e9s cs\u00f6kkentheti a gyullad\u00e1s okozta kellemetlens\u00e9geket. Nem tartalmaz k\u00e9miai adal\u00e9kokat.\" \/>\n<meta name=\"robots\" content=\"index, follow, max-snippet:-1, max-image-preview:large, max-video-preview:-1\" \/>\n<link rel=\"canonical\" href=\"https:\/\/www.fytofontana.com\/hu\/termek\/aurecon-drops-forte-fulcsepp\/\" \/>\n<meta property=\"og:locale\" content=\"hu_HU\" \/>\n<meta property=\"og:type\" content=\"article\" \/>\n<meta property=\"og:title\" content=\"AURECON Forte f\u00fclcsepp - Fytofontana\" \/>\n<meta property=\"og:description\" content=\"Term\u00e9szetes f\u00fclcsepp, amely enyh\u00edti a f\u00fclf\u00e1j\u00e1st, seg\u00edti a tiszt\u00edt\u00e1st, g\u00e1tolja a mikroorganizmusok szaporod\u00e1s\u00e1t, \u00e9s cs\u00f6kkentheti a gyullad\u00e1s okozta kellemetlens\u00e9geket. Nem tartalmaz k\u00e9miai adal\u00e9kokat.\" \/>\n<meta property=\"og:url\" content=\"https:\/\/www.fytofontana.com\/hu\/termek\/aurecon-drops-forte-fulcsepp\/\" \/>\n<meta property=\"og:site_name\" content=\"Fytofontana\" \/>\n<meta property=\"article:modified_time\" content=\"2025-10-17T05:17:52+00:00\" \/>\n<meta property=\"og:image\" content=\"https:\/\/www.fytofontana.com\/wp-content\/uploads\/2021\/02\/2023_05_AURECON_Drops_Forte_10ml_1000x1000px_01_Primary.png\" \/>\n\t<meta property=\"og:image:width\" content=\"1000\" \/>\n\t<meta property=\"og:image:height\" content=\"1000\" \/>\n\t<meta property=\"og:image:type\" content=\"image\/png\" \/>\n<meta name=\"twitter:card\" content=\"summary_large_image\" \/>\n<meta name=\"twitter:label1\" content=\"Becs\u00fclt olvas\u00e1si id\u0151\" \/>\n\t<meta name=\"twitter:data1\" content=\"1 perc\" \/>\n<script type=\"application\/ld+json\" class=\"yoast-schema-graph\">{\"@context\":\"https:\\\/\\\/schema.org\",\"@graph\":[{\"@type\":[\"WebPage\",\"ItemPage\"],\"@id\":\"https:\\\/\\\/www.fytofontana.com\\\/hu\\\/termek\\\/aurecon-drops-forte-fulcsepp\\\/\",\"url\":\"https:\\\/\\\/www.fytofontana.com\\\/hu\\\/termek\\\/aurecon-drops-forte-fulcsepp\\\/\",\"name\":\"AURECON Forte f\u00fclcsepp - Fytofontana\",\"isPartOf\":{\"@id\":\"https:\\\/\\\/www.fytofontana.com\\\/#website\"},\"primaryImageOfPage\":{\"@id\":\"https:\\\/\\\/www.fytofontana.com\\\/hu\\\/termek\\\/aurecon-drops-forte-fulcsepp\\\/#primaryimage\"},\"image\":{\"@id\":\"https:\\\/\\\/www.fytofontana.com\\\/hu\\\/termek\\\/aurecon-drops-forte-fulcsepp\\\/#primaryimage\"},\"thumbnailUrl\":\"https:\\\/\\\/www.fytofontana.com\\\/wp-content\\\/uploads\\\/2021\\\/02\\\/2023_05_AURECON_Drops_Forte_10ml_1000x1000px_01_Primary.png\",\"datePublished\":\"2020-12-14T22:23:14+00:00\",\"dateModified\":\"2025-10-17T05:17:52+00:00\",\"description\":\"Term\u00e9szetes f\u00fclcsepp, amely enyh\u00edti a f\u00fclf\u00e1j\u00e1st, seg\u00edti a tiszt\u00edt\u00e1st, g\u00e1tolja a mikroorganizmusok szaporod\u00e1s\u00e1t, \u00e9s cs\u00f6kkentheti a gyullad\u00e1s okozta kellemetlens\u00e9geket. Nem tartalmaz k\u00e9miai adal\u00e9kokat.\",\"breadcrumb\":{\"@id\":\"https:\\\/\\\/www.fytofontana.com\\\/hu\\\/termek\\\/aurecon-drops-forte-fulcsepp\\\/#breadcrumb\"},\"inLanguage\":\"hu\",\"potentialAction\":[{\"@type\":\"ReadAction\",\"target\":[\"https:\\\/\\\/www.fytofontana.com\\\/hu\\\/termek\\\/aurecon-drops-forte-fulcsepp\\\/\"]}]},{\"@type\":\"ImageObject\",\"inLanguage\":\"hu\",\"@id\":\"https:\\\/\\\/www.fytofontana.com\\\/hu\\\/termek\\\/aurecon-drops-forte-fulcsepp\\\/#primaryimage\",\"url\":\"https:\\\/\\\/www.fytofontana.com\\\/wp-content\\\/uploads\\\/2021\\\/02\\\/2023_05_AURECON_Drops_Forte_10ml_1000x1000px_01_Primary.png\",\"contentUrl\":\"https:\\\/\\\/www.fytofontana.com\\\/wp-content\\\/uploads\\\/2021\\\/02\\\/2023_05_AURECON_Drops_Forte_10ml_1000x1000px_01_Primary.png\",\"width\":1000,\"height\":1000},{\"@type\":\"BreadcrumbList\",\"@id\":\"https:\\\/\\\/www.fytofontana.com\\\/hu\\\/termek\\\/aurecon-drops-forte-fulcsepp\\\/#breadcrumb\",\"itemListElement\":[{\"@type\":\"ListItem\",\"position\":1,\"name\":\"Home\",\"item\":\"https:\\\/\\\/www.fytofontana.com\\\/hu\\\/\"},{\"@type\":\"ListItem\",\"position\":2,\"name\":\"AURECON Forte f\u00fclcsepp\"}]},{\"@type\":\"WebSite\",\"@id\":\"https:\\\/\\\/www.fytofontana.com\\\/#website\",\"url\":\"https:\\\/\\\/www.fytofontana.com\\\/\",\"name\":\"Fytofontana\",\"description\":\"\",\"publisher\":{\"@id\":\"https:\\\/\\\/www.fytofontana.com\\\/#organization\"},\"potentialAction\":[{\"@type\":\"SearchAction\",\"target\":{\"@type\":\"EntryPoint\",\"urlTemplate\":\"https:\\\/\\\/www.fytofontana.com\\\/?s={search_term_string}\"},\"query-input\":{\"@type\":\"PropertyValueSpecification\",\"valueRequired\":true,\"valueName\":\"search_term_string\"}}],\"inLanguage\":\"hu\"},{\"@type\":\"Organization\",\"@id\":\"https:\\\/\\\/www.fytofontana.com\\\/#organization\",\"name\":\"Fytofontana\",\"url\":\"https:\\\/\\\/www.fytofontana.com\\\/\",\"logo\":{\"@type\":\"ImageObject\",\"inLanguage\":\"hu\",\"@id\":\"https:\\\/\\\/www.fytofontana.com\\\/#\\\/schema\\\/logo\\\/image\\\/\",\"url\":\"https:\\\/\\\/www.fytofontana.com\\\/wp-content\\\/uploads\\\/2021\\\/01\\\/fyto.png\",\"contentUrl\":\"https:\\\/\\\/www.fytofontana.com\\\/wp-content\\\/uploads\\\/2021\\\/01\\\/fyto.png\",\"width\":817,\"height\":79,\"caption\":\"Fytofontana\"},\"image\":{\"@id\":\"https:\\\/\\\/www.fytofontana.com\\\/#\\\/schema\\\/logo\\\/image\\\/\"}}]}<\/script>","yoast_head_json":{"title":"AURECON Forte f\u00fclcsepp - Fytofontana","description":"Term\u00e9szetes f\u00fclcsepp, amely enyh\u00edti a f\u00fclf\u00e1j\u00e1st, seg\u00edti a tiszt\u00edt\u00e1st, g\u00e1tolja a mikroorganizmusok szaporod\u00e1s\u00e1t, \u00e9s cs\u00f6kkentheti a gyullad\u00e1s okozta kellemetlens\u00e9geket. Nem tartalmaz k\u00e9miai adal\u00e9kokat.","robots":{"index":"index","follow":"follow","max-snippet":"max-snippet:-1","max-image-preview":"max-image-preview:large","max-video-preview":"max-video-preview:-1"},"canonical":"https:\/\/www.fytofontana.com\/hu\/termek\/aurecon-drops-forte-fulcsepp\/","og_locale":"hu_HU","og_type":"article","og_title":"AURECON Forte f\u00fclcsepp - Fytofontana","og_description":"Term\u00e9szetes f\u00fclcsepp, amely enyh\u00edti a f\u00fclf\u00e1j\u00e1st, seg\u00edti a tiszt\u00edt\u00e1st, g\u00e1tolja a mikroorganizmusok szaporod\u00e1s\u00e1t, \u00e9s cs\u00f6kkentheti a gyullad\u00e1s okozta kellemetlens\u00e9geket. Nem tartalmaz k\u00e9miai adal\u00e9kokat.","og_url":"https:\/\/www.fytofontana.com\/hu\/termek\/aurecon-drops-forte-fulcsepp\/","og_site_name":"Fytofontana","article_modified_time":"2025-10-17T05:17:52+00:00","og_image":[{"width":1000,"height":1000,"url":"https:\/\/www.fytofontana.com\/wp-content\/uploads\/2021\/02\/2023_05_AURECON_Drops_Forte_10ml_1000x1000px_01_Primary.png","type":"image\/png"}],"twitter_card":"summary_large_image","twitter_misc":{"Becs\u00fclt olvas\u00e1si id\u0151":"1 perc"},"schema":{"@context":"https:\/\/schema.org","@graph":[{"@type":["WebPage","ItemPage"],"@id":"https:\/\/www.fytofontana.com\/hu\/termek\/aurecon-drops-forte-fulcsepp\/","url":"https:\/\/www.fytofontana.com\/hu\/termek\/aurecon-drops-forte-fulcsepp\/","name":"AURECON Forte f\u00fclcsepp - Fytofontana","isPartOf":{"@id":"https:\/\/www.fytofontana.com\/#website"},"primaryImageOfPage":{"@id":"https:\/\/www.fytofontana.com\/hu\/termek\/aurecon-drops-forte-fulcsepp\/#primaryimage"},"image":{"@id":"https:\/\/www.fytofontana.com\/hu\/termek\/aurecon-drops-forte-fulcsepp\/#primaryimage"},"thumbnailUrl":"https:\/\/www.fytofontana.com\/wp-content\/uploads\/2021\/02\/2023_05_AURECON_Drops_Forte_10ml_1000x1000px_01_Primary.png","datePublished":"2020-12-14T22:23:14+00:00","dateModified":"2025-10-17T05:17:52+00:00","description":"Term\u00e9szetes f\u00fclcsepp, amely enyh\u00edti a f\u00fclf\u00e1j\u00e1st, seg\u00edti a tiszt\u00edt\u00e1st, g\u00e1tolja a mikroorganizmusok szaporod\u00e1s\u00e1t, \u00e9s cs\u00f6kkentheti a gyullad\u00e1s okozta kellemetlens\u00e9geket. Nem tartalmaz k\u00e9miai adal\u00e9kokat.","breadcrumb":{"@id":"https:\/\/www.fytofontana.com\/hu\/termek\/aurecon-drops-forte-fulcsepp\/#breadcrumb"},"inLanguage":"hu","potentialAction":[{"@type":"ReadAction","target":["https:\/\/www.fytofontana.com\/hu\/termek\/aurecon-drops-forte-fulcsepp\/"]}]},{"@type":"ImageObject","inLanguage":"hu","@id":"https:\/\/www.fytofontana.com\/hu\/termek\/aurecon-drops-forte-fulcsepp\/#primaryimage","url":"https:\/\/www.fytofontana.com\/wp-content\/uploads\/2021\/02\/2023_05_AURECON_Drops_Forte_10ml_1000x1000px_01_Primary.png","contentUrl":"https:\/\/www.fytofontana.com\/wp-content\/uploads\/2021\/02\/2023_05_AURECON_Drops_Forte_10ml_1000x1000px_01_Primary.png","width":1000,"height":1000},{"@type":"BreadcrumbList","@id":"https:\/\/www.fytofontana.com\/hu\/termek\/aurecon-drops-forte-fulcsepp\/#breadcrumb","itemListElement":[{"@type":"ListItem","position":1,"name":"Home","item":"https:\/\/www.fytofontana.com\/hu\/"},{"@type":"ListItem","position":2,"name":"AURECON Forte f\u00fclcsepp"}]},{"@type":"WebSite","@id":"https:\/\/www.fytofontana.com\/#website","url":"https:\/\/www.fytofontana.com\/","name":"Fytofontana","description":"","publisher":{"@id":"https:\/\/www.fytofontana.com\/#organization"},"potentialAction":[{"@type":"SearchAction","target":{"@type":"EntryPoint","urlTemplate":"https:\/\/www.fytofontana.com\/?s={search_term_string}"},"query-input":{"@type":"PropertyValueSpecification","valueRequired":true,"valueName":"search_term_string"}}],"inLanguage":"hu"},{"@type":"Organization","@id":"https:\/\/www.fytofontana.com\/#organization","name":"Fytofontana","url":"https:\/\/www.fytofontana.com\/","logo":{"@type":"ImageObject","inLanguage":"hu","@id":"https:\/\/www.fytofontana.com\/#\/schema\/logo\/image\/","url":"https:\/\/www.fytofontana.com\/wp-content\/uploads\/2021\/01\/fyto.png","contentUrl":"https:\/\/www.fytofontana.com\/wp-content\/uploads\/2021\/01\/fyto.png","width":817,"height":79,"caption":"Fytofontana"},"image":{"@id":"https:\/\/www.fytofontana.com\/#\/schema\/logo\/image\/"}}]}},"_links":{"self":[{"href":"https:\/\/www.fytofontana.com\/hu\/wp-json\/wp\/v2\/product\/319","targetHints":{"allow":["GET"]}}],"collection":[{"href":"https:\/\/www.fytofontana.com\/hu\/wp-json\/wp\/v2\/product"}],"about":[{"href":"https:\/\/www.fytofontana.com\/hu\/wp-json\/wp\/v2\/types\/product"}],"wp:featuredmedia":[{"embeddable":true,"href":"https:\/\/www.fytofontana.com\/hu\/wp-json\/wp\/v2\/media\/3774"}],"wp:attachment":[{"href":"https:\/\/www.fytofontana.com\/hu\/wp-json\/wp\/v2\/media?parent=319"}],"wp:term":[{"taxonomy":"products","embeddable":true,"href":"https:\/\/www.fytofontana.com\/hu\/wp-json\/wp\/v2\/products?post=319"}],"curies":[{"name":"wp","href":"https:\/\/api.w.org\/{rel}","templated":true}]}}